{"id":19745,"date":"2024-12-27T11:07:53","date_gmt":"2024-12-27T10:07:53","guid":{"rendered":"https:\/\/select-agency.world\/?page_id=19745"},"modified":"2025-01-27T07:48:01","modified_gmt":"2025-01-27T06:48:01","slug":"sitemap","status":"publish","type":"page","link":"https:\/\/select-agency.world\/de\/sitemap\/","title":{"rendered":"Sitemap"},"content":{"rendered":"<div class=\"aioseo-html-sitemap\"><style>.aioseo-html-sitemap.labels-hidden ul { margin: 0; }<\/style><div class=\"aioseo-html-post-sitemap\"><h4>Beitr\u00e4ge<\/h4><ul><li><a href=\"https:\/\/select-agency.world\/de\/efoil-water-toy-experience\/\" >Ein Tag auf einer eFoil: Warum dieses Wasserspielzeug das ultimative Erlebnis ist<\/a><\/li><li><a href=\"https:\/\/select-agency.world\/de\/family-charter-sunseeker-predator-57\/\" >Ein perfekter Familientag auf See: Tagescharter mit der Sunseeker Predator 57<\/a><\/li><li><a href=\"https:\/\/select-agency.world\/de\/weekend-palma-de-mallorca\/\" >Ein perfektes langes Wochenende in Palma de Mallorca<\/a><\/li><li><a href=\"https:\/\/select-agency.world\/de\/perfect-weekend-mallorca\/\" >Ein perfektes Wochenende auf Mallorca \u2013 kuratiert von Select Boutique Agency<\/a><\/li><li><a href=\"https:\/\/select-agency.world\/de\/yacht-charter\/\" >Eine Yachtcharter dreht sich nie nur um die Yacht<\/a><\/li><li><a href=\"https:\/\/select-agency.world\/de\/june-top-day-charter-picks-mallorca\/\" >Jetzt im Juni verf\u00fcgbar: Unsere Top-Tagescharter-Yachten auf Mallorca<\/a><\/li><li><a href=\"https:\/\/select-agency.world\/de\/beachfront-countryside-or-city-finding-your-dream-property-in-mallorca\/\" >Strandlage, Landleben oder Stadt? Finden Sie Ihre Traumimmobilie auf Mallorca<\/a><\/li><li><a href=\"https:\/\/select-agency.world\/de\/private-wine-tasting\/\" >Weinverkostung neu gedacht: Wenn das Weingut zu Ihnen kommt<\/a><\/li><li><a href=\"https:\/\/select-agency.world\/de\/mallorca-helicopter-winery-tour\/\" >Entdecken Sie Mallorcas Weing\u00fcter aus der Luft: Eine luxuri\u00f6se Hubschrauber-Weintour<\/a><\/li><li><a href=\"https:\/\/select-agency.world\/de\/es-raor-sant-elm-mallorca\/\" >Es Raor, Sant Elm: Ein kulinarisches Juwel an Mallorcas K\u00fcste<\/a><\/li><li><a href=\"https:\/\/select-agency.world\/de\/escape-to-es-trenc-mallorca\/\" >Entfliehen Sie nach Es Trenc \u2013 Ein 48-Stunden-Yachtabenteuer auf Mallorca<\/a><\/li><li><a href=\"https:\/\/select-agency.world\/de\/from-sky-to-sea\/\" >Privatjet &amp; Yachtcharter: Die ultimative Kombination f\u00fcr Ihre Reise nach Mallorca<\/a><\/li><li><a href=\"https:\/\/select-agency.world\/de\/select-charter-yacht\/\" >So w\u00e4hlen Sie die perfekte Yacht f\u00fcr Ihren Yachtcharter auf Mallorca<\/a><\/li><li><a href=\"https:\/\/select-agency.world\/de\/select-villa-mallorca\/\" >Wie Sie die richtige Villa auf Mallorca w\u00e4hlen (basierend auf Ihrem Reisestil)<\/a><\/li><li><a href=\"https:\/\/select-agency.world\/de\/yacht-charter-management-mallorca\/\" >Wie Sie die richtige Yacht-Charter-Firma auf Mallorca ausw\u00e4hlen<\/a><\/li><li><a href=\"https:\/\/select-agency.world\/de\/ibiza-mallorca-yacht-charter-destination\/\" >Ibiza oder Mallorca? Die perfekte Yachtcharter-Destination auf den Balearen<\/a><\/li><li><a href=\"https:\/\/select-agency.world\/de\/lobster-club-puerto-portals-mallorca\/\" >Lobster Club Puerto Portals: Mallorcas neue Ikone am Meer<\/a><\/li><li><a href=\"https:\/\/select-agency.world\/de\/private-chef-mallorca\/\" >Lokale Aromen, Exklusive Men\u00fcs: Mallorquinische Spitzenk\u00fcche mit einem Privatkoch in Ihrer Villa erleben<\/a><\/li><li><a href=\"https:\/\/select-agency.world\/de\/mallorca-yacht-summer\/\" >Mallorca mit der Yacht: Der perfekte Sommer<\/a><\/li><li><a href=\"https:\/\/select-agency.world\/de\/mallorca-yacht-charter-prices\/\" >Yacht Charter Preise auf Mallorca erkl\u00e4rt: Wof\u00fcr Sie wirklich zahlen<\/a><\/li><li><a href=\"https:\/\/select-agency.world\/de\/mallorca-seen-from-the-sea\/\" >Mallorca vom Meer aus gesehen<\/a><\/li><li><a href=\"https:\/\/select-agency.world\/de\/motor-yacht-catamaran-or-sailboat\/\" >Motoryacht, Katamaran oder Segelyacht: Welche Charter passt zu Ihnen?<\/a><\/li><li><a href=\"https:\/\/select-agency.world\/de\/nikki-beach-mallorca\/\" >Nikki Beach Mallorca: Wo Glamour auf das Meer trifft<\/a><\/li><li><a href=\"https:\/\/select-agency.world\/de\/seabob-vs-sublue\/\" >Seabob vs. Sublue: Welches Wasserspielzeug passt zu Ihrem Yachtcharter?<\/a><\/li><li><a href=\"https:\/\/select-agency.world\/de\/september-yacht-charters\/\" >September auf Mallorca: Die geheime Jahreszeit f\u00fcr Yachtcharter<\/a><\/li><li><a href=\"https:\/\/select-agency.world\/de\/mallorca-top-neighborhoods\/\" >Sommerleben auf Mallorca: Die besten Wohngegenden zum Mieten einer Immobilie<\/a><\/li><li><a href=\"https:\/\/select-agency.world\/de\/cocktails-yacht-charter\/\" >Sunset Sips: 6 Trend-Cocktails f\u00fcr Ihren Yacht-Charter 2025<\/a><\/li><li><a href=\"https:\/\/select-agency.world\/de\/day-at-sea\/\" >Die Kunst des Nichtstuns: Warum ein Tag auf See der wahre Luxus ist<\/a><\/li><li><a href=\"https:\/\/select-agency.world\/de\/private-jet-charters\/\" >Die Kunst des Reisens: Privatjet Charter und ma\u00dfgeschneiderte Erlebnisse<\/a><\/li><li><a href=\"https:\/\/select-agency.world\/de\/best-time-yacht-charter\/\" >Beste Reisezeit f\u00fcr Yachtcharter auf Mallorca<\/a><\/li><li><a href=\"https:\/\/select-agency.world\/de\/gourmet-yachting\/\" >Die Gourmet-Seite des Yachtings: Private K\u00f6che und Weinverkostungen an Bord<\/a><\/li><li><a href=\"https:\/\/select-agency.world\/de\/mediterranean-lifestyle\/\" >Der mediterrane Lebensstil \u2013 Eine Reise auf dem Meer und dar\u00fcber hinaus<\/a><\/li><li><a href=\"https:\/\/select-agency.world\/de\/top-3-luxury-water-toys\/\" >Die Top 3 Wasserspielzeuge f\u00fcr unvergessliche Abenteuer beim Yachtcharter<\/a><\/li><li><a href=\"https:\/\/select-agency.world\/de\/yacht-picnic\/\" >Das perfekte Picknick auf See \u2013 Yachtgenuss auf Mallorca<\/a><\/li><li><a href=\"https:\/\/select-agency.world\/de\/yacht-charter-bucket-list\/\" >Die ultimative Yacht Charter Bucket List:5 Must-Do-Erlebnisse<\/a><\/li><li><a href=\"https:\/\/select-agency.world\/de\/yacht-charter-mallorca-summer\/\" >Top-Gr\u00fcnde f\u00fcr eine Yachtcharter auf Mallorca in diesem Sommer<\/a><\/li><li><a href=\"https:\/\/select-agency.world\/de\/villa-private-jet-yacht\/\" >Villa, Private Jet &amp; Yacht: Die perfekte Luxuswoche auf Mallorca gestalten<\/a><\/li><li><a href=\"https:\/\/select-agency.world\/de\/private-yacht-charter-mallorca\/\" >Was Sie bei einer privaten Yachtcharter mit Crew auf Mallorca erwartet<\/a><\/li><li><a href=\"https:\/\/select-agency.world\/de\/what-to-pack-for-a-yacht\/\" >Was Sie f\u00fcr einen Yachtausflug auf Mallorca einpacken sollten (und was bereits an Bord ist)<\/a><\/li><li><a href=\"https:\/\/select-agency.world\/de\/villas-mallorca\/\" >Wo \u00fcbernachten auf Mallorca: Die sch\u00f6nsten Regionen f\u00fcr eine luxuri\u00f6se Villa<\/a><\/li><li><a href=\"https:\/\/select-agency.world\/de\/corporate-yacht-charter\/\" >Warum eine Yachtcharter die ideale Wahl f\u00fcr Ihr Firmenevent ist<\/a><\/li><li><a href=\"https:\/\/select-agency.world\/de\/direct-vs-platform-booking\/\" >Warum es einen Unterschied macht, Ihren Yachtcharter direkt zu buchen<\/a><\/li><li><a href=\"https:\/\/select-agency.world\/de\/boot-2025-duesseldorf\/\" >Warum die BOOT 2025 in D\u00fcsseldorf ein Muss f\u00fcr Yachting-Enthusiasten ist<\/a><\/li><li><a href=\"https:\/\/select-agency.world\/de\/mallorca-starting-point-yacht-charter\/\" >Warum Mallorca der beste Ausgangspunkt f\u00fcr Ihren Yachtcharter auf den Balearen ist<\/a><\/li><li><a href=\"https:\/\/select-agency.world\/de\/winter-yacht-charters-mallorca\/\" >Yachtcharter im Winter auf Mallorca: Ein Geheimtipp f\u00fcr besondere Anl\u00e4sse<\/a><\/li><li><a href=\"https:\/\/select-agency.world\/de\/yacht-charter-palma-mallorca\/\" >Yachtcharter in Palma de Mallorca: Der ultimative Ratgeber<\/a><\/li><li><a href=\"https:\/\/select-agency.world\/de\/yacht-charter-balearic-islands\/\" >Yachtcharter auf den Balearen: Ein ma\u00dfgeschneidertes Erlebnis mit SELECT Boutique Agency<\/a><\/li><li><a href=\"https:\/\/select-agency.world\/de\/yacht-charter-trends-2026\/\" >Yacht Charter Trends 2026 \u2013 Was Luxusreisende auf See suchen<\/a><\/li><\/ul><\/div><br \/><div class=\"aioseo-html-property-sitemap\"><h4>Inserate<\/h4><ul><li><a href=\"https:\/\/select-agency.world\/de\/listing\/absolute-47-fly-tres-amigos\/\" >Absolute 47 Fly \u2022 Tres Amigos<\/a><\/li><li><a href=\"https:\/\/select-agency.world\/de\/listing\/absolute-62-fly-emilia-ii\/\" >Absolute 62 Fly \u2022 Emilia II<\/a><\/li><li><a href=\"https:\/\/select-agency.world\/de\/listing\/arcadia-85-dhamma-ii\/\" >Arcadia 85 \u2022 Dhamma II<\/a><\/li><li><a href=\"https:\/\/select-agency.world\/de\/listing\/azimut-53-fly-sea-shell\/\" >Azimut 53 Fly \u2022 Sea Shell<\/a><\/li><li><a href=\"https:\/\/select-agency.world\/de\/listing\/azimut-86-the-jungle\/\" >Azimut 86 \u2022 The Jungle<\/a><\/li><li><a href=\"https:\/\/select-agency.world\/de\/listing\/bluegame-54\/\" >Bluegame 54<\/a><\/li><li><a href=\"https:\/\/select-agency.world\/de\/listing\/bluegame-74\/\" >Bluegame 74 \u2022 Petichet<\/a><\/li><li><a href=\"https:\/\/select-agency.world\/de\/listing\/bond-villa\/\" >Bond Villa<\/a><\/li><li><a href=\"https:\/\/select-agency.world\/de\/listing\/can-deia\/\" >Can Deia<\/a><\/li><li><a href=\"https:\/\/select-agency.world\/de\/listing\/canados-gladiator-49-grand\/\" >Canados Gladiator 49 \u2022 Grand<\/a><\/li><li><a href=\"https:\/\/select-agency.world\/de\/listing\/canados-gladiator-49-vibe\/\" >Canados Gladiator 49 \u2022 Vibe<\/a><\/li><li><a href=\"https:\/\/select-agency.world\/de\/listing\/canados-next\/\" >Canados Gladiator 63 \u2022 Next<\/a><\/li><li><a href=\"https:\/\/select-agency.world\/de\/listing\/casa-helena\/\" >Casa Helena<\/a><\/li><li><a href=\"https:\/\/select-agency.world\/de\/listing\/de-antonio-d28-open-mojito\/\" >De Antonio D28 Open \u2022 Mojito<\/a><\/li><li><a href=\"https:\/\/select-agency.world\/de\/listing\/elegance-78-ehthele\/\" >Elegance 78 \u2022 Ehthele<\/a><\/li><li><a href=\"https:\/\/select-agency.world\/de\/listing\/es-rotagut\/\" >Es Rotagut<\/a><\/li><li><a href=\"https:\/\/select-agency.world\/de\/listing\/evolution-yachts-benita-blue\/\" >Evolution Yachts \u2022 Benita Blue<\/a><\/li><li><a href=\"https:\/\/select-agency.world\/de\/listing\/finca-rosa-blanca\/\" >Finca Rosa Blanca<\/a><\/li><li><a href=\"https:\/\/select-agency.world\/de\/listing\/fjord-36-open-titan\/\" >Fjord 36 Open \u2022 Titan<\/a><\/li><li><a href=\"https:\/\/select-agency.world\/de\/listing\/fjord-52-open\/\" >Fjord 52 Open<\/a><\/li><li><a href=\"https:\/\/select-agency.world\/de\/listing\/frauscher-1414-hailey-su\/\" >Frauscher 1414 \u2022 Hailey Su<\/a><\/li><li><a href=\"https:\/\/select-agency.world\/de\/listing\/hanstaiger-x1\/\" >Hanstaiger X1<\/a><\/li><li><a href=\"https:\/\/select-agency.world\/de\/listing\/jeanneau-64-thea\/\" >Jeanneau 64 \u2022 Thea<\/a><\/li><li><a href=\"https:\/\/select-agency.world\/de\/listing\/kumbra-34-origami\/\" >Kumbra 34 \u2022 Origami<\/a><\/li><li><a href=\"https:\/\/select-agency.world\/de\/listing\/lagoon-630-seek\/\" >Lagoon 630 \u2022 Seek<\/a><\/li><li><a href=\"https:\/\/select-agency.world\/de\/listing\/mallorcan-possessio\/\" >Mallorcan Possessio<\/a><\/li><li><a href=\"https:\/\/select-agency.world\/de\/listing\/on-top-of-the-ocean\/\" >On Top of the Ocean<\/a><\/li><li><a href=\"https:\/\/select-agency.world\/de\/listing\/on-top-of-the-ocean-rental\/\" >On Top of the Ocean<\/a><\/li><li><a href=\"https:\/\/select-agency.world\/de\/listing\/oryx-379-orix\/\" >Oryx 379 \u2022 Orix<\/a><\/li><li><a href=\"https:\/\/select-agency.world\/de\/listing\/pardo-43-loulou\/\" >Pardo 43 \u2022 Loulou<\/a><\/li><li><a href=\"https:\/\/select-agency.world\/de\/listing\/pardo-50-gabriela-ii\/\" >Pardo 50 \u2022 Gabriela II<\/a><\/li><li><a href=\"https:\/\/select-agency.world\/de\/listing\/pershing-5x-polar\/\" >Pershing 5X \u2022 Polar<\/a><\/li><li><a href=\"https:\/\/select-agency.world\/de\/listing\/pershing-8x-beyond\/\" >Pershing 8X \u2022 Beyond<\/a><\/li><li><a href=\"https:\/\/select-agency.world\/de\/listing\/pollensa-sea-view\/\" >Pollensa Sea View<\/a><\/li><li><a href=\"https:\/\/select-agency.world\/de\/listing\/princess-64-k4\/\" >Princess 64 \u2022 K4<\/a><\/li><li><a href=\"https:\/\/select-agency.world\/de\/listing\/princess-68-zen\/\" >Princess 68 \u2022 Zen<\/a><\/li><li><a href=\"https:\/\/select-agency.world\/de\/listing\/princess-s60-aquavista\/\" >Princess S60 \u2022 Aquavista<\/a><\/li><li><a href=\"https:\/\/select-agency.world\/de\/listing\/princess-y72-prince-of-peace\/\" >Princess Y72 \u2022 Prince of Peace<\/a><\/li><li><a href=\"https:\/\/select-agency.world\/de\/listing\/princess-y78-mio-barco\/\" >Princess Y78 \u2022 Mio Barco<\/a><\/li><li><a href=\"https:\/\/select-agency.world\/de\/listing\/sa-talaia\/\" >Sa Talaia<\/a><\/li><li><a href=\"https:\/\/select-agency.world\/de\/listing\/sanlorenzo-sl78-aura-i\/\" >Sanlorenzo SL78 \u2022 Aura I<\/a><\/li><li><a href=\"https:\/\/select-agency.world\/de\/listing\/sanlorenzo-sx76-cloud-ix\/\" >Sanlorenzo SX76 \u2022 Cloud IX<\/a><\/li><li><a href=\"https:\/\/select-agency.world\/de\/listing\/sanlorenzo-sx76-globito-de-mar\/\" >Sanlorenzo SX76 \u2022 Globito de Mar<\/a><\/li><li><a href=\"https:\/\/select-agency.world\/de\/listing\/saxdor-320-gto-global\/\" >Saxdor 320 GTO \u2022 Global<\/a><\/li><li><a href=\"https:\/\/select-agency.world\/de\/listing\/saxdor-400-gto-bali\/\" >Saxdor 400 GTO \u2022 Bali<\/a><\/li><li><a href=\"https:\/\/select-agency.world\/de\/listing\/scheepswerf-friesland-mata-mua\/\" >Scheepswerf Friesland \u2022 Mata Mua<\/a><\/li><li><a href=\"https:\/\/select-agency.world\/de\/listing\/spectacular-townhouse-llucmajor\/\" >Spectacular Townhouse<\/a><\/li><li><a href=\"https:\/\/select-agency.world\/de\/listing\/sunreef-60-sunbreeze\/\" >Sunreef 60 \u2022 Sunbreeze<\/a><\/li><li><a href=\"https:\/\/select-agency.world\/de\/listing\/sunseeker-76-saahsa\/\" >Sunseeker 76 \u2022 Saahsa<\/a><\/li><li><a href=\"https:\/\/select-agency.world\/de\/listing\/sunseeker-86-stardust-of-mary\/\" >Sunseeker 86 \u2022 Stardust of Mary<\/a><\/li><li><a href=\"https:\/\/select-agency.world\/de\/listing\/sunseeker-88-haley-jane\/\" >Sunseeker 88 \u2022 Haley Jane<\/a><\/li><li><a href=\"https:\/\/select-agency.world\/de\/listing\/sunseeker-88-junior\/\" >Sunseeker 88 \u2022 Junior<\/a><\/li><li><a href=\"https:\/\/select-agency.world\/de\/listing\/sunseeker-88-moonlight\/\" >Sunseeker 88 \u2022 Moonlight<\/a><\/li><li><a href=\"https:\/\/select-agency.world\/de\/listing\/sunseeker-95-yacht-blue-infinity-one\/\" >Sunseeker 95 Yacht \u2022 Blue Infinity One<\/a><\/li><li><a href=\"https:\/\/select-agency.world\/de\/listing\/sunseeker-95-yacht-high-energy\/\" >Sunseeker 95 Yacht \u2022 High Energy<\/a><\/li><li><a href=\"https:\/\/select-agency.world\/de\/listing\/sunseeker-manhattan-66-la-nonno\/\" >Sunseeker Manhattan 66 \u2022 La Nonno<\/a><\/li><li><a href=\"https:\/\/select-agency.world\/de\/listing\/sunseeker-predator-57\/\" >Sunseeker Predator 57 \u2022 Boefje II<\/a><\/li><li><a href=\"https:\/\/select-agency.world\/de\/listing\/tesoro-t40-outboard-joya\/\" >Tesoro T40 Outboard \u2022 Joya<\/a><\/li><li><a href=\"https:\/\/select-agency.world\/de\/listing\/tesoro-t50-speciale-goldfinger\/\" >Tesoro T50 Speciale \u2022 Goldfinger<\/a><\/li><li><a href=\"https:\/\/select-agency.world\/de\/listing\/villa-blanes-rental\/\" >Villa Blanes<\/a><\/li><li><a href=\"https:\/\/select-agency.world\/de\/listing\/villa-blanes\/\" >Villa Blanes<\/a><\/li><li><a href=\"https:\/\/select-agency.world\/de\/listing\/villa-cala-portals\/\" >Villa Cala Portals<\/a><\/li><li><a href=\"https:\/\/select-agency.world\/de\/listing\/villa-coral\/\" >Villa Coral<\/a><\/li><li><a href=\"https:\/\/select-agency.world\/de\/listing\/villa-maravilles\/\" >Villa Maravilles<\/a><\/li><li><a href=\"https:\/\/select-agency.world\/de\/listing\/villa-oro\/\" >Villa Oro<\/a><\/li><li><a href=\"https:\/\/select-agency.world\/de\/listing\/villa-puigpunyent\/\" >Villa Puigpunyent<\/a><\/li><li><a href=\"https:\/\/select-agency.world\/de\/listing\/villa-serenity-2\/\" >Villa Serenity<\/a><\/li><li><a href=\"https:\/\/select-agency.world\/de\/listing\/vista-mar-vent\/\" >Vista Mar y Vent<\/a><\/li><li><a href=\"https:\/\/select-agency.world\/de\/listing\/wally-48-jemima\/\" >Wally 48 \u2022 Jemima<\/a><\/li><\/ul><\/div><br \/><div class=\"aioseo-html-page-sitemap\"><h4>Seiten<\/h4><ul><li><a href=\"https:\/\/select-agency.world\/de\/about\/\" >Unser Team<\/a><\/li><li><a href=\"https:\/\/select-agency.world\/de\/blog\/\" >Blog<\/a><\/li><li><a href=\"https:\/\/select-agency.world\/de\/contact\/\" >Kontakt<\/a><\/li><li><a href=\"https:\/\/select-agency.world\/de\/cookie-policy-eu\/\" >Cookie-Richtlinie<\/a><\/li><li><a href=\"https:\/\/select-agency.world\/de\/experiences\/\" >Erlebnisse<\/a><ul><li><a href=\"https:\/\/select-agency.world\/de\/experiences\/gourmet-experiences\/\" >Gourmet Erlebnisse<\/a><ul><li><a href=\"https:\/\/select-agency.world\/de\/experiences\/gourmet-experiences\/private-chef-services\/\" >Privatkoch-Service<\/a><\/li><li><a href=\"https:\/\/select-agency.world\/de\/experiences\/gourmet-experiences\/wine-tasting\/\" >Weinverkostung<\/a><ul><li><a href=\"https:\/\/select-agency.world\/de\/experiences\/gourmet-experiences\/wine-tasting\/wine-waves\/\" >Wine &amp; Waves<\/a><\/li><\/ul><\/li><\/ul><\/li><li><a href=\"https:\/\/select-agency.world\/de\/experiences\/private-travel-services\/\" >Premium Reiseservices<\/a><ul><li><a href=\"https:\/\/select-agency.world\/de\/experiences\/private-travel-services\/helicopter-flights\/\" >Helicopter Flights<\/a><\/li><\/ul><\/li><li><a href=\"https:\/\/select-agency.world\/de\/experiences\/wellness\/\" >Wellness<\/a><\/li><\/ul><\/li><li><a href=\"https:\/\/select-agency.world\/de\/\" >Startseite<\/a><\/li><li><a href=\"https:\/\/select-agency.world\/de\/privacy-policy\/\" >Datenschutzerkl\u00e4rung<\/a><\/li><li><a href=\"https:\/\/select-agency.world\/de\/private-jet-charter\/\" >Privatjet-Charter<\/a><\/li><li><a href=\"https:\/\/select-agency.world\/de\/real-estate\/\" >Immobilien<\/a><ul><li><a href=\"https:\/\/select-agency.world\/de\/real-estate\/real-estate-rental\/\" >Immobilienvermietung<\/a><\/li><li><a href=\"https:\/\/select-agency.world\/de\/real-estate\/real-estate-sales\/\" >Immobilienverkauf<\/a><\/li><\/ul><\/li><li><a href=\"https:\/\/select-agency.world\/de\/sitemap\/\" >Sitemap<\/a><\/li><li><a href=\"https:\/\/select-agency.world\/de\/terms-and-conditions\/\" >Allgemeine Gesch\u00e4ftsbedingungen<\/a><\/li><li><a href=\"https:\/\/select-agency.world\/de\/water-toys\/\" >Water Toys<\/a><\/li><li><a href=\"https:\/\/select-agency.world\/de\/yachting\/\" >Yachting<\/a><ul><li><a href=\"https:\/\/select-agency.world\/de\/yachting\/birthday-yacht-charter-mallorca\/\" >Geburtstags-Yachtcharter auf Mallorca<\/a><\/li><li><a href=\"https:\/\/select-agency.world\/de\/yachting\/charter-yachts\/\" >Charteryachten<\/a><\/li><li><a href=\"https:\/\/select-agency.world\/de\/yachting\/corporate-yacht-charter-mallorca\/\" >Yachtcharter f\u00fcr Unternehmen auf Mallorca<\/a><\/li><li><a href=\"https:\/\/select-agency.world\/de\/yachting\/couples-yacht-charter-mallorca\/\" >Yachtcharter f\u00fcr Paare auf Mallorca<\/a><\/li><li><a href=\"https:\/\/select-agency.world\/de\/yachting\/family-friendly-yacht-charter-mallorca\/\" >Family-Friendly Yacht Charter Mallorca<\/a><\/li><li><a href=\"https:\/\/select-agency.world\/de\/yachting\/itineraries\/\" >Routen<\/a><ul><li><a href=\"https:\/\/select-agency.world\/de\/yachting\/itineraries\/day-charter-itineraries-ibiza\/\" >Tagescharter-Routen Ibiza<\/a><\/li><li><a href=\"https:\/\/select-agency.world\/de\/yachting\/itineraries\/day-charter-itineraries-mallorca\/\" >Tagescharter-Routen Mallorca<\/a><\/li><li><a href=\"https:\/\/select-agency.world\/de\/yachting\/itineraries\/es-trenc\/\" >Itinerary Es Trenc<\/a><\/li><li><a href=\"https:\/\/select-agency.world\/de\/yachting\/itineraries\/mallorca-ibiza-formentera\/\" >Itinerary Mallorca &#8211; Ibiza &#8211; Formentera<\/a><\/li><li><a href=\"https:\/\/select-agency.world\/de\/yachting\/itineraries\/mallorca-menorca\/\" >Itinerary Mallorca &#8211; Menorca<\/a><\/li><li><a href=\"https:\/\/select-agency.world\/de\/yachting\/itineraries\/port-andratx\/\" >Itinerary Port d&#8217;Andratx<\/a><\/li><li><a href=\"https:\/\/select-agency.world\/de\/yachting\/itineraries\/port-soller\/\" >Itinerary Port de Soller<\/a><\/li><\/ul><\/li><li><a href=\"https:\/\/select-agency.world\/de\/yachting\/last-minute-yacht-charter-mallorca\/\" >Last-Minute Yachtcharter auf Mallorca<\/a><\/li><li><a href=\"https:\/\/select-agency.world\/de\/yachting\/luxury-day-charter-mallorca\/\" >Luxus-Tagescharter auf Mallorca<\/a><\/li><li><a href=\"https:\/\/select-agency.world\/de\/yachting\/sales-yachts\/\" >Yachten zum Verkauf<\/a><\/li><li><a href=\"https:\/\/select-agency.world\/de\/yachting\/balearic-islands\/\" >Yacht Charter Balearic Islands<\/a><ul><li><a href=\"https:\/\/select-agency.world\/de\/yachting\/balearic-islands\/formentera\/\" >Formentera<\/a><\/li><li><a href=\"https:\/\/select-agency.world\/de\/yachting\/balearic-islands\/ibiza\/\" >Ibiza<\/a><\/li><li><a href=\"https:\/\/select-agency.world\/de\/yachting\/balearic-islands\/mallorca\/\" >Mallorca<\/a><\/li><li><a href=\"https:\/\/select-agency.world\/de\/yachting\/balearic-islands\/menorca\/\" >Menorca<\/a><\/li><\/ul><\/li><li><a href=\"https:\/\/select-agency.world\/de\/yachting\/yacht-charter-faq\/\" >Yacht Charter FAQ<\/a><\/li><li><a href=\"https:\/\/select-agency.world\/de\/yachting\/yacht-charter-friends-mallorca\/\" >Yacht Charter for Groups of Friends in Mallorca<\/a><\/li><li><a href=\"https:\/\/select-agency.world\/de\/yachting\/yacht-charter-guide\/\" >Yacht-Charter Guide<\/a><\/li><li><a href=\"https:\/\/select-agency.world\/de\/yachting\/yacht-charter-mallorca\/\" >Yacht Charter Mallorca<\/a><\/li><li><a href=\"https:\/\/select-agency.world\/de\/yachting\/yacht-management\/\" >Yacht-Management<\/a><\/li><\/ul><\/li><\/ul><\/div><br \/><\/div>","protected":false},"excerpt":{"rendered":"","protected":false},"author":1,"featured_media":21338,"parent":0,"menu_order":0,"comment_status":"closed","ping_status":"closed","template":"","meta":{"footnotes":""},"class_list":["post-19745","page","type-page","status-publish","has-post-thumbnail","hentry"],"aioseo_notices":[],"_links":{"self":[{"href":"https:\/\/select-agency.world\/de\/wp-json\/wp\/v2\/pages\/19745","targetHints":{"allow":["GET"]}}],"collection":[{"href":"https:\/\/select-agency.world\/de\/wp-json\/wp\/v2\/pages"}],"about":[{"href":"https:\/\/select-agency.world\/de\/wp-json\/wp\/v2\/types\/page"}],"author":[{"embeddable":true,"href":"https:\/\/select-agency.world\/de\/wp-json\/wp\/v2\/users\/1"}],"replies":[{"embeddable":true,"href":"https:\/\/select-agency.world\/de\/wp-json\/wp\/v2\/comments?post=19745"}],"version-history":[{"count":0,"href":"https:\/\/select-agency.world\/de\/wp-json\/wp\/v2\/pages\/19745\/revisions"}],"wp:featuredmedia":[{"embeddable":true,"href":"https:\/\/select-agency.world\/de\/wp-json\/wp\/v2\/media\/21338"}],"wp:attachment":[{"href":"https:\/\/select-agency.world\/de\/wp-json\/wp\/v2\/media?parent=19745"}],"curies":[{"name":"wp","href":"https:\/\/api.w.org\/{rel}","templated":true}]}}