{"id":22300,"date":"2025-02-18T12:39:53","date_gmt":"2025-02-18T11:39:53","guid":{"rendered":"https:\/\/select-agency.world\/?page_id=22300"},"modified":"2026-03-31T12:29:55","modified_gmt":"2026-03-31T11:29:55","slug":"gourmet-experiences","status":"publish","type":"page","link":"https:\/\/select-agency.world\/de\/experiences\/gourmet-experiences\/","title":{"rendered":"Gourmet Erlebnisse"},"content":{"rendered":"<div data-elementor-type=\"wp-page\" data-elementor-id=\"22300\" class=\"elementor elementor-22300\">\n\t\t\t\t<div class=\"elementor-element elementor-element-63f3edc animated-slow e-flex e-con-boxed elementor-invisible e-con e-parent\" data-id=\"63f3edc\" data-element_type=\"container\" data-e-type=\"container\" data-settings=\"{&quot;background_background&quot;:&quot;classic&quot;,&quot;animation&quot;:&quot;fadeIn&quot;}\">\n\t\t\t\t\t<div class=\"e-con-inner\">\n\t\t<div class=\"elementor-element elementor-element-6c75f46 e-con-full e-flex e-con e-child\" data-id=\"6c75f46\" data-element_type=\"container\" data-e-type=\"container\">\n\t\t\t\t<div class=\"elementor-element elementor-element-5b46e64 elementor-invisible elementor-widget elementor-widget-heading\" data-id=\"5b46e64\" data-element_type=\"widget\" data-e-type=\"widget\" data-settings=\"{&quot;_animation&quot;:&quot;fadeInDown&quot;}\" data-widget_type=\"heading.default\">\n\t\t\t\t<div class=\"elementor-widget-container\">\n\t\t\t\t\t<h1 class=\"elementor-heading-title elementor-size-default\">GOURMET ERLEBNISSE<\/h1>\t\t\t\t<\/div>\n\t\t\t\t<\/div>\n\t\t\t\t<\/div>\n\t\t\t\t\t<\/div>\n\t\t\t\t<\/div>\n\t\t<div class=\"elementor-element elementor-element-8f2b888 e-flex e-con-boxed elementor-invisible e-con e-parent\" data-id=\"8f2b888\" data-element_type=\"container\" data-e-type=\"container\" data-settings=\"{&quot;background_background&quot;:&quot;gradient&quot;,&quot;animation&quot;:&quot;fadeIn&quot;}\">\n\t\t\t\t\t<div class=\"e-con-inner\">\n\t\t<div class=\"elementor-element elementor-element-f73284f e-con-full e-flex e-con e-child\" data-id=\"f73284f\" data-element_type=\"container\" data-e-type=\"container\">\n\t\t<div class=\"elementor-element elementor-element-a2054bf e-con-full e-flex e-con e-child\" data-id=\"a2054bf\" data-element_type=\"container\" data-e-type=\"container\">\n\t\t<div class=\"elementor-element elementor-element-aa84df8 e-con-full e-flex e-con e-child\" data-id=\"aa84df8\" data-element_type=\"container\" data-e-type=\"container\">\n\t\t\t\t<div class=\"elementor-element elementor-element-fde5d54 elementor-widget elementor-widget-image\" data-id=\"fde5d54\" data-element_type=\"widget\" data-e-type=\"widget\" data-widget_type=\"image.default\">\n\t\t\t\t<div class=\"elementor-widget-container\">\n\t\t\t\t\t\t\t\t\t\t\t\t\t\t\t<img loading=\"lazy\" decoding=\"async\" width=\"1024\" height=\"683\" src=\"https:\/\/select-agency.world\/wp-content\/uploads\/2025\/02\/gourmet-dining-1024x683.webp\" class=\"attachment-large size-large wp-image-22302\" alt=\"High class cooking.\" srcset=\"https:\/\/select-agency.world\/wp-content\/uploads\/2025\/02\/gourmet-dining-1024x683.webp 1024w, https:\/\/select-agency.world\/wp-content\/uploads\/2025\/02\/gourmet-dining-300x200.webp 300w, https:\/\/select-agency.world\/wp-content\/uploads\/2025\/02\/gourmet-dining-768x512.webp 768w, https:\/\/select-agency.world\/wp-content\/uploads\/2025\/02\/gourmet-dining-1536x1024.webp 1536w, https:\/\/select-agency.world\/wp-content\/uploads\/2025\/02\/gourmet-dining-18x12.webp 18w, https:\/\/select-agency.world\/wp-content\/uploads\/2025\/02\/gourmet-dining-900x600.webp 900w, https:\/\/select-agency.world\/wp-content\/uploads\/2025\/02\/gourmet-dining-496x331.webp 496w, https:\/\/select-agency.world\/wp-content\/uploads\/2025\/02\/gourmet-dining.webp 1920w\" sizes=\"auto, (max-width: 1024px) 100vw, 1024px\" \/>\t\t\t\t\t\t\t\t\t\t\t\t\t\t\t<\/div>\n\t\t\t\t<\/div>\n\t\t\t\t<\/div>\n\t\t<div class=\"elementor-element elementor-element-cb91d15 e-con-full e-flex e-con e-child\" data-id=\"cb91d15\" data-element_type=\"container\" data-e-type=\"container\">\n\t\t\t\t<div class=\"elementor-element elementor-element-deb60b1 elementor-invisible elementor-widget elementor-widget-heading\" data-id=\"deb60b1\" data-element_type=\"widget\" data-e-type=\"widget\" data-settings=\"{&quot;_animation&quot;:&quot;fadeInRight&quot;}\" data-widget_type=\"heading.default\">\n\t\t\t\t<div class=\"elementor-widget-container\">\n\t\t\t\t\t<h2 class=\"elementor-heading-title elementor-size-default\">Kulinarische Abenteuer<\/h2>\t\t\t\t<\/div>\n\t\t\t\t<\/div>\n\t\t\t\t<div class=\"elementor-element elementor-element-dcf6e15 elementor-invisible elementor-widget elementor-widget-text-editor\" data-id=\"dcf6e15\" data-element_type=\"widget\" data-e-type=\"widget\" data-settings=\"{&quot;_animation&quot;:&quot;fadeInRight&quot;}\" data-widget_type=\"text-editor.default\">\n\t\t\t\t<div class=\"elementor-widget-container\">\n\t\t\t\t\t\t\t\t\t<p>Willkommen bei unseren Gourmet-Erlebnissen \u2013 wo Luxus auf Kreativit\u00e4t und Geschmack trifft.\nOb an Land oder auf See \u2013 wir bieten eine Vielzahl au\u00dfergew\u00f6hnlicher Aktivit\u00e4ten, die Ihr kulinarisches Erlebnis auf ein neues Niveau heben. Von individuellem Catering und <strong><a href=\"https:\/\/select-agency.world\/de\/experiences\/gourmet-experiences\/private-chef-services\/\" target=\"_blank\" rel=\"noopener\">privaten Kochservices<\/a><\/strong> bis hin zu sorgf\u00e4ltig abgestimmten <strong><a href=\"https:\/\/select-agency.world\/de\/experiences\/gourmet-experiences\/wine-tasting\/\" target=\"_blank\" rel=\"noopener\">Weinverkostungen<\/a><\/strong> und unterhaltsamen Pizza-Workshops ist f\u00fcr jeden Geschmack etwas dabei. Entdecken Sie unsere exklusiven Angebote und genie\u00dfen Sie unvergessliche Momente, in denen sich kulinarische Exzellenz mit Kunst, Kultur und Genuss verbindet.<\/p>\t\t\t\t\t\t\t\t<\/div>\n\t\t\t\t<\/div>\n\t\t\t\t<div class=\"elementor-element elementor-element-8a36a07 elementor-mobile-align-center elementor-invisible elementor-widget elementor-widget-button\" data-id=\"8a36a07\" data-element_type=\"widget\" data-e-type=\"widget\" data-settings=\"{&quot;_animation&quot;:&quot;fadeIn&quot;}\" data-widget_type=\"button.default\">\n\t\t\t\t<div class=\"elementor-widget-container\">\n\t\t\t\t\t\t\t\t\t<div class=\"elementor-button-wrapper\">\n\t\t\t\t\t<a class=\"elementor-button elementor-button-link elementor-size-sm elementor-animation-grow\" href=\"#popmake-27596\">\n\t\t\t\t\t\t<span class=\"elementor-button-content-wrapper\">\n\t\t\t\t\t\t\t\t\t<span class=\"elementor-button-text\">Bereit f\u00fcr einen Hauch von Luxus?<\/span>\n\t\t\t\t\t<\/span>\n\t\t\t\t\t<\/a>\n\t\t\t\t<\/div>\n\t\t\t\t\t\t\t\t<\/div>\n\t\t\t\t<\/div>\n\t\t\t\t<\/div>\n\t\t\t\t<\/div>\n\t\t\t\t<\/div>\n\t\t\t\t\t<\/div>\n\t\t\t\t<\/div>\n\t\t<div class=\"elementor-element elementor-element-56abda5 e-flex e-con-boxed e-con e-parent\" data-id=\"56abda5\" data-element_type=\"container\" data-e-type=\"container\" data-settings=\"{&quot;background_background&quot;:&quot;classic&quot;}\">\n\t\t\t\t\t<div class=\"e-con-inner\">\n\t\t\t\t<div class=\"elementor-element elementor-element-b096f9d elementor-widget elementor-widget-spacer\" data-id=\"b096f9d\" data-element_type=\"widget\" data-e-type=\"widget\" data-widget_type=\"spacer.default\">\n\t\t\t\t<div class=\"elementor-widget-container\">\n\t\t\t\t\t\t\t<div class=\"elementor-spacer\">\n\t\t\t<div class=\"elementor-spacer-inner\"><\/div>\n\t\t<\/div>\n\t\t\t\t\t\t<\/div>\n\t\t\t\t<\/div>\n\t\t\t\t\t<\/div>\n\t\t\t\t<\/div>\n\t\t<div class=\"elementor-element elementor-element-d485328 e-flex e-con-boxed e-con e-parent\" data-id=\"d485328\" data-element_type=\"container\" data-e-type=\"container\" data-settings=\"{&quot;background_background&quot;:&quot;classic&quot;}\">\n\t\t\t\t\t<div class=\"e-con-inner\">\n\t\t\t\t<div class=\"elementor-element elementor-element-66555ec elementor-widget__width-initial elementor-invisible elementor-widget elementor-widget-heading\" data-id=\"66555ec\" data-element_type=\"widget\" data-e-type=\"widget\" data-settings=\"{&quot;_animation&quot;:&quot;fadeInUp&quot;}\" data-widget_type=\"heading.default\">\n\t\t\t\t<div class=\"elementor-widget-container\">\n\t\t\t\t\t<h2 class=\"elementor-heading-title elementor-size-default\">Geschmackvolle Momente<\/h2>\t\t\t\t<\/div>\n\t\t\t\t<\/div>\n\t\t\t\t<div class=\"elementor-element elementor-element-477ae55 elementor-widget__width-initial elementor-invisible elementor-widget elementor-widget-text-editor\" data-id=\"477ae55\" data-element_type=\"widget\" data-e-type=\"widget\" data-settings=\"{&quot;_animation&quot;:&quot;fadeInUp&quot;}\" data-widget_type=\"text-editor.default\">\n\t\t\t\t<div class=\"elementor-widget-container\">\n\t\t\t\t\t\t\t\t\t<p>Entdecken Sie eine Palette von exklusiven Gourmet-Erlebnissen, die Ihre Sinne erfreuen und bleibende Erinnerungen schaffen.<\/p>\t\t\t\t\t\t\t\t<\/div>\n\t\t\t\t<\/div>\n\t\t\t\t\t<\/div>\n\t\t\t\t<\/div>\n\t\t<div class=\"elementor-element elementor-element-f78f3b0 e-flex e-con-boxed elementor-invisible e-con e-parent\" data-id=\"f78f3b0\" data-element_type=\"container\" data-e-type=\"container\" data-settings=\"{&quot;background_background&quot;:&quot;classic&quot;,&quot;animation&quot;:&quot;fadeIn&quot;}\">\n\t\t\t\t\t<div class=\"e-con-inner\">\n\t\t<div class=\"elementor-element elementor-element-db5f009 e-flex e-con-boxed e-con e-child\" data-id=\"db5f009\" data-element_type=\"container\" data-e-type=\"container\">\n\t\t\t\t\t<div class=\"e-con-inner\">\n\t\t\t\t<div class=\"elementor-element elementor-element-3f71174 elementor-widget elementor-widget-image\" data-id=\"3f71174\" data-element_type=\"widget\" data-e-type=\"widget\" data-widget_type=\"image.default\">\n\t\t\t\t<div class=\"elementor-widget-container\">\n\t\t\t\t\t\t\t\t\t\t\t\t\t\t\t\t<a href=\"https:\/\/select-agency.world\/de\/charter-yachts\/\">\n\t\t\t\t\t\t\t<img decoding=\"async\" src=\"https:\/\/select-agency.world\/wp-content\/uploads\/2025\/01\/lunch-catering-592x444.jpg\" title=\"lunch-catering\" alt=\"Catering on a yacht.\" loading=\"lazy\" \/>\t\t\t\t\t\t\t\t<\/a>\n\t\t\t\t\t\t\t\t\t\t\t\t\t\t\t<\/div>\n\t\t\t\t<\/div>\n\t\t\t\t<div class=\"elementor-element elementor-element-339bf64 animated-fast elementor-widget__width-initial elementor-invisible elementor-widget elementor-widget-heading\" data-id=\"339bf64\" data-element_type=\"widget\" data-e-type=\"widget\" data-settings=\"{&quot;_animation&quot;:&quot;fadeInUp&quot;}\" data-widget_type=\"heading.default\">\n\t\t\t\t<div class=\"elementor-widget-container\">\n\t\t\t\t\t<h3 class=\"elementor-heading-title elementor-size-default\">Catering<\/h3>\t\t\t\t<\/div>\n\t\t\t\t<\/div>\n\t\t\t\t<div class=\"elementor-element elementor-element-1f988a1 elementor-widget__width-initial elementor-widget elementor-widget-text-editor\" data-id=\"1f988a1\" data-element_type=\"widget\" data-e-type=\"widget\" data-widget_type=\"text-editor.default\">\n\t\t\t\t<div class=\"elementor-widget-container\">\n\t\t\t\t\t\t\t\t\t<p>Catering, das Ihre Geschmacksknospen mit den reichen Aromen des Mittelmeers und der Welt verw\u00f6hnt. Bereichern Sie Ihr Erlebnis auf dem Wasser oder an Land mit einer Vielzahl von k\u00f6stlichen Catering-Optionen, von gehobenem Fingerfood bis hin zu exquisiten Komplettmen\u00fcs, die Ihr Abenteuer mit einem Hauch von kulinarischer Exzellenz bereichern.<\/p>\t\t\t\t\t\t\t\t<\/div>\n\t\t\t\t<\/div>\n\t\t\t\t\t<\/div>\n\t\t\t\t<\/div>\n\t\t<div class=\"elementor-element elementor-element-a682cd9 e-flex e-con-boxed e-con e-child\" data-id=\"a682cd9\" data-element_type=\"container\" data-e-type=\"container\">\n\t\t\t\t\t<div class=\"e-con-inner\">\n\t\t\t\t<div class=\"elementor-element elementor-element-f044ecc elementor-widget elementor-widget-image\" data-id=\"f044ecc\" data-element_type=\"widget\" data-e-type=\"widget\" data-widget_type=\"image.default\">\n\t\t\t\t<div class=\"elementor-widget-container\">\n\t\t\t\t\t\t\t\t\t\t\t\t\t\t\t\t<a href=\"https:\/\/select-agency.world\/de\/private-jet-charter\/\">\n\t\t\t\t\t\t\t<img decoding=\"async\" src=\"https:\/\/select-agency.world\/wp-content\/uploads\/2025\/04\/private-chef-orange-592x444.webp\" title=\"private-chef-orange\" alt=\"Dish by private chef in Mallorca.\" loading=\"lazy\" \/>\t\t\t\t\t\t\t\t<\/a>\n\t\t\t\t\t\t\t\t\t\t\t\t\t\t\t<\/div>\n\t\t\t\t<\/div>\n\t\t\t\t<div class=\"elementor-element elementor-element-9ae3d19 animated-fast elementor-widget__width-initial elementor-invisible elementor-widget elementor-widget-heading\" data-id=\"9ae3d19\" data-element_type=\"widget\" data-e-type=\"widget\" data-settings=\"{&quot;_animation&quot;:&quot;fadeInUp&quot;}\" data-widget_type=\"heading.default\">\n\t\t\t\t<div class=\"elementor-widget-container\">\n\t\t\t\t\t<h2 class=\"elementor-heading-title elementor-size-default\">Privatkoch<\/h2>\t\t\t\t<\/div>\n\t\t\t\t<\/div>\n\t\t\t\t<div class=\"elementor-element elementor-element-0a10f9d elementor-widget__width-initial elementor-widget elementor-widget-text-editor\" data-id=\"0a10f9d\" data-element_type=\"widget\" data-e-type=\"widget\" data-widget_type=\"text-editor.default\">\n\t\t\t\t<div class=\"elementor-widget-container\">\n\t\t\t\t\t\t\t\t\t<p>An Bord Ihrer Yacht oder bei Ihnen zu Hause bietet Ihnen ein privater Koch personalisierte Gerichte, die ganz nach Ihrem Geschmack zubereitet werden. Genie\u00dfen Sie aus frischen, lokal bezogenen Zutaten zubereitete Rezepte, die ein besonderes Esserlebnis garantieren.<\/p>\t\t\t\t\t\t\t\t<\/div>\n\t\t\t\t<\/div>\n\t\t\t\t<div class=\"elementor-element elementor-element-d7375ee elementor-mobile-align-center elementor-invisible elementor-widget elementor-widget-button\" data-id=\"d7375ee\" data-element_type=\"widget\" data-e-type=\"widget\" data-settings=\"{&quot;_animation&quot;:&quot;fadeIn&quot;}\" data-widget_type=\"button.default\">\n\t\t\t\t<div class=\"elementor-widget-container\">\n\t\t\t\t\t\t\t\t\t<div class=\"elementor-button-wrapper\">\n\t\t\t\t\t<a class=\"elementor-button elementor-button-link elementor-size-sm elementor-animation-grow\" href=\"https:\/\/select-agency.world\/de\/private-travel\/private-chef-service\/\">\n\t\t\t\t\t\t<span class=\"elementor-button-content-wrapper\">\n\t\t\t\t\t\t\t\t\t<span class=\"elementor-button-text\">Informationen<\/span>\n\t\t\t\t\t<\/span>\n\t\t\t\t\t<\/a>\n\t\t\t\t<\/div>\n\t\t\t\t\t\t\t\t<\/div>\n\t\t\t\t<\/div>\n\t\t\t\t\t<\/div>\n\t\t\t\t<\/div>\n\t\t<div class=\"elementor-element elementor-element-7f32e4f e-flex e-con-boxed e-con e-child\" data-id=\"7f32e4f\" data-element_type=\"container\" data-e-type=\"container\">\n\t\t\t\t\t<div class=\"e-con-inner\">\n\t\t\t\t<div class=\"elementor-element elementor-element-5e70c4c elementor-widget elementor-widget-image\" data-id=\"5e70c4c\" data-element_type=\"widget\" data-e-type=\"widget\" data-widget_type=\"image.default\">\n\t\t\t\t<div class=\"elementor-widget-container\">\n\t\t\t\t\t\t\t\t\t\t\t\t\t\t\t\t<a href=\"https:\/\/select-agency.world\/de\/real-estate\/\">\n\t\t\t\t\t\t\t<img decoding=\"async\" src=\"https:\/\/select-agency.world\/wp-content\/uploads\/2025\/02\/pizza-baking-592x444.webp\" title=\"pizza-baking\" alt=\"Pizza baking.\" loading=\"lazy\" \/>\t\t\t\t\t\t\t\t<\/a>\n\t\t\t\t\t\t\t\t\t\t\t\t\t\t\t<\/div>\n\t\t\t\t<\/div>\n\t\t\t\t<div class=\"elementor-element elementor-element-7d26064 animated-fast elementor-widget__width-initial elementor-invisible elementor-widget elementor-widget-heading\" data-id=\"7d26064\" data-element_type=\"widget\" data-e-type=\"widget\" data-settings=\"{&quot;_animation&quot;:&quot;fadeInUp&quot;}\" data-widget_type=\"heading.default\">\n\t\t\t\t<div class=\"elementor-widget-container\">\n\t\t\t\t\t<h2 class=\"elementor-heading-title elementor-size-default\">Pizza-Erlebnis<\/h2>\t\t\t\t<\/div>\n\t\t\t\t<\/div>\n\t\t\t\t<div class=\"elementor-element elementor-element-91b0814 elementor-widget__width-initial elementor-widget elementor-widget-text-editor\" data-id=\"91b0814\" data-element_type=\"widget\" data-e-type=\"widget\" data-widget_type=\"text-editor.default\">\n\t\t\t\t<div class=\"elementor-widget-container\">\n\t\t\t\t\t\t\t\t\t<p>Mit den besten Zutaten und einem hochmodernen mobilen Ofen k\u00f6nnen Sie live erleben, wie vor Ihren Augen leckere Pizzen zubereitet werden - auf See oder an Land. Dieses interaktive Erlebnis ist f\u00fcr Erwachsene und Kinder gleicherma\u00dfen geeignet und zaubert ein k\u00f6stliches Meisterwerk aus jedem St\u00fcck Pizza.<\/p>\t\t\t\t\t\t\t\t<\/div>\n\t\t\t\t<\/div>\n\t\t\t\t\t<\/div>\n\t\t\t\t<\/div>\n\t\t\t\t\t<\/div>\n\t\t\t\t<\/div>\n\t\t<div class=\"elementor-element elementor-element-4468172 e-flex e-con-boxed elementor-invisible e-con e-parent\" data-id=\"4468172\" data-element_type=\"container\" data-e-type=\"container\" data-settings=\"{&quot;background_background&quot;:&quot;classic&quot;,&quot;animation&quot;:&quot;fadeIn&quot;}\">\n\t\t\t\t\t<div class=\"e-con-inner\">\n\t\t<div class=\"elementor-element elementor-element-c36bfdf e-flex e-con-boxed e-con e-child\" data-id=\"c36bfdf\" data-element_type=\"container\" data-e-type=\"container\">\n\t\t\t\t\t<div class=\"e-con-inner\">\n\t\t\t\t<div class=\"elementor-element elementor-element-0dd9f19 elementor-widget elementor-widget-image\" data-id=\"0dd9f19\" data-element_type=\"widget\" data-e-type=\"widget\" data-widget_type=\"image.default\">\n\t\t\t\t<div class=\"elementor-widget-container\">\n\t\t\t\t\t\t\t\t\t\t\t\t\t\t\t\t<a href=\"https:\/\/select-agency.world\/de\/charter-yachts\/\">\n\t\t\t\t\t\t\t<img decoding=\"async\" src=\"https:\/\/select-agency.world\/wp-content\/uploads\/2025\/04\/wine-tasting-woman-592x444.webp\" title=\"wine-tasting-woman\" alt=\"Woman with glas of white wine.\" loading=\"lazy\" \/>\t\t\t\t\t\t\t\t<\/a>\n\t\t\t\t\t\t\t\t\t\t\t\t\t\t\t<\/div>\n\t\t\t\t<\/div>\n\t\t\t\t<div class=\"elementor-element elementor-element-8e70b37 animated-fast elementor-widget__width-initial elementor-invisible elementor-widget elementor-widget-heading\" data-id=\"8e70b37\" data-element_type=\"widget\" data-e-type=\"widget\" data-settings=\"{&quot;_animation&quot;:&quot;fadeInUp&quot;}\" data-widget_type=\"heading.default\">\n\t\t\t\t<div class=\"elementor-widget-container\">\n\t\t\t\t\t<h3 class=\"elementor-heading-title elementor-size-default\">Weinverkostung<\/h3>\t\t\t\t<\/div>\n\t\t\t\t<\/div>\n\t\t\t\t<div class=\"elementor-element elementor-element-b868c95 elementor-widget__width-initial elementor-widget elementor-widget-text-editor\" data-id=\"b868c95\" data-element_type=\"widget\" data-e-type=\"widget\" data-widget_type=\"text-editor.default\">\n\t\t\t\t<div class=\"elementor-widget-container\">\n\t\t\t\t\t\t\t\t\t<p>Entdecken Sie die herrlichsten Weine. W\u00fcnschen Sie eine Weinverkostung an Bord Ihrer Yacht oder bei Ihnen zu Hause? Unser Partner bietet Ihnen eine kuratierte Auswahl au\u00dfergew\u00f6hnlicher lokaler Weine, die Sie in ihre reiche Geschichte und ihren Geschmack eintauchen lassen.<\/p>\t\t\t\t\t\t\t\t<\/div>\n\t\t\t\t<\/div>\n\t\t\t\t<div class=\"elementor-element elementor-element-c7304bc elementor-mobile-align-center elementor-invisible elementor-widget elementor-widget-button\" data-id=\"c7304bc\" data-element_type=\"widget\" data-e-type=\"widget\" data-settings=\"{&quot;_animation&quot;:&quot;fadeIn&quot;}\" data-widget_type=\"button.default\">\n\t\t\t\t<div class=\"elementor-widget-container\">\n\t\t\t\t\t\t\t\t\t<div class=\"elementor-button-wrapper\">\n\t\t\t\t\t<a class=\"elementor-button elementor-button-link elementor-size-sm elementor-animation-grow\" href=\"https:\/\/select-agency.world\/de\/experiences\/gourmet-experiences\/wine-tasting\/\">\n\t\t\t\t\t\t<span class=\"elementor-button-content-wrapper\">\n\t\t\t\t\t\t\t\t\t<span class=\"elementor-button-text\">Informationen<\/span>\n\t\t\t\t\t<\/span>\n\t\t\t\t\t<\/a>\n\t\t\t\t<\/div>\n\t\t\t\t\t\t\t\t<\/div>\n\t\t\t\t<\/div>\n\t\t\t\t\t<\/div>\n\t\t\t\t<\/div>\n\t\t<div class=\"elementor-element elementor-element-033bdce e-flex e-con-boxed e-con e-child\" data-id=\"033bdce\" data-element_type=\"container\" data-e-type=\"container\">\n\t\t\t\t\t<div class=\"e-con-inner\">\n\t\t\t\t<div class=\"elementor-element elementor-element-a42f784 elementor-widget elementor-widget-image\" data-id=\"a42f784\" data-element_type=\"widget\" data-e-type=\"widget\" data-widget_type=\"image.default\">\n\t\t\t\t<div class=\"elementor-widget-container\">\n\t\t\t\t\t\t\t\t\t\t\t\t\t\t\t\t<a href=\"https:\/\/select-agency.world\/de\/private-jet-charter\/\">\n\t\t\t\t\t\t\t<img decoding=\"async\" src=\"https:\/\/select-agency.world\/wp-content\/uploads\/2025\/01\/cocktail-service-592x444.jpg\" title=\"cocktail-service\" alt=\"Fresh cocktails.\" loading=\"lazy\" \/>\t\t\t\t\t\t\t\t<\/a>\n\t\t\t\t\t\t\t\t\t\t\t\t\t\t\t<\/div>\n\t\t\t\t<\/div>\n\t\t\t\t<div class=\"elementor-element elementor-element-eee5334 animated-fast elementor-widget__width-initial elementor-invisible elementor-widget elementor-widget-heading\" data-id=\"eee5334\" data-element_type=\"widget\" data-e-type=\"widget\" data-settings=\"{&quot;_animation&quot;:&quot;fadeInUp&quot;}\" data-widget_type=\"heading.default\">\n\t\t\t\t<div class=\"elementor-widget-container\">\n\t\t\t\t\t<h2 class=\"elementor-heading-title elementor-size-default\">Cocktails<\/h2>\t\t\t\t<\/div>\n\t\t\t\t<\/div>\n\t\t\t\t<div class=\"elementor-element elementor-element-32be2d4 elementor-widget__width-initial elementor-widget elementor-widget-text-editor\" data-id=\"32be2d4\" data-element_type=\"widget\" data-e-type=\"widget\" data-widget_type=\"text-editor.default\">\n\t\t\t\t<div class=\"elementor-widget-container\">\n\t\t\t\t\t\t\t\t\t<p>Erfrischende und spritzige Cocktails, nur f\u00fcr Sie kreiert. Buchen Sie Ihren Cocktailservice auf dem Wasser oder an Land und beeindrucken Sie Ihre G\u00e4ste mit fachm\u00e4nnisch gemixten Klassikern wie Mojitos und Margaritas sowie ma\u00dfgeschneiderten Kreationen ganz nach Ihrem Geschmack.<\/p>\t\t\t\t\t\t\t\t<\/div>\n\t\t\t\t<\/div>\n\t\t\t\t\t<\/div>\n\t\t\t\t<\/div>\n\t\t<div class=\"elementor-element elementor-element-26e95f4 e-flex e-con-boxed e-con e-child\" data-id=\"26e95f4\" data-element_type=\"container\" data-e-type=\"container\">\n\t\t\t\t\t<div class=\"e-con-inner\">\n\t\t\t\t<div class=\"elementor-element elementor-element-77206a9 elementor-widget elementor-widget-image\" data-id=\"77206a9\" data-element_type=\"widget\" data-e-type=\"widget\" data-widget_type=\"image.default\">\n\t\t\t\t<div class=\"elementor-widget-container\">\n\t\t\t\t\t\t\t\t\t\t\t\t\t\t\t\t<a href=\"https:\/\/select-agency.world\/de\/real-estate\/\">\n\t\t\t\t\t\t\t<img decoding=\"async\" src=\"https:\/\/select-agency.world\/wp-content\/uploads\/2025\/02\/art-vernissage-592x444.webp\" title=\"art-vernissage\" alt=\"Art gallery.\" loading=\"lazy\" \/>\t\t\t\t\t\t\t\t<\/a>\n\t\t\t\t\t\t\t\t\t\t\t\t\t\t\t<\/div>\n\t\t\t\t<\/div>\n\t\t\t\t<div class=\"elementor-element elementor-element-9c20d64 animated-fast elementor-widget__width-initial elementor-invisible elementor-widget elementor-widget-heading\" data-id=\"9c20d64\" data-element_type=\"widget\" data-e-type=\"widget\" data-settings=\"{&quot;_animation&quot;:&quot;fadeInUp&quot;}\" data-widget_type=\"heading.default\">\n\t\t\t\t<div class=\"elementor-widget-container\">\n\t\t\t\t\t<h2 class=\"elementor-heading-title elementor-size-default\">Private Vernissage<\/h2>\t\t\t\t<\/div>\n\t\t\t\t<\/div>\n\t\t\t\t<div class=\"elementor-element elementor-element-53f11d3 elementor-widget__width-initial elementor-widget elementor-widget-text-editor\" data-id=\"53f11d3\" data-element_type=\"widget\" data-e-type=\"widget\" data-widget_type=\"text-editor.default\">\n\t\t\t\t<div class=\"elementor-widget-container\">\n\t\t\t\t\t\t\t\t\t<p>Tauchen Sie ein in ein fesselndes Kunsterlebnis bei einem exklusiven Treffen in einer einzigartigen Umgebung im S\u00fcdwesten von Mallorca. Genie\u00dfen Sie Champagner, Wein und Canap\u00e9s, w\u00e4hrend Sie die zum Nachdenken anregenden Werke eines brillanten und r\u00e4tselhaften K\u00fcnstlers erkunden.<\/p>\t\t\t\t\t\t\t\t<\/div>\n\t\t\t\t<\/div>\n\t\t\t\t\t<\/div>\n\t\t\t\t<\/div>\n\t\t\t\t\t<\/div>\n\t\t\t\t<\/div>\n\t\t\t\t<\/div>","protected":false},"excerpt":{"rendered":"<p>GOURMET EXPERIENCES Curated Culinary Adventures Welcome to our gourmet experiences, where luxury meets creativity and taste. Whether you&#8217;re on land or at sea, we offer a variety of unique activities designed to elevate your dining and entertainment experience. From personalized catering and private chef services to curated wine tastings and fun pizza-baking experiences, there&#8217;s something [&hellip;]<\/p>\n","protected":false},"author":1,"featured_media":22302,"parent":20082,"menu_order":0,"comment_status":"closed","ping_status":"closed","template":"template\/template-homepage.php","meta":{"footnotes":""},"class_list":["post-22300","page","type-page","status-publish","has-post-thumbnail","hentry"],"aioseo_notices":[],"_links":{"self":[{"href":"https:\/\/select-agency.world\/de\/wp-json\/wp\/v2\/pages\/22300","targetHints":{"allow":["GET"]}}],"collection":[{"href":"https:\/\/select-agency.world\/de\/wp-json\/wp\/v2\/pages"}],"about":[{"href":"https:\/\/select-agency.world\/de\/wp-json\/wp\/v2\/types\/page"}],"author":[{"embeddable":true,"href":"https:\/\/select-agency.world\/de\/wp-json\/wp\/v2\/users\/1"}],"replies":[{"embeddable":true,"href":"https:\/\/select-agency.world\/de\/wp-json\/wp\/v2\/comments?post=22300"}],"version-history":[{"count":0,"href":"https:\/\/select-agency.world\/de\/wp-json\/wp\/v2\/pages\/22300\/revisions"}],"up":[{"embeddable":true,"href":"https:\/\/select-agency.world\/de\/wp-json\/wp\/v2\/pages\/20082"}],"wp:featuredmedia":[{"embeddable":true,"href":"https:\/\/select-agency.world\/de\/wp-json\/wp\/v2\/media\/22302"}],"wp:attachment":[{"href":"https:\/\/select-agency.world\/de\/wp-json\/wp\/v2\/media?parent=22300"}],"curies":[{"name":"wp","href":"https:\/\/api.w.org\/{rel}","templated":true}]}}