{"id":22830,"date":"2025-02-27T14:22:12","date_gmt":"2025-02-27T13:22:12","guid":{"rendered":"https:\/\/select-agency.world\/?page_id=22830"},"modified":"2026-03-31T12:29:48","modified_gmt":"2026-03-31T11:29:48","slug":"helicopter-flights","status":"publish","type":"page","link":"https:\/\/select-agency.world\/de\/experiences\/private-travel-services\/helicopter-flights\/","title":{"rendered":"Helicopter Flights"},"content":{"rendered":"<div data-elementor-type=\"wp-page\" data-elementor-id=\"22830\" class=\"elementor elementor-22830\">\n\t\t\t\t<div class=\"elementor-element elementor-element-6395f2e animated-slow e-flex e-con-boxed elementor-invisible e-con e-parent\" data-id=\"6395f2e\" data-element_type=\"container\" data-e-type=\"container\" data-settings=\"{&quot;background_background&quot;:&quot;classic&quot;,&quot;animation&quot;:&quot;fadeIn&quot;}\">\n\t\t\t\t\t<div class=\"e-con-inner\">\n\t\t<div class=\"elementor-element elementor-element-98e4146 e-con-full e-flex e-con e-child\" data-id=\"98e4146\" data-element_type=\"container\" data-e-type=\"container\">\n\t\t\t\t<div class=\"elementor-element elementor-element-03c051f elementor-invisible elementor-widget elementor-widget-heading\" data-id=\"03c051f\" data-element_type=\"widget\" data-e-type=\"widget\" data-settings=\"{&quot;_animation&quot;:&quot;fadeInDown&quot;}\" data-widget_type=\"heading.default\">\n\t\t\t\t<div class=\"elementor-widget-container\">\n\t\t\t\t\t<h1 class=\"elementor-heading-title elementor-size-default\">Helicopter Charter<\/h1>\t\t\t\t<\/div>\n\t\t\t\t<\/div>\n\t\t\t\t<\/div>\n\t\t\t\t\t<\/div>\n\t\t\t\t<\/div>\n\t\t<div class=\"elementor-element elementor-element-0b01e4b e-flex e-con-boxed e-con e-parent\" data-id=\"0b01e4b\" data-element_type=\"container\" data-e-type=\"container\" data-settings=\"{&quot;background_background&quot;:&quot;classic&quot;}\">\n\t\t\t\t\t<div class=\"e-con-inner\">\n\t\t\t\t<div class=\"elementor-element elementor-element-66ecd76 elementor-widget elementor-widget-spacer\" data-id=\"66ecd76\" data-element_type=\"widget\" data-e-type=\"widget\" data-widget_type=\"spacer.default\">\n\t\t\t\t<div class=\"elementor-widget-container\">\n\t\t\t\t\t\t\t<div class=\"elementor-spacer\">\n\t\t\t<div class=\"elementor-spacer-inner\"><\/div>\n\t\t<\/div>\n\t\t\t\t\t\t<\/div>\n\t\t\t\t<\/div>\n\t\t\t\t\t<\/div>\n\t\t\t\t<\/div>\n\t\t<div class=\"elementor-element elementor-element-63e58f0 e-flex e-con-boxed e-con e-parent\" data-id=\"63e58f0\" data-element_type=\"container\" data-e-type=\"container\" data-settings=\"{&quot;background_background&quot;:&quot;classic&quot;}\">\n\t\t\t\t\t<div class=\"e-con-inner\">\n\t\t<div class=\"elementor-element elementor-element-9809921 e-con-full e-flex e-con e-child\" data-id=\"9809921\" data-element_type=\"container\" data-e-type=\"container\">\n\t\t\t\t<div class=\"elementor-element elementor-element-77748ce elementor-invisible elementor-widget elementor-widget-heading\" data-id=\"77748ce\" data-element_type=\"widget\" data-e-type=\"widget\" data-settings=\"{&quot;_animation&quot;:&quot;fadeInLeft&quot;}\" data-widget_type=\"heading.default\">\n\t\t\t\t<div class=\"elementor-widget-container\">\n\t\t\t\t\t<h2 class=\"elementor-heading-title elementor-size-default\">Private Hubschrauberfl\u00fcge<\/h2>\t\t\t\t<\/div>\n\t\t\t\t<\/div>\n\t\t\t\t<div class=\"elementor-element elementor-element-6ae15fb6 elementor-invisible elementor-widget elementor-widget-text-editor\" data-id=\"6ae15fb6\" data-element_type=\"widget\" data-e-type=\"widget\" data-settings=\"{&quot;_animation&quot;:&quot;fadeInLeft&quot;}\" data-widget_type=\"text-editor.default\">\n\t\t\t\t<div class=\"elementor-widget-container\">\n\t\t\t\t\t\t\t\t\t<p>Erleben Sie <strong><a href=\"https:\/\/select-agency.world\/de\/yachting\/balearic-islands\/mallorca\/\" target=\"_blank\" rel=\"noopener\">Mallorca<\/a><\/strong> aus einer neuen Perspektive mit einem privaten Helikopterflug \u2013 atemberaubende Ausblicke und unvergessliche Momente inklusive.\n\nOb Sie die K\u00fcstenlinie aus der Vogelperspektive bewundern, die raue Sch\u00f6nheit des Tramuntana-Gebirges entdecken oder einen Blick auf charmante D\u00f6rfer werfen m\u00f6chten \u2013 ma\u00dfgeschneiderte Helikopterfl\u00fcge erm\u00f6glichen Ihnen, <strong><a href=\"https:\/\/select-agency.world\/de\/yachting\/balearic-islands\/mallorca\/\" target=\"_blank\" rel=\"noopener\">Mallorca<\/a><\/strong> auf ganz besondere Weise zu erkunden.<\/p>\t\t\t\t\t\t\t\t<\/div>\n\t\t\t\t<\/div>\n\t\t\t\t<div class=\"elementor-element elementor-element-58cec9e elementor-mobile-align-center elementor-invisible elementor-widget elementor-widget-button\" data-id=\"58cec9e\" data-element_type=\"widget\" data-e-type=\"widget\" data-settings=\"{&quot;_animation&quot;:&quot;fadeIn&quot;}\" data-widget_type=\"button.default\">\n\t\t\t\t<div class=\"elementor-widget-container\">\n\t\t\t\t\t\t\t\t\t<div class=\"elementor-button-wrapper\">\n\t\t\t\t\t<a class=\"elementor-button elementor-button-link elementor-size-sm elementor-animation-grow\" href=\"#popmake-27596\">\n\t\t\t\t\t\t<span class=\"elementor-button-content-wrapper\">\n\t\t\t\t\t\t\t\t\t<span class=\"elementor-button-text\">Ihr H\u00f6henflug wartet!<\/span>\n\t\t\t\t\t<\/span>\n\t\t\t\t\t<\/a>\n\t\t\t\t<\/div>\n\t\t\t\t\t\t\t\t<\/div>\n\t\t\t\t<\/div>\n\t\t\t\t<\/div>\n\t\t<div class=\"elementor-element elementor-element-cd9ba8f e-con-full e-flex e-con e-child\" data-id=\"cd9ba8f\" data-element_type=\"container\" data-e-type=\"container\">\n\t\t\t\t<div class=\"elementor-element elementor-element-449c7107 elementor-invisible elementor-widget elementor-widget-image\" data-id=\"449c7107\" data-element_type=\"widget\" data-e-type=\"widget\" data-settings=\"{&quot;_animation&quot;:&quot;fadeInRight&quot;}\" data-widget_type=\"image.default\">\n\t\t\t\t<div class=\"elementor-widget-container\">\n\t\t\t\t\t\t\t\t\t\t\t\t\t\t\t<img loading=\"lazy\" decoding=\"async\" width=\"1920\" height=\"1280\" src=\"https:\/\/select-agency.world\/wp-content\/uploads\/2025\/03\/helicopter-balearics.webp\" class=\"attachment-full size-full wp-image-22885\" alt=\"Helicopter over the Balearic Islands.\" srcset=\"https:\/\/select-agency.world\/wp-content\/uploads\/2025\/03\/helicopter-balearics.webp 1920w, https:\/\/select-agency.world\/wp-content\/uploads\/2025\/03\/helicopter-balearics-300x200.webp 300w, https:\/\/select-agency.world\/wp-content\/uploads\/2025\/03\/helicopter-balearics-1024x683.webp 1024w, https:\/\/select-agency.world\/wp-content\/uploads\/2025\/03\/helicopter-balearics-768x512.webp 768w, https:\/\/select-agency.world\/wp-content\/uploads\/2025\/03\/helicopter-balearics-1536x1024.webp 1536w, https:\/\/select-agency.world\/wp-content\/uploads\/2025\/03\/helicopter-balearics-18x12.webp 18w, https:\/\/select-agency.world\/wp-content\/uploads\/2025\/03\/helicopter-balearics-900x600.webp 900w, https:\/\/select-agency.world\/wp-content\/uploads\/2025\/03\/helicopter-balearics-496x331.webp 496w\" sizes=\"auto, (max-width: 1920px) 100vw, 1920px\" \/>\t\t\t\t\t\t\t\t\t\t\t\t\t\t\t<\/div>\n\t\t\t\t<\/div>\n\t\t\t\t<\/div>\n\t\t\t\t\t<\/div>\n\t\t\t\t<\/div>\n\t\t<div class=\"elementor-element elementor-element-452b3d83 e-flex e-con-boxed elementor-invisible e-con e-parent\" data-id=\"452b3d83\" data-element_type=\"container\" data-e-type=\"container\" data-settings=\"{&quot;background_background&quot;:&quot;classic&quot;,&quot;animation&quot;:&quot;fadeIn&quot;}\">\n\t\t\t\t\t<div class=\"e-con-inner\">\n\t\t<div class=\"elementor-element elementor-element-3175a77d e-flex e-con-boxed e-con e-child\" data-id=\"3175a77d\" data-element_type=\"container\" data-e-type=\"container\">\n\t\t\t\t\t<div class=\"e-con-inner\">\n\t\t\t\t<div class=\"elementor-element elementor-element-28e224a3 elementor-widget elementor-widget-image\" data-id=\"28e224a3\" data-element_type=\"widget\" data-e-type=\"widget\" data-widget_type=\"image.default\">\n\t\t\t\t<div class=\"elementor-widget-container\">\n\t\t\t\t\t\t\t\t\t\t\t\t\t\t\t<img loading=\"lazy\" decoding=\"async\" width=\"1920\" height=\"1280\" src=\"https:\/\/select-agency.world\/wp-content\/uploads\/2025\/03\/helicopter-mallorca.webp\" class=\"attachment-full size-full wp-image-22884\" alt=\"View from helicopter over Mallorca.\" srcset=\"https:\/\/select-agency.world\/wp-content\/uploads\/2025\/03\/helicopter-mallorca.webp 1920w, https:\/\/select-agency.world\/wp-content\/uploads\/2025\/03\/helicopter-mallorca-300x200.webp 300w, https:\/\/select-agency.world\/wp-content\/uploads\/2025\/03\/helicopter-mallorca-1024x683.webp 1024w, https:\/\/select-agency.world\/wp-content\/uploads\/2025\/03\/helicopter-mallorca-768x512.webp 768w, https:\/\/select-agency.world\/wp-content\/uploads\/2025\/03\/helicopter-mallorca-1536x1024.webp 1536w, https:\/\/select-agency.world\/wp-content\/uploads\/2025\/03\/helicopter-mallorca-18x12.webp 18w, https:\/\/select-agency.world\/wp-content\/uploads\/2025\/03\/helicopter-mallorca-900x600.webp 900w, https:\/\/select-agency.world\/wp-content\/uploads\/2025\/03\/helicopter-mallorca-496x331.webp 496w\" sizes=\"auto, (max-width: 1920px) 100vw, 1920px\" \/>\t\t\t\t\t\t\t\t\t\t\t\t\t\t\t<\/div>\n\t\t\t\t<\/div>\n\t\t\t\t<div class=\"elementor-element elementor-element-e01a89e animated-fast elementor-invisible elementor-widget elementor-widget-heading\" data-id=\"e01a89e\" data-element_type=\"widget\" data-e-type=\"widget\" data-settings=\"{&quot;_animation&quot;:&quot;fadeInUp&quot;}\" data-widget_type=\"heading.default\">\n\t\t\t\t<div class=\"elementor-widget-container\">\n\t\t\t\t\t<h2 class=\"elementor-heading-title elementor-size-default\">Hubschrauber-Touren<\/h2>\t\t\t\t<\/div>\n\t\t\t\t<\/div>\n\t\t\t\t<div class=\"elementor-element elementor-element-72cd002 elementor-widget__width-initial elementor-widget elementor-widget-text-editor\" data-id=\"72cd002\" data-element_type=\"widget\" data-e-type=\"widget\" data-widget_type=\"text-editor.default\">\n\t\t\t\t<div class=\"elementor-widget-container\">\n\t\t\t\t\t\t\t\t\t<p>Erleben Sie Mallorca aus einer ganz neuen Perspektive bei einem privaten Hubschrauberrundflug, bei dem Sie \u00fcber die atemberaubendsten Landschaften der Insel fliegen. W\u00e4hlen Sie zwischen einem 30-, 42- oder 60-min\u00fctigen Flug und genie\u00dfen Sie die atemberaubende Aussicht auf schroffe Berge, kristallklare K\u00fcsten und malerische D\u00f6rfer. Ganz gleich, ob Sie \u00fcber das Tramuntana-Gebirge gleiten, die t\u00fcrkisfarbenen K\u00fcsten verfolgen oder Palmas historische Skyline bewundern m\u00f6chten, jede Route bietet ein einzigartiges und unvergessliches Abenteuer. Lassen Sie sich von den erfahrenen Piloten auf eine malerische Flugreise entf\u00fchren, die Ihnen die Sch\u00f6nheit Mallorcas wie nie zuvor offenbart.<\/p>\t\t\t\t\t\t\t\t<\/div>\n\t\t\t\t<\/div>\n\t\t\t\t\t<\/div>\n\t\t\t\t<\/div>\n\t\t<div class=\"elementor-element elementor-element-2a8a2ec0 e-flex e-con-boxed e-con e-child\" data-id=\"2a8a2ec0\" data-element_type=\"container\" data-e-type=\"container\">\n\t\t\t\t\t<div class=\"e-con-inner\">\n\t\t\t\t<div class=\"elementor-element elementor-element-2c83fc1 elementor-widget elementor-widget-image\" data-id=\"2c83fc1\" data-element_type=\"widget\" data-e-type=\"widget\" data-widget_type=\"image.default\">\n\t\t\t\t<div class=\"elementor-widget-container\">\n\t\t\t\t\t\t\t\t\t\t\t\t\t\t\t<img loading=\"lazy\" decoding=\"async\" width=\"1920\" height=\"1280\" src=\"https:\/\/select-agency.world\/wp-content\/uploads\/2025\/02\/winery.webp\" class=\"attachment-full size-full wp-image-22847\" alt=\"Wineyard in Mallorca.\" srcset=\"https:\/\/select-agency.world\/wp-content\/uploads\/2025\/02\/winery.webp 1920w, https:\/\/select-agency.world\/wp-content\/uploads\/2025\/02\/winery-300x200.webp 300w, https:\/\/select-agency.world\/wp-content\/uploads\/2025\/02\/winery-1024x683.webp 1024w, https:\/\/select-agency.world\/wp-content\/uploads\/2025\/02\/winery-768x512.webp 768w, https:\/\/select-agency.world\/wp-content\/uploads\/2025\/02\/winery-1536x1024.webp 1536w, https:\/\/select-agency.world\/wp-content\/uploads\/2025\/02\/winery-18x12.webp 18w, https:\/\/select-agency.world\/wp-content\/uploads\/2025\/02\/winery-900x600.webp 900w, https:\/\/select-agency.world\/wp-content\/uploads\/2025\/02\/winery-496x331.webp 496w\" sizes=\"auto, (max-width: 1920px) 100vw, 1920px\" \/>\t\t\t\t\t\t\t\t\t\t\t\t\t\t\t<\/div>\n\t\t\t\t<\/div>\n\t\t\t\t<div class=\"elementor-element elementor-element-a4fc6d4 animated-fast elementor-invisible elementor-widget elementor-widget-heading\" data-id=\"a4fc6d4\" data-element_type=\"widget\" data-e-type=\"widget\" data-settings=\"{&quot;_animation&quot;:&quot;fadeInUp&quot;}\" data-widget_type=\"heading.default\">\n\t\t\t\t<div class=\"elementor-widget-container\">\n\t\t\t\t\t<h2 class=\"elementor-heading-title elementor-size-default\">Restaurant- und Weingut-Touren<\/h2>\t\t\t\t<\/div>\n\t\t\t\t<\/div>\n\t\t\t\t<div class=\"elementor-element elementor-element-e2d1516 elementor-widget__width-initial elementor-widget elementor-widget-text-editor\" data-id=\"e2d1516\" data-element_type=\"widget\" data-e-type=\"widget\" data-widget_type=\"text-editor.default\">\n\t\t\t\t<div class=\"elementor-widget-container\">\n\t\t\t\t\t\t\t\t\t<p>Kombinieren Sie Luxus und Abenteuer mit einem privaten Hubschrauberflug, der Sie \u00fcber die L\u00fcfte hinausf\u00fchrt. Fliegen Sie \u00fcber die atemberaubenden Landschaften Mallorcas, bevor Sie auf einem exklusiven Weingut f\u00fcr eine gef\u00fchrte Weinprobe oder einem Boutique-Hotel f\u00fcr ein Gourmet- Erlebnis landen. Ob Sie feine Weine verkosten, ein vom Chefkoch zubereitetes Essen genie\u00dfen oder den Nervenkitzel des Fluges genie\u00dfen, jeder Moment sorgt f\u00fcr unvergessliche Erinnerungen.<\/p>\t\t\t\t\t\t\t\t<\/div>\n\t\t\t\t<\/div>\n\t\t\t\t\t<\/div>\n\t\t\t\t<\/div>\n\t\t<div class=\"elementor-element elementor-element-62094ee6 e-con-full e-flex e-con e-child\" data-id=\"62094ee6\" data-element_type=\"container\" data-e-type=\"container\">\n\t\t\t\t<div class=\"elementor-element elementor-element-d00f617 elementor-widget elementor-widget-image\" data-id=\"d00f617\" data-element_type=\"widget\" data-e-type=\"widget\" data-widget_type=\"image.default\">\n\t\t\t\t<div class=\"elementor-widget-container\">\n\t\t\t\t\t\t\t\t\t\t\t\t\t\t\t<img loading=\"lazy\" decoding=\"async\" width=\"1920\" height=\"1280\" src=\"https:\/\/select-agency.world\/wp-content\/uploads\/2025\/03\/helicopter-finca.webp\" class=\"attachment-full size-full wp-image-22883\" alt=\"Helicopter landing at private finca in Mallorca.\" srcset=\"https:\/\/select-agency.world\/wp-content\/uploads\/2025\/03\/helicopter-finca.webp 1920w, https:\/\/select-agency.world\/wp-content\/uploads\/2025\/03\/helicopter-finca-300x200.webp 300w, https:\/\/select-agency.world\/wp-content\/uploads\/2025\/03\/helicopter-finca-1024x683.webp 1024w, https:\/\/select-agency.world\/wp-content\/uploads\/2025\/03\/helicopter-finca-768x512.webp 768w, https:\/\/select-agency.world\/wp-content\/uploads\/2025\/03\/helicopter-finca-1536x1024.webp 1536w, https:\/\/select-agency.world\/wp-content\/uploads\/2025\/03\/helicopter-finca-18x12.webp 18w, https:\/\/select-agency.world\/wp-content\/uploads\/2025\/03\/helicopter-finca-900x600.webp 900w, https:\/\/select-agency.world\/wp-content\/uploads\/2025\/03\/helicopter-finca-496x331.webp 496w\" sizes=\"auto, (max-width: 1920px) 100vw, 1920px\" \/>\t\t\t\t\t\t\t\t\t\t\t\t\t\t\t<\/div>\n\t\t\t\t<\/div>\n\t\t\t\t<div class=\"elementor-element elementor-element-d49ce18 animated-fast elementor-invisible elementor-widget elementor-widget-heading\" data-id=\"d49ce18\" data-element_type=\"widget\" data-e-type=\"widget\" data-settings=\"{&quot;_animation&quot;:&quot;fadeInUp&quot;}\" data-widget_type=\"heading.default\">\n\t\t\t\t<div class=\"elementor-widget-container\">\n\t\t\t\t\t<h2 class=\"elementor-heading-title elementor-size-default\">Hubschrauber-Transfers<\/h2>\t\t\t\t<\/div>\n\t\t\t\t<\/div>\n\t\t\t\t<div class=\"elementor-element elementor-element-1281fa7 elementor-widget__width-initial elementor-widget elementor-widget-text-editor\" data-id=\"1281fa7\" data-element_type=\"widget\" data-e-type=\"widget\" data-widget_type=\"text-editor.default\">\n\t\t\t\t<div class=\"elementor-widget-container\">\n\t\t\t\t\t\t\t\t\t<p>Vergessen Sie die F\u00e4hre und fliegen Sie mit einem privaten Hubschraubertransfer zwischen den Balearen oder an die S\u00fcdk\u00fcste Spaniens. Reisen Sie schnell und bequem zwischen Mallorca, Ibiza, Menorca und Formentera oder erreichen Sie m\u00fchelos exklusive Ziele wie Marbella. Genie\u00dfen Sie atemberaubende Aussichten aus der Luft, w\u00e4hrend Sie \u00fcber t\u00fcrkisblaues Wasser und zerkl\u00fcftete K\u00fcsten gleiten und stilvoll an Ihrem Ziel ankommen. Schnell, nahtlos und unvergesslich - Ihre individuelle Flugreise beginnt in dem Moment, in dem Sie abheben.<\/p>\t\t\t\t\t\t\t\t<\/div>\n\t\t\t\t<\/div>\n\t\t\t\t<\/div>\n\t\t\t\t\t<\/div>\n\t\t\t\t<\/div>\n\t\t\t\t<\/div>","protected":false},"excerpt":{"rendered":"<p>Helicopter Charter Private helicopter flights Take your Mallorca experience to new heights with a private helicopter charter, offering breathtaking views and unforgettable moments. Whether you crave panoramic coastal landscapes, the rugged beauty of the Tramuntana mountains, or a bird\u2019s-eye view of the island\u2019s charming villages, tailored helicopter flights let you explore Mallorca like never before. [&hellip;]<\/p>\n","protected":false},"author":1,"featured_media":22884,"parent":22312,"menu_order":0,"comment_status":"closed","ping_status":"closed","template":"template\/template-homepage.php","meta":{"footnotes":""},"class_list":["post-22830","page","type-page","status-publish","has-post-thumbnail","hentry"],"aioseo_notices":[],"_links":{"self":[{"href":"https:\/\/select-agency.world\/de\/wp-json\/wp\/v2\/pages\/22830","targetHints":{"allow":["GET"]}}],"collection":[{"href":"https:\/\/select-agency.world\/de\/wp-json\/wp\/v2\/pages"}],"about":[{"href":"https:\/\/select-agency.world\/de\/wp-json\/wp\/v2\/types\/page"}],"author":[{"embeddable":true,"href":"https:\/\/select-agency.world\/de\/wp-json\/wp\/v2\/users\/1"}],"replies":[{"embeddable":true,"href":"https:\/\/select-agency.world\/de\/wp-json\/wp\/v2\/comments?post=22830"}],"version-history":[{"count":0,"href":"https:\/\/select-agency.world\/de\/wp-json\/wp\/v2\/pages\/22830\/revisions"}],"up":[{"embeddable":true,"href":"https:\/\/select-agency.world\/de\/wp-json\/wp\/v2\/pages\/22312"}],"wp:featuredmedia":[{"embeddable":true,"href":"https:\/\/select-agency.world\/de\/wp-json\/wp\/v2\/media\/22884"}],"wp:attachment":[{"href":"https:\/\/select-agency.world\/de\/wp-json\/wp\/v2\/media?parent=22830"}],"curies":[{"name":"wp","href":"https:\/\/api.w.org\/{rel}","templated":true}]}}