{"id":22988,"date":"2025-03-10T11:02:13","date_gmt":"2025-03-10T10:02:13","guid":{"rendered":"https:\/\/select-agency.world\/?page_id=22988"},"modified":"2026-03-31T12:31:50","modified_gmt":"2026-03-31T11:31:50","slug":"wellness","status":"publish","type":"page","link":"https:\/\/select-agency.world\/de\/experiences\/wellness\/","title":{"rendered":"Wellness"},"content":{"rendered":"<div data-elementor-type=\"wp-page\" data-elementor-id=\"22988\" class=\"elementor elementor-22988\">\n\t\t\t\t<div class=\"elementor-element elementor-element-63f3edc animated-slow e-flex e-con-boxed elementor-invisible e-con e-parent\" data-id=\"63f3edc\" data-element_type=\"container\" data-e-type=\"container\" data-settings=\"{&quot;background_background&quot;:&quot;classic&quot;,&quot;animation&quot;:&quot;fadeIn&quot;}\">\n\t\t\t\t\t<div class=\"e-con-inner\">\n\t\t<div class=\"elementor-element elementor-element-6c75f46 e-con-full e-flex e-con e-child\" data-id=\"6c75f46\" data-element_type=\"container\" data-e-type=\"container\">\n\t\t\t\t<div class=\"elementor-element elementor-element-5b46e64 elementor-invisible elementor-widget elementor-widget-heading\" data-id=\"5b46e64\" data-element_type=\"widget\" data-e-type=\"widget\" data-settings=\"{&quot;_animation&quot;:&quot;fadeInDown&quot;}\" data-widget_type=\"heading.default\">\n\t\t\t\t<div class=\"elementor-widget-container\">\n\t\t\t\t\t<h1 class=\"elementor-heading-title elementor-size-default\">Wellness<\/h1>\t\t\t\t<\/div>\n\t\t\t\t<\/div>\n\t\t\t\t<\/div>\n\t\t\t\t\t<\/div>\n\t\t\t\t<\/div>\n\t\t<div class=\"elementor-element elementor-element-8f2b888 e-flex e-con-boxed elementor-invisible e-con e-parent\" data-id=\"8f2b888\" data-element_type=\"container\" data-e-type=\"container\" data-settings=\"{&quot;background_background&quot;:&quot;gradient&quot;,&quot;animation&quot;:&quot;fadeIn&quot;}\">\n\t\t\t\t\t<div class=\"e-con-inner\">\n\t\t<div class=\"elementor-element elementor-element-f73284f e-con-full e-flex e-con e-child\" data-id=\"f73284f\" data-element_type=\"container\" data-e-type=\"container\">\n\t\t<div class=\"elementor-element elementor-element-a2054bf e-con-full e-flex e-con e-child\" data-id=\"a2054bf\" data-element_type=\"container\" data-e-type=\"container\">\n\t\t<div class=\"elementor-element elementor-element-aa84df8 e-con-full e-flex e-con e-child\" data-id=\"aa84df8\" data-element_type=\"container\" data-e-type=\"container\">\n\t\t\t\t<div class=\"elementor-element elementor-element-fde5d54 elementor-widget elementor-widget-image\" data-id=\"fde5d54\" data-element_type=\"widget\" data-e-type=\"widget\" data-widget_type=\"image.default\">\n\t\t\t\t<div class=\"elementor-widget-container\">\n\t\t\t\t\t\t\t\t\t\t\t\t\t\t\t<img loading=\"lazy\" decoding=\"async\" width=\"1024\" height=\"683\" src=\"https:\/\/select-agency.world\/wp-content\/uploads\/2025\/03\/wellness-massage-1024x683.webp\" class=\"attachment-large size-large wp-image-22993\" alt=\"Wellness massage with oil.\" srcset=\"https:\/\/select-agency.world\/wp-content\/uploads\/2025\/03\/wellness-massage-1024x683.webp 1024w, https:\/\/select-agency.world\/wp-content\/uploads\/2025\/03\/wellness-massage-300x200.webp 300w, https:\/\/select-agency.world\/wp-content\/uploads\/2025\/03\/wellness-massage-768x512.webp 768w, https:\/\/select-agency.world\/wp-content\/uploads\/2025\/03\/wellness-massage-1536x1024.webp 1536w, https:\/\/select-agency.world\/wp-content\/uploads\/2025\/03\/wellness-massage-18x12.webp 18w, https:\/\/select-agency.world\/wp-content\/uploads\/2025\/03\/wellness-massage-900x600.webp 900w, https:\/\/select-agency.world\/wp-content\/uploads\/2025\/03\/wellness-massage-496x331.webp 496w, https:\/\/select-agency.world\/wp-content\/uploads\/2025\/03\/wellness-massage.webp 1920w\" sizes=\"auto, (max-width: 1024px) 100vw, 1024px\" \/>\t\t\t\t\t\t\t\t\t\t\t\t\t\t\t<\/div>\n\t\t\t\t<\/div>\n\t\t\t\t<\/div>\n\t\t<div class=\"elementor-element elementor-element-cb91d15 e-con-full e-flex e-con e-child\" data-id=\"cb91d15\" data-element_type=\"container\" data-e-type=\"container\">\n\t\t\t\t<div class=\"elementor-element elementor-element-deb60b1 elementor-invisible elementor-widget elementor-widget-heading\" data-id=\"deb60b1\" data-element_type=\"widget\" data-e-type=\"widget\" data-settings=\"{&quot;_animation&quot;:&quot;fadeInRight&quot;}\" data-widget_type=\"heading.default\">\n\t\t\t\t<div class=\"elementor-widget-container\">\n\t\t\t\t\t<h2 class=\"elementor-heading-title elementor-size-default\">Wellness auf dem Meer &amp; an Land<\/h2>\t\t\t\t<\/div>\n\t\t\t\t<\/div>\n\t\t\t\t<div class=\"elementor-element elementor-element-dcf6e15 elementor-invisible elementor-widget elementor-widget-text-editor\" data-id=\"dcf6e15\" data-element_type=\"widget\" data-e-type=\"widget\" data-settings=\"{&quot;_animation&quot;:&quot;fadeInRight&quot;}\" data-widget_type=\"text-editor.default\">\n\t\t\t\t<div class=\"elementor-widget-container\">\n\t\t\t\t\t\t\t\t\t<p>Entspannen, erholen und regenerieren Sie sich mit einer Auswahl an erstklassigen Wellness-Behandlungen, die Sie bequem in Ihrer <strong><a href=\"https:\/\/select-agency.world\/de\/real-estate\/real-estate-rental\/\" target=\"_blank\" rel=\"noopener\">Ferienvilla<\/a><\/strong> oder an Bord Ihrer <a href=\"https:\/\/select-agency.world\/de\/yachting\/charter-yachts\/\" target=\"_blank\" rel=\"noopener\"><strong>privaten Yacht<\/strong><\/a>genie\u00dfen k\u00f6nnen. Ganz gleich, ob Sie tiefe Entspannung, therapeutische Erholung oder ganzheitliches Gleichgewicht suchen, erfahrene Spezialisten bringen ma\u00dfgeschneiderte Behandlungen direkt zu Ihnen. Lassen Sie die Ruhe zu sich kommen - buchen Sie Ihr Wellness-Erlebnis noch heute.<\/p>\t\t\t\t\t\t\t\t<\/div>\n\t\t\t\t<\/div>\n\t\t\t\t<div class=\"elementor-element elementor-element-8a36a07 elementor-mobile-align-center elementor-invisible elementor-widget elementor-widget-button\" data-id=\"8a36a07\" data-element_type=\"widget\" data-e-type=\"widget\" data-settings=\"{&quot;_animation&quot;:&quot;fadeIn&quot;}\" data-widget_type=\"button.default\">\n\t\t\t\t<div class=\"elementor-widget-container\">\n\t\t\t\t\t\t\t\t\t<div class=\"elementor-button-wrapper\">\n\t\t\t\t\t<a class=\"elementor-button elementor-button-link elementor-size-sm elementor-animation-grow\" href=\"#popmake-27596\">\n\t\t\t\t\t\t<span class=\"elementor-button-content-wrapper\">\n\t\t\t\t\t\t\t\t\t<span class=\"elementor-button-text\">Entspannen und Wohlf\u00fchlen<\/span>\n\t\t\t\t\t<\/span>\n\t\t\t\t\t<\/a>\n\t\t\t\t<\/div>\n\t\t\t\t\t\t\t\t<\/div>\n\t\t\t\t<\/div>\n\t\t\t\t<\/div>\n\t\t\t\t<\/div>\n\t\t\t\t<\/div>\n\t\t\t\t\t<\/div>\n\t\t\t\t<\/div>\n\t\t<div class=\"elementor-element elementor-element-56abda5 e-flex e-con-boxed e-con e-parent\" data-id=\"56abda5\" data-element_type=\"container\" data-e-type=\"container\" data-settings=\"{&quot;background_background&quot;:&quot;classic&quot;}\">\n\t\t\t\t\t<div class=\"e-con-inner\">\n\t\t\t\t<div class=\"elementor-element elementor-element-b096f9d elementor-widget elementor-widget-spacer\" data-id=\"b096f9d\" data-element_type=\"widget\" data-e-type=\"widget\" data-widget_type=\"spacer.default\">\n\t\t\t\t<div class=\"elementor-widget-container\">\n\t\t\t\t\t\t\t<div class=\"elementor-spacer\">\n\t\t\t<div class=\"elementor-spacer-inner\"><\/div>\n\t\t<\/div>\n\t\t\t\t\t\t<\/div>\n\t\t\t\t<\/div>\n\t\t\t\t\t<\/div>\n\t\t\t\t<\/div>\n\t\t<div class=\"elementor-element elementor-element-d485328 e-flex e-con-boxed e-con e-parent\" data-id=\"d485328\" data-element_type=\"container\" data-e-type=\"container\" data-settings=\"{&quot;background_background&quot;:&quot;classic&quot;}\">\n\t\t\t\t\t<div class=\"e-con-inner\">\n\t\t\t\t<div class=\"elementor-element elementor-element-66555ec elementor-widget__width-initial elementor-invisible elementor-widget elementor-widget-heading\" data-id=\"66555ec\" data-element_type=\"widget\" data-e-type=\"widget\" data-settings=\"{&quot;_animation&quot;:&quot;fadeInUp&quot;}\" data-widget_type=\"heading.default\">\n\t\t\t\t<div class=\"elementor-widget-container\">\n\t\t\t\t\t<h2 class=\"elementor-heading-title elementor-size-default\">Ganzheitliche Wellnessbehandlungen<\/h2>\t\t\t\t<\/div>\n\t\t\t\t<\/div>\n\t\t\t\t<div class=\"elementor-element elementor-element-477ae55 elementor-widget__width-initial elementor-invisible elementor-widget elementor-widget-text-editor\" data-id=\"477ae55\" data-element_type=\"widget\" data-e-type=\"widget\" data-settings=\"{&quot;_animation&quot;:&quot;fadeInUp&quot;}\" data-widget_type=\"text-editor.default\">\n\t\t\t\t<div class=\"elementor-widget-container\">\n\t\t\t\t\t\t\t\t\t<p>Erleben Sie ultimative Entspannung und Genesung mit einer Auswahl an Massagen, Ritualen und Akupunktur, die das Wohlbefinden von K\u00f6rper und Geist f\u00f6rdern. Die auf Ihre Bed\u00fcrfnisse zugeschnittenen Behandlungen bieten einen pers\u00f6nlichen Ansatz zur Wiederherstellung Ihres Gleichgewichts und zum Abbau von Stress, w\u00e4hrend Sie von der friedlichen Atmosph\u00e4re Ihrer Yacht oder Villa verw\u00f6hnt werden.<\/p>\t\t\t\t\t\t\t\t<\/div>\n\t\t\t\t<\/div>\n\t\t\t\t\t<\/div>\n\t\t\t\t<\/div>\n\t\t<div class=\"elementor-element elementor-element-f78f3b0 e-flex e-con-boxed elementor-invisible e-con e-parent\" data-id=\"f78f3b0\" data-element_type=\"container\" data-e-type=\"container\" data-settings=\"{&quot;background_background&quot;:&quot;classic&quot;,&quot;animation&quot;:&quot;fadeIn&quot;}\">\n\t\t\t\t\t<div class=\"e-con-inner\">\n\t\t<div class=\"elementor-element elementor-element-db5f009 e-flex e-con-boxed e-con e-child\" data-id=\"db5f009\" data-element_type=\"container\" data-e-type=\"container\">\n\t\t\t\t\t<div class=\"e-con-inner\">\n\t\t\t\t<div class=\"elementor-element elementor-element-3f71174 elementor-widget elementor-widget-image\" data-id=\"3f71174\" data-element_type=\"widget\" data-e-type=\"widget\" data-widget_type=\"image.default\">\n\t\t\t\t<div class=\"elementor-widget-container\">\n\t\t\t\t\t\t\t\t\t\t\t\t\t\t\t\t<a href=\"https:\/\/select-agency.world\/de\/charter-yachts\/\">\n\t\t\t\t\t\t\t<img decoding=\"async\" src=\"https:\/\/select-agency.world\/wp-content\/uploads\/2025\/03\/massage-592x444.webp\" title=\"massage\" alt=\"Wellness massage.\" loading=\"lazy\" \/>\t\t\t\t\t\t\t\t<\/a>\n\t\t\t\t\t\t\t\t\t\t\t\t\t\t\t<\/div>\n\t\t\t\t<\/div>\n\t\t\t\t<div class=\"elementor-element elementor-element-339bf64 animated-fast elementor-widget__width-initial elementor-invisible elementor-widget elementor-widget-heading\" data-id=\"339bf64\" data-element_type=\"widget\" data-e-type=\"widget\" data-settings=\"{&quot;_animation&quot;:&quot;fadeInUp&quot;}\" data-widget_type=\"heading.default\">\n\t\t\t\t<div class=\"elementor-widget-container\">\n\t\t\t\t\t<h3 class=\"elementor-heading-title elementor-size-default\">MASSAGEN<\/h3>\t\t\t\t<\/div>\n\t\t\t\t<\/div>\n\t\t\t\t<div class=\"elementor-element elementor-element-1f988a1 elementor-widget__width-initial elementor-widget elementor-widget-text-editor\" data-id=\"1f988a1\" data-element_type=\"widget\" data-e-type=\"widget\" data-widget_type=\"text-editor.default\">\n\t\t\t\t<div class=\"elementor-widget-container\">\n\t\t\t\t\t\t\t\t\t<p>Die Palette der Massagetechniken reicht von wohltuender schwedischer Entspannung \u00fcber Tiefengewebetherapie und Hot-Stone-Behandlungen bis hin zu speziellen Methoden wie Bambustherapie und Maderotherapie. Jede Sitzung ist darauf ausgerichtet, Verspannungen zu l\u00f6sen, die Durchblutung zu f\u00f6rdern und das allgemeine Wohlbefinden zu steigern.<\/p>\t\t\t\t\t\t\t\t<\/div>\n\t\t\t\t<\/div>\n\t\t\t\t\t<\/div>\n\t\t\t\t<\/div>\n\t\t<div class=\"elementor-element elementor-element-a682cd9 e-flex e-con-boxed e-con e-child\" data-id=\"a682cd9\" data-element_type=\"container\" data-e-type=\"container\">\n\t\t\t\t\t<div class=\"e-con-inner\">\n\t\t\t\t<div class=\"elementor-element elementor-element-f044ecc elementor-widget elementor-widget-image\" data-id=\"f044ecc\" data-element_type=\"widget\" data-e-type=\"widget\" data-widget_type=\"image.default\">\n\t\t\t\t<div class=\"elementor-widget-container\">\n\t\t\t\t\t\t\t\t\t\t\t\t\t\t\t\t<a href=\"https:\/\/select-agency.world\/de\/private-jet-charter\/\">\n\t\t\t\t\t\t\t<img decoding=\"async\" src=\"https:\/\/select-agency.world\/wp-content\/uploads\/2025\/03\/rituals-592x444.webp\" title=\"rituals\" alt=\"Wellness massage.\" loading=\"lazy\" \/>\t\t\t\t\t\t\t\t<\/a>\n\t\t\t\t\t\t\t\t\t\t\t\t\t\t\t<\/div>\n\t\t\t\t<\/div>\n\t\t\t\t<div class=\"elementor-element elementor-element-9ae3d19 animated-fast elementor-widget__width-initial elementor-invisible elementor-widget elementor-widget-heading\" data-id=\"9ae3d19\" data-element_type=\"widget\" data-e-type=\"widget\" data-settings=\"{&quot;_animation&quot;:&quot;fadeInUp&quot;}\" data-widget_type=\"heading.default\">\n\t\t\t\t<div class=\"elementor-widget-container\">\n\t\t\t\t\t<h2 class=\"elementor-heading-title elementor-size-default\">RITUALE<\/h2>\t\t\t\t<\/div>\n\t\t\t\t<\/div>\n\t\t\t\t<div class=\"elementor-element elementor-element-0a10f9d elementor-widget__width-initial elementor-widget elementor-widget-text-editor\" data-id=\"0a10f9d\" data-element_type=\"widget\" data-e-type=\"widget\" data-widget_type=\"text-editor.default\">\n\t\t\t\t<div class=\"elementor-widget-container\">\n\t\t\t\t\t\t\t\t\t<p>Rituale vereinen verschiedene Wellness-Techniken zu einem einzigen, umfassenden Erlebnis. Ob es sich um eine Energieausgleichssitzung mit Akupunktur und Reiki, eine beruhigende Lavendelbehandlung oder eine Modellier- und Lifting-Therapie handelt, jedes Ritual ist f\u00fcr tiefe Entspannung und Erneuerung konzipiert.<\/p>\t\t\t\t\t\t\t\t<\/div>\n\t\t\t\t<\/div>\n\t\t\t\t\t<\/div>\n\t\t\t\t<\/div>\n\t\t<div class=\"elementor-element elementor-element-7f32e4f e-flex e-con-boxed e-con e-child\" data-id=\"7f32e4f\" data-element_type=\"container\" data-e-type=\"container\">\n\t\t\t\t\t<div class=\"e-con-inner\">\n\t\t\t\t<div class=\"elementor-element elementor-element-5e70c4c elementor-widget elementor-widget-image\" data-id=\"5e70c4c\" data-element_type=\"widget\" data-e-type=\"widget\" data-widget_type=\"image.default\">\n\t\t\t\t<div class=\"elementor-widget-container\">\n\t\t\t\t\t\t\t\t\t\t\t\t\t\t\t\t<a href=\"https:\/\/select-agency.world\/de\/real-estate\/\">\n\t\t\t\t\t\t\t<img decoding=\"async\" src=\"https:\/\/select-agency.world\/wp-content\/uploads\/2025\/03\/acupuncture-592x444.webp\" title=\"acupuncture\" alt=\"Acupuncture needles.\" loading=\"lazy\" \/>\t\t\t\t\t\t\t\t<\/a>\n\t\t\t\t\t\t\t\t\t\t\t\t\t\t\t<\/div>\n\t\t\t\t<\/div>\n\t\t\t\t<div class=\"elementor-element elementor-element-7d26064 animated-fast elementor-widget__width-initial elementor-invisible elementor-widget elementor-widget-heading\" data-id=\"7d26064\" data-element_type=\"widget\" data-e-type=\"widget\" data-settings=\"{&quot;_animation&quot;:&quot;fadeInUp&quot;}\" data-widget_type=\"heading.default\">\n\t\t\t\t<div class=\"elementor-widget-container\">\n\t\t\t\t\t<h2 class=\"elementor-heading-title elementor-size-default\">AKUPUNKTUR<\/h2>\t\t\t\t<\/div>\n\t\t\t\t<\/div>\n\t\t\t\t<div class=\"elementor-element elementor-element-91b0814 elementor-widget__width-initial elementor-widget elementor-widget-text-editor\" data-id=\"91b0814\" data-element_type=\"widget\" data-e-type=\"widget\" data-widget_type=\"text-editor.default\">\n\t\t\t\t<div class=\"elementor-widget-container\">\n\t\t\t\t\t\t\t\t\t<p>Akupunktur stellt das Gleichgewicht wieder her und f\u00f6rdert die Heilung durch feine Nadeltechniken, Vakuum-Schr\u00f6pfen und Elektrotherapie. Diese Behandlungen helfen, Schmerzen zu lindern, Spannungen zu l\u00f6sen und die allgemeine Vitalit\u00e4t zu steigern.<\/p>\t\t\t\t\t\t\t\t<\/div>\n\t\t\t\t<\/div>\n\t\t\t\t\t<\/div>\n\t\t\t\t<\/div>\n\t\t\t\t\t<\/div>\n\t\t\t\t<\/div>\n\t\t\t\t<\/div>","protected":false},"excerpt":{"rendered":"<p>Wellness Wellness at Sea &amp; Villa Retreats Relax, restore, and rejuvenate with a selection of premium wellness treatments, available in the comfort of your villa or aboard your private yacht. Whether you seek deep relaxation, therapeutic relief, or holistic balance, experienced professionals will bring tailored treatments directly to you. Let tranquility come to you\u2014book your [&hellip;]<\/p>\n","protected":false},"author":1,"featured_media":22991,"parent":20082,"menu_order":0,"comment_status":"closed","ping_status":"closed","template":"template\/template-homepage.php","meta":{"footnotes":""},"class_list":["post-22988","page","type-page","status-publish","has-post-thumbnail","hentry"],"aioseo_notices":[],"_links":{"self":[{"href":"https:\/\/select-agency.world\/de\/wp-json\/wp\/v2\/pages\/22988","targetHints":{"allow":["GET"]}}],"collection":[{"href":"https:\/\/select-agency.world\/de\/wp-json\/wp\/v2\/pages"}],"about":[{"href":"https:\/\/select-agency.world\/de\/wp-json\/wp\/v2\/types\/page"}],"author":[{"embeddable":true,"href":"https:\/\/select-agency.world\/de\/wp-json\/wp\/v2\/users\/1"}],"replies":[{"embeddable":true,"href":"https:\/\/select-agency.world\/de\/wp-json\/wp\/v2\/comments?post=22988"}],"version-history":[{"count":0,"href":"https:\/\/select-agency.world\/de\/wp-json\/wp\/v2\/pages\/22988\/revisions"}],"up":[{"embeddable":true,"href":"https:\/\/select-agency.world\/de\/wp-json\/wp\/v2\/pages\/20082"}],"wp:featuredmedia":[{"embeddable":true,"href":"https:\/\/select-agency.world\/de\/wp-json\/wp\/v2\/media\/22991"}],"wp:attachment":[{"href":"https:\/\/select-agency.world\/de\/wp-json\/wp\/v2\/media?parent=22988"}],"curies":[{"name":"wp","href":"https:\/\/api.w.org\/{rel}","templated":true}]}}