{"id":23767,"date":"2025-03-26T15:31:34","date_gmt":"2025-03-26T14:31:34","guid":{"rendered":"https:\/\/select-agency.world\/?page_id=23767"},"modified":"2026-03-31T12:32:24","modified_gmt":"2026-03-31T11:32:24","slug":"private-chef-services","status":"publish","type":"page","link":"https:\/\/select-agency.world\/de\/experiences\/gourmet-experiences\/private-chef-services\/","title":{"rendered":"Privatkoch-Service"},"content":{"rendered":"<div data-elementor-type=\"wp-page\" data-elementor-id=\"23767\" class=\"elementor elementor-23767\">\n\t\t\t\t<div class=\"elementor-element elementor-element-6395f2e animated-slow e-flex e-con-boxed elementor-invisible e-con e-parent\" data-id=\"6395f2e\" data-element_type=\"container\" data-e-type=\"container\" data-settings=\"{&quot;background_background&quot;:&quot;classic&quot;,&quot;animation&quot;:&quot;fadeIn&quot;}\">\n\t\t\t\t\t<div class=\"e-con-inner\">\n\t\t<div class=\"elementor-element elementor-element-98e4146 e-con-full e-flex e-con e-child\" data-id=\"98e4146\" data-element_type=\"container\" data-e-type=\"container\">\n\t\t\t\t<div class=\"elementor-element elementor-element-03c051f elementor-invisible elementor-widget elementor-widget-heading\" data-id=\"03c051f\" data-element_type=\"widget\" data-e-type=\"widget\" data-settings=\"{&quot;_animation&quot;:&quot;fadeInDown&quot;}\" data-widget_type=\"heading.default\">\n\t\t\t\t<div class=\"elementor-widget-container\">\n\t\t\t\t\t<h1 class=\"elementor-heading-title elementor-size-default\">Privatkoch-Service<\/h1>\t\t\t\t<\/div>\n\t\t\t\t<\/div>\n\t\t\t\t<\/div>\n\t\t\t\t\t<\/div>\n\t\t\t\t<\/div>\n\t\t<div class=\"elementor-element elementor-element-0b01e4b e-flex e-con-boxed e-con e-parent\" data-id=\"0b01e4b\" data-element_type=\"container\" data-e-type=\"container\" data-settings=\"{&quot;background_background&quot;:&quot;classic&quot;}\">\n\t\t\t\t\t<div class=\"e-con-inner\">\n\t\t\t\t<div class=\"elementor-element elementor-element-66ecd76 elementor-widget elementor-widget-spacer\" data-id=\"66ecd76\" data-element_type=\"widget\" data-e-type=\"widget\" data-widget_type=\"spacer.default\">\n\t\t\t\t<div class=\"elementor-widget-container\">\n\t\t\t\t\t\t\t<div class=\"elementor-spacer\">\n\t\t\t<div class=\"elementor-spacer-inner\"><\/div>\n\t\t<\/div>\n\t\t\t\t\t\t<\/div>\n\t\t\t\t<\/div>\n\t\t\t\t\t<\/div>\n\t\t\t\t<\/div>\n\t\t<div class=\"elementor-element elementor-element-63e58f0 e-flex e-con-boxed e-con e-parent\" data-id=\"63e58f0\" data-element_type=\"container\" data-e-type=\"container\" data-settings=\"{&quot;background_background&quot;:&quot;classic&quot;}\">\n\t\t\t\t\t<div class=\"e-con-inner\">\n\t\t<div class=\"elementor-element elementor-element-9809921 e-con-full e-flex e-con e-child\" data-id=\"9809921\" data-element_type=\"container\" data-e-type=\"container\">\n\t\t\t\t<div class=\"elementor-element elementor-element-77748ce elementor-invisible elementor-widget elementor-widget-heading\" data-id=\"77748ce\" data-element_type=\"widget\" data-e-type=\"widget\" data-settings=\"{&quot;_animation&quot;:&quot;fadeInLeft&quot;}\" data-widget_type=\"heading.default\">\n\t\t\t\t<div class=\"elementor-widget-container\">\n\t\t\t\t\t<h2 class=\"elementor-heading-title elementor-size-default\">Privates Fine Dining \u2013 von der Villa bis aufs Meer<\/h2>\t\t\t\t<\/div>\n\t\t\t\t<\/div>\n\t\t\t\t<div class=\"elementor-element elementor-element-6ae15fb6 elementor-invisible elementor-widget elementor-widget-text-editor\" data-id=\"6ae15fb6\" data-element_type=\"widget\" data-e-type=\"widget\" data-settings=\"{&quot;_animation&quot;:&quot;fadeInLeft&quot;}\" data-widget_type=\"text-editor.default\">\n\t\t\t\t<div class=\"elementor-widget-container\">\n\t\t\t\t\t\t\t\t\t<p class=\"p1\">Genie\u00dfen Sie kulinarische Erlebnisse auf h\u00f6chstem Niveau \u2013 ganz privat, in Ihrer Villa, an Bord Ihrer <strong><a href=\"https:\/\/select-agency.world\/de\/yachting\/charter-yachts\/\" target=\"_blank\" rel=\"noopener\">privaten Yacht<\/a><\/strong>&nbsp;oder bei einem besonderen Anlass.<\/p><p class=\"p1\">Wir arbeiten mit ausgew\u00e4hlten Privatk\u00f6chen zusammen, die ma\u00dfgeschneiderte Men\u00fcs kreieren und dabei mediterrane Leichtigkeit mit weltweiten Einfl\u00fcssen verbinden. Verarbeitet werden ausschlie\u00dflich frische, sorgf\u00e4ltig ausgew\u00e4hlte Zutaten aus <strong><a href=\"https:\/\/select-agency.world\/de\/yachting\/balearic-islands\/mallorca\/\" target=\"_blank\" rel=\"noopener\">Mallorca<\/a><\/strong>.<\/p><p class=\"p1\">Einkauf, Zubereitung, Service und Reinigung: alles wird \u00fcbernommen, sodass Sie sich ganz entspannt zur\u00fccklehnen und den Moment genie\u00dfen k\u00f6nnen \u2013 ob beim Brunch, einem mehrg\u00e4ngiges Dinner oder eines l\u00e4ngeren Aufenthalts.<\/p>\t\t\t\t\t\t\t\t<\/div>\n\t\t\t\t<\/div>\n\t\t\t\t<div class=\"elementor-element elementor-element-58cec9e elementor-mobile-align-center elementor-invisible elementor-widget elementor-widget-button\" data-id=\"58cec9e\" data-element_type=\"widget\" data-e-type=\"widget\" data-settings=\"{&quot;_animation&quot;:&quot;fadeIn&quot;}\" data-widget_type=\"button.default\">\n\t\t\t\t<div class=\"elementor-widget-container\">\n\t\t\t\t\t\t\t\t\t<div class=\"elementor-button-wrapper\">\n\t\t\t\t\t<a class=\"elementor-button elementor-button-link elementor-size-sm elementor-animation-grow\" href=\"#popmake-27596\">\n\t\t\t\t\t\t<span class=\"elementor-button-content-wrapper\">\n\t\t\t\t\t\t\t\t\t<span class=\"elementor-button-text\">Ihr Tisch ist gedeckt<\/span>\n\t\t\t\t\t<\/span>\n\t\t\t\t\t<\/a>\n\t\t\t\t<\/div>\n\t\t\t\t\t\t\t\t<\/div>\n\t\t\t\t<\/div>\n\t\t\t\t<\/div>\n\t\t<div class=\"elementor-element elementor-element-cd9ba8f e-con-full e-flex e-con e-child\" data-id=\"cd9ba8f\" data-element_type=\"container\" data-e-type=\"container\">\n\t\t\t\t<div class=\"elementor-element elementor-element-449c7107 elementor-invisible elementor-widget elementor-widget-image\" data-id=\"449c7107\" data-element_type=\"widget\" data-e-type=\"widget\" data-settings=\"{&quot;_animation&quot;:&quot;fadeInRight&quot;}\" data-widget_type=\"image.default\">\n\t\t\t\t<div class=\"elementor-widget-container\">\n\t\t\t\t\t\t\t\t\t\t\t\t\t\t\t<img loading=\"lazy\" decoding=\"async\" width=\"1920\" height=\"1280\" src=\"https:\/\/select-agency.world\/wp-content\/uploads\/2025\/04\/dishes-private-chef-mallorca.webp\" class=\"attachment-full size-full wp-image-23921\" alt=\"Dishes by private chef in Mallorca.\" srcset=\"https:\/\/select-agency.world\/wp-content\/uploads\/2025\/04\/dishes-private-chef-mallorca.webp 1920w, https:\/\/select-agency.world\/wp-content\/uploads\/2025\/04\/dishes-private-chef-mallorca-300x200.webp 300w, https:\/\/select-agency.world\/wp-content\/uploads\/2025\/04\/dishes-private-chef-mallorca-1024x683.webp 1024w, https:\/\/select-agency.world\/wp-content\/uploads\/2025\/04\/dishes-private-chef-mallorca-768x512.webp 768w, https:\/\/select-agency.world\/wp-content\/uploads\/2025\/04\/dishes-private-chef-mallorca-1536x1024.webp 1536w, https:\/\/select-agency.world\/wp-content\/uploads\/2025\/04\/dishes-private-chef-mallorca-18x12.webp 18w, https:\/\/select-agency.world\/wp-content\/uploads\/2025\/04\/dishes-private-chef-mallorca-900x600.webp 900w, https:\/\/select-agency.world\/wp-content\/uploads\/2025\/04\/dishes-private-chef-mallorca-496x331.webp 496w\" sizes=\"auto, (max-width: 1920px) 100vw, 1920px\" \/>\t\t\t\t\t\t\t\t\t\t\t\t\t\t\t<\/div>\n\t\t\t\t<\/div>\n\t\t\t\t<\/div>\n\t\t\t\t\t<\/div>\n\t\t\t\t<\/div>\n\t\t<div class=\"elementor-element elementor-element-452b3d83 e-flex e-con-boxed elementor-invisible e-con e-parent\" data-id=\"452b3d83\" data-element_type=\"container\" data-e-type=\"container\" data-settings=\"{&quot;background_background&quot;:&quot;classic&quot;,&quot;animation&quot;:&quot;fadeIn&quot;}\">\n\t\t\t\t\t<div class=\"e-con-inner\">\n\t\t<div class=\"elementor-element elementor-element-3175a77d e-flex e-con-boxed e-con e-child\" data-id=\"3175a77d\" data-element_type=\"container\" data-e-type=\"container\">\n\t\t\t\t\t<div class=\"e-con-inner\">\n\t\t\t\t<div class=\"elementor-element elementor-element-28e224a3 elementor-widget elementor-widget-image\" data-id=\"28e224a3\" data-element_type=\"widget\" data-e-type=\"widget\" data-widget_type=\"image.default\">\n\t\t\t\t<div class=\"elementor-widget-container\">\n\t\t\t\t\t\t\t\t\t\t\t\t\t\t\t<img loading=\"lazy\" decoding=\"async\" width=\"1920\" height=\"1280\" src=\"https:\/\/select-agency.world\/wp-content\/uploads\/2025\/04\/dish-private-chef.webp\" class=\"attachment-full size-full wp-image-23919\" alt=\"Dish by private chef in Mallorca.\" srcset=\"https:\/\/select-agency.world\/wp-content\/uploads\/2025\/04\/dish-private-chef.webp 1920w, https:\/\/select-agency.world\/wp-content\/uploads\/2025\/04\/dish-private-chef-300x200.webp 300w, https:\/\/select-agency.world\/wp-content\/uploads\/2025\/04\/dish-private-chef-1024x683.webp 1024w, https:\/\/select-agency.world\/wp-content\/uploads\/2025\/04\/dish-private-chef-768x512.webp 768w, https:\/\/select-agency.world\/wp-content\/uploads\/2025\/04\/dish-private-chef-1536x1024.webp 1536w, https:\/\/select-agency.world\/wp-content\/uploads\/2025\/04\/dish-private-chef-18x12.webp 18w, https:\/\/select-agency.world\/wp-content\/uploads\/2025\/04\/dish-private-chef-900x600.webp 900w, https:\/\/select-agency.world\/wp-content\/uploads\/2025\/04\/dish-private-chef-496x331.webp 496w\" sizes=\"auto, (max-width: 1920px) 100vw, 1920px\" \/>\t\t\t\t\t\t\t\t\t\t\t\t\t\t\t<\/div>\n\t\t\t\t<\/div>\n\t\t\t\t<div class=\"elementor-element elementor-element-e01a89e animated-fast elementor-invisible elementor-widget elementor-widget-heading\" data-id=\"e01a89e\" data-element_type=\"widget\" data-e-type=\"widget\" data-settings=\"{&quot;_animation&quot;:&quot;fadeInUp&quot;}\" data-widget_type=\"heading.default\">\n\t\t\t\t<div class=\"elementor-widget-container\">\n\t\t\t\t\t<h2 class=\"elementor-heading-title elementor-size-default\">Villa Service<\/h2>\t\t\t\t<\/div>\n\t\t\t\t<\/div>\n\t\t\t\t<div class=\"elementor-element elementor-element-72cd002 elementor-widget__width-initial elementor-widget elementor-widget-text-editor\" data-id=\"72cd002\" data-element_type=\"widget\" data-e-type=\"widget\" data-widget_type=\"text-editor.default\">\n\t\t\t\t<div class=\"elementor-widget-container\">\n\t\t\t\t\t\t\t\t\t<p>Ein privater Koch in Ihrer Ferienvilla bringt den Geschmack Mallorcas direkt auf den Teller. Ob Fr\u00fchst\u00fcck, Lunch oder Dinner \u2013 jedes Men\u00fc wird individuell an Ihre Vorlieben und Ern\u00e4hrungsw\u00fcnsche angepasst. Vom Einkauf \u00fcber die Zubereitung bis hin zum Servieren und Aufr\u00e4umen wird alles \u00fcbernommen, damit Sie sich ganz auf Ihren Urlaub konzentrieren k\u00f6nnen. Der K\u00fchlschrank kann auch vor der Ankunft gef\u00fcllt werden, von eiskaltem Ros\u00e9 bis hin zu Bio-Inselprodukten.<\/p>\t\t\t\t\t\t\t\t<\/div>\n\t\t\t\t<\/div>\n\t\t\t\t\t<\/div>\n\t\t\t\t<\/div>\n\t\t<div class=\"elementor-element elementor-element-2a8a2ec0 e-flex e-con-boxed e-con e-child\" data-id=\"2a8a2ec0\" data-element_type=\"container\" data-e-type=\"container\">\n\t\t\t\t\t<div class=\"e-con-inner\">\n\t\t\t\t<div class=\"elementor-element elementor-element-2c83fc1 elementor-widget elementor-widget-image\" data-id=\"2c83fc1\" data-element_type=\"widget\" data-e-type=\"widget\" data-widget_type=\"image.default\">\n\t\t\t\t<div class=\"elementor-widget-container\">\n\t\t\t\t\t\t\t\t\t\t\t\t\t\t\t<img loading=\"lazy\" decoding=\"async\" width=\"1920\" height=\"1280\" src=\"https:\/\/select-agency.world\/wp-content\/uploads\/2025\/03\/private-chef-dessert.webp\" class=\"attachment-full size-full wp-image-23769\" alt=\"Sharing mouthwatering desert.\" srcset=\"https:\/\/select-agency.world\/wp-content\/uploads\/2025\/03\/private-chef-dessert.webp 1920w, https:\/\/select-agency.world\/wp-content\/uploads\/2025\/03\/private-chef-dessert-300x200.webp 300w, https:\/\/select-agency.world\/wp-content\/uploads\/2025\/03\/private-chef-dessert-1024x683.webp 1024w, https:\/\/select-agency.world\/wp-content\/uploads\/2025\/03\/private-chef-dessert-768x512.webp 768w, https:\/\/select-agency.world\/wp-content\/uploads\/2025\/03\/private-chef-dessert-1536x1024.webp 1536w, https:\/\/select-agency.world\/wp-content\/uploads\/2025\/03\/private-chef-dessert-18x12.webp 18w, https:\/\/select-agency.world\/wp-content\/uploads\/2025\/03\/private-chef-dessert-900x600.webp 900w, https:\/\/select-agency.world\/wp-content\/uploads\/2025\/03\/private-chef-dessert-496x331.webp 496w\" sizes=\"auto, (max-width: 1920px) 100vw, 1920px\" \/>\t\t\t\t\t\t\t\t\t\t\t\t\t\t\t<\/div>\n\t\t\t\t<\/div>\n\t\t\t\t<div class=\"elementor-element elementor-element-a4fc6d4 animated-fast elementor-invisible elementor-widget elementor-widget-heading\" data-id=\"a4fc6d4\" data-element_type=\"widget\" data-e-type=\"widget\" data-settings=\"{&quot;_animation&quot;:&quot;fadeInUp&quot;}\" data-widget_type=\"heading.default\">\n\t\t\t\t<div class=\"elementor-widget-container\">\n\t\t\t\t\t<h2 class=\"elementor-heading-title elementor-size-default\">Yacht Service<\/h2>\t\t\t\t<\/div>\n\t\t\t\t<\/div>\n\t\t\t\t<div class=\"elementor-element elementor-element-e2d1516 elementor-widget__width-initial elementor-widget elementor-widget-text-editor\" data-id=\"e2d1516\" data-element_type=\"widget\" data-e-type=\"widget\" data-widget_type=\"text-editor.default\">\n\t\t\t\t<div class=\"elementor-widget-container\">\n\t\t\t\t\t\t\t\t\t<p>Kulinarik auf See \u2013 perfekt abgestimmt auf Ihr Charter-Erlebnis. Ob entspanntes Mittagessen vor Anker oder ein stilvolles Dinner bei Sonnenuntergang: Die Gerichte werden frisch an Bord zubereitet und mit Blick f\u00fcr Qualit\u00e4t und Pr\u00e4sentation serviert. Die K\u00f6che stimmen sich eng mit der Crew ab und bringen Fine Dining direkt auf Ihre Yacht.<\/p>\t\t\t\t\t\t\t\t<\/div>\n\t\t\t\t<\/div>\n\t\t\t\t\t<\/div>\n\t\t\t\t<\/div>\n\t\t<div class=\"elementor-element elementor-element-62094ee6 e-con-full e-flex e-con e-child\" data-id=\"62094ee6\" data-element_type=\"container\" data-e-type=\"container\">\n\t\t\t\t<div class=\"elementor-element elementor-element-d00f617 elementor-widget elementor-widget-image\" data-id=\"d00f617\" data-element_type=\"widget\" data-e-type=\"widget\" data-widget_type=\"image.default\">\n\t\t\t\t<div class=\"elementor-widget-container\">\n\t\t\t\t\t\t\t\t\t\t\t\t\t\t\t<img loading=\"lazy\" decoding=\"async\" width=\"1920\" height=\"1280\" src=\"https:\/\/select-agency.world\/wp-content\/uploads\/2025\/03\/private-chef-event.webp\" class=\"attachment-full size-full wp-image-23774\" alt=\"Decorated table at private event.\" srcset=\"https:\/\/select-agency.world\/wp-content\/uploads\/2025\/03\/private-chef-event.webp 1920w, https:\/\/select-agency.world\/wp-content\/uploads\/2025\/03\/private-chef-event-300x200.webp 300w, https:\/\/select-agency.world\/wp-content\/uploads\/2025\/03\/private-chef-event-1024x683.webp 1024w, https:\/\/select-agency.world\/wp-content\/uploads\/2025\/03\/private-chef-event-768x512.webp 768w, https:\/\/select-agency.world\/wp-content\/uploads\/2025\/03\/private-chef-event-1536x1024.webp 1536w, https:\/\/select-agency.world\/wp-content\/uploads\/2025\/03\/private-chef-event-18x12.webp 18w, https:\/\/select-agency.world\/wp-content\/uploads\/2025\/03\/private-chef-event-900x600.webp 900w, https:\/\/select-agency.world\/wp-content\/uploads\/2025\/03\/private-chef-event-496x331.webp 496w\" sizes=\"auto, (max-width: 1920px) 100vw, 1920px\" \/>\t\t\t\t\t\t\t\t\t\t\t\t\t\t\t<\/div>\n\t\t\t\t<\/div>\n\t\t\t\t<div class=\"elementor-element elementor-element-d49ce18 animated-fast elementor-invisible elementor-widget elementor-widget-heading\" data-id=\"d49ce18\" data-element_type=\"widget\" data-e-type=\"widget\" data-settings=\"{&quot;_animation&quot;:&quot;fadeInUp&quot;}\" data-widget_type=\"heading.default\">\n\t\t\t\t<div class=\"elementor-widget-container\">\n\t\t\t\t\t<h2 class=\"elementor-heading-title elementor-size-default\"> Events<\/h2>\t\t\t\t<\/div>\n\t\t\t\t<\/div>\n\t\t\t\t<div class=\"elementor-element elementor-element-1281fa7 elementor-widget__width-initial elementor-widget elementor-widget-text-editor\" data-id=\"1281fa7\" data-element_type=\"widget\" data-e-type=\"widget\" data-widget_type=\"text-editor.default\">\n\t\t\t\t<div class=\"elementor-widget-container\">\n\t\t\t\t\t\t\t\t\t<p>Ob stilvolle Gartenparty, Geburtstagsdinner oder Aperitif bei Sonnenuntergang \u2013 gemeinsam mit erfahrenen K\u00f6chen und Event-Partnern entstehen individuelle Erlebnisse, bei denen Geschmack und Atmosph\u00e4re im Mittelpunkt stehen. Men\u00fcs, Getr\u00e4nke und Service werden auf Ihre W\u00fcnsche und den Anlass abgestimmt \u2013 entspannt, elegant und bis ins Detail organisiert.<\/p>\t\t\t\t\t\t\t\t<\/div>\n\t\t\t\t<\/div>\n\t\t\t\t<\/div>\n\t\t\t\t\t<\/div>\n\t\t\t\t<\/div>\n\t\t\t\t<\/div>","protected":false},"excerpt":{"rendered":"<p>Private Chef Services Elevated Dining, From Villa to Sea Discover the art of exceptional dining in the comfort of your villa, on board your private yacht, or at your special event. We collaborate with trusted private chefs who create tailored culinary experiences that blend Mediterranean elegance with global inspiration \u2014 always using the freshest local [&hellip;]<\/p>\n","protected":false},"author":1,"featured_media":23770,"parent":22300,"menu_order":0,"comment_status":"closed","ping_status":"closed","template":"elementor_header_footer","meta":{"footnotes":""},"class_list":["post-23767","page","type-page","status-publish","has-post-thumbnail","hentry"],"aioseo_notices":[],"_links":{"self":[{"href":"https:\/\/select-agency.world\/de\/wp-json\/wp\/v2\/pages\/23767","targetHints":{"allow":["GET"]}}],"collection":[{"href":"https:\/\/select-agency.world\/de\/wp-json\/wp\/v2\/pages"}],"about":[{"href":"https:\/\/select-agency.world\/de\/wp-json\/wp\/v2\/types\/page"}],"author":[{"embeddable":true,"href":"https:\/\/select-agency.world\/de\/wp-json\/wp\/v2\/users\/1"}],"replies":[{"embeddable":true,"href":"https:\/\/select-agency.world\/de\/wp-json\/wp\/v2\/comments?post=23767"}],"version-history":[{"count":0,"href":"https:\/\/select-agency.world\/de\/wp-json\/wp\/v2\/pages\/23767\/revisions"}],"up":[{"embeddable":true,"href":"https:\/\/select-agency.world\/de\/wp-json\/wp\/v2\/pages\/22300"}],"wp:featuredmedia":[{"embeddable":true,"href":"https:\/\/select-agency.world\/de\/wp-json\/wp\/v2\/media\/23770"}],"wp:attachment":[{"href":"https:\/\/select-agency.world\/de\/wp-json\/wp\/v2\/media?parent=23767"}],"curies":[{"name":"wp","href":"https:\/\/api.w.org\/{rel}","templated":true}]}}