{"id":23930,"date":"2025-04-02T11:24:00","date_gmt":"2025-04-02T10:24:00","guid":{"rendered":"https:\/\/select-agency.world\/?page_id=23930"},"modified":"2026-03-31T12:32:19","modified_gmt":"2026-03-31T11:32:19","slug":"wine-tasting","status":"publish","type":"page","link":"https:\/\/select-agency.world\/de\/experiences\/gourmet-experiences\/wine-tasting\/","title":{"rendered":"Weinverkostung"},"content":{"rendered":"<div data-elementor-type=\"wp-page\" data-elementor-id=\"23930\" class=\"elementor elementor-23930\">\n\t\t\t\t<div class=\"elementor-element elementor-element-6395f2e animated-slow e-flex e-con-boxed elementor-invisible e-con e-parent\" data-id=\"6395f2e\" data-element_type=\"container\" data-e-type=\"container\" data-settings=\"{&quot;background_background&quot;:&quot;classic&quot;,&quot;animation&quot;:&quot;fadeIn&quot;}\">\n\t\t\t\t\t<div class=\"e-con-inner\">\n\t\t<div class=\"elementor-element elementor-element-98e4146 e-con-full e-flex e-con e-child\" data-id=\"98e4146\" data-element_type=\"container\" data-e-type=\"container\">\n\t\t\t\t<div class=\"elementor-element elementor-element-03c051f elementor-invisible elementor-widget elementor-widget-heading\" data-id=\"03c051f\" data-element_type=\"widget\" data-e-type=\"widget\" data-settings=\"{&quot;_animation&quot;:&quot;fadeInDown&quot;}\" data-widget_type=\"heading.default\">\n\t\t\t\t<div class=\"elementor-widget-container\">\n\t\t\t\t\t<h1 class=\"elementor-heading-title elementor-size-default\">Weinverkostung<\/h1>\t\t\t\t<\/div>\n\t\t\t\t<\/div>\n\t\t\t\t<\/div>\n\t\t\t\t\t<\/div>\n\t\t\t\t<\/div>\n\t\t<div class=\"elementor-element elementor-element-0b01e4b e-flex e-con-boxed e-con e-parent\" data-id=\"0b01e4b\" data-element_type=\"container\" data-e-type=\"container\" data-settings=\"{&quot;background_background&quot;:&quot;classic&quot;}\">\n\t\t\t\t\t<div class=\"e-con-inner\">\n\t\t\t\t<div class=\"elementor-element elementor-element-66ecd76 elementor-widget elementor-widget-spacer\" data-id=\"66ecd76\" data-element_type=\"widget\" data-e-type=\"widget\" data-widget_type=\"spacer.default\">\n\t\t\t\t<div class=\"elementor-widget-container\">\n\t\t\t\t\t\t\t<div class=\"elementor-spacer\">\n\t\t\t<div class=\"elementor-spacer-inner\"><\/div>\n\t\t<\/div>\n\t\t\t\t\t\t<\/div>\n\t\t\t\t<\/div>\n\t\t\t\t\t<\/div>\n\t\t\t\t<\/div>\n\t\t<div class=\"elementor-element elementor-element-63e58f0 e-flex e-con-boxed e-con e-parent\" data-id=\"63e58f0\" data-element_type=\"container\" data-e-type=\"container\" data-settings=\"{&quot;background_background&quot;:&quot;classic&quot;}\">\n\t\t\t\t\t<div class=\"e-con-inner\">\n\t\t<div class=\"elementor-element elementor-element-9809921 e-con-full e-flex e-con e-child\" data-id=\"9809921\" data-element_type=\"container\" data-e-type=\"container\">\n\t\t\t\t<div class=\"elementor-element elementor-element-77748ce elementor-invisible elementor-widget elementor-widget-heading\" data-id=\"77748ce\" data-element_type=\"widget\" data-e-type=\"widget\" data-settings=\"{&quot;_animation&quot;:&quot;fadeInLeft&quot;}\" data-widget_type=\"heading.default\">\n\t\t\t\t<div class=\"elementor-widget-container\">\n\t\t\t\t\t<h2 class=\"elementor-heading-title elementor-size-default\">DER GESCHMACK VON MALLORCA: PRIVATE WEINVERKOSTUNGEN IN DER VILLA ODER AUF SEE<\/h2>\t\t\t\t<\/div>\n\t\t\t\t<\/div>\n\t\t\t\t<div class=\"elementor-element elementor-element-6ae15fb6 elementor-invisible elementor-widget elementor-widget-text-editor\" data-id=\"6ae15fb6\" data-element_type=\"widget\" data-e-type=\"widget\" data-settings=\"{&quot;_animation&quot;:&quot;fadeInLeft&quot;}\" data-widget_type=\"text-editor.default\">\n\t\t\t\t<div class=\"elementor-widget-container\">\n\t\t\t\t\t\t\t\t\t<p class=\"p1\">Zur\u00fccklehnen, genie\u00dfen, den Moment auskosten. Eine private Weinverkostung ist die ideale M\u00f6glichkeit, Ihren Aufenthalt auf Mallorca zu bereichern \u2013 sei es als Highlight eines besonderen Anlasses oder einfach, um in guter Gesellschaft die sch\u00f6ne Umgebung zu genie\u00dfen. Dieses entspannte, pers\u00f6nliche Erlebnis dreht sich ganz um Genuss, Geselligkeit und das Entdecken neuer Lieblingsweine.<\/p><p class=\"p1\">Jede Verkostung wird individuell auf Ihren Geschmack abgestimmt \u2013 von mallorquinischen Weinen bis hin zu herausragenden Tropfen aus ganz Spanien und Europa. Alles wird zu Ihnen gebracht: die Weine, kleine lokale K\u00f6stlichkeiten und die Leidenschaft, sie mit Ihnen zu teilen \u2013 damit Sie sich ganz dem Moment hingeben k\u00f6nnen.<\/p><p class=\"p1\">Ob am Tisch Ihrer <strong><a href=\"https:\/\/select-agency.world\/de\/real-estate\/real-estate-rental\/\" target=\"_blank\" rel=\"noopener\">Ferienvilla<\/a><\/strong> oder an Bord Ihrer <strong><a href=\"https:\/\/select-agency.world\/de\/yachting\/charter-yachts\/\" target=\"_blank\" rel=\"noopener\">Yacht<\/a><\/strong> \u2013 dieser Moment geh\u00f6rt ganz Ihnen. Zeit zum Innehalten, Lachen und Genie\u00dfen. Es geht nicht darum, Fachbegriffe zu kennen \u2013 sondern darum, mit jedem Glas ein St\u00fcck mehr zu entdecken, was Ihnen wirklich schmeckt.<\/p>\t\t\t\t\t\t\t\t<\/div>\n\t\t\t\t<\/div>\n\t\t\t\t<div class=\"elementor-element elementor-element-58cec9e elementor-mobile-align-center elementor-invisible elementor-widget elementor-widget-button\" data-id=\"58cec9e\" data-element_type=\"widget\" data-e-type=\"widget\" data-settings=\"{&quot;_animation&quot;:&quot;fadeIn&quot;}\" data-widget_type=\"button.default\">\n\t\t\t\t<div class=\"elementor-widget-container\">\n\t\t\t\t\t\t\t\t\t<div class=\"elementor-button-wrapper\">\n\t\t\t\t\t<a class=\"elementor-button elementor-button-link elementor-size-sm elementor-animation-grow\" href=\"#popmake-27596\">\n\t\t\t\t\t\t<span class=\"elementor-button-content-wrapper\">\n\t\t\t\t\t\t\t\t\t<span class=\"elementor-button-text\">BEREIT F\u00dcR IHRE PERS\u00d6NLICHE WEINREISE?<\/span>\n\t\t\t\t\t<\/span>\n\t\t\t\t\t<\/a>\n\t\t\t\t<\/div>\n\t\t\t\t\t\t\t\t<\/div>\n\t\t\t\t<\/div>\n\t\t\t\t<\/div>\n\t\t<div class=\"elementor-element elementor-element-cd9ba8f e-con-full e-flex e-con e-child\" data-id=\"cd9ba8f\" data-element_type=\"container\" data-e-type=\"container\">\n\t\t\t\t<div class=\"elementor-element elementor-element-449c7107 elementor-invisible elementor-widget elementor-widget-image\" data-id=\"449c7107\" data-element_type=\"widget\" data-e-type=\"widget\" data-settings=\"{&quot;_animation&quot;:&quot;fadeInRight&quot;}\" data-widget_type=\"image.default\">\n\t\t\t\t<div class=\"elementor-widget-container\">\n\t\t\t\t\t\t\t\t\t\t\t\t\t\t\t<img loading=\"lazy\" decoding=\"async\" width=\"1920\" height=\"1280\" src=\"https:\/\/select-agency.world\/wp-content\/uploads\/2025\/04\/wine-olives.webp\" class=\"attachment-full size-full wp-image-23956\" alt=\"Bottle of wine and olives at wine tasting in Mallorca.\" srcset=\"https:\/\/select-agency.world\/wp-content\/uploads\/2025\/04\/wine-olives.webp 1920w, https:\/\/select-agency.world\/wp-content\/uploads\/2025\/04\/wine-olives-300x200.webp 300w, https:\/\/select-agency.world\/wp-content\/uploads\/2025\/04\/wine-olives-1024x683.webp 1024w, https:\/\/select-agency.world\/wp-content\/uploads\/2025\/04\/wine-olives-768x512.webp 768w, https:\/\/select-agency.world\/wp-content\/uploads\/2025\/04\/wine-olives-1536x1024.webp 1536w, https:\/\/select-agency.world\/wp-content\/uploads\/2025\/04\/wine-olives-18x12.webp 18w, https:\/\/select-agency.world\/wp-content\/uploads\/2025\/04\/wine-olives-900x600.webp 900w, https:\/\/select-agency.world\/wp-content\/uploads\/2025\/04\/wine-olives-496x331.webp 496w\" sizes=\"auto, (max-width: 1920px) 100vw, 1920px\" \/>\t\t\t\t\t\t\t\t\t\t\t\t\t\t\t<\/div>\n\t\t\t\t<\/div>\n\t\t\t\t<\/div>\n\t\t\t\t\t<\/div>\n\t\t\t\t<\/div>\n\t\t<div class=\"elementor-element elementor-element-452b3d83 e-flex e-con-boxed elementor-invisible e-con e-parent\" data-id=\"452b3d83\" data-element_type=\"container\" data-e-type=\"container\" data-settings=\"{&quot;background_background&quot;:&quot;classic&quot;,&quot;animation&quot;:&quot;fadeIn&quot;}\">\n\t\t\t\t\t<div class=\"e-con-inner\">\n\t\t<div class=\"elementor-element elementor-element-3175a77d e-flex e-con-boxed e-con e-child\" data-id=\"3175a77d\" data-element_type=\"container\" data-e-type=\"container\">\n\t\t\t\t\t<div class=\"e-con-inner\">\n\t\t\t\t<div class=\"elementor-element elementor-element-28e224a3 elementor-widget elementor-widget-image\" data-id=\"28e224a3\" data-element_type=\"widget\" data-e-type=\"widget\" data-widget_type=\"image.default\">\n\t\t\t\t<div class=\"elementor-widget-container\">\n\t\t\t\t\t\t\t\t\t\t\t\t\t\t\t<img loading=\"lazy\" decoding=\"async\" width=\"1920\" height=\"1280\" src=\"https:\/\/select-agency.world\/wp-content\/uploads\/2025\/04\/wine-tasting-friends.webp\" class=\"attachment-full size-full wp-image-23954\" alt=\"Wine at tapas at wine tasting in Mallorca.\" srcset=\"https:\/\/select-agency.world\/wp-content\/uploads\/2025\/04\/wine-tasting-friends.webp 1920w, https:\/\/select-agency.world\/wp-content\/uploads\/2025\/04\/wine-tasting-friends-300x200.webp 300w, https:\/\/select-agency.world\/wp-content\/uploads\/2025\/04\/wine-tasting-friends-1024x683.webp 1024w, https:\/\/select-agency.world\/wp-content\/uploads\/2025\/04\/wine-tasting-friends-768x512.webp 768w, https:\/\/select-agency.world\/wp-content\/uploads\/2025\/04\/wine-tasting-friends-1536x1024.webp 1536w, https:\/\/select-agency.world\/wp-content\/uploads\/2025\/04\/wine-tasting-friends-18x12.webp 18w, https:\/\/select-agency.world\/wp-content\/uploads\/2025\/04\/wine-tasting-friends-900x600.webp 900w, https:\/\/select-agency.world\/wp-content\/uploads\/2025\/04\/wine-tasting-friends-496x331.webp 496w\" sizes=\"auto, (max-width: 1920px) 100vw, 1920px\" \/>\t\t\t\t\t\t\t\t\t\t\t\t\t\t\t<\/div>\n\t\t\t\t<\/div>\n\t\t\t\t<div class=\"elementor-element elementor-element-e01a89e animated-fast elementor-invisible elementor-widget elementor-widget-heading\" data-id=\"e01a89e\" data-element_type=\"widget\" data-e-type=\"widget\" data-settings=\"{&quot;_animation&quot;:&quot;fadeInUp&quot;}\" data-widget_type=\"heading.default\">\n\t\t\t\t<div class=\"elementor-widget-container\">\n\t\t\t\t\t<h2 class=\"elementor-heading-title elementor-size-default\">Weinverkostung in Ihrer Villa<\/h2>\t\t\t\t<\/div>\n\t\t\t\t<\/div>\n\t\t\t\t<div class=\"elementor-element elementor-element-72cd002 elementor-widget__width-initial elementor-widget elementor-widget-text-editor\" data-id=\"72cd002\" data-element_type=\"widget\" data-e-type=\"widget\" data-widget_type=\"text-editor.default\">\n\t\t\t\t<div class=\"elementor-widget-container\">\n\t\t\t\t\t\t\t\t\t<p class=\"p1\">Genie\u00dfen Sie ein individuell abgestimmtes Weinerlebnis ganz entspannt in Ihrer Ferienvilla. Ihr Weinexperte bringt alles mit \u2013 von sorgf\u00e4ltig ausgew\u00e4hlten Weinen bis hin zu lokalen Delikatessen \u2013 f\u00fcr eine genussvolle und unterhaltsame Verkostung. Ideal, um einen Abend stilvoll zu gestalten oder Ihrem Aufenthalt in der Villa eine besondere Note zu verleihen.<\/p>\t\t\t\t\t\t\t\t<\/div>\n\t\t\t\t<\/div>\n\t\t\t\t\t<\/div>\n\t\t\t\t<\/div>\n\t\t<div class=\"elementor-element elementor-element-2a8a2ec0 e-flex e-con-boxed e-con e-child\" data-id=\"2a8a2ec0\" data-element_type=\"container\" data-e-type=\"container\">\n\t\t\t\t\t<div class=\"e-con-inner\">\n\t\t\t\t<div class=\"elementor-element elementor-element-2c83fc1 elementor-widget elementor-widget-image\" data-id=\"2c83fc1\" data-element_type=\"widget\" data-e-type=\"widget\" data-widget_type=\"image.default\">\n\t\t\t\t<div class=\"elementor-widget-container\">\n\t\t\t\t\t\t\t\t\t\t\t\t\t\t\t<img loading=\"lazy\" decoding=\"async\" width=\"1920\" height=\"1280\" src=\"https:\/\/select-agency.world\/wp-content\/uploads\/2025\/01\/wine-tasting-luxury-yacht-1.jpg\" class=\"attachment-full size-full wp-image-20790\" alt=\"Couple enjoying wine on a yacht at sea.\" srcset=\"https:\/\/select-agency.world\/wp-content\/uploads\/2025\/01\/wine-tasting-luxury-yacht-1.jpg 1920w, https:\/\/select-agency.world\/wp-content\/uploads\/2025\/01\/wine-tasting-luxury-yacht-1-300x200.jpg 300w, https:\/\/select-agency.world\/wp-content\/uploads\/2025\/01\/wine-tasting-luxury-yacht-1-1024x683.jpg 1024w, https:\/\/select-agency.world\/wp-content\/uploads\/2025\/01\/wine-tasting-luxury-yacht-1-768x512.jpg 768w, https:\/\/select-agency.world\/wp-content\/uploads\/2025\/01\/wine-tasting-luxury-yacht-1-1536x1024.jpg 1536w, https:\/\/select-agency.world\/wp-content\/uploads\/2025\/01\/wine-tasting-luxury-yacht-1-900x600.jpg 900w, https:\/\/select-agency.world\/wp-content\/uploads\/2025\/01\/wine-tasting-luxury-yacht-1-496x331.jpg 496w\" sizes=\"auto, (max-width: 1920px) 100vw, 1920px\" \/>\t\t\t\t\t\t\t\t\t\t\t\t\t\t\t<\/div>\n\t\t\t\t<\/div>\n\t\t\t\t<div class=\"elementor-element elementor-element-a4fc6d4 animated-fast elementor-invisible elementor-widget elementor-widget-heading\" data-id=\"a4fc6d4\" data-element_type=\"widget\" data-e-type=\"widget\" data-settings=\"{&quot;_animation&quot;:&quot;fadeInUp&quot;}\" data-widget_type=\"heading.default\">\n\t\t\t\t<div class=\"elementor-widget-container\">\n\t\t\t\t\t<h2 class=\"elementor-heading-title elementor-size-default\">Weinverkostung an Bord Ihrer Yacht<\/h2>\t\t\t\t<\/div>\n\t\t\t\t<\/div>\n\t\t\t\t<div class=\"elementor-element elementor-element-e2d1516 elementor-widget__width-initial elementor-widget elementor-widget-text-editor\" data-id=\"e2d1516\" data-element_type=\"widget\" data-e-type=\"widget\" data-widget_type=\"text-editor.default\">\n\t\t\t\t<div class=\"elementor-widget-container\">\n\t\t\t\t\t\t\t\t\t<p class=\"p1\">Meeresbrise und feine Weine \u2013 diese Verkostung ist ein Erlebnis der besonderen Art. Ob vor Anker in einer ruhigen Bucht oder im Hafen: Genie\u00dfen Sie eine gef\u00fchrte Weinverkostung direkt an Deck. Mit perfekt abgestimmten Snacks und sorgf\u00e4ltig ausgew\u00e4hlten Weinen wird sie zum genussvollen Highlight Ihrer Charter.<\/p>\t\t\t\t\t\t\t\t<\/div>\n\t\t\t\t<\/div>\n\t\t\t\t\t<\/div>\n\t\t\t\t<\/div>\n\t\t<div class=\"elementor-element elementor-element-62094ee6 e-con-full e-flex e-con e-child\" data-id=\"62094ee6\" data-element_type=\"container\" data-e-type=\"container\">\n\t\t\t\t<div class=\"elementor-element elementor-element-d00f617 elementor-widget elementor-widget-image\" data-id=\"d00f617\" data-element_type=\"widget\" data-e-type=\"widget\" data-widget_type=\"image.default\">\n\t\t\t\t<div class=\"elementor-widget-container\">\n\t\t\t\t\t\t\t\t\t\t\t\t\t\t\t<img loading=\"lazy\" decoding=\"async\" width=\"1920\" height=\"1280\" src=\"https:\/\/select-agency.world\/wp-content\/uploads\/2025\/04\/table-wine-tasting.webp\" class=\"attachment-full size-full wp-image-23955\" alt=\"Glasses of wine at wine tasting in Mallorca.\" srcset=\"https:\/\/select-agency.world\/wp-content\/uploads\/2025\/04\/table-wine-tasting.webp 1920w, https:\/\/select-agency.world\/wp-content\/uploads\/2025\/04\/table-wine-tasting-300x200.webp 300w, https:\/\/select-agency.world\/wp-content\/uploads\/2025\/04\/table-wine-tasting-1024x683.webp 1024w, https:\/\/select-agency.world\/wp-content\/uploads\/2025\/04\/table-wine-tasting-768x512.webp 768w, https:\/\/select-agency.world\/wp-content\/uploads\/2025\/04\/table-wine-tasting-1536x1024.webp 1536w, https:\/\/select-agency.world\/wp-content\/uploads\/2025\/04\/table-wine-tasting-18x12.webp 18w, https:\/\/select-agency.world\/wp-content\/uploads\/2025\/04\/table-wine-tasting-900x600.webp 900w, https:\/\/select-agency.world\/wp-content\/uploads\/2025\/04\/table-wine-tasting-496x331.webp 496w\" sizes=\"auto, (max-width: 1920px) 100vw, 1920px\" \/>\t\t\t\t\t\t\t\t\t\t\t\t\t\t\t<\/div>\n\t\t\t\t<\/div>\n\t\t\t\t<div class=\"elementor-element elementor-element-d49ce18 animated-fast elementor-invisible elementor-widget elementor-widget-heading\" data-id=\"d49ce18\" data-element_type=\"widget\" data-e-type=\"widget\" data-settings=\"{&quot;_animation&quot;:&quot;fadeInUp&quot;}\" data-widget_type=\"heading.default\">\n\t\t\t\t<div class=\"elementor-widget-container\">\n\t\t\t\t\t<h2 class=\"elementor-heading-title elementor-size-default\">Weinverkostung f\u00fcr besondere Anl\u00e4sse<\/h2>\t\t\t\t<\/div>\n\t\t\t\t<\/div>\n\t\t\t\t<div class=\"elementor-element elementor-element-1281fa7 elementor-widget__width-initial elementor-widget elementor-widget-text-editor\" data-id=\"1281fa7\" data-element_type=\"widget\" data-e-type=\"widget\" data-widget_type=\"text-editor.default\">\n\t\t\t\t<div class=\"elementor-widget-container\">\n\t\t\t\t\t\t\t\t\t<p class=\"p1\">Ob Geburtstag, Jubil\u00e4um oder ein entspanntes Zusammensein mit Freunden \u2013 eine private Weinverkostung verleiht jedem Anlass das gewisse Etwas. Individuell auf Stimmung und Stil Ihres Events abgestimmt, steht dieses Erlebnis ganz im Zeichen von Genuss, Geselligkeit und unvergesslichen Momenten mit den Menschen, die Ihnen wichtig sind.<\/p>\t\t\t\t\t\t\t\t<\/div>\n\t\t\t\t<\/div>\n\t\t\t\t<\/div>\n\t\t\t\t\t<\/div>\n\t\t\t\t<\/div>\n\t\t\t\t<\/div>","protected":false},"excerpt":{"rendered":"<p>Wine Tasting A Taste of Mallorca: Private Wine Tastings at Villa or Sea Unwind, sip, and savour. A private wine tasting is the perfect way to elevate your time in Mallorca \u2014 whether you\u2019re celebrating something special or simply enjoying good company in a beautiful setting. This relaxed and personal experience is all about pleasure, [&hellip;]<\/p>\n","protected":false},"author":1,"featured_media":23938,"parent":22300,"menu_order":0,"comment_status":"closed","ping_status":"closed","template":"elementor_header_footer","meta":{"footnotes":""},"class_list":["post-23930","page","type-page","status-publish","has-post-thumbnail","hentry"],"aioseo_notices":[],"_links":{"self":[{"href":"https:\/\/select-agency.world\/de\/wp-json\/wp\/v2\/pages\/23930","targetHints":{"allow":["GET"]}}],"collection":[{"href":"https:\/\/select-agency.world\/de\/wp-json\/wp\/v2\/pages"}],"about":[{"href":"https:\/\/select-agency.world\/de\/wp-json\/wp\/v2\/types\/page"}],"author":[{"embeddable":true,"href":"https:\/\/select-agency.world\/de\/wp-json\/wp\/v2\/users\/1"}],"replies":[{"embeddable":true,"href":"https:\/\/select-agency.world\/de\/wp-json\/wp\/v2\/comments?post=23930"}],"version-history":[{"count":0,"href":"https:\/\/select-agency.world\/de\/wp-json\/wp\/v2\/pages\/23930\/revisions"}],"up":[{"embeddable":true,"href":"https:\/\/select-agency.world\/de\/wp-json\/wp\/v2\/pages\/22300"}],"wp:featuredmedia":[{"embeddable":true,"href":"https:\/\/select-agency.world\/de\/wp-json\/wp\/v2\/media\/23938"}],"wp:attachment":[{"href":"https:\/\/select-agency.world\/de\/wp-json\/wp\/v2\/media?parent=23930"}],"curies":[{"name":"wp","href":"https:\/\/api.w.org\/{rel}","templated":true}]}}