{"id":24336,"date":"2025-04-14T11:12:55","date_gmt":"2025-04-14T10:12:55","guid":{"rendered":"https:\/\/select-agency.world\/?page_id=24336"},"modified":"2026-03-31T10:43:36","modified_gmt":"2026-03-31T09:43:36","slug":"es-trenc","status":"publish","type":"page","link":"https:\/\/select-agency.world\/de\/yachting\/itineraries\/es-trenc\/","title":{"rendered":"Itinerary Es Trenc"},"content":{"rendered":"<div data-elementor-type=\"wp-page\" data-elementor-id=\"24336\" class=\"elementor elementor-24336\">\n\t\t\t\t<div class=\"elementor-element elementor-element-6395f2e animated-slow e-flex e-con-boxed elementor-invisible e-con e-parent\" data-id=\"6395f2e\" data-element_type=\"container\" data-e-type=\"container\" data-settings=\"{&quot;background_background&quot;:&quot;classic&quot;,&quot;animation&quot;:&quot;fadeIn&quot;}\">\n\t\t\t\t\t<div class=\"e-con-inner\">\n\t\t<div class=\"elementor-element elementor-element-98e4146 e-con-full e-flex e-con e-child\" data-id=\"98e4146\" data-element_type=\"container\" data-e-type=\"container\">\n\t\t\t\t<div class=\"elementor-element elementor-element-03c051f elementor-invisible elementor-widget elementor-widget-heading\" data-id=\"03c051f\" data-element_type=\"widget\" data-e-type=\"widget\" data-settings=\"{&quot;_animation&quot;:&quot;fadeInDown&quot;}\" data-widget_type=\"heading.default\">\n\t\t\t\t<div class=\"elementor-widget-container\">\n\t\t\t\t\t<h1 class=\"elementor-heading-title elementor-size-default\">Sanfte K\u00fcstenmomente<\/h1>\t\t\t\t<\/div>\n\t\t\t\t<\/div>\n\t\t\t\t<\/div>\n\t\t\t\t\t<\/div>\n\t\t\t\t<\/div>\n\t\t<div class=\"elementor-element elementor-element-ff2847f e-flex e-con-boxed e-con e-parent\" data-id=\"ff2847f\" data-element_type=\"container\" data-e-type=\"container\" data-settings=\"{&quot;background_background&quot;:&quot;classic&quot;}\">\n\t\t\t\t\t<div class=\"e-con-inner\">\n\t\t\t\t<div class=\"elementor-element elementor-element-8d21595 elementor-widget__width-initial elementor-invisible elementor-widget elementor-widget-heading\" data-id=\"8d21595\" data-element_type=\"widget\" data-e-type=\"widget\" data-settings=\"{&quot;_animation&quot;:&quot;fadeInUp&quot;}\" data-widget_type=\"heading.default\">\n\t\t\t\t<div class=\"elementor-widget-container\">\n\t\t\t\t\t<h2 class=\"elementor-heading-title elementor-size-default\">2-t\u00e4giger Yacht-Charter: Auszeit in Es Trenc<\/h2>\t\t\t\t<\/div>\n\t\t\t\t<\/div>\n\t\t\t\t<div class=\"elementor-element elementor-element-6ae15fb6 elementor-widget__width-initial elementor-invisible elementor-widget elementor-widget-text-editor\" data-id=\"6ae15fb6\" data-element_type=\"widget\" data-e-type=\"widget\" data-settings=\"{&quot;_animation&quot;:&quot;fadeInUp&quot;}\" data-widget_type=\"text-editor.default\">\n\t\t\t\t<div class=\"elementor-widget-container\">\n\t\t\t\t\t\t\t\t\t<p>Sie suchen ein kurzes, aber unvergessliches Yachterlebnis? Dieses 2-t\u00e4gige \/ 1-n\u00e4chtige Erlebnis l\u00e4dt dazu ein, den Alltag hinter sich zu lassen und <a href=\"https:\/\/select-agency.world\/de\/yachting\/balearic-islands\/mallorca\/\" target=\"_blank\" rel=\"noopener\"><strong>Mallorca<\/strong><\/a>s Natur in vollen Z\u00fcgen zu genie\u00dfen \u2013 mit \u00dcbernachtung vor Anker in der N\u00e4he von Mallorcas ber\u00fchmtestem Strand: Es Trenc. Kristallklares Wasser, traumhafte Kulissen und eine gro\u00dfe Auswahl an <strong><a href=\"https:\/\/select-agency.world\/de\/water-toys\/\" target=\"_blank\" rel=\"noopener\">Wasserspielzeug<\/a> <\/strong>sorgen f\u00fcr ein Abenteuer, das sich viel l\u00e4nger anf\u00fchlt als nur zwei Tage.<\/p><p class=\"p1\"><em>Wassersport &amp; Toys | \u00dcbernachtung vor Anker unter dem Sternenhimmel | Kulinarischer Genuss an Bord<\/em><\/p>\t\t\t\t\t\t\t\t<\/div>\n\t\t\t\t<\/div>\n\t\t\t\t<div class=\"elementor-element elementor-element-fbf1597 elementor-mobile-align-center elementor-invisible elementor-widget elementor-widget-button\" data-id=\"fbf1597\" data-element_type=\"widget\" data-e-type=\"widget\" data-settings=\"{&quot;_animation&quot;:&quot;fadeIn&quot;}\" data-widget_type=\"button.default\">\n\t\t\t\t<div class=\"elementor-widget-container\">\n\t\t\t\t\t\t\t\t\t<div class=\"elementor-button-wrapper\">\n\t\t\t\t\t<a class=\"elementor-button elementor-button-link elementor-size-sm elementor-animation-grow\" href=\"https:\/\/select-agency.world\/de\/contact\/\">\n\t\t\t\t\t\t<span class=\"elementor-button-content-wrapper\">\n\t\t\t\t\t\t\t\t\t<span class=\"elementor-button-text\">Pers\u00f6nliches Angebot anfordern<\/span>\n\t\t\t\t\t<\/span>\n\t\t\t\t\t<\/a>\n\t\t\t\t<\/div>\n\t\t\t\t\t\t\t\t<\/div>\n\t\t\t\t<\/div>\n\t\t\t\t\t<\/div>\n\t\t\t\t<\/div>\n\t\t<div class=\"elementor-element elementor-element-d8f471a e-flex e-con-boxed e-con e-parent\" data-id=\"d8f471a\" data-element_type=\"container\" data-e-type=\"container\" data-settings=\"{&quot;background_background&quot;:&quot;classic&quot;}\">\n\t\t\t\t\t<div class=\"e-con-inner\">\n\t\t<div class=\"elementor-element elementor-element-0f35318 e-con-full e-flex e-con e-child\" data-id=\"0f35318\" data-element_type=\"container\" data-e-type=\"container\">\n\t\t\t\t<div class=\"elementor-element elementor-element-cd0704d elementor-widget elementor-widget-image\" data-id=\"cd0704d\" data-element_type=\"widget\" data-e-type=\"widget\" data-widget_type=\"image.default\">\n\t\t\t\t<div class=\"elementor-widget-container\">\n\t\t\t\t\t\t\t\t\t\t\t\t\t\t\t<img loading=\"lazy\" decoding=\"async\" width=\"1920\" height=\"1280\" src=\"https:\/\/select-agency.world\/wp-content\/uploads\/2025\/04\/mallorca-es-trenc-beach.webp\" class=\"attachment-full size-full wp-image-24339\" alt=\"Es Trenc beach in Mallorca.\" srcset=\"https:\/\/select-agency.world\/wp-content\/uploads\/2025\/04\/mallorca-es-trenc-beach.webp 1920w, https:\/\/select-agency.world\/wp-content\/uploads\/2025\/04\/mallorca-es-trenc-beach-300x200.webp 300w, https:\/\/select-agency.world\/wp-content\/uploads\/2025\/04\/mallorca-es-trenc-beach-1024x683.webp 1024w, https:\/\/select-agency.world\/wp-content\/uploads\/2025\/04\/mallorca-es-trenc-beach-768x512.webp 768w, https:\/\/select-agency.world\/wp-content\/uploads\/2025\/04\/mallorca-es-trenc-beach-1536x1024.webp 1536w, https:\/\/select-agency.world\/wp-content\/uploads\/2025\/04\/mallorca-es-trenc-beach-18x12.webp 18w, https:\/\/select-agency.world\/wp-content\/uploads\/2025\/04\/mallorca-es-trenc-beach-900x600.webp 900w, https:\/\/select-agency.world\/wp-content\/uploads\/2025\/04\/mallorca-es-trenc-beach-496x331.webp 496w\" sizes=\"auto, (max-width: 1920px) 100vw, 1920px\" \/>\t\t\t\t\t\t\t\t\t\t\t\t\t\t\t<\/div>\n\t\t\t\t<\/div>\n\t\t\t\t<div class=\"elementor-element elementor-element-85acca9 elementor-widget elementor-widget-google_maps\" data-id=\"85acca9\" data-element_type=\"widget\" data-e-type=\"widget\" data-widget_type=\"google_maps.default\">\n\t\t\t\t<div class=\"elementor-widget-container\">\n\t\t\t\t\t\t\t<div class=\"elementor-custom-embed\">\n\t\t\t<iframe loading=\"lazy\"\n\t\t\t\t\tsrc=\"https:\/\/maps.google.com\/maps?q=Es%20Trenc&#038;t=m&#038;z=11&#038;output=embed&#038;iwloc=near\"\n\t\t\t\t\ttitle=\"Es Trenc\"\n\t\t\t\t\taria-label=\"Es Trenc\"\n\t\t\t><\/iframe>\n\t\t<\/div>\n\t\t\t\t\t\t<\/div>\n\t\t\t\t<\/div>\n\t\t\t\t<\/div>\n\t\t<div class=\"elementor-element elementor-element-b856e5a e-con-full e-flex e-con e-child\" data-id=\"b856e5a\" data-element_type=\"container\" data-e-type=\"container\">\n\t\t\t\t<div class=\"elementor-element elementor-element-9d997a4 elementor-widget elementor-widget-heading\" data-id=\"9d997a4\" data-element_type=\"widget\" data-e-type=\"widget\" data-widget_type=\"heading.default\">\n\t\t\t\t<div class=\"elementor-widget-container\">\n\t\t\t\t\t<h2 class=\"elementor-heading-title elementor-size-default\">Day 1: Cruising South \u2013 Swim, Sun &amp; Sunset<\/h2>\t\t\t\t<\/div>\n\t\t\t\t<\/div>\n\t\t\t\t<div class=\"elementor-element elementor-element-aeea7a8 elementor-widget elementor-widget-text-editor\" data-id=\"aeea7a8\" data-element_type=\"widget\" data-e-type=\"widget\" data-widget_type=\"text-editor.default\">\n\t\t\t\t<div class=\"elementor-widget-container\">\n\t\t\t\t\t\t\t\t\t<p>Unsere Reise beginnt mit einer entspannten Fahrt entlang der malerischen S\u00fcdk\u00fcste Mallorcas \u2013 vorbei an den Klippen von Cap Blanc und dem charmanten Leuchtturm, der hoch \u00fcber dem Meer thront. Unterwegs legen wir einen Badestopp in einer der kleinen Buchten wie Cala Pi ein \u2013 perfekt f\u00fcr ein erfrischendes Bad oder eine Runde auf dem Paddleboard.<\/p><p>Angekommen in Es Trenc, wirft der Kapit\u00e4n den Anker inmitten des t\u00fcrkisblauen, ruhigen Wassers. Ob beim Schnorcheln, einer Fahrt mit dem Seabob oder ganz entspannt auf dem Wasser mit einem k\u00fchlen Drink \u2013 dieser Ort l\u00e4dt zum Verweilen ein. Der feine Sandstrand und das kristallklare Wasser erinnern fast an die Karibik.<\/p><p>Zum Sonnenuntergang genie\u00dfen Sie ein Abendessen an Bord \u2013 wahlweise frisch zubereitet oder als liebevoll arrangiertes Catering mit mediterranen K\u00f6stlichkeiten. Die Nacht verbringen wir vor Anker, sanft gewiegt vom Meer \u2013 und mit dem Gef\u00fchl, ganz weit weg zu sein.<\/p>\t\t\t\t\t\t\t\t<\/div>\n\t\t\t\t<\/div>\n\t\t\t\t<\/div>\n\t\t\t\t\t<\/div>\n\t\t\t\t<\/div>\n\t\t<div class=\"elementor-element elementor-element-93cdae9 e-flex e-con-boxed e-con e-parent\" data-id=\"93cdae9\" data-element_type=\"container\" data-e-type=\"container\" data-settings=\"{&quot;background_background&quot;:&quot;classic&quot;}\">\n\t\t\t\t\t<div class=\"e-con-inner\">\n\t\t<div class=\"elementor-element elementor-element-9db54df e-con-full e-flex e-con e-child\" data-id=\"9db54df\" data-element_type=\"container\" data-e-type=\"container\">\n\t\t\t\t<div class=\"elementor-element elementor-element-523f104 elementor-widget elementor-widget-heading\" data-id=\"523f104\" data-element_type=\"widget\" data-e-type=\"widget\" data-widget_type=\"heading.default\">\n\t\t\t\t<div class=\"elementor-widget-container\">\n\t\t\t\t\t<h2 class=\"elementor-heading-title elementor-size-default\">Day 2: Morning Thrills &amp; Leisure Return<\/h2>\t\t\t\t<\/div>\n\t\t\t\t<\/div>\n\t\t\t\t<div class=\"elementor-element elementor-element-fe7a5a5 elementor-widget elementor-widget-text-editor\" data-id=\"fe7a5a5\" data-element_type=\"widget\" data-e-type=\"widget\" data-widget_type=\"text-editor.default\">\n\t\t\t\t<div class=\"elementor-widget-container\">\n\t\t\t\t\t\t\t\t\t<p class=\"p1\">Sie wachen mit dem sanften Rhythmus des Meeres auf. Nach einem entspannten Fr\u00fchst\u00fcck an Deck sind die ruhigen Morgenstunden ideal f\u00fcr Wasserspa\u00df: Gleiten Sie mit dem <a href=\"https:\/\/select-agency.world\/de\/water-toys\/\" target=\"_blank\" rel=\"noopener\"><span class=\"s1\"><b>eFoil<\/b><\/span><\/a>&nbsp;\u00fcber das Wasser, drehen Sie eine letzte Runde mit dem <a href=\"https:\/\/select-agency.world\/de\/water-toys\/\" target=\"_blank\" rel=\"noopener\"><span class=\"s1\"><b>Seabob<\/b><\/span><\/a>, oder genie\u00dfen Sie ein paar ruhige Minuten auf dem Paddleboard entlang der K\u00fcste.<\/p><p class=\"p1\">Auf dem R\u00fcckweg legen wir einen letzten Badestopp oder Lunch-Stop in der malerischen Bucht von Cala Blava ein \u2013 bekannt f\u00fcr ihr klares, leuchtendes Wasser. Alternativ lassen Sie Ihre Auszeit stilvoll in Illetes ausklingen, wo ein Cocktail am Meer den perfekten Abschluss bildet.<\/p>\t\t\t\t\t\t\t\t<\/div>\n\t\t\t\t<\/div>\n\t\t\t\t<\/div>\n\t\t<div class=\"elementor-element elementor-element-c0383d9 e-con-full e-flex e-con e-child\" data-id=\"c0383d9\" data-element_type=\"container\" data-e-type=\"container\">\n\t\t\t\t<div class=\"elementor-element elementor-element-129dff4 elementor-widget elementor-widget-image\" data-id=\"129dff4\" data-element_type=\"widget\" data-e-type=\"widget\" data-widget_type=\"image.default\">\n\t\t\t\t<div class=\"elementor-widget-container\">\n\t\t\t\t\t\t\t\t\t\t\t\t\t\t\t<img loading=\"lazy\" decoding=\"async\" width=\"1920\" height=\"1280\" src=\"https:\/\/select-agency.world\/wp-content\/uploads\/2025\/04\/mallorca-es-trenc-sunset.webp\" class=\"attachment-full size-full wp-image-24341\" alt=\"Sunset in Es Trenc in Mallorca.\" srcset=\"https:\/\/select-agency.world\/wp-content\/uploads\/2025\/04\/mallorca-es-trenc-sunset.webp 1920w, https:\/\/select-agency.world\/wp-content\/uploads\/2025\/04\/mallorca-es-trenc-sunset-300x200.webp 300w, https:\/\/select-agency.world\/wp-content\/uploads\/2025\/04\/mallorca-es-trenc-sunset-1024x683.webp 1024w, https:\/\/select-agency.world\/wp-content\/uploads\/2025\/04\/mallorca-es-trenc-sunset-768x512.webp 768w, https:\/\/select-agency.world\/wp-content\/uploads\/2025\/04\/mallorca-es-trenc-sunset-1536x1024.webp 1536w, https:\/\/select-agency.world\/wp-content\/uploads\/2025\/04\/mallorca-es-trenc-sunset-18x12.webp 18w, https:\/\/select-agency.world\/wp-content\/uploads\/2025\/04\/mallorca-es-trenc-sunset-900x600.webp 900w, https:\/\/select-agency.world\/wp-content\/uploads\/2025\/04\/mallorca-es-trenc-sunset-496x331.webp 496w\" sizes=\"auto, (max-width: 1920px) 100vw, 1920px\" \/>\t\t\t\t\t\t\t\t\t\t\t\t\t\t\t<\/div>\n\t\t\t\t<\/div>\n\t\t\t\t<\/div>\n\t\t\t\t\t<\/div>\n\t\t\t\t<\/div>\n\t\t<div class=\"elementor-element elementor-element-0cf4e38 animated-slow e-flex e-con-boxed elementor-invisible e-con e-parent\" data-id=\"0cf4e38\" data-element_type=\"container\" data-e-type=\"container\" data-settings=\"{&quot;background_background&quot;:&quot;classic&quot;,&quot;animation&quot;:&quot;fadeIn&quot;}\">\n\t\t\t\t\t<div class=\"e-con-inner\">\n\t\t<div class=\"elementor-element elementor-element-4eafe94 e-con-full e-flex e-con e-child\" data-id=\"4eafe94\" data-element_type=\"container\" data-e-type=\"container\">\n\t\t\t\t<div class=\"elementor-element elementor-element-bf27389 elementor-widget elementor-widget-heading\" data-id=\"bf27389\" data-element_type=\"widget\" data-e-type=\"widget\" data-widget_type=\"heading.default\">\n\t\t\t\t<div class=\"elementor-widget-container\">\n\t\t\t\t\t<h4 class=\"elementor-heading-title elementor-size-default\">Gestalten Sie Ihr pers\u00f6nliches Erlebnis<\/h4>\t\t\t\t<\/div>\n\t\t\t\t<\/div>\n\t\t\t\t<div class=\"elementor-element elementor-element-a8eb06d elementor-widget elementor-widget-text-editor\" data-id=\"a8eb06d\" data-element_type=\"widget\" data-e-type=\"widget\" data-widget_type=\"text-editor.default\">\n\t\t\t\t<div class=\"elementor-widget-container\">\n\t\t\t\t\t\t\t\t\t<p class=\"p1\">Teilen Sie uns Ihre W\u00fcnsche mit \u2013 wir gestalten das Erlebnis ganz nach Ihren Vorstellungen: von den Etappen der Route bis hin zum Men\u00fc an Bord und besonderen Extras.<\/p>\t\t\t\t\t\t\t\t<\/div>\n\t\t\t\t<\/div>\n\t\t\t\t<div class=\"elementor-element elementor-element-87add1e elementor-align-justify elementor-mobile-align-center elementor-invisible elementor-widget elementor-widget-button\" data-id=\"87add1e\" data-element_type=\"widget\" data-e-type=\"widget\" data-settings=\"{&quot;_animation&quot;:&quot;fadeIn&quot;}\" data-widget_type=\"button.default\">\n\t\t\t\t<div class=\"elementor-widget-container\">\n\t\t\t\t\t\t\t\t\t<div class=\"elementor-button-wrapper\">\n\t\t\t\t\t<a class=\"elementor-button elementor-button-link elementor-size-sm elementor-animation-grow\" href=\"https:\/\/select-agency.world\/de\/contact\/\">\n\t\t\t\t\t\t<span class=\"elementor-button-content-wrapper\">\n\t\t\t\t\t\t\t\t\t<span class=\"elementor-button-text\">Kontakt aufnehmen<\/span>\n\t\t\t\t\t<\/span>\n\t\t\t\t\t<\/a>\n\t\t\t\t<\/div>\n\t\t\t\t\t\t\t\t<\/div>\n\t\t\t\t<\/div>\n\t\t\t\t<\/div>\n\t\t\t\t\t<\/div>\n\t\t\t\t<\/div>\n\t\t\t\t<\/div>","protected":false},"excerpt":{"rendered":"<p>South Coast Serenity 2-Day Yacht Getaway: Escape to Es Trenc Looking for a short but unforgettable yacht experience? This 2-day \/ 1-night itinerary invites you to slow down and soak in Mallorca\u2019s natural beauty\u2014anchoring near the island\u2019s most iconic beach, Es Trenc. Calm waters, dreamlike scenery, and a full suite of water toys await you [&hellip;]<\/p>\n","protected":false},"author":1,"featured_media":24339,"parent":23410,"menu_order":0,"comment_status":"closed","ping_status":"closed","template":"elementor_header_footer","meta":{"footnotes":""},"class_list":["post-24336","page","type-page","status-publish","has-post-thumbnail","hentry"],"aioseo_notices":[],"_links":{"self":[{"href":"https:\/\/select-agency.world\/de\/wp-json\/wp\/v2\/pages\/24336","targetHints":{"allow":["GET"]}}],"collection":[{"href":"https:\/\/select-agency.world\/de\/wp-json\/wp\/v2\/pages"}],"about":[{"href":"https:\/\/select-agency.world\/de\/wp-json\/wp\/v2\/types\/page"}],"author":[{"embeddable":true,"href":"https:\/\/select-agency.world\/de\/wp-json\/wp\/v2\/users\/1"}],"replies":[{"embeddable":true,"href":"https:\/\/select-agency.world\/de\/wp-json\/wp\/v2\/comments?post=24336"}],"version-history":[{"count":0,"href":"https:\/\/select-agency.world\/de\/wp-json\/wp\/v2\/pages\/24336\/revisions"}],"up":[{"embeddable":true,"href":"https:\/\/select-agency.world\/de\/wp-json\/wp\/v2\/pages\/23410"}],"wp:featuredmedia":[{"embeddable":true,"href":"https:\/\/select-agency.world\/de\/wp-json\/wp\/v2\/media\/24339"}],"wp:attachment":[{"href":"https:\/\/select-agency.world\/de\/wp-json\/wp\/v2\/media?parent=24336"}],"curies":[{"name":"wp","href":"https:\/\/api.w.org\/{rel}","templated":true}]}}