{"id":24362,"date":"2025-04-14T13:03:16","date_gmt":"2025-04-14T12:03:16","guid":{"rendered":"https:\/\/select-agency.world\/?page_id=24362"},"modified":"2026-03-31T10:43:56","modified_gmt":"2026-03-31T09:43:56","slug":"port-andratx","status":"publish","type":"page","link":"https:\/\/select-agency.world\/de\/yachting\/itineraries\/port-andratx\/","title":{"rendered":"Itinerary Port d&#8217;Andratx"},"content":{"rendered":"<div data-elementor-type=\"wp-page\" data-elementor-id=\"24362\" class=\"elementor elementor-24362\">\n\t\t\t\t<div class=\"elementor-element elementor-element-6395f2e animated-slow e-flex e-con-boxed elementor-invisible e-con e-parent\" data-id=\"6395f2e\" data-element_type=\"container\" data-e-type=\"container\" data-settings=\"{&quot;background_background&quot;:&quot;classic&quot;,&quot;animation&quot;:&quot;fadeIn&quot;}\">\n\t\t\t\t\t<div class=\"e-con-inner\">\n\t\t<div class=\"elementor-element elementor-element-98e4146 e-con-full e-flex e-con e-child\" data-id=\"98e4146\" data-element_type=\"container\" data-e-type=\"container\">\n\t\t\t\t<div class=\"elementor-element elementor-element-03c051f elementor-invisible elementor-widget elementor-widget-heading\" data-id=\"03c051f\" data-element_type=\"widget\" data-e-type=\"widget\" data-settings=\"{&quot;_animation&quot;:&quot;fadeInDown&quot;}\" data-widget_type=\"heading.default\">\n\t\t\t\t<div class=\"elementor-widget-container\">\n\t\t\t\t\t<h1 class=\"elementor-heading-title elementor-size-default\">Westk\u00fcsten-Auszeit<\/h1>\t\t\t\t<\/div>\n\t\t\t\t<\/div>\n\t\t\t\t<\/div>\n\t\t\t\t\t<\/div>\n\t\t\t\t<\/div>\n\t\t<div class=\"elementor-element elementor-element-ff2847f e-flex e-con-boxed e-con e-parent\" data-id=\"ff2847f\" data-element_type=\"container\" data-e-type=\"container\" data-settings=\"{&quot;background_background&quot;:&quot;classic&quot;}\">\n\t\t\t\t\t<div class=\"e-con-inner\">\n\t\t\t\t<div class=\"elementor-element elementor-element-8d21595 elementor-widget__width-initial elementor-invisible elementor-widget elementor-widget-heading\" data-id=\"8d21595\" data-element_type=\"widget\" data-e-type=\"widget\" data-settings=\"{&quot;_animation&quot;:&quot;fadeInUp&quot;}\" data-widget_type=\"heading.default\">\n\t\t\t\t<div class=\"elementor-widget-container\">\n\t\t\t\t\t<h2 class=\"elementor-heading-title elementor-size-default\">2-Day Cruise on Mallorca\u2019s West Coast: Scenic Bays &amp; Seaside Towns<\/h2>\t\t\t\t<\/div>\n\t\t\t\t<\/div>\n\t\t\t\t<div class=\"elementor-element elementor-element-6ae15fb6 elementor-widget__width-initial elementor-invisible elementor-widget elementor-widget-text-editor\" data-id=\"6ae15fb6\" data-element_type=\"widget\" data-e-type=\"widget\" data-settings=\"{&quot;_animation&quot;:&quot;fadeInUp&quot;}\" data-widget_type=\"text-editor.default\">\n\t\t\t\t<div class=\"elementor-widget-container\">\n\t\t\t\t\t\t\t\t\t<p class=\"p1\">Erleben Sie einen der sch\u00f6nsten K\u00fcstenabschnitte Mallorcas auf diesem 2-t\u00e4gigen Yacht-Charter. Abfahrt ist in Palma, von dort geht es weiter zu den t\u00fcrkisblauen Gew\u00e4ssern von Cala Llamp, bevor Sie die Nacht im eleganten Port d\u2019Andratx verbringen. Am n\u00e4chsten Morgen erwachen Sie in der ruhigen Atmosph\u00e4re des charmanten Ortes Sant Elm, bevor es entspannt zur\u00fcck nach Palma geht. Diese Route vereint eindrucksvolle Landschaften, lokale Kulinarik und pure Erholung.<\/p><p class=\"p1\"><em>Dinner direkt am Meer | Eleganter Hafenflair | Ausblick auf Sa Dragonera<\/em><\/p>\t\t\t\t\t\t\t\t<\/div>\n\t\t\t\t<\/div>\n\t\t\t\t<div class=\"elementor-element elementor-element-fbf1597 elementor-mobile-align-center elementor-invisible elementor-widget elementor-widget-button\" data-id=\"fbf1597\" data-element_type=\"widget\" data-e-type=\"widget\" data-settings=\"{&quot;_animation&quot;:&quot;fadeIn&quot;}\" data-widget_type=\"button.default\">\n\t\t\t\t<div class=\"elementor-widget-container\">\n\t\t\t\t\t\t\t\t\t<div class=\"elementor-button-wrapper\">\n\t\t\t\t\t<a class=\"elementor-button elementor-button-link elementor-size-sm elementor-animation-grow\" href=\"https:\/\/select-agency.world\/de\/contact\/\">\n\t\t\t\t\t\t<span class=\"elementor-button-content-wrapper\">\n\t\t\t\t\t\t\t\t\t<span class=\"elementor-button-text\">Jetzt Ihre Auszeit planen<\/span>\n\t\t\t\t\t<\/span>\n\t\t\t\t\t<\/a>\n\t\t\t\t<\/div>\n\t\t\t\t\t\t\t\t<\/div>\n\t\t\t\t<\/div>\n\t\t\t\t\t<\/div>\n\t\t\t\t<\/div>\n\t\t<div class=\"elementor-element elementor-element-d8f471a e-flex e-con-boxed e-con e-parent\" data-id=\"d8f471a\" data-element_type=\"container\" data-e-type=\"container\" data-settings=\"{&quot;background_background&quot;:&quot;classic&quot;}\">\n\t\t\t\t\t<div class=\"e-con-inner\">\n\t\t<div class=\"elementor-element elementor-element-0f35318 e-con-full e-flex e-con e-child\" data-id=\"0f35318\" data-element_type=\"container\" data-e-type=\"container\">\n\t\t\t\t<div class=\"elementor-element elementor-element-cd0704d elementor-widget elementor-widget-image\" data-id=\"cd0704d\" data-element_type=\"widget\" data-e-type=\"widget\" data-widget_type=\"image.default\">\n\t\t\t\t<div class=\"elementor-widget-container\">\n\t\t\t\t\t\t\t\t\t\t\t\t\t\t\t<img loading=\"lazy\" decoding=\"async\" width=\"1920\" height=\"1280\" src=\"https:\/\/select-agency.world\/wp-content\/uploads\/2025\/04\/port-andratx-mallorca.webp\" class=\"attachment-full size-full wp-image-24367\" alt=\"Port d&#039;Andratx in Mallorca.\" srcset=\"https:\/\/select-agency.world\/wp-content\/uploads\/2025\/04\/port-andratx-mallorca.webp 1920w, https:\/\/select-agency.world\/wp-content\/uploads\/2025\/04\/port-andratx-mallorca-300x200.webp 300w, https:\/\/select-agency.world\/wp-content\/uploads\/2025\/04\/port-andratx-mallorca-1024x683.webp 1024w, https:\/\/select-agency.world\/wp-content\/uploads\/2025\/04\/port-andratx-mallorca-768x512.webp 768w, https:\/\/select-agency.world\/wp-content\/uploads\/2025\/04\/port-andratx-mallorca-1536x1024.webp 1536w, https:\/\/select-agency.world\/wp-content\/uploads\/2025\/04\/port-andratx-mallorca-18x12.webp 18w, https:\/\/select-agency.world\/wp-content\/uploads\/2025\/04\/port-andratx-mallorca-900x600.webp 900w, https:\/\/select-agency.world\/wp-content\/uploads\/2025\/04\/port-andratx-mallorca-496x331.webp 496w\" sizes=\"auto, (max-width: 1920px) 100vw, 1920px\" \/>\t\t\t\t\t\t\t\t\t\t\t\t\t\t\t<\/div>\n\t\t\t\t<\/div>\n\t\t\t\t<div class=\"elementor-element elementor-element-85acca9 elementor-widget elementor-widget-google_maps\" data-id=\"85acca9\" data-element_type=\"widget\" data-e-type=\"widget\" data-widget_type=\"google_maps.default\">\n\t\t\t\t<div class=\"elementor-widget-container\">\n\t\t\t\t\t\t\t<div class=\"elementor-custom-embed\">\n\t\t\t<iframe loading=\"lazy\"\n\t\t\t\t\tsrc=\"https:\/\/maps.google.com\/maps?q=Port%20d%27Andratx&#038;t=m&#038;z=11&#038;output=embed&#038;iwloc=near\"\n\t\t\t\t\ttitle=\"Port d&#039;Andratx\"\n\t\t\t\t\taria-label=\"Port d&#039;Andratx\"\n\t\t\t><\/iframe>\n\t\t<\/div>\n\t\t\t\t\t\t<\/div>\n\t\t\t\t<\/div>\n\t\t\t\t<\/div>\n\t\t<div class=\"elementor-element elementor-element-b856e5a e-con-full e-flex e-con e-child\" data-id=\"b856e5a\" data-element_type=\"container\" data-e-type=\"container\">\n\t\t\t\t<div class=\"elementor-element elementor-element-9d997a4 elementor-widget elementor-widget-heading\" data-id=\"9d997a4\" data-element_type=\"widget\" data-e-type=\"widget\" data-widget_type=\"heading.default\">\n\t\t\t\t<div class=\"elementor-widget-container\">\n\t\t\t\t\t<h2 class=\"elementor-heading-title elementor-size-default\">Day 1: Cala Llamp &amp; Port d\u2019Andratx<\/h2>\t\t\t\t<\/div>\n\t\t\t\t<\/div>\n\t\t\t\t<div class=\"elementor-element elementor-element-aeea7a8 elementor-widget elementor-widget-text-editor\" data-id=\"aeea7a8\" data-element_type=\"widget\" data-e-type=\"widget\" data-widget_type=\"text-editor.default\">\n\t\t\t\t<div class=\"elementor-widget-container\">\n\t\t\t\t\t\t\t\t\t<p>Ihr Abenteuer beginnt in Palma, wo Ihre private Yacht entlang der malerischen S\u00fcdwestk\u00fcste Mallorcas in See sticht. W\u00e4hrend Sie an dramatischen Klippen und pinienges\u00e4umten Ufern vorbeigleiten, bringt Sie Ihr Kapit\u00e4n zur Cala Llamp \u2013 einer beeindruckenden Bucht mit tiefblauem Wasser, felsigem Meeresgrund und herrlicher Ruhe. Hier bleibt Zeit zum Schwimmen, Schnorcheln oder f\u00fcr eine Runde Paddleboarding \u2013 ideal, um mit einem k\u00fchlen Getr\u00e4nk die Sonne Mallorcas zu genie\u00dfen.<\/p><p>Zum Mittagessen k\u00f6nnen Sie an Bord speisen oder sich im stilvollen <strong><a href=\"https:\/\/beachclubgranfolies.com\/en\/\" target=\"_blank\" rel=\"noopener\">Gran Folies Beach Club<\/a><\/strong>frischen Fisch und mediterrane Aromen servieren lassen \u2013 mit traumhaftem Blick \u00fcber die Bucht, hoch oben auf den Felsen.<\/p><p>Am Nachmittag geht es weiter zum Hafen von Port d\u2019Andratx \u2013 ein Lieblingsort unter Yachtbesitzern und Inselkennern. Nach dem Anlegen bleibt Zeit f\u00fcr einen Spaziergang durch die charmanten Gassen, einen Blick in die Boutiquen oder einen Aperitif mit Blick aufs Wasser.<\/p><p>Zum Abendessen stehen Ihnen mehrere exzellente Optionen offen. <strong><a href=\"https:\/\/launiversalandratx.com\" target=\"_blank\" rel=\"noopener\">La Universal<\/a><\/strong>, ein stilvolles und intimes Restaurant, das kreative, saisonale Gerichte in eleganter Lage direkt am Wasser serviert. Oder das <strong><a href=\"https:\/\/www.instagram.com\/umamifreshbistro\/\" target=\"_blank\" rel=\"noopener\">Umami Fresh Bistro<\/a><\/strong>, ein modernes Fusion-Konzept mit frischen, hochwertigen Zutaten und viel Geschmack.<\/p><p>Die Nacht verbringen Sie ruhig und komfortabel im gesch\u00fctzten Hafen von Port d\u2019Andratx \u2013 ein perfekter Ausklang f\u00fcr einen entspannten ersten Tag auf See.<\/p>\t\t\t\t\t\t\t\t<\/div>\n\t\t\t\t<\/div>\n\t\t\t\t<\/div>\n\t\t\t\t\t<\/div>\n\t\t\t\t<\/div>\n\t\t<div class=\"elementor-element elementor-element-93cdae9 e-flex e-con-boxed e-con e-parent\" data-id=\"93cdae9\" data-element_type=\"container\" data-e-type=\"container\" data-settings=\"{&quot;background_background&quot;:&quot;classic&quot;}\">\n\t\t\t\t\t<div class=\"e-con-inner\">\n\t\t<div class=\"elementor-element elementor-element-9db54df e-con-full e-flex e-con e-child\" data-id=\"9db54df\" data-element_type=\"container\" data-e-type=\"container\">\n\t\t\t\t<div class=\"elementor-element elementor-element-523f104 elementor-widget elementor-widget-heading\" data-id=\"523f104\" data-element_type=\"widget\" data-e-type=\"widget\" data-widget_type=\"heading.default\">\n\t\t\t\t<div class=\"elementor-widget-container\">\n\t\t\t\t\t<h2 class=\"elementor-heading-title elementor-size-default\">Day 2:  Sant Elm &amp; Return to Palma<\/h2>\t\t\t\t<\/div>\n\t\t\t\t<\/div>\n\t\t\t\t<div class=\"elementor-element elementor-element-fe7a5a5 elementor-widget elementor-widget-text-editor\" data-id=\"fe7a5a5\" data-element_type=\"widget\" data-e-type=\"widget\" data-widget_type=\"text-editor.default\">\n\t\t\t\t<div class=\"elementor-widget-container\">\n\t\t\t\t\t\t\t\t\t<p>Nach einem entspannten Fr\u00fchst\u00fcck an Bord nehmen Sie Kurs auf Sant Elm, ein ruhiges K\u00fcstendorf am westlichsten Punkt Mallorcas. Mit dem rauen Profil der vorgelagerten Insel Sa Dragonera bietet dieser Teil der K\u00fcste eine herrlich nat\u00fcrliche Kulisse \u2013 fernab vom Trubel. Genie\u00dfen Sie ein morgendliches Bad im klaren Wasser, eine Runde auf dem Paddleboard oder erkunden Sie die Umgebung per Tender.<\/p><p class=\"p1\">Zum Mittagessen an Land empfehlen wir <a href=\"https:\/\/esraor.es\/en\/\" target=\"_blank\" rel=\"noopener\"><span class=\"s1\"><b>Es Raor<\/b><\/span><\/a>, ein charmantes Strandrestaurant mit frischem Fisch und traumhaftem Meerblick. Oder <a href=\"https:\/\/www.calaconills.com\" target=\"_blank\" rel=\"noopener\"><span class=\"s1\"><b>Cala Conills<\/b><\/span><\/a> , mit entspannter Atmosph\u00e4re, stilvollem Ambiente und einer kreativen mediterranen K\u00fcche \u2013 beide Optionen sind ausgezeichnet, je nach Lust und Laune. Gerne \u00fcbernehmen wir die Reservierung f\u00fcr Sie.<\/p><p>Am Nachmittag geht es zur\u00fcck entlang der K\u00fcste in Richtung Palma \u2013 vielleicht mit einem letzten Badestopp in einer ruhigen Bucht. Am fr\u00fchen Abend laufen Sie wieder im Hafen ein \u2013 erholt, entspannt und mit vielen Eindr\u00fccken der sch\u00f6nsten Seiten der mallorquinischen Westk\u00fcste.<\/p>\t\t\t\t\t\t\t\t<\/div>\n\t\t\t\t<\/div>\n\t\t\t\t<\/div>\n\t\t<div class=\"elementor-element elementor-element-c0383d9 e-con-full e-flex e-con e-child\" data-id=\"c0383d9\" data-element_type=\"container\" data-e-type=\"container\">\n\t\t\t\t<div class=\"elementor-element elementor-element-129dff4 elementor-widget elementor-widget-image\" data-id=\"129dff4\" data-element_type=\"widget\" data-e-type=\"widget\" data-widget_type=\"image.default\">\n\t\t\t\t<div class=\"elementor-widget-container\">\n\t\t\t\t\t\t\t\t\t\t\t\t\t\t\t<img loading=\"lazy\" decoding=\"async\" width=\"1920\" height=\"1280\" src=\"https:\/\/select-agency.world\/wp-content\/uploads\/2025\/04\/sa-dragonera-mallorca.webp\" class=\"attachment-full size-full wp-image-24369\" alt=\"Island of Sa Dragonera in Mallorca.\" srcset=\"https:\/\/select-agency.world\/wp-content\/uploads\/2025\/04\/sa-dragonera-mallorca.webp 1920w, https:\/\/select-agency.world\/wp-content\/uploads\/2025\/04\/sa-dragonera-mallorca-300x200.webp 300w, https:\/\/select-agency.world\/wp-content\/uploads\/2025\/04\/sa-dragonera-mallorca-1024x683.webp 1024w, https:\/\/select-agency.world\/wp-content\/uploads\/2025\/04\/sa-dragonera-mallorca-768x512.webp 768w, https:\/\/select-agency.world\/wp-content\/uploads\/2025\/04\/sa-dragonera-mallorca-1536x1024.webp 1536w, https:\/\/select-agency.world\/wp-content\/uploads\/2025\/04\/sa-dragonera-mallorca-18x12.webp 18w, https:\/\/select-agency.world\/wp-content\/uploads\/2025\/04\/sa-dragonera-mallorca-900x600.webp 900w, https:\/\/select-agency.world\/wp-content\/uploads\/2025\/04\/sa-dragonera-mallorca-496x331.webp 496w\" sizes=\"auto, (max-width: 1920px) 100vw, 1920px\" \/>\t\t\t\t\t\t\t\t\t\t\t\t\t\t\t<\/div>\n\t\t\t\t<\/div>\n\t\t\t\t<\/div>\n\t\t\t\t\t<\/div>\n\t\t\t\t<\/div>\n\t\t<div class=\"elementor-element elementor-element-31a84fa animated-slow e-flex e-con-boxed elementor-invisible e-con e-parent\" data-id=\"31a84fa\" data-element_type=\"container\" data-e-type=\"container\" data-settings=\"{&quot;background_background&quot;:&quot;classic&quot;,&quot;animation&quot;:&quot;fadeIn&quot;}\">\n\t\t\t\t\t<div class=\"e-con-inner\">\n\t\t<div class=\"elementor-element elementor-element-9b06bf0 e-con-full e-flex e-con e-child\" data-id=\"9b06bf0\" data-element_type=\"container\" data-e-type=\"container\">\n\t\t\t\t<div class=\"elementor-element elementor-element-bf27389 elementor-widget elementor-widget-heading\" data-id=\"bf27389\" data-element_type=\"widget\" data-e-type=\"widget\" data-widget_type=\"heading.default\">\n\t\t\t\t<div class=\"elementor-widget-container\">\n\t\t\t\t\t<h4 class=\"elementor-heading-title elementor-size-default\">Gestalten Sie Ihr pers\u00f6nliches Erlebnis<\/h4>\t\t\t\t<\/div>\n\t\t\t\t<\/div>\n\t\t\t\t<div class=\"elementor-element elementor-element-a8eb06d elementor-widget elementor-widget-text-editor\" data-id=\"a8eb06d\" data-element_type=\"widget\" data-e-type=\"widget\" data-widget_type=\"text-editor.default\">\n\t\t\t\t<div class=\"elementor-widget-container\">\n\t\t\t\t\t\t\t\t\t<p class=\"p1\">Bereit f\u00fcr Mallorcas Westk\u00fcste? Wir gestalten diese 2-t\u00e4gige Auszeit ganz nach Ihren W\u00fcnschen \u2013 von Restaurantreservierungen bis hin zu kulinarischen Highlights an Bord und individuellen Extras.<\/p>\t\t\t\t\t\t\t\t<\/div>\n\t\t\t\t<\/div>\n\t\t\t\t<div class=\"elementor-element elementor-element-87add1e elementor-align-justify elementor-mobile-align-center elementor-invisible elementor-widget elementor-widget-button\" data-id=\"87add1e\" data-element_type=\"widget\" data-e-type=\"widget\" data-settings=\"{&quot;_animation&quot;:&quot;fadeIn&quot;}\" data-widget_type=\"button.default\">\n\t\t\t\t<div class=\"elementor-widget-container\">\n\t\t\t\t\t\t\t\t\t<div class=\"elementor-button-wrapper\">\n\t\t\t\t\t<a class=\"elementor-button elementor-button-link elementor-size-sm elementor-animation-grow\" href=\"https:\/\/select-agency.world\/de\/contact\/\">\n\t\t\t\t\t\t<span class=\"elementor-button-content-wrapper\">\n\t\t\t\t\t\t\t\t\t<span class=\"elementor-button-text\">Pers\u00f6nliches Angebot anfordern<\/span>\n\t\t\t\t\t<\/span>\n\t\t\t\t\t<\/a>\n\t\t\t\t<\/div>\n\t\t\t\t\t\t\t\t<\/div>\n\t\t\t\t<\/div>\n\t\t\t\t<\/div>\n\t\t\t\t\t<\/div>\n\t\t\t\t<\/div>\n\t\t\t\t<\/div>","protected":false},"excerpt":{"rendered":"<p>West Coast Getaway 2-Day Cruise on Mallorca\u2019s West Coast: Scenic Bays &amp; Seaside Towns Discover a stunning stretch of Mallorca\u2019s coastline on this 2-day yacht charter. Departing from Palma, you\u2019ll explore the turquoise waters of Cala Llamp, enjoy a relaxed overnight stay in glamorous Port d\u2019Andratx, and wake up to the peaceful charm of Sant [&hellip;]<\/p>\n","protected":false},"author":1,"featured_media":24367,"parent":23410,"menu_order":0,"comment_status":"closed","ping_status":"closed","template":"elementor_header_footer","meta":{"footnotes":""},"class_list":["post-24362","page","type-page","status-publish","has-post-thumbnail","hentry"],"aioseo_notices":[],"_links":{"self":[{"href":"https:\/\/select-agency.world\/de\/wp-json\/wp\/v2\/pages\/24362","targetHints":{"allow":["GET"]}}],"collection":[{"href":"https:\/\/select-agency.world\/de\/wp-json\/wp\/v2\/pages"}],"about":[{"href":"https:\/\/select-agency.world\/de\/wp-json\/wp\/v2\/types\/page"}],"author":[{"embeddable":true,"href":"https:\/\/select-agency.world\/de\/wp-json\/wp\/v2\/users\/1"}],"replies":[{"embeddable":true,"href":"https:\/\/select-agency.world\/de\/wp-json\/wp\/v2\/comments?post=24362"}],"version-history":[{"count":0,"href":"https:\/\/select-agency.world\/de\/wp-json\/wp\/v2\/pages\/24362\/revisions"}],"up":[{"embeddable":true,"href":"https:\/\/select-agency.world\/de\/wp-json\/wp\/v2\/pages\/23410"}],"wp:featuredmedia":[{"embeddable":true,"href":"https:\/\/select-agency.world\/de\/wp-json\/wp\/v2\/media\/24367"}],"wp:attachment":[{"href":"https:\/\/select-agency.world\/de\/wp-json\/wp\/v2\/media?parent=24362"}],"curies":[{"name":"wp","href":"https:\/\/api.w.org\/{rel}","templated":true}]}}