{"id":24381,"date":"2025-04-14T14:04:47","date_gmt":"2025-04-14T13:04:47","guid":{"rendered":"https:\/\/select-agency.world\/?page_id=24381"},"modified":"2026-03-31T10:43:21","modified_gmt":"2026-03-31T09:43:21","slug":"port-soller","status":"publish","type":"page","link":"https:\/\/select-agency.world\/de\/yachting\/itineraries\/port-soller\/","title":{"rendered":"Itinerary Port de Soller"},"content":{"rendered":"<div data-elementor-type=\"wp-page\" data-elementor-id=\"24381\" class=\"elementor elementor-24381\">\n\t\t\t\t<div class=\"elementor-element elementor-element-6395f2e animated-slow e-flex e-con-boxed elementor-invisible e-con e-parent\" data-id=\"6395f2e\" data-element_type=\"container\" data-e-type=\"container\" data-settings=\"{&quot;background_background&quot;:&quot;classic&quot;,&quot;animation&quot;:&quot;fadeIn&quot;}\">\n\t\t\t\t\t<div class=\"e-con-inner\">\n\t\t<div class=\"elementor-element elementor-element-98e4146 e-con-full e-flex e-con e-child\" data-id=\"98e4146\" data-element_type=\"container\" data-e-type=\"container\">\n\t\t\t\t<div class=\"elementor-element elementor-element-03c051f elementor-invisible elementor-widget elementor-widget-heading\" data-id=\"03c051f\" data-element_type=\"widget\" data-e-type=\"widget\" data-settings=\"{&quot;_animation&quot;:&quot;fadeInDown&quot;}\" data-widget_type=\"heading.default\">\n\t\t\t\t<div class=\"elementor-widget-container\">\n\t\t\t\t\t<h1 class=\"elementor-heading-title elementor-size-default\">Tramuntana vom Meer aus<\/h1>\t\t\t\t<\/div>\n\t\t\t\t<\/div>\n\t\t\t\t<\/div>\n\t\t\t\t\t<\/div>\n\t\t\t\t<\/div>\n\t\t<div class=\"elementor-element elementor-element-ff2847f e-flex e-con-boxed e-con e-parent\" data-id=\"ff2847f\" data-element_type=\"container\" data-e-type=\"container\" data-settings=\"{&quot;background_background&quot;:&quot;classic&quot;}\">\n\t\t\t\t\t<div class=\"e-con-inner\">\n\t\t\t\t<div class=\"elementor-element elementor-element-8d21595 elementor-widget__width-initial elementor-invisible elementor-widget elementor-widget-heading\" data-id=\"8d21595\" data-element_type=\"widget\" data-e-type=\"widget\" data-settings=\"{&quot;_animation&quot;:&quot;fadeInUp&quot;}\" data-widget_type=\"heading.default\">\n\t\t\t\t<div class=\"elementor-widget-container\">\n\t\t\t\t\t<h2 class=\"elementor-heading-title elementor-size-default\">4-t\u00e4giger Yachtcharter: Die Westk\u00fcste Mallorcas entdecken<\/h2>\t\t\t\t<\/div>\n\t\t\t\t<\/div>\n\t\t\t\t<div class=\"elementor-element elementor-element-6ae15fb6 elementor-widget__width-initial elementor-invisible elementor-widget elementor-widget-text-editor\" data-id=\"6ae15fb6\" data-element_type=\"widget\" data-e-type=\"widget\" data-settings=\"{&quot;_animation&quot;:&quot;fadeInUp&quot;}\" data-widget_type=\"text-editor.default\">\n\t\t\t\t<div class=\"elementor-widget-container\">\n\t\t\t\t\t\t\t\t\t<p class=\"p1\">Erleben Sie Mallorcas ber\u00fchmteste K\u00fcstenlinie auf dieser exklusiven viert\u00e4gigen Yachtroute. Stilvolle H\u00e4fen, versteckte Buchten, eindrucksvolle Steilk\u00fcsten und charmante Fischerd\u00f6rfer machen diese Reise zu einer idealen Kombination aus Freiheit auf dem Wasser und den Highlights der Westk\u00fcste. Genie\u00dfen Sie feines Essen, schwimmen Sie im t\u00fcrkisblauen Meer und schlafen Sie unter dem Sternenhimmel \u2013 ein mediterraner Kurzurlaub, wie er im Buche steht.<\/p><p class=\"p1\"><em>Aussichtsreiches Cruising | Authentische Orte | Kulinarische Highlights<\/em><\/p>\t\t\t\t\t\t\t\t<\/div>\n\t\t\t\t<\/div>\n\t\t\t\t<div class=\"elementor-element elementor-element-fbf1597 elementor-mobile-align-center elementor-invisible elementor-widget elementor-widget-button\" data-id=\"fbf1597\" data-element_type=\"widget\" data-e-type=\"widget\" data-settings=\"{&quot;_animation&quot;:&quot;fadeIn&quot;}\" data-widget_type=\"button.default\">\n\t\t\t\t<div class=\"elementor-widget-container\">\n\t\t\t\t\t\t\t\t\t<div class=\"elementor-button-wrapper\">\n\t\t\t\t\t<a class=\"elementor-button elementor-button-link elementor-size-sm elementor-animation-grow\" href=\"https:\/\/select-agency.world\/de\/contact\/\">\n\t\t\t\t\t\t<span class=\"elementor-button-content-wrapper\">\n\t\t\t\t\t\t\t\t\t<span class=\"elementor-button-text\">Planen Sie Ihre Mallorca-Auszeit<\/span>\n\t\t\t\t\t<\/span>\n\t\t\t\t\t<\/a>\n\t\t\t\t<\/div>\n\t\t\t\t\t\t\t\t<\/div>\n\t\t\t\t<\/div>\n\t\t\t\t\t<\/div>\n\t\t\t\t<\/div>\n\t\t<div class=\"elementor-element elementor-element-d8f471a e-flex e-con-boxed e-con e-parent\" data-id=\"d8f471a\" data-element_type=\"container\" data-e-type=\"container\" data-settings=\"{&quot;background_background&quot;:&quot;classic&quot;}\">\n\t\t\t\t\t<div class=\"e-con-inner\">\n\t\t<div class=\"elementor-element elementor-element-0f35318 e-con-full e-flex e-con e-child\" data-id=\"0f35318\" data-element_type=\"container\" data-e-type=\"container\">\n\t\t\t\t<div class=\"elementor-element elementor-element-cd0704d elementor-widget elementor-widget-image\" data-id=\"cd0704d\" data-element_type=\"widget\" data-e-type=\"widget\" data-widget_type=\"image.default\">\n\t\t\t\t<div class=\"elementor-widget-container\">\n\t\t\t\t\t\t\t\t\t\t\t\t\t\t\t<img loading=\"lazy\" decoding=\"async\" width=\"1920\" height=\"1280\" src=\"https:\/\/select-agency.world\/wp-content\/uploads\/2025\/04\/sunset-port-andratx-mallorca.webp\" class=\"attachment-full size-full wp-image-24368\" alt=\"Sunset in Port d&#039;Andratx in Mallorca.\" srcset=\"https:\/\/select-agency.world\/wp-content\/uploads\/2025\/04\/sunset-port-andratx-mallorca.webp 1920w, https:\/\/select-agency.world\/wp-content\/uploads\/2025\/04\/sunset-port-andratx-mallorca-300x200.webp 300w, https:\/\/select-agency.world\/wp-content\/uploads\/2025\/04\/sunset-port-andratx-mallorca-1024x683.webp 1024w, https:\/\/select-agency.world\/wp-content\/uploads\/2025\/04\/sunset-port-andratx-mallorca-768x512.webp 768w, https:\/\/select-agency.world\/wp-content\/uploads\/2025\/04\/sunset-port-andratx-mallorca-1536x1024.webp 1536w, https:\/\/select-agency.world\/wp-content\/uploads\/2025\/04\/sunset-port-andratx-mallorca-18x12.webp 18w, https:\/\/select-agency.world\/wp-content\/uploads\/2025\/04\/sunset-port-andratx-mallorca-900x600.webp 900w, https:\/\/select-agency.world\/wp-content\/uploads\/2025\/04\/sunset-port-andratx-mallorca-496x331.webp 496w\" sizes=\"auto, (max-width: 1920px) 100vw, 1920px\" \/>\t\t\t\t\t\t\t\t\t\t\t\t\t\t\t<\/div>\n\t\t\t\t<\/div>\n\t\t\t\t<\/div>\n\t\t<div class=\"elementor-element elementor-element-b856e5a e-con-full e-flex e-con e-child\" data-id=\"b856e5a\" data-element_type=\"container\" data-e-type=\"container\">\n\t\t\t\t<div class=\"elementor-element elementor-element-9d997a4 elementor-widget elementor-widget-heading\" data-id=\"9d997a4\" data-element_type=\"widget\" data-e-type=\"widget\" data-widget_type=\"heading.default\">\n\t\t\t\t<div class=\"elementor-widget-container\">\n\t\t\t\t\t<h2 class=\"elementor-heading-title elementor-size-default\">Day 1: Cala Llamp &amp; Port d\u2019Andratx<\/h2>\t\t\t\t<\/div>\n\t\t\t\t<\/div>\n\t\t\t\t<div class=\"elementor-element elementor-element-aeea7a8 elementor-widget elementor-widget-text-editor\" data-id=\"aeea7a8\" data-element_type=\"widget\" data-e-type=\"widget\" data-widget_type=\"text-editor.default\">\n\t\t\t\t<div class=\"elementor-widget-container\">\n\t\t\t\t\t\t\t\t\t<p>Ihr Charter beginnt in Palma und f\u00fchrt Sie entlang der felsigen S\u00fcdwestk\u00fcste bis nach Cala Llamp. Diese gesch\u00fctzte Bucht begeistert mit tiefblauem Wasser und idealen Bedingungen zum Schwimmen, Schnorcheln oder Stand-up-Paddeln.<\/p><p>Genie\u00dfen Sie ein entspanntes Mittagessen an Bord \u2013 oder wir reservieren Ihnen gerne einen Tisch im <strong><a href=\"https:\/\/beachclubgranfolies.com\/en\/\" target=\"_blank\" rel=\"noopener\">Gran Folies Beach Club<\/a><\/strong>, der f\u00fcr seine spektakul\u00e4re Aussicht und frische K\u00fcche bekannt ist.<\/p><p>Am Nachmittag erreichen Sie Port d\u2019Andratx \u2013 eines der elegantesten Hafenst\u00e4dtchen Mallorcas. Schlendern Sie durch die Boutiquen oder genie\u00dfen Sie einen Aperitif, bevor Sie in einem unserer empfohlenen Restaurants zu Abend essen:<strong><a href=\"https:\/\/launiversalandratx.com\" target=\"_blank\" rel=\"noopener\"> La Universal<\/a><\/strong>\u00a0\u2013 mediterrane K\u00fcche mit modernem Touch in stilvollem Ambiente oder <strong><a href=\"https:\/\/www.instagram.com\/umamifreshbistro\/\" target=\"_blank\" rel=\"noopener\">Umami Fresh Bistro<\/a><\/strong>&nbsp;\u2013 moderne Fusion-K\u00fcche mit frischen, hochwertigen Zutaten.<\/p><p>Die Nacht verbringen Sie im ruhigen Yachthafen von Port d\u2019Andratx.<\/p>\t\t\t\t\t\t\t\t<\/div>\n\t\t\t\t<\/div>\n\t\t\t\t<\/div>\n\t\t\t\t\t<\/div>\n\t\t\t\t<\/div>\n\t\t<div class=\"elementor-element elementor-element-93cdae9 e-flex e-con-boxed e-con e-parent\" data-id=\"93cdae9\" data-element_type=\"container\" data-e-type=\"container\" data-settings=\"{&quot;background_background&quot;:&quot;classic&quot;}\">\n\t\t\t\t\t<div class=\"e-con-inner\">\n\t\t<div class=\"elementor-element elementor-element-9db54df e-con-full e-flex e-con e-child\" data-id=\"9db54df\" data-element_type=\"container\" data-e-type=\"container\">\n\t\t\t\t<div class=\"elementor-element elementor-element-523f104 elementor-widget elementor-widget-heading\" data-id=\"523f104\" data-element_type=\"widget\" data-e-type=\"widget\" data-widget_type=\"heading.default\">\n\t\t\t\t<div class=\"elementor-widget-container\">\n\t\t\t\t\t<h2 class=\"elementor-heading-title elementor-size-default\">Day 2:  Sa Foradada &amp; Port de S\u00f3ller<\/h2>\t\t\t\t<\/div>\n\t\t\t\t<\/div>\n\t\t\t\t<div class=\"elementor-element elementor-element-fe7a5a5 elementor-widget elementor-widget-text-editor\" data-id=\"fe7a5a5\" data-element_type=\"widget\" data-e-type=\"widget\" data-widget_type=\"text-editor.default\">\n\t\t\t\t<div class=\"elementor-widget-container\">\n\t\t\t\t\t\t\t\t\t<p>Nach dem Fr\u00fchst\u00fcck an Bord fahren Sie weiter Richtung Norden entlang der wilden Tramuntana-K\u00fcste \u2013 bis zur markanten Felsformation Sa Foradada, einem der spektakul\u00e4rsten Ankerpl\u00e4tze Mallorcas.<\/p><p>Zum Mittagessen haben Sie die Wahl, bleiben Sie an Bord oder genie\u00dfen Sie die K\u00fcche in einem der beiden beliebten Klippenrestaurants. <strong><a href=\"https:\/\/restaurantesaforadada.com\" target=\"_blank\" rel=\"noopener\">Restaurante Sa Foradada<\/a><\/strong>&nbsp;\u2013 ein rustikales Lokal, nur zu Fu\u00df oder per Boot erreichbar, ber\u00fchmt f\u00fcr seine Paella vom offenen Feuer,\noder <strong><a href=\"https:\/\/www.instagram.com\/caspatromarch\/\" target=\"_blank\" rel=\"noopener\">Ca&#8217;s Patr\u00f3 March<\/a><\/strong>&nbsp;\u2013 durch das Fernsehen bekannt geworden und malerisch auf den Felsen \u00fcber der Cala Dei\u00e0 gelegen.\u00a0<\/p><p>Am Nachmittag setzen Sie Ihre Fahrt fort nach Port de S\u00f3ller, einem charmanten Hafenst\u00e4dtchen, das von Bergen eingerahmt ist und mit seiner Mischung aus lokalem Flair und Boutique-Charme begeistert.<\/p><p class=\"p1\">Zum Abendessen empfehlen wir <a href=\"https:\/\/www.jumeirah.com\/en\/stay\/mallorca\/jumeirah-port-soller-hotel-and-spa\/dining\/port-soller-cap-roig-brasserie\" target=\"_blank\" rel=\"noopener\"><strong>Cap Roig Brasserie<\/strong><\/a> (im Jumeirah Hotel), die elegante mediterrane Gerichte mit Schwerpunkt auf frischem Fisch und Meeresfr\u00fcchten sowie einem beeindruckenden Panoramablick auf das Meer bietet, oder <a href=\"https:\/\/www.instagram.com\/sabarcaportdesoller\/\" target=\"_blank\" rel=\"noopener\"><strong><span class=\"s1\">Sa Barca<\/span><\/strong><\/a>\u2013 ein stilvolles, modernes Restaurant direkt am Wasser mit kreativen mediterranen Gerichten und sch\u00f6nem Blick auf den Hafen. Die Nacht verbringen Sie komfortabel vert\u00e4ut in Port de S\u00f3ller.<\/p>\t\t\t\t\t\t\t\t<\/div>\n\t\t\t\t<\/div>\n\t\t\t\t<\/div>\n\t\t<div class=\"elementor-element elementor-element-c0383d9 e-con-full e-flex e-con e-child\" data-id=\"c0383d9\" data-element_type=\"container\" data-e-type=\"container\">\n\t\t\t\t<div class=\"elementor-element elementor-element-129dff4 elementor-widget elementor-widget-image\" data-id=\"129dff4\" data-element_type=\"widget\" data-e-type=\"widget\" data-widget_type=\"image.default\">\n\t\t\t\t<div class=\"elementor-widget-container\">\n\t\t\t\t\t\t\t\t\t\t\t\t\t\t\t<img loading=\"lazy\" decoding=\"async\" width=\"1920\" height=\"1280\" src=\"https:\/\/select-agency.world\/wp-content\/uploads\/2025\/04\/port-soller-mallorca.webp\" class=\"attachment-full size-full wp-image-24386\" alt=\"Port de Soller in Mallorca.\" srcset=\"https:\/\/select-agency.world\/wp-content\/uploads\/2025\/04\/port-soller-mallorca.webp 1920w, https:\/\/select-agency.world\/wp-content\/uploads\/2025\/04\/port-soller-mallorca-300x200.webp 300w, https:\/\/select-agency.world\/wp-content\/uploads\/2025\/04\/port-soller-mallorca-1024x683.webp 1024w, https:\/\/select-agency.world\/wp-content\/uploads\/2025\/04\/port-soller-mallorca-768x512.webp 768w, https:\/\/select-agency.world\/wp-content\/uploads\/2025\/04\/port-soller-mallorca-1536x1024.webp 1536w, https:\/\/select-agency.world\/wp-content\/uploads\/2025\/04\/port-soller-mallorca-18x12.webp 18w, https:\/\/select-agency.world\/wp-content\/uploads\/2025\/04\/port-soller-mallorca-900x600.webp 900w, https:\/\/select-agency.world\/wp-content\/uploads\/2025\/04\/port-soller-mallorca-496x331.webp 496w\" sizes=\"auto, (max-width: 1920px) 100vw, 1920px\" \/>\t\t\t\t\t\t\t\t\t\t\t\t\t\t\t<\/div>\n\t\t\t\t<\/div>\n\t\t\t\t<\/div>\n\t\t\t\t\t<\/div>\n\t\t\t\t<\/div>\n\t\t<div class=\"elementor-element elementor-element-e5ad687 e-flex e-con-boxed e-con e-parent\" data-id=\"e5ad687\" data-element_type=\"container\" data-e-type=\"container\" data-settings=\"{&quot;background_background&quot;:&quot;classic&quot;}\">\n\t\t\t\t\t<div class=\"e-con-inner\">\n\t\t<div class=\"elementor-element elementor-element-1c26c52 e-con-full e-flex e-con e-child\" data-id=\"1c26c52\" data-element_type=\"container\" data-e-type=\"container\">\n\t\t\t\t<div class=\"elementor-element elementor-element-fa06701 elementor-widget elementor-widget-image\" data-id=\"fa06701\" data-element_type=\"widget\" data-e-type=\"widget\" data-widget_type=\"image.default\">\n\t\t\t\t<div class=\"elementor-widget-container\">\n\t\t\t\t\t\t\t\t\t\t\t\t\t\t\t<img loading=\"lazy\" decoding=\"async\" width=\"1920\" height=\"1280\" src=\"https:\/\/select-agency.world\/wp-content\/uploads\/2025\/04\/sa-calobra-mallorca.webp\" class=\"attachment-full size-full wp-image-24387\" alt=\"Sa Calobra in Mallorca.\" srcset=\"https:\/\/select-agency.world\/wp-content\/uploads\/2025\/04\/sa-calobra-mallorca.webp 1920w, https:\/\/select-agency.world\/wp-content\/uploads\/2025\/04\/sa-calobra-mallorca-300x200.webp 300w, https:\/\/select-agency.world\/wp-content\/uploads\/2025\/04\/sa-calobra-mallorca-1024x683.webp 1024w, https:\/\/select-agency.world\/wp-content\/uploads\/2025\/04\/sa-calobra-mallorca-768x512.webp 768w, https:\/\/select-agency.world\/wp-content\/uploads\/2025\/04\/sa-calobra-mallorca-1536x1024.webp 1536w, https:\/\/select-agency.world\/wp-content\/uploads\/2025\/04\/sa-calobra-mallorca-18x12.webp 18w, https:\/\/select-agency.world\/wp-content\/uploads\/2025\/04\/sa-calobra-mallorca-900x600.webp 900w, https:\/\/select-agency.world\/wp-content\/uploads\/2025\/04\/sa-calobra-mallorca-496x331.webp 496w\" sizes=\"auto, (max-width: 1920px) 100vw, 1920px\" \/>\t\t\t\t\t\t\t\t\t\t\t\t\t\t\t<\/div>\n\t\t\t\t<\/div>\n\t\t\t\t<\/div>\n\t\t<div class=\"elementor-element elementor-element-5efca89 e-con-full e-flex e-con e-child\" data-id=\"5efca89\" data-element_type=\"container\" data-e-type=\"container\">\n\t\t\t\t<div class=\"elementor-element elementor-element-c9b22a4 elementor-widget elementor-widget-heading\" data-id=\"c9b22a4\" data-element_type=\"widget\" data-e-type=\"widget\" data-widget_type=\"heading.default\">\n\t\t\t\t<div class=\"elementor-widget-container\">\n\t\t\t\t\t<h2 class=\"elementor-heading-title elementor-size-default\">Day 3: Sa Calobra &amp; Sant Elm<\/h2>\t\t\t\t<\/div>\n\t\t\t\t<\/div>\n\t\t\t\t<div class=\"elementor-element elementor-element-aa4f611 elementor-widget elementor-widget-text-editor\" data-id=\"aa4f611\" data-element_type=\"widget\" data-e-type=\"widget\" data-widget_type=\"text-editor.default\">\n\t\t\t\t<div class=\"elementor-widget-container\">\n\t\t\t\t\t\t\t\t\t<p>Nach dem Fr\u00fchst\u00fcck nehmen Sie Kurs auf Sa Calobra \u2013 einer der beeindruckendsten Naturspots Mallorcas. Eingebettet zwischen steilen Felsw\u00e4nden f\u00fchrt diese Bucht zum Eingang des Torrent de Pareis, einer dramatischen Schlucht, die direkt ins Meer m\u00fcndet. Ideal zum Schwimmen, f\u00fcr Fotos und um die wilde Sch\u00f6nheit der Tramuntana-K\u00fcste in vollen Z\u00fcgen zu genie\u00dfen.<\/p><p>Das Mittagessen genie\u00dfen Sie ganz entspannt an Bord \u2013 umgeben von unber\u00fchrter Natur \u2013 bevor Sie sich auf den Weg in den S\u00fcden nach Sant Elm machen.<\/p><p>Dieses ruhige Dorf am westlichsten Zipfel der Insel bietet einen traumhaften Blick auf Sa Dragonera, eine gesch\u00fctzte Insel und Naturpark. F\u00fcr die Nacht machen Sie an einer Boje vor der K\u00fcste fest. Zum Abendessen empfehlen wir <strong><a href=\"https:\/\/esraor.es\/en\/\" target=\"_blank\" rel=\"noopener\">Es Raor<\/a><\/strong>&nbsp;\u2013 frischer Fisch mit Aussicht,\noder <strong><a href=\"https:\/\/www.calaconills.com\" target=\"_blank\" rel=\"noopener\">Cala Conills<\/a><\/strong>\u00a0\u2013 l\u00e4ssig-elegantes Ambiente mit Sonnenuntergang und Meerblick.<\/p><p>Genie\u00dfen Sie die Ruhe der Nacht auf See \u2013 in dieser ganz besonderen, fast magischen Umgebung.<\/p>\t\t\t\t\t\t\t\t<\/div>\n\t\t\t\t<\/div>\n\t\t\t\t<\/div>\n\t\t\t\t\t<\/div>\n\t\t\t\t<\/div>\n\t\t<div class=\"elementor-element elementor-element-2e692f0 e-flex e-con-boxed e-con e-parent\" data-id=\"2e692f0\" data-element_type=\"container\" data-e-type=\"container\" data-settings=\"{&quot;background_background&quot;:&quot;classic&quot;}\">\n\t\t\t\t\t<div class=\"e-con-inner\">\n\t\t<div class=\"elementor-element elementor-element-f319f51 e-con-full e-flex e-con e-child\" data-id=\"f319f51\" data-element_type=\"container\" data-e-type=\"container\">\n\t\t\t\t<div class=\"elementor-element elementor-element-2c24699 elementor-widget elementor-widget-heading\" data-id=\"2c24699\" data-element_type=\"widget\" data-e-type=\"widget\" data-widget_type=\"heading.default\">\n\t\t\t\t<div class=\"elementor-widget-container\">\n\t\t\t\t\t<h2 class=\"elementor-heading-title elementor-size-default\">Day 4:  Camp de Mar &amp; Palma<\/h2>\t\t\t\t<\/div>\n\t\t\t\t<\/div>\n\t\t\t\t<div class=\"elementor-element elementor-element-a7136cb elementor-widget elementor-widget-text-editor\" data-id=\"a7136cb\" data-element_type=\"widget\" data-e-type=\"widget\" data-widget_type=\"text-editor.default\">\n\t\t\t\t<div class=\"elementor-widget-container\">\n\t\t\t\t\t\t\t\t\t<p>Nach einer ruhigen Nacht an der Boje beginnen Sie den Tag mit einem erfrischenden Bad oder einem Kaffee an Deck \u2013 umgeben von der friedlichen Atmosph\u00e4re Sant Elms und dem Blick auf Sa Dragonera.<\/p><p>Anschlie\u00dfend fahren Sie gem\u00fctlich entlang der S\u00fcdwestk\u00fcste zur\u00fcck \u2013 mit einem Stopp in Camp de Mar, einer gesch\u00fctzten Bucht mit t\u00fcrkisfarbenem Wasser und einem ganz besonderen Highlight: einem Restaurant auf einer kleinen Insel mitten im Meer.<\/p><p>Zum Mittagessen haben Sie die Wahl zwischen zwei charmanten Optionen, <strong><a href=\"https:\/\/illeta.com\" target=\"_blank\" rel=\"noopener\">Restaurant Sa Illeta<\/a><\/strong>&nbsp;\u2013 auf einer kleinen Insel gelegen, \u00fcber eine Fu\u00dfbr\u00fccke erreichbar, serviert frischen Fisch und mallorquinische Spezialit\u00e4ten direkt \u00fcber dem Wasser,\noder <strong><a href=\"https:\/\/maria5.com\/restaurantes\/maria-5-beach\/\" target=\"_blank\" rel=\"noopener\">Maria 5 Beach<\/a><\/strong>\u00a0\u2013 ein stilvolles Strandrestaurant mit entspannter Atmosph\u00e4re, kreativer Fusionsk\u00fcche und tollen Cocktails.<\/p><p>Nach dem Essen und einem letzten Sprung ins Meer setzen Sie Ihre Fahrt fort und erreichen Palma am sp\u00e4ten Nachmittag \u2013 im Gep\u00e4ck: unvergessliche Eindr\u00fccke von Mallorcas Westk\u00fcste.<\/p>\t\t\t\t\t\t\t\t<\/div>\n\t\t\t\t<\/div>\n\t\t\t\t<\/div>\n\t\t<div class=\"elementor-element elementor-element-4d69007 e-con-full e-flex e-con e-child\" data-id=\"4d69007\" data-element_type=\"container\" data-e-type=\"container\">\n\t\t\t\t<div class=\"elementor-element elementor-element-25081f3 elementor-widget elementor-widget-image\" data-id=\"25081f3\" data-element_type=\"widget\" data-e-type=\"widget\" data-widget_type=\"image.default\">\n\t\t\t\t<div class=\"elementor-widget-container\">\n\t\t\t\t\t\t\t\t\t\t\t\t\t\t\t<img loading=\"lazy\" decoding=\"async\" width=\"1920\" height=\"1280\" src=\"https:\/\/select-agency.world\/wp-content\/uploads\/2025\/04\/camp-de-mar-mallorca.webp\" class=\"attachment-full size-full wp-image-24388\" alt=\"Camp de Mar in the southwest of Mallorca.\" srcset=\"https:\/\/select-agency.world\/wp-content\/uploads\/2025\/04\/camp-de-mar-mallorca.webp 1920w, https:\/\/select-agency.world\/wp-content\/uploads\/2025\/04\/camp-de-mar-mallorca-300x200.webp 300w, https:\/\/select-agency.world\/wp-content\/uploads\/2025\/04\/camp-de-mar-mallorca-1024x683.webp 1024w, https:\/\/select-agency.world\/wp-content\/uploads\/2025\/04\/camp-de-mar-mallorca-768x512.webp 768w, https:\/\/select-agency.world\/wp-content\/uploads\/2025\/04\/camp-de-mar-mallorca-1536x1024.webp 1536w, https:\/\/select-agency.world\/wp-content\/uploads\/2025\/04\/camp-de-mar-mallorca-18x12.webp 18w, https:\/\/select-agency.world\/wp-content\/uploads\/2025\/04\/camp-de-mar-mallorca-900x600.webp 900w, https:\/\/select-agency.world\/wp-content\/uploads\/2025\/04\/camp-de-mar-mallorca-496x331.webp 496w\" sizes=\"auto, (max-width: 1920px) 100vw, 1920px\" \/>\t\t\t\t\t\t\t\t\t\t\t\t\t\t\t<\/div>\n\t\t\t\t<\/div>\n\t\t\t\t<\/div>\n\t\t\t\t\t<\/div>\n\t\t\t\t<\/div>\n\t\t<div class=\"elementor-element elementor-element-c736df4 animated-slow e-flex e-con-boxed elementor-invisible e-con e-parent\" data-id=\"c736df4\" data-element_type=\"container\" data-e-type=\"container\" data-settings=\"{&quot;background_background&quot;:&quot;classic&quot;,&quot;animation&quot;:&quot;fadeIn&quot;}\">\n\t\t\t\t\t<div class=\"e-con-inner\">\n\t\t<div class=\"elementor-element elementor-element-08e2a4d e-con-full e-flex e-con e-child\" data-id=\"08e2a4d\" data-element_type=\"container\" data-e-type=\"container\">\n\t\t\t\t<div class=\"elementor-element elementor-element-bf27389 elementor-widget elementor-widget-heading\" data-id=\"bf27389\" data-element_type=\"widget\" data-e-type=\"widget\" data-widget_type=\"heading.default\">\n\t\t\t\t<div class=\"elementor-widget-container\">\n\t\t\t\t\t<h4 class=\"elementor-heading-title elementor-size-default\">Pers\u00f6nliches Angebot anfordern<\/h4>\t\t\t\t<\/div>\n\t\t\t\t<\/div>\n\t\t\t\t<div class=\"elementor-element elementor-element-a8eb06d elementor-widget elementor-widget-text-editor\" data-id=\"a8eb06d\" data-element_type=\"widget\" data-e-type=\"widget\" data-widget_type=\"text-editor.default\">\n\t\t\t\t<div class=\"elementor-widget-container\">\n\t\t\t\t\t\t\t\t\t<p class=\"p1\">Bereit f\u00fcr Ihre Auszeit? Wir gestalte Ihren Charter ganz nach Ihren W\u00fcnschen \u2013 von Restaurantempfehlungen \u00fcber Wassersport-Extras bis hin zu besonderen Erlebnissen.<\/p>\t\t\t\t\t\t\t\t<\/div>\n\t\t\t\t<\/div>\n\t\t\t\t<div class=\"elementor-element elementor-element-87add1e elementor-align-justify elementor-mobile-align-center elementor-invisible elementor-widget elementor-widget-button\" data-id=\"87add1e\" data-element_type=\"widget\" data-e-type=\"widget\" data-settings=\"{&quot;_animation&quot;:&quot;fadeIn&quot;}\" data-widget_type=\"button.default\">\n\t\t\t\t<div class=\"elementor-widget-container\">\n\t\t\t\t\t\t\t\t\t<div class=\"elementor-button-wrapper\">\n\t\t\t\t\t<a class=\"elementor-button elementor-button-link elementor-size-sm elementor-animation-grow\" href=\"https:\/\/select-agency.world\/de\/contact\/\">\n\t\t\t\t\t\t<span class=\"elementor-button-content-wrapper\">\n\t\t\t\t\t\t\t\t\t<span class=\"elementor-button-text\">Kontakt<\/span>\n\t\t\t\t\t<\/span>\n\t\t\t\t\t<\/a>\n\t\t\t\t<\/div>\n\t\t\t\t\t\t\t\t<\/div>\n\t\t\t\t<\/div>\n\t\t\t\t<\/div>\n\t\t\t\t\t<\/div>\n\t\t\t\t<\/div>\n\t\t\t\t<\/div>","protected":false},"excerpt":{"rendered":"<p>Tramuntana by Sea 4-Day Yacht Charter: Mallorca\u2019s West Coast Escape Discover Mallorca\u2019s most iconic coastline on this four-day private yacht itinerary. From stylish harbors and secluded coves to dramatic cliffs and relaxed fishing villages, this route combines pure freedom at sea with the best of the island\u2019s west coast. With time to enjoy exquisite food, [&hellip;]<\/p>\n","protected":false},"author":1,"featured_media":24387,"parent":23410,"menu_order":0,"comment_status":"closed","ping_status":"closed","template":"elementor_header_footer","meta":{"footnotes":""},"class_list":["post-24381","page","type-page","status-publish","has-post-thumbnail","hentry"],"aioseo_notices":[],"_links":{"self":[{"href":"https:\/\/select-agency.world\/de\/wp-json\/wp\/v2\/pages\/24381","targetHints":{"allow":["GET"]}}],"collection":[{"href":"https:\/\/select-agency.world\/de\/wp-json\/wp\/v2\/pages"}],"about":[{"href":"https:\/\/select-agency.world\/de\/wp-json\/wp\/v2\/types\/page"}],"author":[{"embeddable":true,"href":"https:\/\/select-agency.world\/de\/wp-json\/wp\/v2\/users\/1"}],"replies":[{"embeddable":true,"href":"https:\/\/select-agency.world\/de\/wp-json\/wp\/v2\/comments?post=24381"}],"version-history":[{"count":0,"href":"https:\/\/select-agency.world\/de\/wp-json\/wp\/v2\/pages\/24381\/revisions"}],"up":[{"embeddable":true,"href":"https:\/\/select-agency.world\/de\/wp-json\/wp\/v2\/pages\/23410"}],"wp:featuredmedia":[{"embeddable":true,"href":"https:\/\/select-agency.world\/de\/wp-json\/wp\/v2\/media\/24387"}],"wp:attachment":[{"href":"https:\/\/select-agency.world\/de\/wp-json\/wp\/v2\/media?parent=24381"}],"curies":[{"name":"wp","href":"https:\/\/api.w.org\/{rel}","templated":true}]}}