{"id":25144,"date":"2025-06-16T11:36:33","date_gmt":"2025-06-16T10:36:33","guid":{"rendered":"https:\/\/select-agency.world\/?page_id=25144"},"modified":"2026-03-31T10:38:00","modified_gmt":"2026-03-31T09:38:00","slug":"yacht-charter-guide","status":"publish","type":"page","link":"https:\/\/select-agency.world\/de\/yachting\/yacht-charter-guide\/","title":{"rendered":"Yacht-Charter Guide"},"content":{"rendered":"<div data-elementor-type=\"wp-page\" data-elementor-id=\"25144\" class=\"elementor elementor-25144\">\n\t\t\t\t<div class=\"elementor-element elementor-element-6395f2e animated-slow e-flex e-con-boxed elementor-invisible e-con e-parent\" data-id=\"6395f2e\" data-element_type=\"container\" data-e-type=\"container\" data-settings=\"{&quot;background_background&quot;:&quot;classic&quot;,&quot;animation&quot;:&quot;fadeIn&quot;}\">\n\t\t\t\t\t<div class=\"e-con-inner\">\n\t\t<div class=\"elementor-element elementor-element-98e4146 e-con-full e-flex e-con e-child\" data-id=\"98e4146\" data-element_type=\"container\" data-e-type=\"container\">\n\t\t\t\t<div class=\"elementor-element elementor-element-03c051f elementor-invisible elementor-widget elementor-widget-heading\" data-id=\"03c051f\" data-element_type=\"widget\" data-e-type=\"widget\" data-settings=\"{&quot;_animation&quot;:&quot;fadeInDown&quot;}\" data-widget_type=\"heading.default\">\n\t\t\t\t<div class=\"elementor-widget-container\">\n\t\t\t\t\t<h1 class=\"elementor-heading-title elementor-size-default\">Yacht-Charter Guide<\/h1>\t\t\t\t<\/div>\n\t\t\t\t<\/div>\n\t\t\t\t<\/div>\n\t\t\t\t\t<\/div>\n\t\t\t\t<\/div>\n\t\t<div class=\"elementor-element elementor-element-18cf714 e-flex e-con-boxed elementor-invisible e-con e-parent\" data-id=\"18cf714\" data-element_type=\"container\" data-e-type=\"container\" data-settings=\"{&quot;background_background&quot;:&quot;gradient&quot;,&quot;animation&quot;:&quot;fadeIn&quot;}\">\n\t\t\t\t\t<div class=\"e-con-inner\">\n\t\t<div class=\"elementor-element elementor-element-d86f467 e-con-full e-flex e-con e-child\" data-id=\"d86f467\" data-element_type=\"container\" data-e-type=\"container\">\n\t\t<div class=\"elementor-element elementor-element-3722970 e-con-full e-flex e-con e-child\" data-id=\"3722970\" data-element_type=\"container\" data-e-type=\"container\">\n\t\t<div class=\"elementor-element elementor-element-7cd137b e-con-full e-flex e-con e-child\" data-id=\"7cd137b\" data-element_type=\"container\" data-e-type=\"container\">\n\t\t\t\t<div class=\"elementor-element elementor-element-1377cbb elementor-widget elementor-widget-image\" data-id=\"1377cbb\" data-element_type=\"widget\" data-e-type=\"widget\" data-widget_type=\"image.default\">\n\t\t\t\t<div class=\"elementor-widget-container\">\n\t\t\t\t\t\t\t\t\t\t\t\t\t\t\t<img loading=\"lazy\" decoding=\"async\" width=\"900\" height=\"600\" src=\"https:\/\/select-agency.world\/wp-content\/uploads\/2025\/06\/woman-bow-yacht.webp\" class=\"attachment-large size-large wp-image-25146\" alt=\"Woman on the bow of a yacht.\" srcset=\"https:\/\/select-agency.world\/wp-content\/uploads\/2025\/06\/woman-bow-yacht.webp 900w, https:\/\/select-agency.world\/wp-content\/uploads\/2025\/06\/woman-bow-yacht-18x12.webp 18w\" sizes=\"auto, (max-width: 900px) 100vw, 900px\" \/>\t\t\t\t\t\t\t\t\t\t\t\t\t\t\t<\/div>\n\t\t\t\t<\/div>\n\t\t\t\t<\/div>\n\t\t<div class=\"elementor-element elementor-element-d001c67 e-con-full e-flex e-con e-child\" data-id=\"d001c67\" data-element_type=\"container\" data-e-type=\"container\">\n\t\t\t\t<div class=\"elementor-element elementor-element-d68b5fc elementor-invisible elementor-widget elementor-widget-heading\" data-id=\"d68b5fc\" data-element_type=\"widget\" data-e-type=\"widget\" data-settings=\"{&quot;_animation&quot;:&quot;fadeInRight&quot;}\" data-widget_type=\"heading.default\">\n\t\t\t\t<div class=\"elementor-widget-container\">\n\t\t\t\t\t<h2 class=\"elementor-heading-title elementor-size-default\">Ihre Schritt-f\u00fcr-Schritt-Anleitung zur Yachtcharter<\/h2>\t\t\t\t<\/div>\n\t\t\t\t<\/div>\n\t\t\t\t<div class=\"elementor-element elementor-element-92d0957 elementor-invisible elementor-widget elementor-widget-text-editor\" data-id=\"92d0957\" data-element_type=\"widget\" data-e-type=\"widget\" data-settings=\"{&quot;_animation&quot;:&quot;fadeInRight&quot;}\" data-widget_type=\"text-editor.default\">\n\t\t\t\t<div class=\"elementor-widget-container\">\n\t\t\t\t\t\t\t\t\t<p>Eine Yacht zu chartern geh\u00f6rt zu den stilvollsten und unvergesslichsten Arten, besondere Momente zu feiern, neue Orte zu entdecken oder einfach abzuschalten. Ob f\u00fcr einen Tag auf dem Wasser oder einen mehrt\u00e4gigen Ausflug mit Familie, Freunden oder Kollegen \u2013 SELECT Boutique Agency ist auf ma\u00dfgeschneiderte Yachtcharter spezialisiert, die Ihren pers\u00f6nlichen Stil und Ihre W\u00fcnsche widerspiegeln.<\/p><p>Von Ihrer ersten Anfrage bis zum Aufenthalt an Bord sorgen wir daf\u00fcr, dass der gesamte Ablauf reibungslos, durchdacht und ganz auf Sie abgestimmt ist.<\/p>\t\t\t\t\t\t\t\t<\/div>\n\t\t\t\t<\/div>\n\t\t\t\t<div class=\"elementor-element elementor-element-58cec9e elementor-mobile-align-center elementor-invisible elementor-widget elementor-widget-button\" data-id=\"58cec9e\" data-element_type=\"widget\" data-e-type=\"widget\" data-settings=\"{&quot;_animation&quot;:&quot;fadeIn&quot;}\" data-widget_type=\"button.default\">\n\t\t\t\t<div class=\"elementor-widget-container\">\n\t\t\t\t\t\t\t\t\t<div class=\"elementor-button-wrapper\">\n\t\t\t\t\t<a class=\"elementor-button elementor-button-link elementor-size-sm elementor-animation-grow\" href=\"https:\/\/select-agency.world\/de\/contact\/\">\n\t\t\t\t\t\t<span class=\"elementor-button-content-wrapper\">\n\t\t\t\t\t\t\t\t\t<span class=\"elementor-button-text\">Lust auf eine Auszeit auf dem Meer?<\/span>\n\t\t\t\t\t<\/span>\n\t\t\t\t\t<\/a>\n\t\t\t\t<\/div>\n\t\t\t\t\t\t\t\t<\/div>\n\t\t\t\t<\/div>\n\t\t\t\t<\/div>\n\t\t\t\t<\/div>\n\t\t\t\t<\/div>\n\t\t\t\t\t<\/div>\n\t\t\t\t<\/div>\n\t\t<div class=\"elementor-element elementor-element-2f801ae e-flex e-con-boxed e-con e-parent\" data-id=\"2f801ae\" data-element_type=\"container\" data-e-type=\"container\" data-settings=\"{&quot;background_background&quot;:&quot;classic&quot;}\">\n\t\t\t\t\t<div class=\"e-con-inner\">\n\t\t<div class=\"elementor-element elementor-element-066d6a2 e-con-full e-flex e-con e-child\" data-id=\"066d6a2\" data-element_type=\"container\" data-e-type=\"container\" data-settings=\"{&quot;background_background&quot;:&quot;classic&quot;}\">\n\t\t\t\t<div class=\"elementor-element elementor-element-c05c5e6 elementor-widget elementor-widget-spacer\" data-id=\"c05c5e6\" data-element_type=\"widget\" data-e-type=\"widget\" data-widget_type=\"spacer.default\">\n\t\t\t\t<div class=\"elementor-widget-container\">\n\t\t\t\t\t\t\t<div class=\"elementor-spacer\">\n\t\t\t<div class=\"elementor-spacer-inner\"><\/div>\n\t\t<\/div>\n\t\t\t\t\t\t<\/div>\n\t\t\t\t<\/div>\n\t\t\t\t<div class=\"elementor-element elementor-element-0c2fba9 elementor-widget__width-initial elementor-invisible elementor-widget elementor-widget-heading\" data-id=\"0c2fba9\" data-element_type=\"widget\" data-e-type=\"widget\" data-settings=\"{&quot;_animation&quot;:&quot;fadeInUp&quot;}\" data-widget_type=\"heading.default\">\n\t\t\t\t<div class=\"elementor-widget-container\">\n\t\t\t\t\t<h2 class=\"elementor-heading-title elementor-size-default\">Pers\u00f6nlich. M\u00fchelos. Unvergesslich.<\/h2>\t\t\t\t<\/div>\n\t\t\t\t<\/div>\n\t\t\t\t<div class=\"elementor-element elementor-element-f2d8f7f elementor-widget elementor-widget-spacer\" data-id=\"f2d8f7f\" data-element_type=\"widget\" data-e-type=\"widget\" data-widget_type=\"spacer.default\">\n\t\t\t\t<div class=\"elementor-widget-container\">\n\t\t\t\t\t\t\t<div class=\"elementor-spacer\">\n\t\t\t<div class=\"elementor-spacer-inner\"><\/div>\n\t\t<\/div>\n\t\t\t\t\t\t<\/div>\n\t\t\t\t<\/div>\n\t\t<div class=\"elementor-element elementor-element-543cb47 e-con-full e-flex elementor-invisible e-con e-child\" data-id=\"543cb47\" data-element_type=\"container\" data-e-type=\"container\" data-settings=\"{&quot;background_background&quot;:&quot;classic&quot;,&quot;animation&quot;:&quot;fadeIn&quot;}\">\n\t\t<div class=\"elementor-element elementor-element-5703863 e-flex e-con-boxed e-con e-child\" data-id=\"5703863\" data-element_type=\"container\" data-e-type=\"container\">\n\t\t\t\t\t<div class=\"e-con-inner\">\n\t\t\t\t<div class=\"elementor-element elementor-element-6a975f5 elementor-widget elementor-widget-image\" data-id=\"6a975f5\" data-element_type=\"widget\" data-e-type=\"widget\" data-widget_type=\"image.default\">\n\t\t\t\t<div class=\"elementor-widget-container\">\n\t\t\t\t\t\t\t\t\t\t\t\t\t\t\t<img loading=\"lazy\" decoding=\"async\" width=\"584\" height=\"438\" src=\"https:\/\/select-agency.world\/wp-content\/uploads\/2025\/03\/espalmador-formentera-584x438.webp\" class=\"attachment-houzez-item-image-6 size-houzez-item-image-6 wp-image-23294\" alt=\"Espalmador in Formentera.\" srcset=\"https:\/\/select-agency.world\/wp-content\/uploads\/2025\/03\/espalmador-formentera-584x438.webp 584w, https:\/\/select-agency.world\/wp-content\/uploads\/2025\/03\/espalmador-formentera-592x444.webp 592w, https:\/\/select-agency.world\/wp-content\/uploads\/2025\/03\/espalmador-formentera-120x90.webp 120w\" sizes=\"auto, (max-width: 584px) 100vw, 584px\" \/>\t\t\t\t\t\t\t\t\t\t\t\t\t\t\t<\/div>\n\t\t\t\t<\/div>\n\t\t\t\t<div class=\"elementor-element elementor-element-79eea37 animated-fast elementor-widget__width-initial elementor-invisible elementor-widget elementor-widget-heading\" data-id=\"79eea37\" data-element_type=\"widget\" data-e-type=\"widget\" data-settings=\"{&quot;_animation&quot;:&quot;fadeInUp&quot;}\" data-widget_type=\"heading.default\">\n\t\t\t\t<div class=\"elementor-widget-container\">\n\t\t\t\t\t<h3 class=\"elementor-heading-title elementor-size-default\">W\u00e4hlen Sie Ihre Destination<\/h3>\t\t\t\t<\/div>\n\t\t\t\t<\/div>\n\t\t\t\t<div class=\"elementor-element elementor-element-8bdf783 elementor-widget__width-initial elementor-widget elementor-widget-text-editor\" data-id=\"8bdf783\" data-element_type=\"widget\" data-e-type=\"widget\" data-widget_type=\"text-editor.default\">\n\t\t\t\t<div class=\"elementor-widget-container\">\n\t\t\t\t\t\t\t\t\t<p>Der erste Schritt ist die Wahl Ihres Fahrtgebiets. Ob Balearen, C\u00f4te d\u2019Azur, Griechenland oder andere traumhafte K\u00fcsten \u2013 wir helfen Ihnen, das passende Revier zu finden. Ob lebendige Beach Clubs, versteckte Buchten oder malerisches Inselh\u00fcpfen: Ihr Reiseziel bestimmt den Charakter Ihrer Yachtcharter.<\/p>\t\t\t\t\t\t\t\t<\/div>\n\t\t\t\t<\/div>\n\t\t\t\t\t<\/div>\n\t\t\t\t<\/div>\n\t\t<div class=\"elementor-element elementor-element-535e5b3 e-flex e-con-boxed e-con e-child\" data-id=\"535e5b3\" data-element_type=\"container\" data-e-type=\"container\">\n\t\t\t\t\t<div class=\"e-con-inner\">\n\t\t\t\t<div class=\"elementor-element elementor-element-f442fb6 elementor-widget elementor-widget-image\" data-id=\"f442fb6\" data-element_type=\"widget\" data-e-type=\"widget\" data-widget_type=\"image.default\">\n\t\t\t\t<div class=\"elementor-widget-container\">\n\t\t\t\t\t\t\t\t\t\t\t\t\t\t\t<img loading=\"lazy\" decoding=\"async\" width=\"584\" height=\"438\" src=\"https:\/\/select-agency.world\/wp-content\/uploads\/2025\/01\/woman-phone-584x438.jpg\" class=\"attachment-houzez-item-image-6 size-houzez-item-image-6 wp-image-21338\" alt=\"Woman with phone and coffee.\" srcset=\"https:\/\/select-agency.world\/wp-content\/uploads\/2025\/01\/woman-phone-584x438.jpg 584w, https:\/\/select-agency.world\/wp-content\/uploads\/2025\/01\/woman-phone-592x444.jpg 592w, https:\/\/select-agency.world\/wp-content\/uploads\/2025\/01\/woman-phone-120x90.jpg 120w\" sizes=\"auto, (max-width: 584px) 100vw, 584px\" \/>\t\t\t\t\t\t\t\t\t\t\t\t\t\t\t<\/div>\n\t\t\t\t<\/div>\n\t\t\t\t<div class=\"elementor-element elementor-element-c8c232b animated-fast elementor-widget__width-initial elementor-invisible elementor-widget elementor-widget-heading\" data-id=\"c8c232b\" data-element_type=\"widget\" data-e-type=\"widget\" data-settings=\"{&quot;_animation&quot;:&quot;fadeInUp&quot;}\" data-widget_type=\"heading.default\">\n\t\t\t\t<div class=\"elementor-widget-container\">\n\t\t\t\t\t<h2 class=\"elementor-heading-title elementor-size-default\">Ihre W\u00fcnsche im Fokus<\/h2>\t\t\t\t<\/div>\n\t\t\t\t<\/div>\n\t\t\t\t<div class=\"elementor-element elementor-element-7fdd5ce elementor-widget__width-initial elementor-widget elementor-widget-text-editor\" data-id=\"7fdd5ce\" data-element_type=\"widget\" data-e-type=\"widget\" data-widget_type=\"text-editor.default\">\n\t\t\t\t<div class=\"elementor-widget-container\">\n\t\t\t\t\t\t\t\t\t<p class=\"p1\">Im n\u00e4chsten Schritt stellen wir Ihnen ein paar gezielte Fragen: Wie viele G\u00e4ste kommen an Bord? Suchen Sie eine Motoryacht, Segelyacht oder einen Katamaran? Handelt es sich um eine besondere Feier, ein Firmenevent oder einfach einen entspannten Tag auf dem Meer? Teilen Sie uns Ihre W\u00fcnsche mit \u2013 von Water Toys bis hin zu Catering \u2013 damit wir gezielt die passenden Optionen f\u00fcr Sie finden k\u00f6nnen.<\/p>\t\t\t\t\t\t\t\t<\/div>\n\t\t\t\t<\/div>\n\t\t\t\t\t<\/div>\n\t\t\t\t<\/div>\n\t\t<div class=\"elementor-element elementor-element-20fb394 e-flex e-con-boxed e-con e-child\" data-id=\"20fb394\" data-element_type=\"container\" data-e-type=\"container\">\n\t\t\t\t\t<div class=\"e-con-inner\">\n\t\t\t\t<div class=\"elementor-element elementor-element-e9d05f9 elementor-widget elementor-widget-image\" data-id=\"e9d05f9\" data-element_type=\"widget\" data-e-type=\"widget\" data-widget_type=\"image.default\">\n\t\t\t\t<div class=\"elementor-widget-container\">\n\t\t\t\t\t\t\t\t\t\t\t\t\t\t\t<img loading=\"lazy\" decoding=\"async\" width=\"584\" height=\"438\" src=\"https:\/\/select-agency.world\/wp-content\/uploads\/2025\/04\/baia-80-mintaka-mallorca-584x438.webp\" class=\"attachment-houzez-item-image-6 size-houzez-item-image-6 wp-image-24610\" alt=\"Bow of charter yacht Baia 80 Mintaka.\" srcset=\"https:\/\/select-agency.world\/wp-content\/uploads\/2025\/04\/baia-80-mintaka-mallorca-584x438.webp 584w, https:\/\/select-agency.world\/wp-content\/uploads\/2025\/04\/baia-80-mintaka-mallorca-592x444.webp 592w, https:\/\/select-agency.world\/wp-content\/uploads\/2025\/04\/baia-80-mintaka-mallorca-120x90.webp 120w\" sizes=\"auto, (max-width: 584px) 100vw, 584px\" \/>\t\t\t\t\t\t\t\t\t\t\t\t\t\t\t<\/div>\n\t\t\t\t<\/div>\n\t\t\t\t<div class=\"elementor-element elementor-element-c1bae47 animated-fast elementor-widget__width-initial elementor-invisible elementor-widget elementor-widget-heading\" data-id=\"c1bae47\" data-element_type=\"widget\" data-e-type=\"widget\" data-settings=\"{&quot;_animation&quot;:&quot;fadeInUp&quot;}\" data-widget_type=\"heading.default\">\n\t\t\t\t<div class=\"elementor-widget-container\">\n\t\t\t\t\t<h2 class=\"elementor-heading-title elementor-size-default\">Erhalten Sie massgeschneiderte Angebote<\/h2>\t\t\t\t<\/div>\n\t\t\t\t<\/div>\n\t\t\t\t<div class=\"elementor-element elementor-element-0813e1e elementor-widget__width-initial elementor-widget elementor-widget-text-editor\" data-id=\"0813e1e\" data-element_type=\"widget\" data-e-type=\"widget\" data-widget_type=\"text-editor.default\">\n\t\t\t\t<div class=\"elementor-widget-container\">\n\t\t\t\t\t\t\t\t\t<p>Basierend auf Ihren W\u00fcnschen senden wir Ihnen eine kuratierte Auswahl an Yachten, die zu Ihrer Gruppengr\u00f6\u00dfe, Ihrem Budget und dem gew\u00fcnschten Erlebnis passen. Sie erhalten alle wichtigen Informationen, um die Optionen bequem zu vergleichen \u2013 und selbstverst\u00e4ndlich stehen wir Ihnen bei Fragen jederzeit zur Seite, um die perfekte Wahl zu treffen.<\/p>\t\t\t\t\t\t\t\t<\/div>\n\t\t\t\t<\/div>\n\t\t\t\t\t<\/div>\n\t\t\t\t<\/div>\n\t\t\t\t<\/div>\n\t\t<div class=\"elementor-element elementor-element-a2ebf43 e-con-full e-flex elementor-invisible e-con e-child\" data-id=\"a2ebf43\" data-element_type=\"container\" data-e-type=\"container\" data-settings=\"{&quot;background_background&quot;:&quot;classic&quot;,&quot;animation&quot;:&quot;fadeIn&quot;}\">\n\t\t<div class=\"elementor-element elementor-element-a3ec7ae e-flex e-con-boxed e-con e-child\" data-id=\"a3ec7ae\" data-element_type=\"container\" data-e-type=\"container\">\n\t\t\t\t\t<div class=\"e-con-inner\">\n\t\t\t\t<div class=\"elementor-element elementor-element-1d466ba elementor-widget elementor-widget-image\" data-id=\"1d466ba\" data-element_type=\"widget\" data-e-type=\"widget\" data-widget_type=\"image.default\">\n\t\t\t\t<div class=\"elementor-widget-container\">\n\t\t\t\t\t\t\t\t\t\t\t\t\t\t\t<img loading=\"lazy\" decoding=\"async\" width=\"584\" height=\"438\" src=\"https:\/\/select-agency.world\/wp-content\/uploads\/2025\/04\/pool-laptop-584x438.webp\" class=\"attachment-houzez-item-image-6 size-houzez-item-image-6 wp-image-23969\" alt=\"Woman with laptop next to pool.\" srcset=\"https:\/\/select-agency.world\/wp-content\/uploads\/2025\/04\/pool-laptop-584x438.webp 584w, https:\/\/select-agency.world\/wp-content\/uploads\/2025\/04\/pool-laptop-592x444.webp 592w, https:\/\/select-agency.world\/wp-content\/uploads\/2025\/04\/pool-laptop-120x90.webp 120w\" sizes=\"auto, (max-width: 584px) 100vw, 584px\" \/>\t\t\t\t\t\t\t\t\t\t\t\t\t\t\t<\/div>\n\t\t\t\t<\/div>\n\t\t\t\t<div class=\"elementor-element elementor-element-5a62bf9 animated-fast elementor-widget__width-initial elementor-invisible elementor-widget elementor-widget-heading\" data-id=\"5a62bf9\" data-element_type=\"widget\" data-e-type=\"widget\" data-settings=\"{&quot;_animation&quot;:&quot;fadeInUp&quot;}\" data-widget_type=\"heading.default\">\n\t\t\t\t<div class=\"elementor-widget-container\">\n\t\t\t\t\t<h3 class=\"elementor-heading-title elementor-size-default\">Ihre Yacht reservieren<\/h3>\t\t\t\t<\/div>\n\t\t\t\t<\/div>\n\t\t\t\t<div class=\"elementor-element elementor-element-4bdfdd7 elementor-widget__width-initial elementor-widget elementor-widget-text-editor\" data-id=\"4bdfdd7\" data-element_type=\"widget\" data-e-type=\"widget\" data-widget_type=\"text-editor.default\">\n\t\t\t\t<div class=\"elementor-widget-container\">\n\t\t\t\t\t\t\t\t\t<p>Sobald Sie sich entschieden haben, \u00fcbernehmen wir die Formalit\u00e4ten. Wir k\u00fcmmern uns um den Vertrag, stimmen uns mit der Crew ab und begleiten Sie durch den Zahlungsprozess. Als Ihr Charter-Broker sorgen wir daf\u00fcr, dass alles reibungslos verl\u00e4uft \u2013 Sie k\u00f6nnen sich ganz auf die Vorfreude auf Ihr Erlebnis konzentrieren.<\/p>\t\t\t\t\t\t\t\t<\/div>\n\t\t\t\t<\/div>\n\t\t\t\t\t<\/div>\n\t\t\t\t<\/div>\n\t\t<div class=\"elementor-element elementor-element-7114dfb e-flex e-con-boxed e-con e-child\" data-id=\"7114dfb\" data-element_type=\"container\" data-e-type=\"container\">\n\t\t\t\t\t<div class=\"e-con-inner\">\n\t\t\t\t<div class=\"elementor-element elementor-element-f462a58 elementor-widget elementor-widget-image\" data-id=\"f462a58\" data-element_type=\"widget\" data-e-type=\"widget\" data-widget_type=\"image.default\">\n\t\t\t\t<div class=\"elementor-widget-container\">\n\t\t\t\t\t\t\t\t\t\t\t\t\t\t\t<img loading=\"lazy\" decoding=\"async\" width=\"584\" height=\"438\" src=\"https:\/\/select-agency.world\/wp-content\/uploads\/2025\/04\/lobster-club-puerto-portals-mallorca-584x438.webp\" class=\"attachment-houzez-item-image-6 size-houzez-item-image-6 wp-image-24517\" alt=\"\" srcset=\"https:\/\/select-agency.world\/wp-content\/uploads\/2025\/04\/lobster-club-puerto-portals-mallorca-584x438.webp 584w, https:\/\/select-agency.world\/wp-content\/uploads\/2025\/04\/lobster-club-puerto-portals-mallorca-592x444.webp 592w, https:\/\/select-agency.world\/wp-content\/uploads\/2025\/04\/lobster-club-puerto-portals-mallorca-120x90.webp 120w\" sizes=\"auto, (max-width: 584px) 100vw, 584px\" \/>\t\t\t\t\t\t\t\t\t\t\t\t\t\t\t<\/div>\n\t\t\t\t<\/div>\n\t\t\t\t<div class=\"elementor-element elementor-element-a5d134e animated-fast elementor-widget__width-initial elementor-invisible elementor-widget elementor-widget-heading\" data-id=\"a5d134e\" data-element_type=\"widget\" data-e-type=\"widget\" data-settings=\"{&quot;_animation&quot;:&quot;fadeInUp&quot;}\" data-widget_type=\"heading.default\">\n\t\t\t\t<div class=\"elementor-widget-container\">\n\t\t\t\t\t<h2 class=\"elementor-heading-title elementor-size-default\">Details feinabstimmen\n<\/h2>\t\t\t\t<\/div>\n\t\t\t\t<\/div>\n\t\t\t\t<div class=\"elementor-element elementor-element-b497eae elementor-widget__width-initial elementor-widget elementor-widget-text-editor\" data-id=\"b497eae\" data-element_type=\"widget\" data-e-type=\"widget\" data-widget_type=\"text-editor.default\">\n\t\t\t\t<div class=\"elementor-widget-container\">\n\t\t\t\t\t\t\t\t\t<p>Jetzt beginnt der sch\u00f6nste Teil der Planung. Wir unterst\u00fctzen Sie bei der Ausarbeitung der Route, reservieren Restaurants oder Beach Clubs und organisieren auf Wunsch Extras wie Wasserspielzeug, Transfers oder Services an Bord. Je mehr wir im Voraus wissen, desto individueller k\u00f6nnen wir Ihren Charter gestalten.<\/p>\t\t\t\t\t\t\t\t<\/div>\n\t\t\t\t<\/div>\n\t\t\t\t\t<\/div>\n\t\t\t\t<\/div>\n\t\t<div class=\"elementor-element elementor-element-a5b9bd0 e-flex e-con-boxed e-con e-child\" data-id=\"a5b9bd0\" data-element_type=\"container\" data-e-type=\"container\">\n\t\t\t\t\t<div class=\"e-con-inner\">\n\t\t\t\t<div class=\"elementor-element elementor-element-4f7bfea elementor-widget elementor-widget-image\" data-id=\"4f7bfea\" data-element_type=\"widget\" data-e-type=\"widget\" data-widget_type=\"image.default\">\n\t\t\t\t<div class=\"elementor-widget-container\">\n\t\t\t\t\t\t\t\t\t\t\t\t\t\t\t<img loading=\"lazy\" decoding=\"async\" width=\"584\" height=\"438\" src=\"https:\/\/select-agency.world\/wp-content\/uploads\/2025\/06\/friends-yacht-584x438.webp\" class=\"attachment-houzez-item-image-6 size-houzez-item-image-6 wp-image-25160\" alt=\"Friends on a charter yacht.\" srcset=\"\" \/>\t\t\t\t\t\t\t\t\t\t\t\t\t\t\t<\/div>\n\t\t\t\t<\/div>\n\t\t\t\t<div class=\"elementor-element elementor-element-614ccc9 animated-fast elementor-widget__width-initial elementor-invisible elementor-widget elementor-widget-heading\" data-id=\"614ccc9\" data-element_type=\"widget\" data-e-type=\"widget\" data-settings=\"{&quot;_animation&quot;:&quot;fadeInUp&quot;}\" data-widget_type=\"heading.default\">\n\t\t\t\t<div class=\"elementor-widget-container\">\n\t\t\t\t\t<h2 class=\"elementor-heading-title elementor-size-default\">An Bord gehen &amp; geniessen<\/h2>\t\t\t\t<\/div>\n\t\t\t\t<\/div>\n\t\t\t\t<div class=\"elementor-element elementor-element-29cd2ac elementor-widget__width-initial elementor-widget elementor-widget-text-editor\" data-id=\"29cd2ac\" data-element_type=\"widget\" data-e-type=\"widget\" data-widget_type=\"text-editor.default\">\n\t\t\t\t<div class=\"elementor-widget-container\">\n\t\t\t\t\t\t\t\t\t<p>On the day of your charter, the crew will be ready to welcome you aboard. Whether it\u2019s for one unforgettable day or a multi-day escape, everything has been prepared for you to relax, explore, and enjoy the experience to the fullest.<\/p>\t\t\t\t\t\t\t\t<\/div>\n\t\t\t\t<\/div>\n\t\t\t\t\t<\/div>\n\t\t\t\t<\/div>\n\t\t\t\t<\/div>\n\t\t\t\t<\/div>\n\t\t\t\t\t<\/div>\n\t\t\t\t<\/div>\n\t\t<div class=\"elementor-element elementor-element-1f723a1 animated-slow e-flex e-con-boxed elementor-invisible e-con e-parent\" data-id=\"1f723a1\" data-element_type=\"container\" data-e-type=\"container\" data-settings=\"{&quot;background_background&quot;:&quot;classic&quot;,&quot;animation&quot;:&quot;fadeIn&quot;}\">\n\t\t\t\t\t<div class=\"e-con-inner\">\n\t\t<div class=\"elementor-element elementor-element-bd93d69 e-con-full e-flex e-con e-child\" data-id=\"bd93d69\" data-element_type=\"container\" data-e-type=\"container\">\n\t\t\t\t<div class=\"elementor-element elementor-element-bf27389 elementor-widget elementor-widget-heading\" data-id=\"bf27389\" data-element_type=\"widget\" data-e-type=\"widget\" data-widget_type=\"heading.default\">\n\t\t\t\t<div class=\"elementor-widget-container\">\n\t\t\t\t\t<h4 class=\"elementor-heading-title elementor-size-default\">Bereit, Ihren Charter zu planen?<\/h4>\t\t\t\t<\/div>\n\t\t\t\t<\/div>\n\t\t\t\t<div class=\"elementor-element elementor-element-a8eb06d elementor-widget elementor-widget-text-editor\" data-id=\"a8eb06d\" data-element_type=\"widget\" data-e-type=\"widget\" data-widget_type=\"text-editor.default\">\n\t\t\t\t<div class=\"elementor-widget-container\">\n\t\t\t\t\t\t\t\t\t<p data-pm-slice=\"1 1 []\">Teilen Sie uns mit, wovon Sie tr\u00e4umen \u2013 wir k\u00fcmmern uns um den Rest.<\/p>\t\t\t\t\t\t\t\t<\/div>\n\t\t\t\t<\/div>\n\t\t\t\t<div class=\"elementor-element elementor-element-87add1e elementor-align-justify elementor-mobile-align-center elementor-invisible elementor-widget elementor-widget-button\" data-id=\"87add1e\" data-element_type=\"widget\" data-e-type=\"widget\" data-settings=\"{&quot;_animation&quot;:&quot;fadeIn&quot;}\" data-widget_type=\"button.default\">\n\t\t\t\t<div class=\"elementor-widget-container\">\n\t\t\t\t\t\t\t\t\t<div class=\"elementor-button-wrapper\">\n\t\t\t\t\t<a class=\"elementor-button elementor-button-link elementor-size-sm elementor-animation-grow\" href=\"https:\/\/select-agency.world\/de\/contact\/\">\n\t\t\t\t\t\t<span class=\"elementor-button-content-wrapper\">\n\t\t\t\t\t\t\t\t\t<span class=\"elementor-button-text\">Kontaktieren Sie Ihren Broker<\/span>\n\t\t\t\t\t<\/span>\n\t\t\t\t\t<\/a>\n\t\t\t\t<\/div>\n\t\t\t\t\t\t\t\t<\/div>\n\t\t\t\t<\/div>\n\t\t\t\t<\/div>\n\t\t\t\t\t<\/div>\n\t\t\t\t<\/div>\n\t\t\t\t<\/div>","protected":false},"excerpt":{"rendered":"<p>Yacht Charter Guide Your Step-by-Step Guide to Booking a Yacht Charter Chartering a yacht is one of the most refined and memorable ways to celebrate, explore, or simply disconnect. Whether you\u2019re planning a day on the water or a multi-day escape with family, friends, or colleagues, SELECT Boutique Agency specialises in tailored yacht charters that [&hellip;]<\/p>\n","protected":false},"author":1,"featured_media":25146,"parent":21130,"menu_order":0,"comment_status":"closed","ping_status":"closed","template":"elementor_header_footer","meta":{"footnotes":""},"class_list":["post-25144","page","type-page","status-publish","has-post-thumbnail","hentry"],"aioseo_notices":[],"_links":{"self":[{"href":"https:\/\/select-agency.world\/de\/wp-json\/wp\/v2\/pages\/25144","targetHints":{"allow":["GET"]}}],"collection":[{"href":"https:\/\/select-agency.world\/de\/wp-json\/wp\/v2\/pages"}],"about":[{"href":"https:\/\/select-agency.world\/de\/wp-json\/wp\/v2\/types\/page"}],"author":[{"embeddable":true,"href":"https:\/\/select-agency.world\/de\/wp-json\/wp\/v2\/users\/1"}],"replies":[{"embeddable":true,"href":"https:\/\/select-agency.world\/de\/wp-json\/wp\/v2\/comments?post=25144"}],"version-history":[{"count":0,"href":"https:\/\/select-agency.world\/de\/wp-json\/wp\/v2\/pages\/25144\/revisions"}],"up":[{"embeddable":true,"href":"https:\/\/select-agency.world\/de\/wp-json\/wp\/v2\/pages\/21130"}],"wp:featuredmedia":[{"embeddable":true,"href":"https:\/\/select-agency.world\/de\/wp-json\/wp\/v2\/media\/25146"}],"wp:attachment":[{"href":"https:\/\/select-agency.world\/de\/wp-json\/wp\/v2\/media?parent=25144"}],"curies":[{"name":"wp","href":"https:\/\/api.w.org\/{rel}","templated":true}]}}