{"id":25664,"date":"2025-08-21T10:58:23","date_gmt":"2025-08-21T09:58:23","guid":{"rendered":"https:\/\/select-agency.world\/?page_id=25664"},"modified":"2026-03-31T10:44:24","modified_gmt":"2026-03-31T09:44:24","slug":"mallorca-ibiza-formentera","status":"publish","type":"page","link":"https:\/\/select-agency.world\/de\/yachting\/itineraries\/mallorca-ibiza-formentera\/","title":{"rendered":"Itinerary Mallorca &#8211; Ibiza &#8211; Formentera"},"content":{"rendered":"<div data-elementor-type=\"wp-page\" data-elementor-id=\"25664\" class=\"elementor elementor-25664\">\n\t\t\t\t<div class=\"elementor-element elementor-element-6395f2e animated-slow e-flex e-con-boxed elementor-invisible e-con e-parent\" data-id=\"6395f2e\" data-element_type=\"container\" data-e-type=\"container\" data-settings=\"{&quot;background_background&quot;:&quot;classic&quot;,&quot;animation&quot;:&quot;fadeIn&quot;}\">\n\t\t\t\t\t<div class=\"e-con-inner\">\n\t\t<div class=\"elementor-element elementor-element-98e4146 e-con-full e-flex e-con e-child\" data-id=\"98e4146\" data-element_type=\"container\" data-e-type=\"container\">\n\t\t\t\t<div class=\"elementor-element elementor-element-03c051f elementor-invisible elementor-widget elementor-widget-heading\" data-id=\"03c051f\" data-element_type=\"widget\" data-e-type=\"widget\" data-settings=\"{&quot;_animation&quot;:&quot;fadeInDown&quot;}\" data-widget_type=\"heading.default\">\n\t\t\t\t<div class=\"elementor-widget-container\">\n\t\t\t\t\t<h1 class=\"elementor-heading-title elementor-size-default\">Ein Abenteuer zwischen Nachtleben und Ruhe<\/h1>\t\t\t\t<\/div>\n\t\t\t\t<\/div>\n\t\t\t\t<\/div>\n\t\t\t\t\t<\/div>\n\t\t\t\t<\/div>\n\t\t<div class=\"elementor-element elementor-element-ff2847f e-flex e-con-boxed e-con e-parent\" data-id=\"ff2847f\" data-element_type=\"container\" data-e-type=\"container\" data-settings=\"{&quot;background_background&quot;:&quot;classic&quot;}\">\n\t\t\t\t\t<div class=\"e-con-inner\">\n\t\t\t\t<div class=\"elementor-element elementor-element-8d21595 elementor-widget__width-initial elementor-invisible elementor-widget elementor-widget-heading\" data-id=\"8d21595\" data-element_type=\"widget\" data-e-type=\"widget\" data-settings=\"{&quot;_animation&quot;:&quot;fadeInUp&quot;}\" data-widget_type=\"heading.default\">\n\t\t\t\t<div class=\"elementor-widget-container\">\n\t\t\t\t\t<h2 class=\"elementor-heading-title elementor-size-default\">Mallorca \u2013 Ibiza \u2013 Formentera<br>Abenteuer Yachtcharter<\/h2>\t\t\t\t<\/div>\n\t\t\t\t<\/div>\n\t\t\t\t<div class=\"elementor-element elementor-element-6ae15fb6 elementor-widget__width-initial elementor-invisible elementor-widget elementor-widget-text-editor\" data-id=\"6ae15fb6\" data-element_type=\"widget\" data-e-type=\"widget\" data-settings=\"{&quot;_animation&quot;:&quot;fadeInUp&quot;}\" data-widget_type=\"text-editor.default\">\n\t\t\t\t<div class=\"elementor-widget-container\">\n\t\t\t\t\t\t\t\t\t<p class=\"p1\">Ein Yachtcharter von Mallorca nach Ibiza und Formentera ist die ultimative Balearen-Auszeit. In nur wenigen Tagen lassen sich die legend\u00e4ren Sonnenunterg\u00e4nge Ibizas mit dem Barfu\u00df-Luxus Formenteras verbinden \u2013 eine Mischung aus vibrierendem Nachtleben und entspannten Ankerbuchten. Dieses 3\u20135-t\u00e4gige Itinerary bietet das Beste aus beiden Welten.<\/p><p class=\"p1\"><em>Vibrierende N\u00e4chte | T\u00fcrkisfarbene Buchten | Ikonische Kulinarik<\/em><\/p>\t\t\t\t\t\t\t\t<\/div>\n\t\t\t\t<\/div>\n\t\t\t\t<div class=\"elementor-element elementor-element-fbf1597 elementor-mobile-align-center elementor-invisible elementor-widget elementor-widget-button\" data-id=\"fbf1597\" data-element_type=\"widget\" data-e-type=\"widget\" data-settings=\"{&quot;_animation&quot;:&quot;fadeIn&quot;}\" data-widget_type=\"button.default\">\n\t\t\t\t<div class=\"elementor-widget-container\">\n\t\t\t\t\t\t\t\t\t<div class=\"elementor-button-wrapper\">\n\t\t\t\t\t<a class=\"elementor-button elementor-button-link elementor-size-sm elementor-animation-grow\" href=\"https:\/\/select-agency.world\/de\/contact\/\">\n\t\t\t\t\t\t<span class=\"elementor-button-content-wrapper\">\n\t\t\t\t\t\t\t\t\t<span class=\"elementor-button-text\">Planen Sie Ihren Abenteuer-Yachtcharter<\/span>\n\t\t\t\t\t<\/span>\n\t\t\t\t\t<\/a>\n\t\t\t\t<\/div>\n\t\t\t\t\t\t\t\t<\/div>\n\t\t\t\t<\/div>\n\t\t\t\t\t<\/div>\n\t\t\t\t<\/div>\n\t\t<div class=\"elementor-element elementor-element-d8f471a e-flex e-con-boxed e-con e-parent\" data-id=\"d8f471a\" data-element_type=\"container\" data-e-type=\"container\" data-settings=\"{&quot;background_background&quot;:&quot;classic&quot;}\">\n\t\t\t\t\t<div class=\"e-con-inner\">\n\t\t<div class=\"elementor-element elementor-element-0f35318 e-con-full e-flex e-con e-child\" data-id=\"0f35318\" data-element_type=\"container\" data-e-type=\"container\">\n\t\t\t\t<div class=\"elementor-element elementor-element-cd0704d elementor-widget elementor-widget-image\" data-id=\"cd0704d\" data-element_type=\"widget\" data-e-type=\"widget\" data-widget_type=\"image.default\">\n\t\t\t\t<div class=\"elementor-widget-container\">\n\t\t\t\t\t\t\t\t\t\t\t\t\t\t\t<img loading=\"lazy\" decoding=\"async\" width=\"1920\" height=\"1280\" src=\"https:\/\/select-agency.world\/wp-content\/uploads\/2025\/03\/es-vedra-ibiza-1.webp\" class=\"attachment-full size-full wp-image-23270\" alt=\"Es Vedra in Ibiza.\" srcset=\"https:\/\/select-agency.world\/wp-content\/uploads\/2025\/03\/es-vedra-ibiza-1.webp 1920w, https:\/\/select-agency.world\/wp-content\/uploads\/2025\/03\/es-vedra-ibiza-1-300x200.webp 300w, https:\/\/select-agency.world\/wp-content\/uploads\/2025\/03\/es-vedra-ibiza-1-1024x683.webp 1024w, https:\/\/select-agency.world\/wp-content\/uploads\/2025\/03\/es-vedra-ibiza-1-768x512.webp 768w, https:\/\/select-agency.world\/wp-content\/uploads\/2025\/03\/es-vedra-ibiza-1-1536x1024.webp 1536w, https:\/\/select-agency.world\/wp-content\/uploads\/2025\/03\/es-vedra-ibiza-1-18x12.webp 18w, https:\/\/select-agency.world\/wp-content\/uploads\/2025\/03\/es-vedra-ibiza-1-900x600.webp 900w, https:\/\/select-agency.world\/wp-content\/uploads\/2025\/03\/es-vedra-ibiza-1-496x331.webp 496w\" sizes=\"auto, (max-width: 1920px) 100vw, 1920px\" \/>\t\t\t\t\t\t\t\t\t\t\t\t\t\t\t<\/div>\n\t\t\t\t<\/div>\n\t\t\t\t<\/div>\n\t\t<div class=\"elementor-element elementor-element-b856e5a e-con-full e-flex e-con e-child\" data-id=\"b856e5a\" data-element_type=\"container\" data-e-type=\"container\">\n\t\t\t\t<div class=\"elementor-element elementor-element-9d997a4 elementor-widget elementor-widget-heading\" data-id=\"9d997a4\" data-element_type=\"widget\" data-e-type=\"widget\" data-widget_type=\"heading.default\">\n\t\t\t\t<div class=\"elementor-widget-container\">\n\t\t\t\t\t<h2 class=\"elementor-heading-title elementor-size-default\">Tag 1: \u00dcberfahrt nach Ibiza \u2013 Kurs auf Es Vedr\u00e0<\/h2>\t\t\t\t<\/div>\n\t\t\t\t<\/div>\n\t\t\t\t<div class=\"elementor-element elementor-element-aeea7a8 elementor-widget elementor-widget-text-editor\" data-id=\"aeea7a8\" data-element_type=\"widget\" data-e-type=\"widget\" data-widget_type=\"text-editor.default\">\n\t\t\t\t<div class=\"elementor-widget-container\">\n\t\t\t\t\t\t\t\t\t<p>Ihr Balearen-Abenteuer beginnt mit einer spannenden \u00dcberfahrt von Palma nach Ibiza. W\u00e4hrend die K\u00fcste Mallorcas hinter Ihnen verschwindet, steigt die Vorfreude, sei es bei einem entspannten Sonnenbad an Deck oder einem ersten Badestopp unterwegs. Am Nachmittag erreichen Sie Cala d\u2019Hort, wo die dramatische Silhouette von Es Vedr\u00e0 aus dem Meer emporragt. Kaum ein Anblick im Mittelmeer ist so ikonisch wie dieser geheimnisvolle Felsen, der im Abendlicht erstrahlt. Nach Wassersportspa\u00df \u2013 vielleicht einer rasanten Fahrt mit dem neuen Seabob F9 oder einem eleganten Gleiten \u00fcber die Bucht auf dem eFoil \u2013 geh\u00f6rt der Abend ganz der glamour\u00f6sen Seite Ibizas. Genie\u00dfen Sie Cocktails und Dinner im ber\u00fchmten Blue Marlin Ibiza, wo Musik, Kulinarik und Inselleben zu einem unvergesslichen Erlebnis verschmelzen. Die Nacht verbringen Sie je nach Wunsch vor Anker in einer gesch\u00fctzten Bucht oder in einer der stilvollen Marinas der Insel.<\/p>\t\t\t\t\t\t\t\t<\/div>\n\t\t\t\t<\/div>\n\t\t\t\t<\/div>\n\t\t\t\t\t<\/div>\n\t\t\t\t<\/div>\n\t\t<div class=\"elementor-element elementor-element-93cdae9 e-flex e-con-boxed e-con e-parent\" data-id=\"93cdae9\" data-element_type=\"container\" data-e-type=\"container\" data-settings=\"{&quot;background_background&quot;:&quot;classic&quot;}\">\n\t\t\t\t\t<div class=\"e-con-inner\">\n\t\t<div class=\"elementor-element elementor-element-9db54df e-con-full e-flex e-con e-child\" data-id=\"9db54df\" data-element_type=\"container\" data-e-type=\"container\">\n\t\t\t\t<div class=\"elementor-element elementor-element-523f104 elementor-widget elementor-widget-heading\" data-id=\"523f104\" data-element_type=\"widget\" data-e-type=\"widget\" data-widget_type=\"heading.default\">\n\t\t\t\t<div class=\"elementor-widget-container\">\n\t\t\t\t\t<h2 class=\"elementor-heading-title elementor-size-default\">Tag 2: Ibiza bei Tag und Nacht \u2013 T\u00fcrkisfarbene Buchten &amp; Inselrhythmen<\/h2>\t\t\t\t<\/div>\n\t\t\t\t<\/div>\n\t\t\t\t<div class=\"elementor-element elementor-element-fe7a5a5 elementor-widget elementor-widget-text-editor\" data-id=\"fe7a5a5\" data-element_type=\"widget\" data-e-type=\"widget\" data-widget_type=\"text-editor.default\">\n\t\t\t\t<div class=\"elementor-widget-container\">\n\t\t\t\t\t\t\t\t\t<p>Wachen Sie auf zum sanften Schaukeln der Yacht und entdecken Sie am Vormittag die S\u00fcdwestk\u00fcste Ibizas. Die Buchten von Cala Conta und Cala Bassa sind weltbekannt f\u00fcr ihr t\u00fcrkisfarbenes Wasser und goldene Sandstr\u00e4nde \u2013 ein perfekter Spielplatz zum Paddleboarden, Schnorcheln oder einfach nur zum erfrischenden Sprung ins Meer. An Bord bereitet die Crew gerne ein entspanntes Mittagessen zu, oder Sie entscheiden sich f\u00fcr ein Strandrestaurant mit den F\u00fc\u00dfen im Sand. Der Nachmittag l\u00e4dt zum Entschleunigen ein: Sonne tanken am Vordeck, ein Buch im Schatten lesen oder noch einmal Adrenalin pur mit den Water Toys erleben. Wenn die Nacht hereinbricht, erwacht Ibiza erneut \u2013 entweder genie\u00dfen Sie ein privates Dinner an Bord unter dem Sternenhimmel oder Sie tauchen ein in das kulinarische und gesellschaftliche Leben an Land.<\/p>\t\t\t\t\t\t\t\t<\/div>\n\t\t\t\t<\/div>\n\t\t\t\t<\/div>\n\t\t<div class=\"elementor-element elementor-element-c0383d9 e-con-full e-flex e-con e-child\" data-id=\"c0383d9\" data-element_type=\"container\" data-e-type=\"container\">\n\t\t\t\t<div class=\"elementor-element elementor-element-129dff4 elementor-widget elementor-widget-image\" data-id=\"129dff4\" data-element_type=\"widget\" data-e-type=\"widget\" data-widget_type=\"image.default\">\n\t\t\t\t<div class=\"elementor-widget-container\">\n\t\t\t\t\t\t\t\t\t\t\t\t\t\t\t<img loading=\"lazy\" decoding=\"async\" width=\"1920\" height=\"1280\" src=\"https:\/\/select-agency.world\/wp-content\/uploads\/2025\/03\/cala-bassa-ibiza.webp\" class=\"attachment-full size-full wp-image-23269\" alt=\"Cala Bassa in Ibiza.\" srcset=\"https:\/\/select-agency.world\/wp-content\/uploads\/2025\/03\/cala-bassa-ibiza.webp 1920w, https:\/\/select-agency.world\/wp-content\/uploads\/2025\/03\/cala-bassa-ibiza-300x200.webp 300w, https:\/\/select-agency.world\/wp-content\/uploads\/2025\/03\/cala-bassa-ibiza-1024x683.webp 1024w, https:\/\/select-agency.world\/wp-content\/uploads\/2025\/03\/cala-bassa-ibiza-768x512.webp 768w, https:\/\/select-agency.world\/wp-content\/uploads\/2025\/03\/cala-bassa-ibiza-1536x1024.webp 1536w, https:\/\/select-agency.world\/wp-content\/uploads\/2025\/03\/cala-bassa-ibiza-18x12.webp 18w, https:\/\/select-agency.world\/wp-content\/uploads\/2025\/03\/cala-bassa-ibiza-900x600.webp 900w, https:\/\/select-agency.world\/wp-content\/uploads\/2025\/03\/cala-bassa-ibiza-496x331.webp 496w\" sizes=\"auto, (max-width: 1920px) 100vw, 1920px\" \/>\t\t\t\t\t\t\t\t\t\t\t\t\t\t\t<\/div>\n\t\t\t\t<\/div>\n\t\t\t\t<\/div>\n\t\t\t\t\t<\/div>\n\t\t\t\t<\/div>\n\t\t<div class=\"elementor-element elementor-element-e5ad687 e-flex e-con-boxed e-con e-parent\" data-id=\"e5ad687\" data-element_type=\"container\" data-e-type=\"container\" data-settings=\"{&quot;background_background&quot;:&quot;classic&quot;}\">\n\t\t\t\t\t<div class=\"e-con-inner\">\n\t\t<div class=\"elementor-element elementor-element-1c26c52 e-con-full e-flex e-con e-child\" data-id=\"1c26c52\" data-element_type=\"container\" data-e-type=\"container\">\n\t\t\t\t<div class=\"elementor-element elementor-element-fa06701 elementor-widget elementor-widget-image\" data-id=\"fa06701\" data-element_type=\"widget\" data-e-type=\"widget\" data-widget_type=\"image.default\">\n\t\t\t\t<div class=\"elementor-widget-container\">\n\t\t\t\t\t\t\t\t\t\t\t\t\t\t\t<img loading=\"lazy\" decoding=\"async\" width=\"1920\" height=\"1280\" src=\"https:\/\/select-agency.world\/wp-content\/uploads\/2025\/03\/cala-saona-formentera.webp\" class=\"attachment-full size-full wp-image-23295\" alt=\"Cala Saona in Formentera.\" srcset=\"https:\/\/select-agency.world\/wp-content\/uploads\/2025\/03\/cala-saona-formentera.webp 1920w, https:\/\/select-agency.world\/wp-content\/uploads\/2025\/03\/cala-saona-formentera-300x200.webp 300w, https:\/\/select-agency.world\/wp-content\/uploads\/2025\/03\/cala-saona-formentera-1024x683.webp 1024w, https:\/\/select-agency.world\/wp-content\/uploads\/2025\/03\/cala-saona-formentera-768x512.webp 768w, https:\/\/select-agency.world\/wp-content\/uploads\/2025\/03\/cala-saona-formentera-1536x1024.webp 1536w, https:\/\/select-agency.world\/wp-content\/uploads\/2025\/03\/cala-saona-formentera-18x12.webp 18w, https:\/\/select-agency.world\/wp-content\/uploads\/2025\/03\/cala-saona-formentera-900x600.webp 900w, https:\/\/select-agency.world\/wp-content\/uploads\/2025\/03\/cala-saona-formentera-496x331.webp 496w\" sizes=\"auto, (max-width: 1920px) 100vw, 1920px\" \/>\t\t\t\t\t\t\t\t\t\t\t\t\t\t\t<\/div>\n\t\t\t\t<\/div>\n\t\t\t\t<\/div>\n\t\t<div class=\"elementor-element elementor-element-5efca89 e-con-full e-flex e-con e-child\" data-id=\"5efca89\" data-element_type=\"container\" data-e-type=\"container\">\n\t\t\t\t<div class=\"elementor-element elementor-element-c9b22a4 elementor-widget elementor-widget-heading\" data-id=\"c9b22a4\" data-element_type=\"widget\" data-e-type=\"widget\" data-widget_type=\"heading.default\">\n\t\t\t\t<div class=\"elementor-widget-container\">\n\t\t\t\t\t<h2 class=\"elementor-heading-title elementor-size-default\">Tag 3: Formentera Bliss \u2013 Barfu\u00df-Luxus am Illetes-Strand<\/h2>\t\t\t\t<\/div>\n\t\t\t\t<\/div>\n\t\t\t\t<div class=\"elementor-element elementor-element-aa4f611 elementor-widget elementor-widget-text-editor\" data-id=\"aa4f611\" data-element_type=\"widget\" data-e-type=\"widget\" data-widget_type=\"text-editor.default\">\n\t\t\t\t<div class=\"elementor-widget-container\">\n\t\t\t\t\t\t\t\t\t<p>Eine kurze \u00dcberfahrt bringt Sie nach Formentera, dem Juwel der Balearen, das mit Schlichtheit und nat\u00fcrlicher Sch\u00f6nheit bezaubert. Die Yacht ankert vor dem ber\u00fchmten Illetes-Strand, wo blendend wei\u00dfer Sand und glasklares Wasser fast karibisch wirken. Hier hei\u00dft es: Loslassen und genie\u00dfen \u2013 schweben Sie im ruhigen Meer, erkunden Sie die Bucht mit dem Seabob oder gleiten Sie entspannt mit dem Paddleboard dahin. Zum Mittagessen lockt eine lange, genussvolle Pause im legend\u00e4ren Juan y Andrea, wo fangfrischer Fisch mit einer Meeresbrise serviert wird, oder Sie entscheiden sich f\u00fcr die lebhafte, unbeschwerte Stimmung im Beso Beach Formentera, wo Musik und Tanzen im Sand das Lebensgef\u00fchl bestimmen. Der Nachmittag geh\u00f6rt dem Driften zwischen versteckten Buchten, dem Schnorcheln oder einem Glas Ros\u00e9 an Deck, w\u00e4hrend die Sonne langsam im Meer versinkt.<\/p>\t\t\t\t\t\t\t\t<\/div>\n\t\t\t\t<\/div>\n\t\t\t\t<\/div>\n\t\t\t\t\t<\/div>\n\t\t\t\t<\/div>\n\t\t<div class=\"elementor-element elementor-element-2e692f0 e-flex e-con-boxed e-con e-parent\" data-id=\"2e692f0\" data-element_type=\"container\" data-e-type=\"container\" data-settings=\"{&quot;background_background&quot;:&quot;classic&quot;}\">\n\t\t\t\t\t<div class=\"e-con-inner\">\n\t\t<div class=\"elementor-element elementor-element-f319f51 e-con-full e-flex e-con e-child\" data-id=\"f319f51\" data-element_type=\"container\" data-e-type=\"container\">\n\t\t\t\t<div class=\"elementor-element elementor-element-2c24699 elementor-widget elementor-widget-heading\" data-id=\"2c24699\" data-element_type=\"widget\" data-e-type=\"widget\" data-widget_type=\"heading.default\">\n\t\t\t\t<div class=\"elementor-widget-container\">\n\t\t\t\t\t<h2 class=\"elementor-heading-title elementor-size-default\">Tag 4\u20135: Inselh\u00fcpfen &amp; Abschiedskreuzfahrt \u2013 Ein letzter Sprung ins Paradies<\/h2>\t\t\t\t<\/div>\n\t\t\t\t<\/div>\n\t\t\t\t<div class=\"elementor-element elementor-element-a7136cb elementor-widget elementor-widget-text-editor\" data-id=\"a7136cb\" data-element_type=\"widget\" data-e-type=\"widget\" data-widget_type=\"text-editor.default\">\n\t\t\t\t<div class=\"elementor-widget-container\">\n\t\t\t\t\t\t\t\t\t<p>Je nach Reisetempo gestalten Sie die letzten Tage ganz nach Ihren W\u00fcnschen. Vielleicht entdecken Sie weitere versteckte Buchten Formenteras, in denen das Wasser noch klarer und ruhiger ist als am Illetes-Strand. Nutzen Sie die Water Toys noch ein letztes Mal in vollen Z\u00fcgen: gleiten Sie mit dem Seabob F9 durch die Wellen, \u00fcben Sie Balance auf dem eFoil oder lassen Sie sich auf den Paddleboards treiben. Falls Sie Lust auf noch mehr Inselgef\u00fchl haben, h\u00e4lt auch Ibiza weitere Sch\u00e4tze bereit \u2013 von ruhigen Buchten bis zu eleganten Marinas. Die R\u00fcckfahrt nach Mallorca wird zum entspannten Finale: eine letzte Gelegenheit, die Aussicht, die Meeresbrise und die Erinnerungen an Ihr Balearen-Abenteuer zu genie\u00dfen.<\/p>\t\t\t\t\t\t\t\t<\/div>\n\t\t\t\t<\/div>\n\t\t\t\t<\/div>\n\t\t<div class=\"elementor-element elementor-element-4d69007 e-con-full e-flex e-con e-child\" data-id=\"4d69007\" data-element_type=\"container\" data-e-type=\"container\">\n\t\t\t\t<div class=\"elementor-element elementor-element-25081f3 elementor-widget elementor-widget-image\" data-id=\"25081f3\" data-element_type=\"widget\" data-e-type=\"widget\" data-widget_type=\"image.default\">\n\t\t\t\t<div class=\"elementor-widget-container\">\n\t\t\t\t\t\t\t\t\t\t\t\t\t\t\t<img loading=\"lazy\" decoding=\"async\" width=\"1920\" height=\"1280\" src=\"https:\/\/select-agency.world\/wp-content\/uploads\/2025\/03\/la-savina-formentera.webp\" class=\"attachment-full size-full wp-image-23297\" alt=\"\" srcset=\"https:\/\/select-agency.world\/wp-content\/uploads\/2025\/03\/la-savina-formentera.webp 1920w, https:\/\/select-agency.world\/wp-content\/uploads\/2025\/03\/la-savina-formentera-300x200.webp 300w, https:\/\/select-agency.world\/wp-content\/uploads\/2025\/03\/la-savina-formentera-1024x683.webp 1024w, https:\/\/select-agency.world\/wp-content\/uploads\/2025\/03\/la-savina-formentera-768x512.webp 768w, https:\/\/select-agency.world\/wp-content\/uploads\/2025\/03\/la-savina-formentera-1536x1024.webp 1536w, https:\/\/select-agency.world\/wp-content\/uploads\/2025\/03\/la-savina-formentera-18x12.webp 18w, https:\/\/select-agency.world\/wp-content\/uploads\/2025\/03\/la-savina-formentera-900x600.webp 900w, https:\/\/select-agency.world\/wp-content\/uploads\/2025\/03\/la-savina-formentera-496x331.webp 496w\" sizes=\"auto, (max-width: 1920px) 100vw, 1920px\" \/>\t\t\t\t\t\t\t\t\t\t\t\t\t\t\t<\/div>\n\t\t\t\t<\/div>\n\t\t\t\t<\/div>\n\t\t\t\t\t<\/div>\n\t\t\t\t<\/div>\n\t\t<div class=\"elementor-element elementor-element-fb8680f animated-slow e-flex e-con-boxed elementor-invisible e-con e-parent\" data-id=\"fb8680f\" data-element_type=\"container\" data-e-type=\"container\" data-settings=\"{&quot;background_background&quot;:&quot;classic&quot;,&quot;animation&quot;:&quot;fadeIn&quot;}\">\n\t\t\t\t\t<div class=\"e-con-inner\">\n\t\t<div class=\"elementor-element elementor-element-9938a17 e-con-full e-flex e-con e-child\" data-id=\"9938a17\" data-element_type=\"container\" data-e-type=\"container\">\n\t\t\t\t<div class=\"elementor-element elementor-element-bf27389 elementor-widget elementor-widget-heading\" data-id=\"bf27389\" data-element_type=\"widget\" data-e-type=\"widget\" data-widget_type=\"heading.default\">\n\t\t\t\t<div class=\"elementor-widget-container\">\n\t\t\t\t\t<h4 class=\"elementor-heading-title elementor-size-default\">Gestalten Sie Ihr eigenes Balearen-Abenteuer<\/h4>\t\t\t\t<\/div>\n\t\t\t\t<\/div>\n\t\t\t\t<div class=\"elementor-element elementor-element-a8eb06d elementor-widget elementor-widget-text-editor\" data-id=\"a8eb06d\" data-element_type=\"widget\" data-e-type=\"widget\" data-widget_type=\"text-editor.default\">\n\t\t\t\t<div class=\"elementor-widget-container\">\n\t\t\t\t\t\t\t\t\t<p class=\"p1\">Bei SELECT Boutique Agency wird jeder Yachtcharter nach Ihren W\u00fcnschen gestaltet. Diese vorgeschlagene Route ist nur ein Anfang \u2013 ob mehr Nightlife, versteckte Buchten oder Fokus auf Wassersport: Wir entwerfen die Reise so, wie sie zu Ihnen passt.<\/p>\t\t\t\t\t\t\t\t<\/div>\n\t\t\t\t<\/div>\n\t\t\t\t<div class=\"elementor-element elementor-element-87add1e elementor-align-justify elementor-mobile-align-center elementor-invisible elementor-widget elementor-widget-button\" data-id=\"87add1e\" data-element_type=\"widget\" data-e-type=\"widget\" data-settings=\"{&quot;_animation&quot;:&quot;fadeIn&quot;}\" data-widget_type=\"button.default\">\n\t\t\t\t<div class=\"elementor-widget-container\">\n\t\t\t\t\t\t\t\t\t<div class=\"elementor-button-wrapper\">\n\t\t\t\t\t<a class=\"elementor-button elementor-button-link elementor-size-sm elementor-animation-grow\" href=\"https:\/\/select-agency.world\/de\/contact\/\">\n\t\t\t\t\t\t<span class=\"elementor-button-content-wrapper\">\n\t\t\t\t\t\t\t\t\t<span class=\"elementor-button-text\">Kontakt<\/span>\n\t\t\t\t\t<\/span>\n\t\t\t\t\t<\/a>\n\t\t\t\t<\/div>\n\t\t\t\t\t\t\t\t<\/div>\n\t\t\t\t<\/div>\n\t\t\t\t<\/div>\n\t\t\t\t\t<\/div>\n\t\t\t\t<\/div>\n\t\t\t\t<\/div>","protected":false},"excerpt":{"rendered":"<p>A Journey Between Nightlife and Tranquility Mallorca \u2013 Ibiza \u2013 FormenteraAdventure Yacht Charter A yacht charter from Mallorca to Ibiza and Formentera is the ultimate Balearic escape. In just a few days, you can combine the serenity of Cabrera\u2019s natural park, the legendary sunsets of Ibiza, and the barefoot luxury of Formentera\u2019s beaches. Whether you\u2019re [&hellip;]<\/p>\n","protected":false},"author":1,"featured_media":23273,"parent":23410,"menu_order":0,"comment_status":"closed","ping_status":"closed","template":"elementor_header_footer","meta":{"footnotes":""},"class_list":["post-25664","page","type-page","status-publish","has-post-thumbnail","hentry"],"aioseo_notices":[],"_links":{"self":[{"href":"https:\/\/select-agency.world\/de\/wp-json\/wp\/v2\/pages\/25664","targetHints":{"allow":["GET"]}}],"collection":[{"href":"https:\/\/select-agency.world\/de\/wp-json\/wp\/v2\/pages"}],"about":[{"href":"https:\/\/select-agency.world\/de\/wp-json\/wp\/v2\/types\/page"}],"author":[{"embeddable":true,"href":"https:\/\/select-agency.world\/de\/wp-json\/wp\/v2\/users\/1"}],"replies":[{"embeddable":true,"href":"https:\/\/select-agency.world\/de\/wp-json\/wp\/v2\/comments?post=25664"}],"version-history":[{"count":0,"href":"https:\/\/select-agency.world\/de\/wp-json\/wp\/v2\/pages\/25664\/revisions"}],"up":[{"embeddable":true,"href":"https:\/\/select-agency.world\/de\/wp-json\/wp\/v2\/pages\/23410"}],"wp:featuredmedia":[{"embeddable":true,"href":"https:\/\/select-agency.world\/de\/wp-json\/wp\/v2\/media\/23273"}],"wp:attachment":[{"href":"https:\/\/select-agency.world\/de\/wp-json\/wp\/v2\/media?parent=25664"}],"curies":[{"name":"wp","href":"https:\/\/api.w.org\/{rel}","templated":true}]}}