{"id":19100,"date":"2024-12-19T11:41:45","date_gmt":"2024-12-19T11:41:45","guid":{"rendered":"https:\/\/select-agency.world\/?page_id=19100"},"modified":"2026-03-31T12:23:02","modified_gmt":"2026-03-31T11:23:02","slug":"yacht-management","status":"publish","type":"page","link":"https:\/\/select-agency.world\/es\/yachting\/yacht-management\/","title":{"rendered":"Gesti\u00f3n de yates"},"content":{"rendered":"<div data-elementor-type=\"wp-page\" data-elementor-id=\"19100\" class=\"elementor elementor-19100\">\n\t\t\t\t<div class=\"elementor-element elementor-element-6395f2e animated-slow e-flex e-con-boxed elementor-invisible e-con e-parent\" data-id=\"6395f2e\" data-element_type=\"container\" data-e-type=\"container\" data-settings=\"{&quot;background_background&quot;:&quot;classic&quot;,&quot;animation&quot;:&quot;fadeIn&quot;}\">\n\t\t\t\t\t<div class=\"e-con-inner\">\n\t\t<div class=\"elementor-element elementor-element-98e4146 e-con-full e-flex e-con e-child\" data-id=\"98e4146\" data-element_type=\"container\" data-e-type=\"container\">\n\t\t\t\t<div class=\"elementor-element elementor-element-03c051f elementor-invisible elementor-widget elementor-widget-heading\" data-id=\"03c051f\" data-element_type=\"widget\" data-e-type=\"widget\" data-settings=\"{&quot;_animation&quot;:&quot;fadeInDown&quot;}\" data-widget_type=\"heading.default\">\n\t\t\t\t<div class=\"elementor-widget-container\">\n\t\t\t\t\t<h1 class=\"elementor-heading-title elementor-size-default\">Gesti\u00f3n de yates<\/h1>\t\t\t\t<\/div>\n\t\t\t\t<\/div>\n\t\t\t\t<\/div>\n\t\t\t\t\t<\/div>\n\t\t\t\t<\/div>\n\t\t<div class=\"elementor-element elementor-element-27f0b66b e-flex e-con-boxed e-con e-parent\" data-id=\"27f0b66b\" data-element_type=\"container\" data-e-type=\"container\" data-settings=\"{&quot;background_background&quot;:&quot;classic&quot;}\">\n\t\t\t\t\t<div class=\"e-con-inner\">\n\t\t\t\t<div class=\"elementor-element elementor-element-66ecd76 elementor-widget elementor-widget-spacer\" data-id=\"66ecd76\" data-element_type=\"widget\" data-e-type=\"widget\" data-widget_type=\"spacer.default\">\n\t\t\t\t<div class=\"elementor-widget-container\">\n\t\t\t\t\t\t\t<div class=\"elementor-spacer\">\n\t\t\t<div class=\"elementor-spacer-inner\"><\/div>\n\t\t<\/div>\n\t\t\t\t\t\t<\/div>\n\t\t\t\t<\/div>\n\t\t<div class=\"elementor-element elementor-element-462a1379 e-con-full e-flex e-con e-child\" data-id=\"462a1379\" data-element_type=\"container\" data-e-type=\"container\">\n\t\t<div class=\"elementor-element elementor-element-56e8c35b e-grid e-con-full e-con e-child\" data-id=\"56e8c35b\" data-element_type=\"container\" data-e-type=\"container\">\n\t\t<div class=\"elementor-element elementor-element-2c64be8f e-con-full e-flex e-con e-child\" data-id=\"2c64be8f\" data-element_type=\"container\" data-e-type=\"container\">\n\t\t\t\t<div class=\"elementor-element elementor-element-1429384 elementor-invisible elementor-widget elementor-widget-heading\" data-id=\"1429384\" data-element_type=\"widget\" data-e-type=\"widget\" data-settings=\"{&quot;_animation&quot;:&quot;fadeInLeft&quot;}\" data-widget_type=\"heading.default\">\n\t\t\t\t<div class=\"elementor-widget-container\">\n\t\t\t\t\t<h2 class=\"elementor-heading-title elementor-size-default\">SERVICIOS DE GESTI\u00d3N DE YATES<\/h2>\t\t\t\t<\/div>\n\t\t\t\t<\/div>\n\t\t\t\t<div class=\"elementor-element elementor-element-6ae15fb6 elementor-invisible elementor-widget elementor-widget-text-editor\" data-id=\"6ae15fb6\" data-element_type=\"widget\" data-e-type=\"widget\" data-settings=\"{&quot;_animation&quot;:&quot;fadeInLeft&quot;}\" data-widget_type=\"text-editor.default\">\n\t\t\t\t<div class=\"elementor-widget-container\">\n\t\t\t\t\t\t\t\t\t<p>Ser propietario de un yate debe ser una fuente de satisfacci\u00f3n, no de preocupaci\u00f3n. En SELECT Boutique Agency nos especializamos en ofrecer un servicio de gesti\u00f3n profesional y eficiente, asegurando que su embarcaci\u00f3n genere ingresos a trav\u00e9s del ch\u00e1rter mientras nosotros nos ocupamos de cada detalle, de principio a fin.<\/p>\t\t\t\t\t\t\t\t<\/div>\n\t\t\t\t<\/div>\n\t\t\t\t<div class=\"elementor-element elementor-element-58cec9e elementor-mobile-align-center elementor-invisible elementor-widget elementor-widget-button\" data-id=\"58cec9e\" data-element_type=\"widget\" data-e-type=\"widget\" data-settings=\"{&quot;_animation&quot;:&quot;fadeIn&quot;}\" data-widget_type=\"button.default\">\n\t\t\t\t<div class=\"elementor-widget-container\">\n\t\t\t\t\t\t\t\t\t<div class=\"elementor-button-wrapper\">\n\t\t\t\t\t<a class=\"elementor-button elementor-button-link elementor-size-sm elementor-animation-grow\" href=\"#popmake-27596\">\n\t\t\t\t\t\t<span class=\"elementor-button-content-wrapper\">\n\t\t\t\t\t\t\t\t\t<span class=\"elementor-button-text\">CONT\u00c1CTENOS<\/span>\n\t\t\t\t\t<\/span>\n\t\t\t\t\t<\/a>\n\t\t\t\t<\/div>\n\t\t\t\t\t\t\t\t<\/div>\n\t\t\t\t<\/div>\n\t\t\t\t<\/div>\n\t\t<div class=\"elementor-element elementor-element-263fd6e2 e-con-full e-flex e-con e-child\" data-id=\"263fd6e2\" data-element_type=\"container\" data-e-type=\"container\">\n\t\t\t\t<div class=\"elementor-element elementor-element-449c7107 elementor-invisible elementor-widget elementor-widget-image\" data-id=\"449c7107\" data-element_type=\"widget\" data-e-type=\"widget\" data-settings=\"{&quot;_animation&quot;:&quot;fadeInRight&quot;}\" data-widget_type=\"image.default\">\n\t\t\t\t<div class=\"elementor-widget-container\">\n\t\t\t\t\t\t\t\t\t\t\t\t\t\t\t<img loading=\"lazy\" decoding=\"async\" width=\"1920\" height=\"1280\" src=\"https:\/\/select-agency.world\/wp-content\/uploads\/2025\/01\/mallorca-puerto-portals-1.jpg\" class=\"attachment-full size-full wp-image-21566\" alt=\"Marina Puerto Portals in Mallorca, Spain.\" srcset=\"https:\/\/select-agency.world\/wp-content\/uploads\/2025\/01\/mallorca-puerto-portals-1.jpg 1920w, https:\/\/select-agency.world\/wp-content\/uploads\/2025\/01\/mallorca-puerto-portals-1-300x200.jpg 300w, https:\/\/select-agency.world\/wp-content\/uploads\/2025\/01\/mallorca-puerto-portals-1-1024x683.jpg 1024w, https:\/\/select-agency.world\/wp-content\/uploads\/2025\/01\/mallorca-puerto-portals-1-768x512.jpg 768w, https:\/\/select-agency.world\/wp-content\/uploads\/2025\/01\/mallorca-puerto-portals-1-1536x1024.jpg 1536w, https:\/\/select-agency.world\/wp-content\/uploads\/2025\/01\/mallorca-puerto-portals-1-18x12.jpg 18w, https:\/\/select-agency.world\/wp-content\/uploads\/2025\/01\/mallorca-puerto-portals-1-900x600.jpg 900w, https:\/\/select-agency.world\/wp-content\/uploads\/2025\/01\/mallorca-puerto-portals-1-496x331.jpg 496w\" sizes=\"auto, (max-width: 1920px) 100vw, 1920px\" \/>\t\t\t\t\t\t\t\t\t\t\t\t\t\t\t<\/div>\n\t\t\t\t<\/div>\n\t\t\t\t<\/div>\n\t\t\t\t<\/div>\n\t\t\t\t<\/div>\n\t\t\t\t\t<\/div>\n\t\t\t\t<\/div>\n\t\t<div class=\"elementor-element elementor-element-452b3d83 e-flex e-con-boxed elementor-invisible e-con e-parent\" data-id=\"452b3d83\" data-element_type=\"container\" data-e-type=\"container\" data-settings=\"{&quot;background_background&quot;:&quot;classic&quot;,&quot;animation&quot;:&quot;fadeIn&quot;}\">\n\t\t\t\t\t<div class=\"e-con-inner\">\n\t\t<div class=\"elementor-element elementor-element-3175a77d e-flex e-con-boxed e-con e-child\" data-id=\"3175a77d\" data-element_type=\"container\" data-e-type=\"container\">\n\t\t\t\t\t<div class=\"e-con-inner\">\n\t\t\t\t<div class=\"elementor-element elementor-element-28e224a3 elementor-widget elementor-widget-image\" data-id=\"28e224a3\" data-element_type=\"widget\" data-e-type=\"widget\" data-widget_type=\"image.default\">\n\t\t\t\t<div class=\"elementor-widget-container\">\n\t\t\t\t\t\t\t\t\t\t\t\t\t\t\t<img loading=\"lazy\" decoding=\"async\" width=\"1920\" height=\"1280\" src=\"https:\/\/select-agency.world\/wp-content\/uploads\/2025\/01\/business-handshake.jpg\" class=\"attachment-full size-full wp-image-21574\" alt=\"Handshake between business people.\" srcset=\"https:\/\/select-agency.world\/wp-content\/uploads\/2025\/01\/business-handshake.jpg 1920w, https:\/\/select-agency.world\/wp-content\/uploads\/2025\/01\/business-handshake-300x200.jpg 300w, https:\/\/select-agency.world\/wp-content\/uploads\/2025\/01\/business-handshake-1024x683.jpg 1024w, https:\/\/select-agency.world\/wp-content\/uploads\/2025\/01\/business-handshake-768x512.jpg 768w, https:\/\/select-agency.world\/wp-content\/uploads\/2025\/01\/business-handshake-1536x1024.jpg 1536w, https:\/\/select-agency.world\/wp-content\/uploads\/2025\/01\/business-handshake-18x12.jpg 18w, https:\/\/select-agency.world\/wp-content\/uploads\/2025\/01\/business-handshake-900x600.jpg 900w, https:\/\/select-agency.world\/wp-content\/uploads\/2025\/01\/business-handshake-496x331.jpg 496w\" sizes=\"auto, (max-width: 1920px) 100vw, 1920px\" \/>\t\t\t\t\t\t\t\t\t\t\t\t\t\t\t<\/div>\n\t\t\t\t<\/div>\n\t\t\t\t<div class=\"elementor-element elementor-element-e01a89e animated-fast elementor-invisible elementor-widget elementor-widget-heading\" data-id=\"e01a89e\" data-element_type=\"widget\" data-e-type=\"widget\" data-settings=\"{&quot;_animation&quot;:&quot;fadeInUp&quot;}\" data-widget_type=\"heading.default\">\n\t\t\t\t<div class=\"elementor-widget-container\">\n\t\t\t\t\t<h2 class=\"elementor-heading-title elementor-size-default\">GESTI\u00d3N DE CH\u00c1RTER<\/h2>\t\t\t\t<\/div>\n\t\t\t\t<\/div>\n\t\t\t\t<div class=\"elementor-element elementor-element-72cd002 elementor-widget__width-initial elementor-widget elementor-widget-text-editor\" data-id=\"72cd002\" data-element_type=\"widget\" data-e-type=\"widget\" data-widget_type=\"text-editor.default\">\n\t\t\t\t<div class=\"elementor-widget-container\">\n\t\t\t\t\t\t\t\t\t<p>Gestionamos el calendario de reservas de su yate, atendemos las consultas y coordinamos todos los aspectos del ch\u00e1rter. Desde el primer contacto con el cliente hasta el seguimiento posterior, ofrecemos un servicio impecable y profesional.<\/p>\t\t\t\t\t\t\t\t<\/div>\n\t\t\t\t<\/div>\n\t\t\t\t\t<\/div>\n\t\t\t\t<\/div>\n\t\t<div class=\"elementor-element elementor-element-2a8a2ec0 e-flex e-con-boxed e-con e-child\" data-id=\"2a8a2ec0\" data-element_type=\"container\" data-e-type=\"container\">\n\t\t\t\t\t<div class=\"e-con-inner\">\n\t\t\t\t<div class=\"elementor-element elementor-element-2c83fc1 elementor-widget elementor-widget-image\" data-id=\"2c83fc1\" data-element_type=\"widget\" data-e-type=\"widget\" data-widget_type=\"image.default\">\n\t\t\t\t<div class=\"elementor-widget-container\">\n\t\t\t\t\t\t\t\t\t\t\t\t\t\t\t<img loading=\"lazy\" decoding=\"async\" width=\"1920\" height=\"1280\" src=\"https:\/\/select-agency.world\/wp-content\/uploads\/2025\/01\/happy-woman-marketing.jpg\" class=\"attachment-full size-full wp-image-21465\" alt=\"Happy business woman with laptop.\" srcset=\"https:\/\/select-agency.world\/wp-content\/uploads\/2025\/01\/happy-woman-marketing.jpg 1920w, https:\/\/select-agency.world\/wp-content\/uploads\/2025\/01\/happy-woman-marketing-300x200.jpg 300w, https:\/\/select-agency.world\/wp-content\/uploads\/2025\/01\/happy-woman-marketing-1024x683.jpg 1024w, https:\/\/select-agency.world\/wp-content\/uploads\/2025\/01\/happy-woman-marketing-768x512.jpg 768w, https:\/\/select-agency.world\/wp-content\/uploads\/2025\/01\/happy-woman-marketing-1536x1024.jpg 1536w, https:\/\/select-agency.world\/wp-content\/uploads\/2025\/01\/happy-woman-marketing-18x12.jpg 18w, https:\/\/select-agency.world\/wp-content\/uploads\/2025\/01\/happy-woman-marketing-900x600.jpg 900w, https:\/\/select-agency.world\/wp-content\/uploads\/2025\/01\/happy-woman-marketing-496x331.jpg 496w\" sizes=\"auto, (max-width: 1920px) 100vw, 1920px\" \/>\t\t\t\t\t\t\t\t\t\t\t\t\t\t\t<\/div>\n\t\t\t\t<\/div>\n\t\t\t\t<div class=\"elementor-element elementor-element-d49ce18 animated-fast elementor-invisible elementor-widget elementor-widget-heading\" data-id=\"d49ce18\" data-element_type=\"widget\" data-e-type=\"widget\" data-settings=\"{&quot;_animation&quot;:&quot;fadeInUp&quot;}\" data-widget_type=\"heading.default\">\n\t\t\t\t<div class=\"elementor-widget-container\">\n\t\t\t\t\t<h2 class=\"elementor-heading-title elementor-size-default\">EXCELENCIA EN MARKETING<\/h2>\t\t\t\t<\/div>\n\t\t\t\t<\/div>\n\t\t\t\t<div class=\"elementor-element elementor-element-1281fa7 elementor-widget__width-initial elementor-widget elementor-widget-text-editor\" data-id=\"1281fa7\" data-element_type=\"widget\" data-e-type=\"widget\" data-widget_type=\"text-editor.default\">\n\t\t\t\t<div class=\"elementor-widget-container\">\n\t\t\t\t\t\t\t\t\t<p>Su yate ser\u00e1 presentado mediante materiales de marketing profesionales, en plataformas online de referencia, a trav\u00e9s de nuestra amplia red de brokers y colaboraciones estrat\u00e9gicas. Garantizamos la m\u00e1xima visibilidad para atraer al perfil de cliente adecuado.<\/p>\t\t\t\t\t\t\t\t<\/div>\n\t\t\t\t<\/div>\n\t\t\t\t\t<\/div>\n\t\t\t\t<\/div>\n\t\t<div class=\"elementor-element elementor-element-62094ee6 e-flex e-con-boxed e-con e-child\" data-id=\"62094ee6\" data-element_type=\"container\" data-e-type=\"container\">\n\t\t\t\t\t<div class=\"e-con-inner\">\n\t\t\t\t<div class=\"elementor-element elementor-element-d00f617 elementor-widget elementor-widget-image\" data-id=\"d00f617\" data-element_type=\"widget\" data-e-type=\"widget\" data-widget_type=\"image.default\">\n\t\t\t\t<div class=\"elementor-widget-container\">\n\t\t\t\t\t\t\t\t\t\t\t\t\t\t\t<img loading=\"lazy\" decoding=\"async\" width=\"1920\" height=\"1280\" src=\"https:\/\/select-agency.world\/wp-content\/uploads\/2025\/01\/office-desk.jpg\" class=\"attachment-full size-full wp-image-21592\" alt=\"Modern office desk.\" srcset=\"https:\/\/select-agency.world\/wp-content\/uploads\/2025\/01\/office-desk.jpg 1920w, https:\/\/select-agency.world\/wp-content\/uploads\/2025\/01\/office-desk-300x200.jpg 300w, https:\/\/select-agency.world\/wp-content\/uploads\/2025\/01\/office-desk-1024x683.jpg 1024w, https:\/\/select-agency.world\/wp-content\/uploads\/2025\/01\/office-desk-768x512.jpg 768w, https:\/\/select-agency.world\/wp-content\/uploads\/2025\/01\/office-desk-1536x1024.jpg 1536w, https:\/\/select-agency.world\/wp-content\/uploads\/2025\/01\/office-desk-18x12.jpg 18w, https:\/\/select-agency.world\/wp-content\/uploads\/2025\/01\/office-desk-900x600.jpg 900w, https:\/\/select-agency.world\/wp-content\/uploads\/2025\/01\/office-desk-496x331.jpg 496w\" sizes=\"auto, (max-width: 1920px) 100vw, 1920px\" \/>\t\t\t\t\t\t\t\t\t\t\t\t\t\t\t<\/div>\n\t\t\t\t<\/div>\n\t\t\t\t<div class=\"elementor-element elementor-element-a4fc6d4 animated-fast elementor-invisible elementor-widget elementor-widget-heading\" data-id=\"a4fc6d4\" data-element_type=\"widget\" data-e-type=\"widget\" data-settings=\"{&quot;_animation&quot;:&quot;fadeInUp&quot;}\" data-widget_type=\"heading.default\">\n\t\t\t\t<div class=\"elementor-widget-container\">\n\t\t\t\t\t<h2 class=\"elementor-heading-title elementor-size-default\">TRANSPARENCIA TOTAL<\/h2>\t\t\t\t<\/div>\n\t\t\t\t<\/div>\n\t\t\t\t<div class=\"elementor-element elementor-element-e2d1516 elementor-widget__width-initial elementor-widget elementor-widget-text-editor\" data-id=\"e2d1516\" data-element_type=\"widget\" data-e-type=\"widget\" data-widget_type=\"text-editor.default\">\n\t\t\t\t<div class=\"elementor-widget-container\">\n\t\t\t\t\t\t\t\t\t<p>Antes de comenzar, analizamos con usted el tipo y la frecuencia de los ch\u00e1rteres. A lo largo de todo el proceso, tendr\u00e1 acceso completo a la informaci\u00f3n sobre reservas y rendimiento.<\/p>\t\t\t\t\t\t\t\t<\/div>\n\t\t\t\t<\/div>\n\t\t\t\t\t<\/div>\n\t\t\t\t<\/div>\n\t\t\t\t\t<\/div>\n\t\t\t\t<\/div>\n\t\t<div class=\"elementor-element elementor-element-6912ae39 e-flex e-con-boxed e-con e-parent\" data-id=\"6912ae39\" data-element_type=\"container\" data-e-type=\"container\" data-settings=\"{&quot;background_background&quot;:&quot;classic&quot;}\">\n\t\t\t\t\t<div class=\"e-con-inner\">\n\t\t<div class=\"elementor-element elementor-element-3de64d75 e-con-full e-flex e-con e-child\" data-id=\"3de64d75\" data-element_type=\"container\" data-e-type=\"container\">\n\t\t<div class=\"elementor-element elementor-element-3f2500a6 e-grid e-con-full e-con e-child\" data-id=\"3f2500a6\" data-element_type=\"container\" data-e-type=\"container\">\n\t\t<div class=\"elementor-element elementor-element-25575a04 e-con-full e-flex e-con e-child\" data-id=\"25575a04\" data-element_type=\"container\" data-e-type=\"container\">\n\t\t\t\t<div class=\"elementor-element elementor-element-1eed1c6 elementor-widget elementor-widget-image\" data-id=\"1eed1c6\" data-element_type=\"widget\" data-e-type=\"widget\" data-widget_type=\"image.default\">\n\t\t\t\t<div class=\"elementor-widget-container\">\n\t\t\t\t\t\t\t\t\t\t\t\t\t\t\t<img loading=\"lazy\" decoding=\"async\" width=\"1024\" height=\"683\" src=\"https:\/\/select-agency.world\/wp-content\/uploads\/2024\/12\/1-1024x683.jpg\" class=\"attachment-large size-large wp-image-19103\" alt=\"Luxury sailing yacht cruising.\" srcset=\"https:\/\/select-agency.world\/wp-content\/uploads\/2024\/12\/1-1024x683.jpg 1024w, https:\/\/select-agency.world\/wp-content\/uploads\/2024\/12\/1-300x200.jpg 300w, https:\/\/select-agency.world\/wp-content\/uploads\/2024\/12\/1-768x512.jpg 768w, https:\/\/select-agency.world\/wp-content\/uploads\/2024\/12\/1-1536x1024.jpg 1536w, https:\/\/select-agency.world\/wp-content\/uploads\/2024\/12\/1-900x600.jpg 900w, https:\/\/select-agency.world\/wp-content\/uploads\/2024\/12\/1-496x331.jpg 496w, https:\/\/select-agency.world\/wp-content\/uploads\/2024\/12\/1.jpg 1800w\" sizes=\"auto, (max-width: 1024px) 100vw, 1024px\" \/>\t\t\t\t\t\t\t\t\t\t\t\t\t\t\t<\/div>\n\t\t\t\t<\/div>\n\t\t\t\t<\/div>\n\t\t<div class=\"elementor-element elementor-element-430e0b26 e-con-full e-flex e-con e-child\" data-id=\"430e0b26\" data-element_type=\"container\" data-e-type=\"container\">\n\t\t\t\t<div class=\"elementor-element elementor-element-a84d369 elementor-invisible elementor-widget elementor-widget-heading\" data-id=\"a84d369\" data-element_type=\"widget\" data-e-type=\"widget\" data-settings=\"{&quot;_animation&quot;:&quot;fadeInRight&quot;}\" data-widget_type=\"heading.default\">\n\t\t\t\t<div class=\"elementor-widget-container\">\n\t\t\t\t\t<h2 class=\"elementor-heading-title elementor-size-default\">\u00bfPOR QU\u00c9 ELEGIRNOS?<\/h2>\t\t\t\t<\/div>\n\t\t\t\t<\/div>\n\t\t\t\t<div class=\"elementor-element elementor-element-2d8ed64 elementor-invisible elementor-widget elementor-widget-text-editor\" data-id=\"2d8ed64\" data-element_type=\"widget\" data-e-type=\"widget\" data-settings=\"{&quot;_animation&quot;:&quot;fadeInRight&quot;}\" data-widget_type=\"text-editor.default\">\n\t\t\t\t<div class=\"elementor-widget-container\">\n\t\t\t\t\t\t\t\t\t<p>En <strong><a href=\"https:\/\/select-agency.world\/es\/about\/\" target=\"_blank\" rel=\"noopener\">SELECT Boutique Agency<\/a><\/strong>apostamos por un enfoque personal, profesional y responsable.<\/p><ul><li>Ingresos sin complicaciones: Genere rentabilidad a trav\u00e9s del ch\u00e1rter sin necesidad de estar presente; nosotros nos encargamos de todo.<\/li><li>Profesionales con experiencia: Gracias a una s\u00f3lida red en las Islas Baleares y m\u00e1s all\u00e1, su yate estar\u00e1 en manos expertas.<\/li><li>Servicios a medida: Cada yate y cada propietario son \u00fanicos. Adaptamos nuestra estrategia a sus preferencias y objetivos.<\/li><\/ul>\t\t\t\t\t\t\t\t<\/div>\n\t\t\t\t<\/div>\n\t\t\t\t<\/div>\n\t\t\t\t<\/div>\n\t\t\t\t<\/div>\n\t\t\t\t\t<\/div>\n\t\t\t\t<\/div>\n\t\t\t\t<\/div>","protected":false},"excerpt":{"rendered":"<p>Yacht Management YACHT MANAGEMENT SERVICES Owning a yacht should be a source of joy, not stress. At SELECT Boutique Agency, we specialize in providing yacht owners with a seamless and professional yacht management service, ensuring your vessel generates income through charters while we handle the details from start to finish. Contact Us Charter management We [&hellip;]<\/p>\n","protected":false},"author":1,"featured_media":21566,"parent":21130,"menu_order":0,"comment_status":"closed","ping_status":"closed","template":"template\/template-homepage.php","meta":{"footnotes":""},"class_list":["post-19100","page","type-page","status-publish","has-post-thumbnail","hentry"],"aioseo_notices":[],"_links":{"self":[{"href":"https:\/\/select-agency.world\/es\/wp-json\/wp\/v2\/pages\/19100","targetHints":{"allow":["GET"]}}],"collection":[{"href":"https:\/\/select-agency.world\/es\/wp-json\/wp\/v2\/pages"}],"about":[{"href":"https:\/\/select-agency.world\/es\/wp-json\/wp\/v2\/types\/page"}],"author":[{"embeddable":true,"href":"https:\/\/select-agency.world\/es\/wp-json\/wp\/v2\/users\/1"}],"replies":[{"embeddable":true,"href":"https:\/\/select-agency.world\/es\/wp-json\/wp\/v2\/comments?post=19100"}],"version-history":[{"count":0,"href":"https:\/\/select-agency.world\/es\/wp-json\/wp\/v2\/pages\/19100\/revisions"}],"up":[{"embeddable":true,"href":"https:\/\/select-agency.world\/es\/wp-json\/wp\/v2\/pages\/21130"}],"wp:featuredmedia":[{"embeddable":true,"href":"https:\/\/select-agency.world\/es\/wp-json\/wp\/v2\/media\/21566"}],"wp:attachment":[{"href":"https:\/\/select-agency.world\/es\/wp-json\/wp\/v2\/media?parent=19100"}],"curies":[{"name":"wp","href":"https:\/\/api.w.org\/{rel}","templated":true}]}}