{"id":21130,"date":"2025-01-06T14:32:34","date_gmt":"2025-01-06T13:32:34","guid":{"rendered":"https:\/\/select-agency.world\/?page_id=21130"},"modified":"2025-08-05T22:03:43","modified_gmt":"2025-08-05T21:03:43","slug":"yachting","status":"publish","type":"page","link":"https:\/\/select-agency.world\/es\/yachting\/","title":{"rendered":"N\u00e1utica"},"content":{"rendered":"<div data-elementor-type=\"wp-page\" data-elementor-id=\"21130\" class=\"elementor elementor-21130\">\n\t\t\t\t\t\t<section class=\"elementor-section elementor-top-section elementor-element elementor-element-e335698 elementor-section-boxed elementor-section-height-default elementor-section-height-default elementor-invisible\" data-id=\"e335698\" data-element_type=\"section\" data-e-type=\"section\" data-settings=\"{&quot;animation&quot;:&quot;fadeIn&quot;,&quot;background_background&quot;:&quot;classic&quot;}\">\n\t\t\t\t\t\t<div class=\"elementor-container elementor-column-gap-default\">\n\t\t\t\t\t<div class=\"elementor-column elementor-col-100 elementor-top-column elementor-element elementor-element-6d7b8a5c\" data-id=\"6d7b8a5c\" data-element_type=\"column\" data-e-type=\"column\">\n\t\t\t<div class=\"elementor-widget-wrap elementor-element-populated\">\n\t\t\t\t\t\t<section class=\"elementor-section elementor-inner-section elementor-element elementor-element-227e3898 elementor-section-boxed elementor-section-height-default elementor-section-height-default\" data-id=\"227e3898\" data-element_type=\"section\" data-e-type=\"section\">\n\t\t\t\t\t\t<div class=\"elementor-container elementor-column-gap-default\">\n\t\t\t\t\t<div class=\"elementor-column elementor-col-33 elementor-inner-column elementor-element elementor-element-5e1c498a\" data-id=\"5e1c498a\" data-element_type=\"column\" data-e-type=\"column\">\n\t\t\t<div class=\"elementor-widget-wrap elementor-element-populated\">\n\t\t\t\t\t\t<div class=\"elementor-element elementor-element-4fbfb2e5 elementor-invisible elementor-widget elementor-widget-heading\" data-id=\"4fbfb2e5\" data-element_type=\"widget\" data-e-type=\"widget\" data-settings=\"{&quot;_animation&quot;:&quot;fadeInLeft&quot;}\" data-widget_type=\"heading.default\">\n\t\t\t\t<div class=\"elementor-widget-container\">\n\t\t\t\t\t<h1 class=\"elementor-heading-title elementor-size-default\">N\u00e1utica<\/h1>\t\t\t\t<\/div>\n\t\t\t\t<\/div>\n\t\t\t\t<div class=\"elementor-element elementor-element-f76bc9 elementor-invisible elementor-widget elementor-widget-text-editor\" data-id=\"f76bc9\" data-element_type=\"widget\" data-e-type=\"widget\" data-settings=\"{&quot;_animation&quot;:&quot;fadeInLeft&quot;}\" data-widget_type=\"text-editor.default\">\n\t\t\t\t<div class=\"elementor-widget-container\">\n\t\t\t\t\t\t\t\t\t<p>La n\u00e1utica es nuestra pasi\u00f3n. Ya sea que busque un ch\u00e1rter de yate exclusivo, desee comprar o vender una embarcaci\u00f3n, adquirir un amarre o incluir su yate en gesti\u00f3n de ch\u00e1rter, est\u00e1 en el lugar adecuado.<\/p>\t\t\t\t\t\t\t\t<\/div>\n\t\t\t\t<\/div>\n\t\t\t\t\t<\/div>\n\t\t<\/div>\n\t\t\t\t<div class=\"elementor-column elementor-col-33 elementor-inner-column elementor-element elementor-element-38f6b172\" data-id=\"38f6b172\" data-element_type=\"column\" data-e-type=\"column\">\n\t\t\t<div class=\"elementor-widget-wrap elementor-element-populated\">\n\t\t\t\t\t\t<div class=\"elementor-element elementor-element-3e2e612 elementor-widget elementor-widget-image\" data-id=\"3e2e612\" data-element_type=\"widget\" data-e-type=\"widget\" data-widget_type=\"image.default\">\n\t\t\t\t<div class=\"elementor-widget-container\">\n\t\t\t\t\t\t\t\t\t\t\t\t\t\t\t\t<a href=\"https:\/\/select-agency.world\/es\/yachting\/charter-yachts\/\">\n\t\t\t\t\t\t\t<img loading=\"lazy\" decoding=\"async\" width=\"300\" height=\"200\" src=\"https:\/\/select-agency.world\/wp-content\/uploads\/2025\/03\/women-sunbath-yacht-300x200.webp\" class=\"attachment-medium size-medium wp-image-23388\" alt=\"Women sunbathing on charter yacht.\" srcset=\"https:\/\/select-agency.world\/wp-content\/uploads\/2025\/03\/women-sunbath-yacht-300x200.webp 300w, https:\/\/select-agency.world\/wp-content\/uploads\/2025\/03\/women-sunbath-yacht-1024x683.webp 1024w, https:\/\/select-agency.world\/wp-content\/uploads\/2025\/03\/women-sunbath-yacht-768x512.webp 768w, https:\/\/select-agency.world\/wp-content\/uploads\/2025\/03\/women-sunbath-yacht-1536x1024.webp 1536w, https:\/\/select-agency.world\/wp-content\/uploads\/2025\/03\/women-sunbath-yacht-18x12.webp 18w, https:\/\/select-agency.world\/wp-content\/uploads\/2025\/03\/women-sunbath-yacht-1170x785.webp 1170w, https:\/\/select-agency.world\/wp-content\/uploads\/2025\/03\/women-sunbath-yacht-900x600.webp 900w, https:\/\/select-agency.world\/wp-content\/uploads\/2025\/03\/women-sunbath-yacht-496x331.webp 496w, https:\/\/select-agency.world\/wp-content\/uploads\/2025\/03\/women-sunbath-yacht.webp 1920w\" sizes=\"auto, (max-width: 300px) 100vw, 300px\" \/>\t\t\t\t\t\t\t\t<\/a>\n\t\t\t\t\t\t\t\t\t\t\t\t\t\t\t<\/div>\n\t\t\t\t<\/div>\n\t\t\t\t<div class=\"elementor-element elementor-element-607d7baa elementor-widget elementor-widget-heading\" data-id=\"607d7baa\" data-element_type=\"widget\" data-e-type=\"widget\" data-widget_type=\"heading.default\">\n\t\t\t\t<div class=\"elementor-widget-container\">\n\t\t\t\t\t<h2 class=\"elementor-heading-title elementor-size-default\"><a href=\"https:\/\/select-agency.world\/es\/yachting\/charter-yachts\/\">Yates en alquiler<\/a><\/h2>\t\t\t\t<\/div>\n\t\t\t\t<\/div>\n\t\t\t\t<div class=\"elementor-element elementor-element-f2bd2ed elementor-widget elementor-widget-image\" data-id=\"f2bd2ed\" data-element_type=\"widget\" data-e-type=\"widget\" data-widget_type=\"image.default\">\n\t\t\t\t<div class=\"elementor-widget-container\">\n\t\t\t\t\t\t\t\t\t\t\t\t\t\t\t\t<a href=\"https:\/\/select-agency.world\/es\/yachting\/yacht-management\/\">\n\t\t\t\t\t\t\t<img loading=\"lazy\" decoding=\"async\" width=\"300\" height=\"200\" src=\"https:\/\/select-agency.world\/wp-content\/uploads\/2025\/08\/yacht-management.webp\" class=\"attachment-medium size-medium wp-image-25551\" alt=\"Gesti\u00f3n de yates\" srcset=\"https:\/\/select-agency.world\/wp-content\/uploads\/2025\/08\/yacht-management.webp 1920w, https:\/\/select-agency.world\/wp-content\/uploads\/2025\/08\/yacht-management-1536x1024.webp 1536w, https:\/\/select-agency.world\/wp-content\/uploads\/2025\/08\/yacht-management-18x12.webp 18w, https:\/\/select-agency.world\/wp-content\/uploads\/2025\/08\/yacht-management-1170x785.webp 1170w\" sizes=\"auto, (max-width: 300px) 100vw, 300px\" \/>\t\t\t\t\t\t\t\t<\/a>\n\t\t\t\t\t\t\t\t\t\t\t\t\t\t\t<\/div>\n\t\t\t\t<\/div>\n\t\t\t\t<div class=\"elementor-element elementor-element-c6cb7bf elementor-widget elementor-widget-heading\" data-id=\"c6cb7bf\" data-element_type=\"widget\" data-e-type=\"widget\" data-widget_type=\"heading.default\">\n\t\t\t\t<div class=\"elementor-widget-container\">\n\t\t\t\t\t<h2 class=\"elementor-heading-title elementor-size-default\"><a href=\"https:\/\/select-agency.world\/es\/yachting\/yacht-management\/\">Gesti\u00f3n de yates<\/a><\/h2>\t\t\t\t<\/div>\n\t\t\t\t<\/div>\n\t\t\t\t<div class=\"elementor-element elementor-element-6462691 elementor-widget elementor-widget-image\" data-id=\"6462691\" data-element_type=\"widget\" data-e-type=\"widget\" data-widget_type=\"image.default\">\n\t\t\t\t<div class=\"elementor-widget-container\">\n\t\t\t\t\t\t\t\t\t\t\t\t\t\t\t\t<a href=\"https:\/\/select-agency.world\/es\/yachting\/itineraries\/\">\n\t\t\t\t\t\t\t<img loading=\"lazy\" decoding=\"async\" width=\"300\" height=\"200\" src=\"https:\/\/select-agency.world\/wp-content\/uploads\/2025\/03\/espalmador-formentera-300x200.webp\" class=\"attachment-medium size-medium wp-image-23294\" alt=\"Espalmador in Formentera.\" srcset=\"https:\/\/select-agency.world\/wp-content\/uploads\/2025\/03\/espalmador-formentera-300x200.webp 300w, https:\/\/select-agency.world\/wp-content\/uploads\/2025\/03\/espalmador-formentera-1024x683.webp 1024w, https:\/\/select-agency.world\/wp-content\/uploads\/2025\/03\/espalmador-formentera-768x512.webp 768w, https:\/\/select-agency.world\/wp-content\/uploads\/2025\/03\/espalmador-formentera-1536x1024.webp 1536w, https:\/\/select-agency.world\/wp-content\/uploads\/2025\/03\/espalmador-formentera-18x12.webp 18w, https:\/\/select-agency.world\/wp-content\/uploads\/2025\/03\/espalmador-formentera-1170x785.webp 1170w, https:\/\/select-agency.world\/wp-content\/uploads\/2025\/03\/espalmador-formentera-900x600.webp 900w, https:\/\/select-agency.world\/wp-content\/uploads\/2025\/03\/espalmador-formentera-496x331.webp 496w, https:\/\/select-agency.world\/wp-content\/uploads\/2025\/03\/espalmador-formentera.webp 1920w\" sizes=\"auto, (max-width: 300px) 100vw, 300px\" \/>\t\t\t\t\t\t\t\t<\/a>\n\t\t\t\t\t\t\t\t\t\t\t\t\t\t\t<\/div>\n\t\t\t\t<\/div>\n\t\t\t\t<div class=\"elementor-element elementor-element-4f36ba4 elementor-widget elementor-widget-heading\" data-id=\"4f36ba4\" data-element_type=\"widget\" data-e-type=\"widget\" data-widget_type=\"heading.default\">\n\t\t\t\t<div class=\"elementor-widget-container\">\n\t\t\t\t\t<h2 class=\"elementor-heading-title elementor-size-default\"><a href=\"https:\/\/select-agency.world\/es\/yachting\/itineraries\/\">Itinerarios<\/a><\/h2>\t\t\t\t<\/div>\n\t\t\t\t<\/div>\n\t\t\t\t<div class=\"elementor-element elementor-element-ca6b922 elementor-widget elementor-widget-image\" data-id=\"ca6b922\" data-element_type=\"widget\" data-e-type=\"widget\" data-widget_type=\"image.default\">\n\t\t\t\t<div class=\"elementor-widget-container\">\n\t\t\t\t\t\t\t\t\t\t\t\t\t\t\t\t<a href=\"https:\/\/select-agency.world\/es\/yachting\/yacht-charter-faq\/\">\n\t\t\t\t\t\t\t<img loading=\"lazy\" decoding=\"async\" width=\"300\" height=\"200\" src=\"https:\/\/select-agency.world\/wp-content\/uploads\/2025\/03\/woman-bathing-platform-300x200.webp\" class=\"attachment-medium size-medium wp-image-23512\" alt=\"Woman on bathing platform of yacht.\" srcset=\"https:\/\/select-agency.world\/wp-content\/uploads\/2025\/03\/woman-bathing-platform-300x200.webp 300w, https:\/\/select-agency.world\/wp-content\/uploads\/2025\/03\/woman-bathing-platform-1024x683.webp 1024w, https:\/\/select-agency.world\/wp-content\/uploads\/2025\/03\/woman-bathing-platform-768x512.webp 768w, https:\/\/select-agency.world\/wp-content\/uploads\/2025\/03\/woman-bathing-platform-1536x1024.webp 1536w, https:\/\/select-agency.world\/wp-content\/uploads\/2025\/03\/woman-bathing-platform-18x12.webp 18w, https:\/\/select-agency.world\/wp-content\/uploads\/2025\/03\/woman-bathing-platform-1170x785.webp 1170w, https:\/\/select-agency.world\/wp-content\/uploads\/2025\/03\/woman-bathing-platform-900x600.webp 900w, https:\/\/select-agency.world\/wp-content\/uploads\/2025\/03\/woman-bathing-platform-496x331.webp 496w, https:\/\/select-agency.world\/wp-content\/uploads\/2025\/03\/woman-bathing-platform.webp 1920w\" sizes=\"auto, (max-width: 300px) 100vw, 300px\" \/>\t\t\t\t\t\t\t\t<\/a>\n\t\t\t\t\t\t\t\t\t\t\t\t\t\t\t<\/div>\n\t\t\t\t<\/div>\n\t\t\t\t<div class=\"elementor-element elementor-element-f962fa4 elementor-widget elementor-widget-heading\" data-id=\"f962fa4\" data-element_type=\"widget\" data-e-type=\"widget\" data-widget_type=\"heading.default\">\n\t\t\t\t<div class=\"elementor-widget-container\">\n\t\t\t\t\t<h2 class=\"elementor-heading-title elementor-size-default\"><a href=\"https:\/\/select-agency.world\/es\/yachting\/yacht-charter-faq\/\">Preguntas frequentes<\/a><\/h2>\t\t\t\t<\/div>\n\t\t\t\t<\/div>\n\t\t\t\t\t<\/div>\n\t\t<\/div>\n\t\t\t\t<div class=\"elementor-column elementor-col-33 elementor-inner-column elementor-element elementor-element-30e67cec\" data-id=\"30e67cec\" data-element_type=\"column\" data-e-type=\"column\">\n\t\t\t<div class=\"elementor-widget-wrap elementor-element-populated\">\n\t\t\t\t\t\t<div class=\"elementor-element elementor-element-8416685 elementor-widget elementor-widget-image\" data-id=\"8416685\" data-element_type=\"widget\" data-e-type=\"widget\" data-widget_type=\"image.default\">\n\t\t\t\t<div class=\"elementor-widget-container\">\n\t\t\t\t\t\t\t\t\t\t\t\t\t\t\t\t<a href=\"https:\/\/select-agency.world\/es\/yachting\/sales-yachts\/\">\n\t\t\t\t\t\t\t<img loading=\"lazy\" decoding=\"async\" width=\"300\" height=\"200\" src=\"https:\/\/select-agency.world\/wp-content\/uploads\/2025\/08\/sanlorenzo-sx76-cloud-ix-charter.webp\" class=\"attachment-medium size-medium wp-image-25555\" alt=\"\" srcset=\"https:\/\/select-agency.world\/wp-content\/uploads\/2025\/08\/sanlorenzo-sx76-cloud-ix-charter.webp 1920w, https:\/\/select-agency.world\/wp-content\/uploads\/2025\/08\/sanlorenzo-sx76-cloud-ix-charter-1536x1024.webp 1536w, https:\/\/select-agency.world\/wp-content\/uploads\/2025\/08\/sanlorenzo-sx76-cloud-ix-charter-18x12.webp 18w, https:\/\/select-agency.world\/wp-content\/uploads\/2025\/08\/sanlorenzo-sx76-cloud-ix-charter-1170x785.webp 1170w\" sizes=\"auto, (max-width: 300px) 100vw, 300px\" \/>\t\t\t\t\t\t\t\t<\/a>\n\t\t\t\t\t\t\t\t\t\t\t\t\t\t\t<\/div>\n\t\t\t\t<\/div>\n\t\t\t\t<div class=\"elementor-element elementor-element-38807cf5 elementor-widget elementor-widget-heading\" data-id=\"38807cf5\" data-element_type=\"widget\" data-e-type=\"widget\" data-widget_type=\"heading.default\">\n\t\t\t\t<div class=\"elementor-widget-container\">\n\t\t\t\t\t<h2 class=\"elementor-heading-title elementor-size-default\"><a href=\"https:\/\/select-agency.world\/es\/yachting\/sales-yachts\/\">Yates en venta<\/a><\/h2>\t\t\t\t<\/div>\n\t\t\t\t<\/div>\n\t\t\t\t<div class=\"elementor-element elementor-element-d0baf21 elementor-widget elementor-widget-image\" data-id=\"d0baf21\" data-element_type=\"widget\" data-e-type=\"widget\" data-widget_type=\"image.default\">\n\t\t\t\t<div class=\"elementor-widget-container\">\n\t\t\t\t\t\t\t\t\t\t\t\t\t\t\t\t<a href=\"https:\/\/select-agency.world\/es\/yachting\/balearic-islands\/\">\n\t\t\t\t\t\t\t<img loading=\"lazy\" decoding=\"async\" width=\"300\" height=\"200\" src=\"https:\/\/select-agency.world\/wp-content\/uploads\/2025\/03\/cala-des-moro-beach-mallorca-300x200.webp\" class=\"attachment-medium size-medium wp-image-23235\" alt=\"Cala des Moro beach in Mallorca.\" srcset=\"https:\/\/select-agency.world\/wp-content\/uploads\/2025\/03\/cala-des-moro-beach-mallorca-300x200.webp 300w, https:\/\/select-agency.world\/wp-content\/uploads\/2025\/03\/cala-des-moro-beach-mallorca-1024x683.webp 1024w, https:\/\/select-agency.world\/wp-content\/uploads\/2025\/03\/cala-des-moro-beach-mallorca-768x512.webp 768w, https:\/\/select-agency.world\/wp-content\/uploads\/2025\/03\/cala-des-moro-beach-mallorca-1536x1024.webp 1536w, https:\/\/select-agency.world\/wp-content\/uploads\/2025\/03\/cala-des-moro-beach-mallorca-18x12.webp 18w, https:\/\/select-agency.world\/wp-content\/uploads\/2025\/03\/cala-des-moro-beach-mallorca-1170x785.webp 1170w, https:\/\/select-agency.world\/wp-content\/uploads\/2025\/03\/cala-des-moro-beach-mallorca-900x600.webp 900w, https:\/\/select-agency.world\/wp-content\/uploads\/2025\/03\/cala-des-moro-beach-mallorca-496x331.webp 496w, https:\/\/select-agency.world\/wp-content\/uploads\/2025\/03\/cala-des-moro-beach-mallorca.webp 1920w\" sizes=\"auto, (max-width: 300px) 100vw, 300px\" \/>\t\t\t\t\t\t\t\t<\/a>\n\t\t\t\t\t\t\t\t\t\t\t\t\t\t\t<\/div>\n\t\t\t\t<\/div>\n\t\t\t\t<div class=\"elementor-element elementor-element-785cbcd elementor-widget elementor-widget-heading\" data-id=\"785cbcd\" data-element_type=\"widget\" data-e-type=\"widget\" data-widget_type=\"heading.default\">\n\t\t\t\t<div class=\"elementor-widget-container\">\n\t\t\t\t\t<h2 class=\"elementor-heading-title elementor-size-default\"><a href=\"https:\/\/select-agency.world\/es\/yachting\/balearic-islands\/\">Islas Baleares<\/a><\/h2>\t\t\t\t<\/div>\n\t\t\t\t<\/div>\n\t\t\t\t<div class=\"elementor-element elementor-element-c8a6925 elementor-widget elementor-widget-image\" data-id=\"c8a6925\" data-element_type=\"widget\" data-e-type=\"widget\" data-widget_type=\"image.default\">\n\t\t\t\t<div class=\"elementor-widget-container\">\n\t\t\t\t\t\t\t\t\t\t\t\t\t\t\t\t<a href=\"https:\/\/select-agency.world\/es\/yachting\/yacht-charter-guide\/\">\n\t\t\t\t\t\t\t<img loading=\"lazy\" decoding=\"async\" width=\"300\" height=\"200\" src=\"https:\/\/select-agency.world\/wp-content\/uploads\/2025\/06\/friends-yacht.webp\" class=\"attachment-medium size-medium wp-image-25160\" alt=\"Friends on a charter yacht.\" srcset=\"https:\/\/select-agency.world\/wp-content\/uploads\/2025\/06\/friends-yacht.webp 900w, https:\/\/select-agency.world\/wp-content\/uploads\/2025\/06\/friends-yacht-18x12.webp 18w\" sizes=\"auto, (max-width: 300px) 100vw, 300px\" \/>\t\t\t\t\t\t\t\t<\/a>\n\t\t\t\t\t\t\t\t\t\t\t\t\t\t\t<\/div>\n\t\t\t\t<\/div>\n\t\t\t\t<div class=\"elementor-element elementor-element-49598fa elementor-widget elementor-widget-heading\" data-id=\"49598fa\" data-element_type=\"widget\" data-e-type=\"widget\" data-widget_type=\"heading.default\">\n\t\t\t\t<div class=\"elementor-widget-container\">\n\t\t\t\t\t<h2 class=\"elementor-heading-title elementor-size-default\"><a href=\"https:\/\/select-agency.world\/es\/yachting\/yacht-charter-guide\/\">Gu\u00eda de ch\u00e1rter nautico<\/a><\/h2>\t\t\t\t<\/div>\n\t\t\t\t<\/div>\n\t\t\t\t\t<\/div>\n\t\t<\/div>\n\t\t\t\t\t<\/div>\n\t\t<\/section>\n\t\t\t\t\t<\/div>\n\t\t<\/div>\n\t\t\t\t\t<\/div>\n\t\t<\/section>\n\t\t\t\t<\/div>","protected":false},"excerpt":{"rendered":"<p>Yachting Yachting is our passion. Whether you&#8217;re seeking an exclusive yacht charter, looking to buy or sell a yacht, acquire a mooring, or place your yacht under charter management, you&#8217;ve come to the right place. Yachts for Charter Yacht Management Itineraries Yacht Charter FAQs Yachts for Sale Balearic Islands Yacht Charter Guide<\/p>","protected":false},"author":2,"featured_media":22150,"parent":0,"menu_order":0,"comment_status":"closed","ping_status":"closed","template":"elementor_header_footer","meta":{"footnotes":""},"class_list":["post-21130","page","type-page","status-publish","has-post-thumbnail","hentry"],"aioseo_notices":[],"_links":{"self":[{"href":"https:\/\/select-agency.world\/es\/wp-json\/wp\/v2\/pages\/21130","targetHints":{"allow":["GET"]}}],"collection":[{"href":"https:\/\/select-agency.world\/es\/wp-json\/wp\/v2\/pages"}],"about":[{"href":"https:\/\/select-agency.world\/es\/wp-json\/wp\/v2\/types\/page"}],"author":[{"embeddable":true,"href":"https:\/\/select-agency.world\/es\/wp-json\/wp\/v2\/users\/2"}],"replies":[{"embeddable":true,"href":"https:\/\/select-agency.world\/es\/wp-json\/wp\/v2\/comments?post=21130"}],"version-history":[{"count":0,"href":"https:\/\/select-agency.world\/es\/wp-json\/wp\/v2\/pages\/21130\/revisions"}],"wp:featuredmedia":[{"embeddable":true,"href":"https:\/\/select-agency.world\/es\/wp-json\/wp\/v2\/media\/22150"}],"wp:attachment":[{"href":"https:\/\/select-agency.world\/es\/wp-json\/wp\/v2\/media?parent=21130"}],"curies":[{"name":"wp","href":"https:\/\/api.w.org\/{rel}","templated":true}]}}