{"id":21319,"date":"2025-01-09T20:45:43","date_gmt":"2025-01-09T19:45:43","guid":{"rendered":"https:\/\/select-agency.world\/?page_id=21319"},"modified":"2026-04-21T09:36:05","modified_gmt":"2026-04-21T08:36:05","slug":"real-estate","status":"publish","type":"page","link":"https:\/\/select-agency.world\/es\/real-estate\/","title":{"rendered":"Inmobiliaria"},"content":{"rendered":"<div data-elementor-type=\"wp-page\" data-elementor-id=\"21319\" class=\"elementor elementor-21319\">\n\t\t\t\t\t\t<section class=\"elementor-section elementor-top-section elementor-element elementor-element-5df90baf elementor-section-boxed elementor-section-height-default elementor-section-height-default elementor-invisible\" data-id=\"5df90baf\" data-element_type=\"section\" data-e-type=\"section\" data-settings=\"{&quot;animation&quot;:&quot;fadeIn&quot;,&quot;background_background&quot;:&quot;classic&quot;}\">\n\t\t\t\t\t\t<div class=\"elementor-container elementor-column-gap-default\">\n\t\t\t\t\t<div class=\"elementor-column elementor-col-100 elementor-top-column elementor-element elementor-element-5b044265\" data-id=\"5b044265\" data-element_type=\"column\" data-e-type=\"column\">\n\t\t\t<div class=\"elementor-widget-wrap elementor-element-populated\">\n\t\t\t\t\t\t<section class=\"elementor-section elementor-inner-section elementor-element elementor-element-2e719099 elementor-section-boxed elementor-section-height-default elementor-section-height-default\" data-id=\"2e719099\" data-element_type=\"section\" data-e-type=\"section\">\n\t\t\t\t\t\t<div class=\"elementor-container elementor-column-gap-default\">\n\t\t\t\t\t<div class=\"elementor-column elementor-col-33 elementor-inner-column elementor-element elementor-element-6343e5a8\" data-id=\"6343e5a8\" data-element_type=\"column\" data-e-type=\"column\">\n\t\t\t<div class=\"elementor-widget-wrap elementor-element-populated\">\n\t\t\t\t\t\t<div class=\"elementor-element elementor-element-cf11043 elementor-invisible elementor-widget elementor-widget-heading\" data-id=\"cf11043\" data-element_type=\"widget\" data-e-type=\"widget\" data-settings=\"{&quot;_animation&quot;:&quot;fadeInLeft&quot;}\" data-widget_type=\"heading.default\">\n\t\t\t\t<div class=\"elementor-widget-container\">\n\t\t\t\t\t<h1 class=\"elementor-heading-title elementor-size-default\">Inmobiliaria<\/h1>\t\t\t\t<\/div>\n\t\t\t\t<\/div>\n\t\t\t\t<div class=\"elementor-element elementor-element-fc7ab90 elementor-invisible elementor-widget elementor-widget-text-editor\" data-id=\"fc7ab90\" data-element_type=\"widget\" data-e-type=\"widget\" data-settings=\"{&quot;_animation&quot;:&quot;fadeInLeft&quot;}\" data-widget_type=\"text-editor.default\">\n\t\t\t\t<div class=\"elementor-widget-container\">\n\t\t\t\t\t\t\t\t\t<p>Nos apasionan las propiedades excepcionales.\nYa sea que est\u00e9 buscando la residencia de sus sue\u00f1os o el alquiler vacacional perfecto, est\u00e1 en el lugar adecuado. Explore nuestras propiedades y perm\u00edtanos acompa\u00f1arle en la b\u00fasqueda de ese espacio que realmente se sienta como hogar.<\/p>\t\t\t\t\t\t\t\t<\/div>\n\t\t\t\t<\/div>\n\t\t\t\t\t<\/div>\n\t\t<\/div>\n\t\t\t\t<div class=\"elementor-column elementor-col-33 elementor-inner-column elementor-element elementor-element-225dcc9\" data-id=\"225dcc9\" data-element_type=\"column\" data-e-type=\"column\">\n\t\t\t<div class=\"elementor-widget-wrap elementor-element-populated\">\n\t\t\t\t\t\t<div class=\"elementor-element elementor-element-7aae8b9 elementor-widget elementor-widget-image\" data-id=\"7aae8b9\" data-element_type=\"widget\" data-e-type=\"widget\" data-widget_type=\"image.default\">\n\t\t\t\t<div class=\"elementor-widget-container\">\n\t\t\t\t\t\t\t\t\t\t\t\t\t\t\t\t<a href=\"https:\/\/select-agency.world\/es\/real-estate\/real-estate-sales\/\">\n\t\t\t\t\t\t\t<img loading=\"lazy\" decoding=\"async\" width=\"1024\" height=\"683\" src=\"https:\/\/select-agency.world\/wp-content\/uploads\/2025\/03\/bond-villa-cala-vinyes-1024x683.webp\" class=\"attachment-large size-large wp-image-23038\" alt=\"Villa Bond in Cala Vinyes.\" srcset=\"https:\/\/select-agency.world\/wp-content\/uploads\/2025\/03\/bond-villa-cala-vinyes-1024x683.webp 1024w, https:\/\/select-agency.world\/wp-content\/uploads\/2025\/03\/bond-villa-cala-vinyes-300x200.webp 300w, https:\/\/select-agency.world\/wp-content\/uploads\/2025\/03\/bond-villa-cala-vinyes-768x512.webp 768w, https:\/\/select-agency.world\/wp-content\/uploads\/2025\/03\/bond-villa-cala-vinyes-1536x1024.webp 1536w, https:\/\/select-agency.world\/wp-content\/uploads\/2025\/03\/bond-villa-cala-vinyes-18x12.webp 18w, https:\/\/select-agency.world\/wp-content\/uploads\/2025\/03\/bond-villa-cala-vinyes-900x600.webp 900w, https:\/\/select-agency.world\/wp-content\/uploads\/2025\/03\/bond-villa-cala-vinyes-496x331.webp 496w, https:\/\/select-agency.world\/wp-content\/uploads\/2025\/03\/bond-villa-cala-vinyes.webp 1920w\" sizes=\"auto, (max-width: 1024px) 100vw, 1024px\" \/>\t\t\t\t\t\t\t\t<\/a>\n\t\t\t\t\t\t\t\t\t\t\t\t\t\t\t<\/div>\n\t\t\t\t<\/div>\n\t\t\t\t<div class=\"elementor-element elementor-element-ca598e4 elementor-widget elementor-widget-heading\" data-id=\"ca598e4\" data-element_type=\"widget\" data-e-type=\"widget\" data-widget_type=\"heading.default\">\n\t\t\t\t<div class=\"elementor-widget-container\">\n\t\t\t\t\t<h2 class=\"elementor-heading-title elementor-size-default\"><a href=\"https:\/\/select-agency.world\/es\/real-estate\/real-estate-sales\/\">Propriedades en venta<\/a><\/h2>\t\t\t\t<\/div>\n\t\t\t\t<\/div>\n\t\t\t\t\t<\/div>\n\t\t<\/div>\n\t\t\t\t<div class=\"elementor-column elementor-col-33 elementor-inner-column elementor-element elementor-element-2af8307\" data-id=\"2af8307\" data-element_type=\"column\" data-e-type=\"column\">\n\t\t\t<div class=\"elementor-widget-wrap elementor-element-populated\">\n\t\t\t\t\t\t<div class=\"elementor-element elementor-element-485936b elementor-widget elementor-widget-image\" data-id=\"485936b\" data-element_type=\"widget\" data-e-type=\"widget\" data-widget_type=\"image.default\">\n\t\t\t\t<div class=\"elementor-widget-container\">\n\t\t\t\t\t\t\t\t\t\t\t\t\t\t\t\t<a href=\"https:\/\/select-agency.world\/es\/real-estate\/real-estate-rental\/\">\n\t\t\t\t\t\t\t<img loading=\"lazy\" decoding=\"async\" width=\"1024\" height=\"683\" src=\"https:\/\/select-agency.world\/wp-content\/uploads\/2026\/02\/es-rotagut-swimmingpool.webp\" class=\"attachment-large size-large wp-image-26404\" alt=\"Es Rotagut pool\" srcset=\"https:\/\/select-agency.world\/wp-content\/uploads\/2026\/02\/es-rotagut-swimmingpool.webp 1200w, https:\/\/select-agency.world\/wp-content\/uploads\/2026\/02\/es-rotagut-swimmingpool-18x12.webp 18w\" sizes=\"auto, (max-width: 1024px) 100vw, 1024px\" \/>\t\t\t\t\t\t\t\t<\/a>\n\t\t\t\t\t\t\t\t\t\t\t\t\t\t\t<\/div>\n\t\t\t\t<\/div>\n\t\t\t\t<div class=\"elementor-element elementor-element-b73100b elementor-widget elementor-widget-heading\" data-id=\"b73100b\" data-element_type=\"widget\" data-e-type=\"widget\" data-widget_type=\"heading.default\">\n\t\t\t\t<div class=\"elementor-widget-container\">\n\t\t\t\t\t<h2 class=\"elementor-heading-title elementor-size-default\"><a href=\"https:\/\/select-agency.world\/es\/real-estate\/real-estate-rental\/\">Proporiedades en alquiler<\/a><\/h2>\t\t\t\t<\/div>\n\t\t\t\t<\/div>\n\t\t\t\t\t<\/div>\n\t\t<\/div>\n\t\t\t\t\t<\/div>\n\t\t<\/section>\n\t\t\t\t\t<\/div>\n\t\t<\/div>\n\t\t\t\t\t<\/div>\n\t\t<\/section>\n\t\t\t\t<\/div>","protected":false},"excerpt":{"rendered":"<p>Real Estate We have a passion for beautiful homes. Whether you\u2019re searching for your dream residence or the perfect vacation rental, you\u2019re in the right place. Explore our listings, and let us assist you in finding the space that feels like home. Properties for Sale Properties for Rent<\/p>","protected":false},"author":2,"featured_media":20890,"parent":0,"menu_order":0,"comment_status":"closed","ping_status":"closed","template":"elementor_header_footer","meta":{"footnotes":""},"class_list":["post-21319","page","type-page","status-publish","has-post-thumbnail","hentry"],"aioseo_notices":[],"_links":{"self":[{"href":"https:\/\/select-agency.world\/es\/wp-json\/wp\/v2\/pages\/21319","targetHints":{"allow":["GET"]}}],"collection":[{"href":"https:\/\/select-agency.world\/es\/wp-json\/wp\/v2\/pages"}],"about":[{"href":"https:\/\/select-agency.world\/es\/wp-json\/wp\/v2\/types\/page"}],"author":[{"embeddable":true,"href":"https:\/\/select-agency.world\/es\/wp-json\/wp\/v2\/users\/2"}],"replies":[{"embeddable":true,"href":"https:\/\/select-agency.world\/es\/wp-json\/wp\/v2\/comments?post=21319"}],"version-history":[{"count":0,"href":"https:\/\/select-agency.world\/es\/wp-json\/wp\/v2\/pages\/21319\/revisions"}],"wp:featuredmedia":[{"embeddable":true,"href":"https:\/\/select-agency.world\/es\/wp-json\/wp\/v2\/media\/20890"}],"wp:attachment":[{"href":"https:\/\/select-agency.world\/es\/wp-json\/wp\/v2\/media?parent=21319"}],"curies":[{"name":"wp","href":"https:\/\/api.w.org\/{rel}","templated":true}]}}