{"id":22312,"date":"2025-02-18T12:49:33","date_gmt":"2025-02-18T11:49:33","guid":{"rendered":"https:\/\/select-agency.world\/?page_id=22312"},"modified":"2026-03-31T12:32:05","modified_gmt":"2026-03-31T11:32:05","slug":"private-travel-services","status":"publish","type":"page","link":"https:\/\/select-agency.world\/es\/experiences\/private-travel-services\/","title":{"rendered":"Servicios de viaje premium"},"content":{"rendered":"<div data-elementor-type=\"wp-page\" data-elementor-id=\"22312\" class=\"elementor elementor-22312\">\n\t\t\t\t<div class=\"elementor-element elementor-element-63f3edc animated-slow e-flex e-con-boxed elementor-invisible e-con e-parent\" data-id=\"63f3edc\" data-element_type=\"container\" data-e-type=\"container\" data-settings=\"{&quot;background_background&quot;:&quot;classic&quot;,&quot;animation&quot;:&quot;fadeIn&quot;}\">\n\t\t\t\t\t<div class=\"e-con-inner\">\n\t\t<div class=\"elementor-element elementor-element-6c75f46 e-con-full e-flex e-con e-child\" data-id=\"6c75f46\" data-element_type=\"container\" data-e-type=\"container\">\n\t\t\t\t<div class=\"elementor-element elementor-element-5b46e64 elementor-invisible elementor-widget elementor-widget-heading\" data-id=\"5b46e64\" data-element_type=\"widget\" data-e-type=\"widget\" data-settings=\"{&quot;_animation&quot;:&quot;fadeInDown&quot;}\" data-widget_type=\"heading.default\">\n\t\t\t\t<div class=\"elementor-widget-container\">\n\t\t\t\t\t<h1 class=\"elementor-heading-title elementor-size-default\">Servicios de viaje premium<\/h1>\t\t\t\t<\/div>\n\t\t\t\t<\/div>\n\t\t\t\t<\/div>\n\t\t\t\t\t<\/div>\n\t\t\t\t<\/div>\n\t\t<div class=\"elementor-element elementor-element-8f2b888 e-flex e-con-boxed elementor-invisible e-con e-parent\" data-id=\"8f2b888\" data-element_type=\"container\" data-e-type=\"container\" data-settings=\"{&quot;background_background&quot;:&quot;gradient&quot;,&quot;animation&quot;:&quot;fadeIn&quot;}\">\n\t\t\t\t\t<div class=\"e-con-inner\">\n\t\t<div class=\"elementor-element elementor-element-f73284f e-con-full e-flex e-con e-child\" data-id=\"f73284f\" data-element_type=\"container\" data-e-type=\"container\">\n\t\t<div class=\"elementor-element elementor-element-a2054bf e-con-full e-flex e-con e-child\" data-id=\"a2054bf\" data-element_type=\"container\" data-e-type=\"container\">\n\t\t<div class=\"elementor-element elementor-element-aa84df8 e-con-full e-flex e-con e-child\" data-id=\"aa84df8\" data-element_type=\"container\" data-e-type=\"container\">\n\t\t\t\t<div class=\"elementor-element elementor-element-fde5d54 elementor-widget elementor-widget-image\" data-id=\"fde5d54\" data-element_type=\"widget\" data-e-type=\"widget\" data-widget_type=\"image.default\">\n\t\t\t\t<div class=\"elementor-widget-container\">\n\t\t\t\t\t\t\t\t\t\t\t\t\t\t\t<img loading=\"lazy\" decoding=\"async\" width=\"1024\" height=\"683\" src=\"https:\/\/select-agency.world\/wp-content\/uploads\/2025\/02\/luxury-private-travel-1024x683.webp\" class=\"attachment-large size-large wp-image-22682\" alt=\"Woman travelling with private chauffeur service.\" srcset=\"https:\/\/select-agency.world\/wp-content\/uploads\/2025\/02\/luxury-private-travel-1024x683.webp 1024w, https:\/\/select-agency.world\/wp-content\/uploads\/2025\/02\/luxury-private-travel-300x200.webp 300w, https:\/\/select-agency.world\/wp-content\/uploads\/2025\/02\/luxury-private-travel-768x512.webp 768w, https:\/\/select-agency.world\/wp-content\/uploads\/2025\/02\/luxury-private-travel-1536x1024.webp 1536w, https:\/\/select-agency.world\/wp-content\/uploads\/2025\/02\/luxury-private-travel-18x12.webp 18w, https:\/\/select-agency.world\/wp-content\/uploads\/2025\/02\/luxury-private-travel-900x600.webp 900w, https:\/\/select-agency.world\/wp-content\/uploads\/2025\/02\/luxury-private-travel-496x331.webp 496w, https:\/\/select-agency.world\/wp-content\/uploads\/2025\/02\/luxury-private-travel.webp 1920w\" sizes=\"auto, (max-width: 1024px) 100vw, 1024px\" \/>\t\t\t\t\t\t\t\t\t\t\t\t\t\t\t<\/div>\n\t\t\t\t<\/div>\n\t\t\t\t<\/div>\n\t\t<div class=\"elementor-element elementor-element-cb91d15 e-con-full e-flex e-con e-child\" data-id=\"cb91d15\" data-element_type=\"container\" data-e-type=\"container\">\n\t\t\t\t<div class=\"elementor-element elementor-element-deb60b1 elementor-invisible elementor-widget elementor-widget-heading\" data-id=\"deb60b1\" data-element_type=\"widget\" data-e-type=\"widget\" data-settings=\"{&quot;_animation&quot;:&quot;fadeInRight&quot;}\" data-widget_type=\"heading.default\">\n\t\t\t\t<div class=\"elementor-widget-container\">\n\t\t\t\t\t<h2 class=\"elementor-heading-title elementor-size-default\">VIAJES EXCLUSIVOS POR AIRE, TIERRA Y MAR<\/h2>\t\t\t\t<\/div>\n\t\t\t\t<\/div>\n\t\t\t\t<div class=\"elementor-element elementor-element-dcf6e15 elementor-invisible elementor-widget elementor-widget-text-editor\" data-id=\"dcf6e15\" data-element_type=\"widget\" data-e-type=\"widget\" data-settings=\"{&quot;_animation&quot;:&quot;fadeInRight&quot;}\" data-widget_type=\"text-editor.default\">\n\t\t\t\t<div class=\"elementor-widget-container\">\n\t\t\t\t\t\t\t\t\t<p>Disfrute de una experiencia de viaje fluida y sofisticada con nuestros exclusivos <strong><a href=\"https:\/\/select-agency.world\/es\/experiences\/private-travel-services\/helicopter-flights\/\" target=\"_blank\" rel=\"noopener\">vuelos en helic\u00f3ptero<\/a><\/strong>, servicios en hidroavi\u00f3n y traslados privados. Ya sea sobrevolando la impresionante costa de <strong><a href=\"https:\/\/select-agency.world\/es\/yachting\/balearic-islands\/mallorca\/\" target=\"_blank\" rel=\"noopener\">Mallorca<\/a><\/strong>o desplaz\u00e1ndose con total comodidad por tierra, ofrecemos soluciones personalizadas, eficientes y elegantes, dise\u00f1adas para elevar cada trayecto. Adaptados a sus necesidades, nuestros servicios garantizan el m\u00e1ximo confort y una llegada impecable, sea cual sea su destino.<\/p>\t\t\t\t\t\t\t\t<\/div>\n\t\t\t\t<\/div>\n\t\t\t\t<div class=\"elementor-element elementor-element-8a36a07 elementor-mobile-align-center elementor-invisible elementor-widget elementor-widget-button\" data-id=\"8a36a07\" data-element_type=\"widget\" data-e-type=\"widget\" data-settings=\"{&quot;_animation&quot;:&quot;fadeIn&quot;}\" data-widget_type=\"button.default\">\n\t\t\t\t<div class=\"elementor-widget-container\">\n\t\t\t\t\t\t\t\t\t<div class=\"elementor-button-wrapper\">\n\t\t\t\t\t<a class=\"elementor-button elementor-button-link elementor-size-sm elementor-animation-grow\" href=\"#popmake-27596\">\n\t\t\t\t\t\t<span class=\"elementor-button-content-wrapper\">\n\t\t\t\t\t\t\t\t\t<span class=\"elementor-button-text\">CONT\u00c1CTENOS HOY<\/span>\n\t\t\t\t\t<\/span>\n\t\t\t\t\t<\/a>\n\t\t\t\t<\/div>\n\t\t\t\t\t\t\t\t<\/div>\n\t\t\t\t<\/div>\n\t\t\t\t<\/div>\n\t\t\t\t<\/div>\n\t\t\t\t<\/div>\n\t\t\t\t\t<\/div>\n\t\t\t\t<\/div>\n\t\t<div class=\"elementor-element elementor-element-56abda5 e-flex e-con-boxed e-con e-parent\" data-id=\"56abda5\" data-element_type=\"container\" data-e-type=\"container\" data-settings=\"{&quot;background_background&quot;:&quot;classic&quot;}\">\n\t\t\t\t\t<div class=\"e-con-inner\">\n\t\t\t\t<div class=\"elementor-element elementor-element-b096f9d elementor-widget elementor-widget-spacer\" data-id=\"b096f9d\" data-element_type=\"widget\" data-e-type=\"widget\" data-widget_type=\"spacer.default\">\n\t\t\t\t<div class=\"elementor-widget-container\">\n\t\t\t\t\t\t\t<div class=\"elementor-spacer\">\n\t\t\t<div class=\"elementor-spacer-inner\"><\/div>\n\t\t<\/div>\n\t\t\t\t\t\t<\/div>\n\t\t\t\t<\/div>\n\t\t\t\t\t<\/div>\n\t\t\t\t<\/div>\n\t\t<div class=\"elementor-element elementor-element-d485328 e-flex e-con-boxed e-con e-parent\" data-id=\"d485328\" data-element_type=\"container\" data-e-type=\"container\" data-settings=\"{&quot;background_background&quot;:&quot;classic&quot;}\">\n\t\t\t\t\t<div class=\"e-con-inner\">\n\t\t\t\t<div class=\"elementor-element elementor-element-66555ec elementor-widget__width-initial elementor-invisible elementor-widget elementor-widget-heading\" data-id=\"66555ec\" data-element_type=\"widget\" data-e-type=\"widget\" data-settings=\"{&quot;_animation&quot;:&quot;fadeInUp&quot;}\" data-widget_type=\"heading.default\">\n\t\t\t\t<div class=\"elementor-widget-container\">\n\t\t\t\t\t<h2 class=\"elementor-heading-title elementor-size-default\">VIAJES PRIVADOS POR AIRE Y TIERRA<\/h2>\t\t\t\t<\/div>\n\t\t\t\t<\/div>\n\t\t\t\t<div class=\"elementor-element elementor-element-477ae55 elementor-widget__width-initial elementor-invisible elementor-widget elementor-widget-text-editor\" data-id=\"477ae55\" data-element_type=\"widget\" data-e-type=\"widget\" data-settings=\"{&quot;_animation&quot;:&quot;fadeInUp&quot;}\" data-widget_type=\"text-editor.default\">\n\t\t\t\t<div class=\"elementor-widget-container\">\n\t\t\t\t\t\t\t\t\t<p>Desde vuelos panor\u00e1micos en helic\u00f3ptero hasta traslados privados sin interrupciones, ofrecemos soluciones de movilidad exclusivas adaptadas a sus necesidades. Disfrute de confort, flexibilidad y un servicio personalizado, con nuevas experiencias a medida pr\u00f3ximamente.<\/p>\t\t\t\t\t\t\t\t<\/div>\n\t\t\t\t<\/div>\n\t\t\t\t\t<\/div>\n\t\t\t\t<\/div>\n\t\t<div class=\"elementor-element elementor-element-f78f3b0 e-flex e-con-boxed elementor-invisible e-con e-parent\" data-id=\"f78f3b0\" data-element_type=\"container\" data-e-type=\"container\" data-settings=\"{&quot;background_background&quot;:&quot;classic&quot;,&quot;animation&quot;:&quot;fadeIn&quot;}\">\n\t\t\t\t\t<div class=\"e-con-inner\">\n\t\t<div class=\"elementor-element elementor-element-db5f009 e-flex e-con-boxed e-con e-child\" data-id=\"db5f009\" data-element_type=\"container\" data-e-type=\"container\">\n\t\t\t\t\t<div class=\"e-con-inner\">\n\t\t\t\t<div class=\"elementor-element elementor-element-3f71174 elementor-widget elementor-widget-image\" data-id=\"3f71174\" data-element_type=\"widget\" data-e-type=\"widget\" data-widget_type=\"image.default\">\n\t\t\t\t<div class=\"elementor-widget-container\">\n\t\t\t\t\t\t\t\t\t\t\t\t\t\t\t\t<a href=\"https:\/\/select-agency.world\/es\/charter-yachts\/\">\n\t\t\t\t\t\t\t<img decoding=\"async\" src=\"https:\/\/select-agency.world\/wp-content\/uploads\/2025\/01\/private-helicopter-flight-592x444.jpg\" title=\"private-helicopter-flight\" alt=\"Black helicopter flying in the sky.\" loading=\"lazy\" \/>\t\t\t\t\t\t\t\t<\/a>\n\t\t\t\t\t\t\t\t\t\t\t\t\t\t\t<\/div>\n\t\t\t\t<\/div>\n\t\t\t\t<div class=\"elementor-element elementor-element-339bf64 animated-fast elementor-widget__width-initial elementor-invisible elementor-widget elementor-widget-heading\" data-id=\"339bf64\" data-element_type=\"widget\" data-e-type=\"widget\" data-settings=\"{&quot;_animation&quot;:&quot;fadeInUp&quot;}\" data-widget_type=\"heading.default\">\n\t\t\t\t<div class=\"elementor-widget-container\">\n\t\t\t\t\t<h3 class=\"elementor-heading-title elementor-size-default\">vuelos en helic\u00f3ptero<\/h3>\t\t\t\t<\/div>\n\t\t\t\t<\/div>\n\t\t\t\t<div class=\"elementor-element elementor-element-1f988a1 elementor-widget__width-initial elementor-widget elementor-widget-text-editor\" data-id=\"1f988a1\" data-element_type=\"widget\" data-e-type=\"widget\" data-widget_type=\"text-editor.default\">\n\t\t\t\t<div class=\"elementor-widget-container\">\n\t\t\t\t\t\t\t\t\t<p>Lleve su viaje a nuevas alturas. Nuestro equipo organiza su vuelo privado en helic\u00f3ptero para que disfrute de vistas espectaculares, m\u00e1xima comodidad y una experiencia verdaderamente inolvidable.<\/p>\t\t\t\t\t\t\t\t<\/div>\n\t\t\t\t<\/div>\n\t\t\t\t<div class=\"elementor-element elementor-element-419ff9f elementor-mobile-align-center elementor-invisible elementor-widget elementor-widget-button\" data-id=\"419ff9f\" data-element_type=\"widget\" data-e-type=\"widget\" data-settings=\"{&quot;_animation&quot;:&quot;fadeIn&quot;}\" data-widget_type=\"button.default\">\n\t\t\t\t<div class=\"elementor-widget-container\">\n\t\t\t\t\t\t\t\t\t<div class=\"elementor-button-wrapper\">\n\t\t\t\t\t<a class=\"elementor-button elementor-button-link elementor-size-sm elementor-animation-grow\" href=\"https:\/\/select-agency.world\/es\/private-travel\/helicopter-flights\/\">\n\t\t\t\t\t\t<span class=\"elementor-button-content-wrapper\">\n\t\t\t\t\t\t\t\t\t<span class=\"elementor-button-text\">M\u00e1s informaci\u00f3n<\/span>\n\t\t\t\t\t<\/span>\n\t\t\t\t\t<\/a>\n\t\t\t\t<\/div>\n\t\t\t\t\t\t\t\t<\/div>\n\t\t\t\t<\/div>\n\t\t\t\t\t<\/div>\n\t\t\t\t<\/div>\n\t\t<div class=\"elementor-element elementor-element-a682cd9 e-flex e-con-boxed e-con e-child\" data-id=\"a682cd9\" data-element_type=\"container\" data-e-type=\"container\">\n\t\t\t\t\t<div class=\"e-con-inner\">\n\t\t\t\t<div class=\"elementor-element elementor-element-f044ecc elementor-widget elementor-widget-image\" data-id=\"f044ecc\" data-element_type=\"widget\" data-e-type=\"widget\" data-widget_type=\"image.default\">\n\t\t\t\t<div class=\"elementor-widget-container\">\n\t\t\t\t\t\t\t\t\t\t\t\t\t\t\t\t<a href=\"https:\/\/select-agency.world\/es\/private-jet-charter\/\">\n\t\t\t\t\t\t\t<img decoding=\"async\" src=\"https:\/\/select-agency.world\/wp-content\/uploads\/2025\/01\/seaplane-1-592x444.jpg\" title=\"seaplane\" alt=\"Seaplane experience in Mallorca.\" loading=\"lazy\" \/>\t\t\t\t\t\t\t\t<\/a>\n\t\t\t\t\t\t\t\t\t\t\t\t\t\t\t<\/div>\n\t\t\t\t<\/div>\n\t\t\t\t<div class=\"elementor-element elementor-element-9ae3d19 animated-fast elementor-widget__width-initial elementor-invisible elementor-widget elementor-widget-heading\" data-id=\"9ae3d19\" data-element_type=\"widget\" data-e-type=\"widget\" data-settings=\"{&quot;_animation&quot;:&quot;fadeInUp&quot;}\" data-widget_type=\"heading.default\">\n\t\t\t\t<div class=\"elementor-widget-container\">\n\t\t\t\t\t<h2 class=\"elementor-heading-title elementor-size-default\">vuelos en hidroavi\u00f3n<\/h2>\t\t\t\t<\/div>\n\t\t\t\t<\/div>\n\t\t\t\t<div class=\"elementor-element elementor-element-0a10f9d elementor-widget__width-initial elementor-widget elementor-widget-text-editor\" data-id=\"0a10f9d\" data-element_type=\"widget\" data-e-type=\"widget\" data-widget_type=\"text-editor.default\">\n\t\t\t\t<div class=\"elementor-widget-container\">\n\t\t\t\t\t\t\t\t\t<p>Descubra la magia del agua y el cielo. Organizamos su experiencia privada en hidroavi\u00f3n, combinando aventura, exclusividad y paisajes impresionantes para un trayecto memorable.<\/p>\t\t\t\t\t\t\t\t<\/div>\n\t\t\t\t<\/div>\n\t\t\t\t\t<\/div>\n\t\t\t\t<\/div>\n\t\t<div class=\"elementor-element elementor-element-7f32e4f e-flex e-con-boxed e-con e-child\" data-id=\"7f32e4f\" data-element_type=\"container\" data-e-type=\"container\">\n\t\t\t\t\t<div class=\"e-con-inner\">\n\t\t\t\t<div class=\"elementor-element elementor-element-5e70c4c elementor-widget elementor-widget-image\" data-id=\"5e70c4c\" data-element_type=\"widget\" data-e-type=\"widget\" data-widget_type=\"image.default\">\n\t\t\t\t<div class=\"elementor-widget-container\">\n\t\t\t\t\t\t\t\t\t\t\t\t\t\t\t\t<a href=\"https:\/\/select-agency.world\/es\/real-estate\/\">\n\t\t\t\t\t\t\t<img decoding=\"async\" src=\"https:\/\/select-agency.world\/wp-content\/uploads\/2025\/01\/transfer-service-592x444.jpg\" title=\"transfer-service\" alt=\"Woman getting out of a limousine with driver holding the door.\" loading=\"lazy\" \/>\t\t\t\t\t\t\t\t<\/a>\n\t\t\t\t\t\t\t\t\t\t\t\t\t\t\t<\/div>\n\t\t\t\t<\/div>\n\t\t\t\t<div class=\"elementor-element elementor-element-7d26064 animated-fast elementor-widget__width-initial elementor-invisible elementor-widget elementor-widget-heading\" data-id=\"7d26064\" data-element_type=\"widget\" data-e-type=\"widget\" data-settings=\"{&quot;_animation&quot;:&quot;fadeInUp&quot;}\" data-widget_type=\"heading.default\">\n\t\t\t\t<div class=\"elementor-widget-container\">\n\t\t\t\t\t<h2 class=\"elementor-heading-title elementor-size-default\">translado privado<\/h2>\t\t\t\t<\/div>\n\t\t\t\t<\/div>\n\t\t\t\t<div class=\"elementor-element elementor-element-91b0814 elementor-widget__width-initial elementor-widget elementor-widget-text-editor\" data-id=\"91b0814\" data-element_type=\"widget\" data-e-type=\"widget\" data-widget_type=\"text-editor.default\">\n\t\t\t\t<div class=\"elementor-widget-container\">\n\t\t\t\t\t\t\t\t\t<p>Eleve su experiencia de viaje con nuestro servicio de ch\u00f3fer privado y traslados personalizados. Coordinamos cada detalle para garantizar comodidad, discreci\u00f3n y un servicio impecable en todo momento.<\/p>\t\t\t\t\t\t\t\t<\/div>\n\t\t\t\t<\/div>\n\t\t\t\t\t<\/div>\n\t\t\t\t<\/div>\n\t\t\t\t\t<\/div>\n\t\t\t\t<\/div>\n\t\t\t\t<\/div>","protected":false},"excerpt":{"rendered":"<p>Premium Travel Services Exclusive Air, Land, and Sea Travel Experience seamless luxury with our exclusive helicopter flights, seaplane services and private transfers. Whether you&#8217;re soaring above Mallorca\u2019s stunning coastline or traveling in comfort on land, we offer personalized, efficient, and stylish transportation options designed to elevate your journey. Tailored to your needs, our services ensure [&hellip;]<\/p>\n","protected":false},"author":1,"featured_media":21260,"parent":20082,"menu_order":0,"comment_status":"closed","ping_status":"closed","template":"template\/template-homepage.php","meta":{"footnotes":""},"class_list":["post-22312","page","type-page","status-publish","has-post-thumbnail","hentry"],"aioseo_notices":[],"_links":{"self":[{"href":"https:\/\/select-agency.world\/es\/wp-json\/wp\/v2\/pages\/22312","targetHints":{"allow":["GET"]}}],"collection":[{"href":"https:\/\/select-agency.world\/es\/wp-json\/wp\/v2\/pages"}],"about":[{"href":"https:\/\/select-agency.world\/es\/wp-json\/wp\/v2\/types\/page"}],"author":[{"embeddable":true,"href":"https:\/\/select-agency.world\/es\/wp-json\/wp\/v2\/users\/1"}],"replies":[{"embeddable":true,"href":"https:\/\/select-agency.world\/es\/wp-json\/wp\/v2\/comments?post=22312"}],"version-history":[{"count":0,"href":"https:\/\/select-agency.world\/es\/wp-json\/wp\/v2\/pages\/22312\/revisions"}],"up":[{"embeddable":true,"href":"https:\/\/select-agency.world\/es\/wp-json\/wp\/v2\/pages\/20082"}],"wp:featuredmedia":[{"embeddable":true,"href":"https:\/\/select-agency.world\/es\/wp-json\/wp\/v2\/media\/21260"}],"wp:attachment":[{"href":"https:\/\/select-agency.world\/es\/wp-json\/wp\/v2\/media?parent=22312"}],"curies":[{"name":"wp","href":"https:\/\/api.w.org\/{rel}","templated":true}]}}