{"id":23767,"date":"2025-03-26T15:31:34","date_gmt":"2025-03-26T14:31:34","guid":{"rendered":"https:\/\/select-agency.world\/?page_id=23767"},"modified":"2026-03-31T12:32:24","modified_gmt":"2026-03-31T11:32:24","slug":"private-chef-services","status":"publish","type":"page","link":"https:\/\/select-agency.world\/es\/experiences\/gourmet-experiences\/private-chef-services\/","title":{"rendered":"Servicio de chef privado"},"content":{"rendered":"<div data-elementor-type=\"wp-page\" data-elementor-id=\"23767\" class=\"elementor elementor-23767\">\n\t\t\t\t<div class=\"elementor-element elementor-element-6395f2e animated-slow e-flex e-con-boxed elementor-invisible e-con e-parent\" data-id=\"6395f2e\" data-element_type=\"container\" data-e-type=\"container\" data-settings=\"{&quot;background_background&quot;:&quot;classic&quot;,&quot;animation&quot;:&quot;fadeIn&quot;}\">\n\t\t\t\t\t<div class=\"e-con-inner\">\n\t\t<div class=\"elementor-element elementor-element-98e4146 e-con-full e-flex e-con e-child\" data-id=\"98e4146\" data-element_type=\"container\" data-e-type=\"container\">\n\t\t\t\t<div class=\"elementor-element elementor-element-03c051f elementor-invisible elementor-widget elementor-widget-heading\" data-id=\"03c051f\" data-element_type=\"widget\" data-e-type=\"widget\" data-settings=\"{&quot;_animation&quot;:&quot;fadeInDown&quot;}\" data-widget_type=\"heading.default\">\n\t\t\t\t<div class=\"elementor-widget-container\">\n\t\t\t\t\t<h1 class=\"elementor-heading-title elementor-size-default\">Servicio de chef privado<\/h1>\t\t\t\t<\/div>\n\t\t\t\t<\/div>\n\t\t\t\t<\/div>\n\t\t\t\t\t<\/div>\n\t\t\t\t<\/div>\n\t\t<div class=\"elementor-element elementor-element-0b01e4b e-flex e-con-boxed e-con e-parent\" data-id=\"0b01e4b\" data-element_type=\"container\" data-e-type=\"container\" data-settings=\"{&quot;background_background&quot;:&quot;classic&quot;}\">\n\t\t\t\t\t<div class=\"e-con-inner\">\n\t\t\t\t<div class=\"elementor-element elementor-element-66ecd76 elementor-widget elementor-widget-spacer\" data-id=\"66ecd76\" data-element_type=\"widget\" data-e-type=\"widget\" data-widget_type=\"spacer.default\">\n\t\t\t\t<div class=\"elementor-widget-container\">\n\t\t\t\t\t\t\t<div class=\"elementor-spacer\">\n\t\t\t<div class=\"elementor-spacer-inner\"><\/div>\n\t\t<\/div>\n\t\t\t\t\t\t<\/div>\n\t\t\t\t<\/div>\n\t\t\t\t\t<\/div>\n\t\t\t\t<\/div>\n\t\t<div class=\"elementor-element elementor-element-63e58f0 e-flex e-con-boxed e-con e-parent\" data-id=\"63e58f0\" data-element_type=\"container\" data-e-type=\"container\" data-settings=\"{&quot;background_background&quot;:&quot;classic&quot;}\">\n\t\t\t\t\t<div class=\"e-con-inner\">\n\t\t<div class=\"elementor-element elementor-element-9809921 e-con-full e-flex e-con e-child\" data-id=\"9809921\" data-element_type=\"container\" data-e-type=\"container\">\n\t\t\t\t<div class=\"elementor-element elementor-element-77748ce elementor-invisible elementor-widget elementor-widget-heading\" data-id=\"77748ce\" data-element_type=\"widget\" data-e-type=\"widget\" data-settings=\"{&quot;_animation&quot;:&quot;fadeInLeft&quot;}\" data-widget_type=\"heading.default\">\n\t\t\t\t<div class=\"elementor-widget-container\">\n\t\t\t\t\t<h2 class=\"elementor-heading-title elementor-size-default\">ALTA GASTRONOM\u00cdA, DE LA VILLA AL MAR<\/h2>\t\t\t\t<\/div>\n\t\t\t\t<\/div>\n\t\t\t\t<div class=\"elementor-element elementor-element-6ae15fb6 elementor-invisible elementor-widget elementor-widget-text-editor\" data-id=\"6ae15fb6\" data-element_type=\"widget\" data-e-type=\"widget\" data-settings=\"{&quot;_animation&quot;:&quot;fadeInLeft&quot;}\" data-widget_type=\"text-editor.default\">\n\t\t\t\t<div class=\"elementor-widget-container\">\n\t\t\t\t\t\t\t\t\t<p class=\"p1\">Descubra el arte de una experiencia gastron\u00f3mica excepcional en la comodidad de su villa, a bordo de su <strong><a href=\"https:\/\/select-agency.world\/es\/yachting\/charter-yachts\/\" target=\"_blank\" rel=\"noopener\">yate privado<\/a><\/strong>o en su evento especial.<\/p><p class=\"p1\">Colaboramos con chefs privados de confianza que dise\u00f1an propuestas culinarias a medida, combinando elegancia mediterr\u00e1nea con inspiraci\u00f3n internacional, siempre utilizando ingredientes frescos y cuidadosamente seleccionados en <strong><a href=\"https:\/\/select-agency.world\/es\/yachting\/balearic-islands\/mallorca\/\" target=\"_blank\" rel=\"noopener\">Mallorca<\/a><\/strong>.<\/p><p class=\"p1\">Cada detalle est\u00e1 bajo control \u2014 desde la selecci\u00f3n de productos y la preparaci\u00f3n hasta un servicio impecable y una cocina perfectamente organizada. Ya sea un brunch relajado, una cena degustaci\u00f3n o una estancia prolongada, usted solo tiene que llegar y disfrutar.<\/p>\t\t\t\t\t\t\t\t<\/div>\n\t\t\t\t<\/div>\n\t\t\t\t<div class=\"elementor-element elementor-element-58cec9e elementor-mobile-align-center elementor-invisible elementor-widget elementor-widget-button\" data-id=\"58cec9e\" data-element_type=\"widget\" data-e-type=\"widget\" data-settings=\"{&quot;_animation&quot;:&quot;fadeIn&quot;}\" data-widget_type=\"button.default\">\n\t\t\t\t<div class=\"elementor-widget-container\">\n\t\t\t\t\t\t\t\t\t<div class=\"elementor-button-wrapper\">\n\t\t\t\t\t<a class=\"elementor-button elementor-button-link elementor-size-sm elementor-animation-grow\" href=\"#popmake-27596\">\n\t\t\t\t\t\t<span class=\"elementor-button-content-wrapper\">\n\t\t\t\t\t\t\t\t\t<span class=\"elementor-button-text\">LE ESPERA UNA EXPERIENCIA A MEDIDA<\/span>\n\t\t\t\t\t<\/span>\n\t\t\t\t\t<\/a>\n\t\t\t\t<\/div>\n\t\t\t\t\t\t\t\t<\/div>\n\t\t\t\t<\/div>\n\t\t\t\t<\/div>\n\t\t<div class=\"elementor-element elementor-element-cd9ba8f e-con-full e-flex e-con e-child\" data-id=\"cd9ba8f\" data-element_type=\"container\" data-e-type=\"container\">\n\t\t\t\t<div class=\"elementor-element elementor-element-449c7107 elementor-invisible elementor-widget elementor-widget-image\" data-id=\"449c7107\" data-element_type=\"widget\" data-e-type=\"widget\" data-settings=\"{&quot;_animation&quot;:&quot;fadeInRight&quot;}\" data-widget_type=\"image.default\">\n\t\t\t\t<div class=\"elementor-widget-container\">\n\t\t\t\t\t\t\t\t\t\t\t\t\t\t\t<img loading=\"lazy\" decoding=\"async\" width=\"1920\" height=\"1280\" src=\"https:\/\/select-agency.world\/wp-content\/uploads\/2025\/04\/dishes-private-chef-mallorca.webp\" class=\"attachment-full size-full wp-image-23921\" alt=\"Dishes by private chef in Mallorca.\" srcset=\"https:\/\/select-agency.world\/wp-content\/uploads\/2025\/04\/dishes-private-chef-mallorca.webp 1920w, https:\/\/select-agency.world\/wp-content\/uploads\/2025\/04\/dishes-private-chef-mallorca-300x200.webp 300w, https:\/\/select-agency.world\/wp-content\/uploads\/2025\/04\/dishes-private-chef-mallorca-1024x683.webp 1024w, https:\/\/select-agency.world\/wp-content\/uploads\/2025\/04\/dishes-private-chef-mallorca-768x512.webp 768w, https:\/\/select-agency.world\/wp-content\/uploads\/2025\/04\/dishes-private-chef-mallorca-1536x1024.webp 1536w, https:\/\/select-agency.world\/wp-content\/uploads\/2025\/04\/dishes-private-chef-mallorca-18x12.webp 18w, https:\/\/select-agency.world\/wp-content\/uploads\/2025\/04\/dishes-private-chef-mallorca-900x600.webp 900w, https:\/\/select-agency.world\/wp-content\/uploads\/2025\/04\/dishes-private-chef-mallorca-496x331.webp 496w\" sizes=\"auto, (max-width: 1920px) 100vw, 1920px\" \/>\t\t\t\t\t\t\t\t\t\t\t\t\t\t\t<\/div>\n\t\t\t\t<\/div>\n\t\t\t\t<\/div>\n\t\t\t\t\t<\/div>\n\t\t\t\t<\/div>\n\t\t<div class=\"elementor-element elementor-element-452b3d83 e-flex e-con-boxed elementor-invisible e-con e-parent\" data-id=\"452b3d83\" data-element_type=\"container\" data-e-type=\"container\" data-settings=\"{&quot;background_background&quot;:&quot;classic&quot;,&quot;animation&quot;:&quot;fadeIn&quot;}\">\n\t\t\t\t\t<div class=\"e-con-inner\">\n\t\t<div class=\"elementor-element elementor-element-3175a77d e-flex e-con-boxed e-con e-child\" data-id=\"3175a77d\" data-element_type=\"container\" data-e-type=\"container\">\n\t\t\t\t\t<div class=\"e-con-inner\">\n\t\t\t\t<div class=\"elementor-element elementor-element-28e224a3 elementor-widget elementor-widget-image\" data-id=\"28e224a3\" data-element_type=\"widget\" data-e-type=\"widget\" data-widget_type=\"image.default\">\n\t\t\t\t<div class=\"elementor-widget-container\">\n\t\t\t\t\t\t\t\t\t\t\t\t\t\t\t<img loading=\"lazy\" decoding=\"async\" width=\"1920\" height=\"1280\" src=\"https:\/\/select-agency.world\/wp-content\/uploads\/2025\/04\/dish-private-chef.webp\" class=\"attachment-full size-full wp-image-23919\" alt=\"Dish by private chef in Mallorca.\" srcset=\"https:\/\/select-agency.world\/wp-content\/uploads\/2025\/04\/dish-private-chef.webp 1920w, https:\/\/select-agency.world\/wp-content\/uploads\/2025\/04\/dish-private-chef-300x200.webp 300w, https:\/\/select-agency.world\/wp-content\/uploads\/2025\/04\/dish-private-chef-1024x683.webp 1024w, https:\/\/select-agency.world\/wp-content\/uploads\/2025\/04\/dish-private-chef-768x512.webp 768w, https:\/\/select-agency.world\/wp-content\/uploads\/2025\/04\/dish-private-chef-1536x1024.webp 1536w, https:\/\/select-agency.world\/wp-content\/uploads\/2025\/04\/dish-private-chef-18x12.webp 18w, https:\/\/select-agency.world\/wp-content\/uploads\/2025\/04\/dish-private-chef-900x600.webp 900w, https:\/\/select-agency.world\/wp-content\/uploads\/2025\/04\/dish-private-chef-496x331.webp 496w\" sizes=\"auto, (max-width: 1920px) 100vw, 1920px\" \/>\t\t\t\t\t\t\t\t\t\t\t\t\t\t\t<\/div>\n\t\t\t\t<\/div>\n\t\t\t\t<div class=\"elementor-element elementor-element-e01a89e animated-fast elementor-invisible elementor-widget elementor-widget-heading\" data-id=\"e01a89e\" data-element_type=\"widget\" data-e-type=\"widget\" data-settings=\"{&quot;_animation&quot;:&quot;fadeInUp&quot;}\" data-widget_type=\"heading.default\">\n\t\t\t\t<div class=\"elementor-widget-container\">\n\t\t\t\t\t<h2 class=\"elementor-heading-title elementor-size-default\">Servicio en villa<\/h2>\t\t\t\t<\/div>\n\t\t\t\t<\/div>\n\t\t\t\t<div class=\"elementor-element elementor-element-72cd002 elementor-widget__width-initial elementor-widget elementor-widget-text-editor\" data-id=\"72cd002\" data-element_type=\"widget\" data-e-type=\"widget\" data-widget_type=\"text-editor.default\">\n\t\t\t\t<div class=\"elementor-widget-container\">\n\t\t\t\t\t\t\t\t\t<p>Disfrute de sus vacaciones con total comodidad gracias a un chef privado que lleva los mejores sabores de Mallorca directamente a su villa. Desde desayunos cuidadosamente preparados hasta cenas elegantes, cada men\u00fa se adapta a sus gustos, necesidades alimentarias y ritmo diario. Nos ocupamos de todo \u2014 compra, preparaci\u00f3n, servicio y limpieza \u2014 para que usted pueda relajarse plenamente. Tambi\u00e9n ofrecemos servicio de aprovisionamiento previo a su llegada, incluyendo desde ros\u00e9 bien fr\u00edo hasta productos locales ecol\u00f3gicos.<\/p>\t\t\t\t\t\t\t\t<\/div>\n\t\t\t\t<\/div>\n\t\t\t\t\t<\/div>\n\t\t\t\t<\/div>\n\t\t<div class=\"elementor-element elementor-element-2a8a2ec0 e-flex e-con-boxed e-con e-child\" data-id=\"2a8a2ec0\" data-element_type=\"container\" data-e-type=\"container\">\n\t\t\t\t\t<div class=\"e-con-inner\">\n\t\t\t\t<div class=\"elementor-element elementor-element-2c83fc1 elementor-widget elementor-widget-image\" data-id=\"2c83fc1\" data-element_type=\"widget\" data-e-type=\"widget\" data-widget_type=\"image.default\">\n\t\t\t\t<div class=\"elementor-widget-container\">\n\t\t\t\t\t\t\t\t\t\t\t\t\t\t\t<img loading=\"lazy\" decoding=\"async\" width=\"1920\" height=\"1280\" src=\"https:\/\/select-agency.world\/wp-content\/uploads\/2025\/03\/private-chef-dessert.webp\" class=\"attachment-full size-full wp-image-23769\" alt=\"Sharing mouthwatering desert.\" srcset=\"https:\/\/select-agency.world\/wp-content\/uploads\/2025\/03\/private-chef-dessert.webp 1920w, https:\/\/select-agency.world\/wp-content\/uploads\/2025\/03\/private-chef-dessert-300x200.webp 300w, https:\/\/select-agency.world\/wp-content\/uploads\/2025\/03\/private-chef-dessert-1024x683.webp 1024w, https:\/\/select-agency.world\/wp-content\/uploads\/2025\/03\/private-chef-dessert-768x512.webp 768w, https:\/\/select-agency.world\/wp-content\/uploads\/2025\/03\/private-chef-dessert-1536x1024.webp 1536w, https:\/\/select-agency.world\/wp-content\/uploads\/2025\/03\/private-chef-dessert-18x12.webp 18w, https:\/\/select-agency.world\/wp-content\/uploads\/2025\/03\/private-chef-dessert-900x600.webp 900w, https:\/\/select-agency.world\/wp-content\/uploads\/2025\/03\/private-chef-dessert-496x331.webp 496w\" sizes=\"auto, (max-width: 1920px) 100vw, 1920px\" \/>\t\t\t\t\t\t\t\t\t\t\t\t\t\t\t<\/div>\n\t\t\t\t<\/div>\n\t\t\t\t<div class=\"elementor-element elementor-element-a4fc6d4 animated-fast elementor-invisible elementor-widget elementor-widget-heading\" data-id=\"a4fc6d4\" data-element_type=\"widget\" data-e-type=\"widget\" data-settings=\"{&quot;_animation&quot;:&quot;fadeInUp&quot;}\" data-widget_type=\"heading.default\">\n\t\t\t\t<div class=\"elementor-widget-container\">\n\t\t\t\t\t<h2 class=\"elementor-heading-title elementor-size-default\">Servicio a bordo<\/h2>\t\t\t\t<\/div>\n\t\t\t\t<\/div>\n\t\t\t\t<div class=\"elementor-element elementor-element-e2d1516 elementor-widget__width-initial elementor-widget elementor-widget-text-editor\" data-id=\"e2d1516\" data-element_type=\"widget\" data-e-type=\"widget\" data-widget_type=\"text-editor.default\">\n\t\t\t\t<div class=\"elementor-widget-container\">\n\t\t\t\t\t\t\t\t\t<p>Eleve su jornada en el mar con una experiencia gastron\u00f3mica privada a bordo. Ya sea un almuerzo relajado fondeado en una cala o una cena sofisticada al atardecer, cada plato se elabora con ingredientes frescos de proximidad y una presentaci\u00f3n cuidada. Los chefs trabajan en coordinaci\u00f3n con la tripulaci\u00f3n, se adaptan a las condiciones a bordo y ofrecen una experiencia de nivel restaurante \u2014 directamente en cubierta.<\/p>\t\t\t\t\t\t\t\t<\/div>\n\t\t\t\t<\/div>\n\t\t\t\t\t<\/div>\n\t\t\t\t<\/div>\n\t\t<div class=\"elementor-element elementor-element-62094ee6 e-con-full e-flex e-con e-child\" data-id=\"62094ee6\" data-element_type=\"container\" data-e-type=\"container\">\n\t\t\t\t<div class=\"elementor-element elementor-element-d00f617 elementor-widget elementor-widget-image\" data-id=\"d00f617\" data-element_type=\"widget\" data-e-type=\"widget\" data-widget_type=\"image.default\">\n\t\t\t\t<div class=\"elementor-widget-container\">\n\t\t\t\t\t\t\t\t\t\t\t\t\t\t\t<img loading=\"lazy\" decoding=\"async\" width=\"1920\" height=\"1280\" src=\"https:\/\/select-agency.world\/wp-content\/uploads\/2025\/03\/private-chef-event.webp\" class=\"attachment-full size-full wp-image-23774\" alt=\"Decorated table at private event.\" srcset=\"https:\/\/select-agency.world\/wp-content\/uploads\/2025\/03\/private-chef-event.webp 1920w, https:\/\/select-agency.world\/wp-content\/uploads\/2025\/03\/private-chef-event-300x200.webp 300w, https:\/\/select-agency.world\/wp-content\/uploads\/2025\/03\/private-chef-event-1024x683.webp 1024w, https:\/\/select-agency.world\/wp-content\/uploads\/2025\/03\/private-chef-event-768x512.webp 768w, https:\/\/select-agency.world\/wp-content\/uploads\/2025\/03\/private-chef-event-1536x1024.webp 1536w, https:\/\/select-agency.world\/wp-content\/uploads\/2025\/03\/private-chef-event-18x12.webp 18w, https:\/\/select-agency.world\/wp-content\/uploads\/2025\/03\/private-chef-event-900x600.webp 900w, https:\/\/select-agency.world\/wp-content\/uploads\/2025\/03\/private-chef-event-496x331.webp 496w\" sizes=\"auto, (max-width: 1920px) 100vw, 1920px\" \/>\t\t\t\t\t\t\t\t\t\t\t\t\t\t\t<\/div>\n\t\t\t\t<\/div>\n\t\t\t\t<div class=\"elementor-element elementor-element-d49ce18 animated-fast elementor-invisible elementor-widget elementor-widget-heading\" data-id=\"d49ce18\" data-element_type=\"widget\" data-e-type=\"widget\" data-settings=\"{&quot;_animation&quot;:&quot;fadeInUp&quot;}\" data-widget_type=\"heading.default\">\n\t\t\t\t<div class=\"elementor-widget-container\">\n\t\t\t\t\t<h2 class=\"elementor-heading-title elementor-size-default\"> Eventos<\/h2>\t\t\t\t<\/div>\n\t\t\t\t<\/div>\n\t\t\t\t<div class=\"elementor-element elementor-element-1281fa7 elementor-widget__width-initial elementor-widget elementor-widget-text-editor\" data-id=\"1281fa7\" data-element_type=\"widget\" data-e-type=\"widget\" data-widget_type=\"text-editor.default\">\n\t\t\t\t<div class=\"elementor-widget-container\">\n\t\t\t\t\t\t\t\t\t<p>Ya sea una celebraci\u00f3n de cumplea\u00f1os, un c\u00f3ctel al atardecer o un encuentro privado con amigos, nuestros chefs y profesionales de eventos garantizan una experiencia elegante y sin complicaciones. Desde la gastronom\u00eda y la cocteler\u00eda hasta la organizaci\u00f3n integral del evento, cada elemento se adapta a la ocasi\u00f3n y a su estilo personal. Los men\u00fas son estacionales, el servicio discreto y cada detalle cuidadosamente planificado.<\/p>\t\t\t\t\t\t\t\t<\/div>\n\t\t\t\t<\/div>\n\t\t\t\t<\/div>\n\t\t\t\t\t<\/div>\n\t\t\t\t<\/div>\n\t\t\t\t<\/div>","protected":false},"excerpt":{"rendered":"<p>Private Chef Services Elevated Dining, From Villa to Sea Discover the art of exceptional dining in the comfort of your villa, on board your private yacht, or at your special event. We collaborate with trusted private chefs who create tailored culinary experiences that blend Mediterranean elegance with global inspiration \u2014 always using the freshest local [&hellip;]<\/p>\n","protected":false},"author":1,"featured_media":23770,"parent":22300,"menu_order":0,"comment_status":"closed","ping_status":"closed","template":"elementor_header_footer","meta":{"footnotes":""},"class_list":["post-23767","page","type-page","status-publish","has-post-thumbnail","hentry"],"aioseo_notices":[],"_links":{"self":[{"href":"https:\/\/select-agency.world\/es\/wp-json\/wp\/v2\/pages\/23767","targetHints":{"allow":["GET"]}}],"collection":[{"href":"https:\/\/select-agency.world\/es\/wp-json\/wp\/v2\/pages"}],"about":[{"href":"https:\/\/select-agency.world\/es\/wp-json\/wp\/v2\/types\/page"}],"author":[{"embeddable":true,"href":"https:\/\/select-agency.world\/es\/wp-json\/wp\/v2\/users\/1"}],"replies":[{"embeddable":true,"href":"https:\/\/select-agency.world\/es\/wp-json\/wp\/v2\/comments?post=23767"}],"version-history":[{"count":0,"href":"https:\/\/select-agency.world\/es\/wp-json\/wp\/v2\/pages\/23767\/revisions"}],"up":[{"embeddable":true,"href":"https:\/\/select-agency.world\/es\/wp-json\/wp\/v2\/pages\/22300"}],"wp:featuredmedia":[{"embeddable":true,"href":"https:\/\/select-agency.world\/es\/wp-json\/wp\/v2\/media\/23770"}],"wp:attachment":[{"href":"https:\/\/select-agency.world\/es\/wp-json\/wp\/v2\/media?parent=23767"}],"curies":[{"name":"wp","href":"https:\/\/api.w.org\/{rel}","templated":true}]}}