{"id":24381,"date":"2025-04-14T14:04:47","date_gmt":"2025-04-14T13:04:47","guid":{"rendered":"https:\/\/select-agency.world\/?page_id=24381"},"modified":"2026-03-31T10:43:21","modified_gmt":"2026-03-31T09:43:21","slug":"port-soller","status":"publish","type":"page","link":"https:\/\/select-agency.world\/es\/yachting\/itineraries\/port-soller\/","title":{"rendered":"Itinerary Port de Soller"},"content":{"rendered":"<div data-elementor-type=\"wp-page\" data-elementor-id=\"24381\" class=\"elementor elementor-24381\">\n\t\t\t\t<div class=\"elementor-element elementor-element-6395f2e animated-slow e-flex e-con-boxed elementor-invisible e-con e-parent\" data-id=\"6395f2e\" data-element_type=\"container\" data-e-type=\"container\" data-settings=\"{&quot;background_background&quot;:&quot;classic&quot;,&quot;animation&quot;:&quot;fadeIn&quot;}\">\n\t\t\t\t\t<div class=\"e-con-inner\">\n\t\t<div class=\"elementor-element elementor-element-98e4146 e-con-full e-flex e-con e-child\" data-id=\"98e4146\" data-element_type=\"container\" data-e-type=\"container\">\n\t\t\t\t<div class=\"elementor-element elementor-element-03c051f elementor-invisible elementor-widget elementor-widget-heading\" data-id=\"03c051f\" data-element_type=\"widget\" data-e-type=\"widget\" data-settings=\"{&quot;_animation&quot;:&quot;fadeInDown&quot;}\" data-widget_type=\"heading.default\">\n\t\t\t\t<div class=\"elementor-widget-container\">\n\t\t\t\t\t<h1 class=\"elementor-heading-title elementor-size-default\">Tramuntana por Mar<\/h1>\t\t\t\t<\/div>\n\t\t\t\t<\/div>\n\t\t\t\t<\/div>\n\t\t\t\t\t<\/div>\n\t\t\t\t<\/div>\n\t\t<div class=\"elementor-element elementor-element-ff2847f e-flex e-con-boxed e-con e-parent\" data-id=\"ff2847f\" data-element_type=\"container\" data-e-type=\"container\" data-settings=\"{&quot;background_background&quot;:&quot;classic&quot;}\">\n\t\t\t\t\t<div class=\"e-con-inner\">\n\t\t\t\t<div class=\"elementor-element elementor-element-8d21595 elementor-widget__width-initial elementor-invisible elementor-widget elementor-widget-heading\" data-id=\"8d21595\" data-element_type=\"widget\" data-e-type=\"widget\" data-settings=\"{&quot;_animation&quot;:&quot;fadeInUp&quot;}\" data-widget_type=\"heading.default\">\n\t\t\t\t<div class=\"elementor-widget-container\">\n\t\t\t\t\t<h2 class=\"elementor-heading-title elementor-size-default\">Ch\u00e1rter de yate de 4 d\u00edas: Escapada por la costa oeste de Mallorca<\/h2>\t\t\t\t<\/div>\n\t\t\t\t<\/div>\n\t\t\t\t<div class=\"elementor-element elementor-element-6ae15fb6 elementor-widget__width-initial elementor-invisible elementor-widget elementor-widget-text-editor\" data-id=\"6ae15fb6\" data-element_type=\"widget\" data-e-type=\"widget\" data-settings=\"{&quot;_animation&quot;:&quot;fadeInUp&quot;}\" data-widget_type=\"text-editor.default\">\n\t\t\t\t<div class=\"elementor-widget-container\">\n\t\t\t\t\t\t\t\t\t<p class=\"p1\">Descubra la costa m\u00e1s ic\u00f3nica de Mallorca en este itinerario privado de cuatro d\u00edas en yate. Desde puertos elegantes y calas escondidas hasta acantilados imponentes y encantadores pueblos pesqueros, esta ruta combina la libertad absoluta en el mar con lo mejor de la costa oeste de la isla.\n\nCon tiempo para disfrutar de una gastronom\u00eda exquisita, nadar en aguas turquesas y dormir bajo las estrellas, esta es una aut\u00e9ntica escapada mediterr\u00e1nea.<\/p><p class=\"p1\"><em>Navegaci\u00f3n esc\u00e9nica | Pueblos con encanto | Gastronom\u00eda exquisita<\/em><\/p>\t\t\t\t\t\t\t\t<\/div>\n\t\t\t\t<\/div>\n\t\t\t\t<div class=\"elementor-element elementor-element-fbf1597 elementor-mobile-align-center elementor-invisible elementor-widget elementor-widget-button\" data-id=\"fbf1597\" data-element_type=\"widget\" data-e-type=\"widget\" data-settings=\"{&quot;_animation&quot;:&quot;fadeIn&quot;}\" data-widget_type=\"button.default\">\n\t\t\t\t<div class=\"elementor-widget-container\">\n\t\t\t\t\t\t\t\t\t<div class=\"elementor-button-wrapper\">\n\t\t\t\t\t<a class=\"elementor-button elementor-button-link elementor-size-sm elementor-animation-grow\" href=\"https:\/\/select-agency.world\/es\/contact\/\">\n\t\t\t\t\t\t<span class=\"elementor-button-content-wrapper\">\n\t\t\t\t\t\t\t\t\t<span class=\"elementor-button-text\">Planifique su escapada a Mallorca<\/span>\n\t\t\t\t\t<\/span>\n\t\t\t\t\t<\/a>\n\t\t\t\t<\/div>\n\t\t\t\t\t\t\t\t<\/div>\n\t\t\t\t<\/div>\n\t\t\t\t\t<\/div>\n\t\t\t\t<\/div>\n\t\t<div class=\"elementor-element elementor-element-d8f471a e-flex e-con-boxed e-con e-parent\" data-id=\"d8f471a\" data-element_type=\"container\" data-e-type=\"container\" data-settings=\"{&quot;background_background&quot;:&quot;classic&quot;}\">\n\t\t\t\t\t<div class=\"e-con-inner\">\n\t\t<div class=\"elementor-element elementor-element-0f35318 e-con-full e-flex e-con e-child\" data-id=\"0f35318\" data-element_type=\"container\" data-e-type=\"container\">\n\t\t\t\t<div class=\"elementor-element elementor-element-cd0704d elementor-widget elementor-widget-image\" data-id=\"cd0704d\" data-element_type=\"widget\" data-e-type=\"widget\" data-widget_type=\"image.default\">\n\t\t\t\t<div class=\"elementor-widget-container\">\n\t\t\t\t\t\t\t\t\t\t\t\t\t\t\t<img loading=\"lazy\" decoding=\"async\" width=\"1920\" height=\"1280\" src=\"https:\/\/select-agency.world\/wp-content\/uploads\/2025\/04\/sunset-port-andratx-mallorca.webp\" class=\"attachment-full size-full wp-image-24368\" alt=\"Sunset in Port d&#039;Andratx in Mallorca.\" srcset=\"https:\/\/select-agency.world\/wp-content\/uploads\/2025\/04\/sunset-port-andratx-mallorca.webp 1920w, https:\/\/select-agency.world\/wp-content\/uploads\/2025\/04\/sunset-port-andratx-mallorca-300x200.webp 300w, https:\/\/select-agency.world\/wp-content\/uploads\/2025\/04\/sunset-port-andratx-mallorca-1024x683.webp 1024w, https:\/\/select-agency.world\/wp-content\/uploads\/2025\/04\/sunset-port-andratx-mallorca-768x512.webp 768w, https:\/\/select-agency.world\/wp-content\/uploads\/2025\/04\/sunset-port-andratx-mallorca-1536x1024.webp 1536w, https:\/\/select-agency.world\/wp-content\/uploads\/2025\/04\/sunset-port-andratx-mallorca-18x12.webp 18w, https:\/\/select-agency.world\/wp-content\/uploads\/2025\/04\/sunset-port-andratx-mallorca-900x600.webp 900w, https:\/\/select-agency.world\/wp-content\/uploads\/2025\/04\/sunset-port-andratx-mallorca-496x331.webp 496w\" sizes=\"auto, (max-width: 1920px) 100vw, 1920px\" \/>\t\t\t\t\t\t\t\t\t\t\t\t\t\t\t<\/div>\n\t\t\t\t<\/div>\n\t\t\t\t<\/div>\n\t\t<div class=\"elementor-element elementor-element-b856e5a e-con-full e-flex e-con e-child\" data-id=\"b856e5a\" data-element_type=\"container\" data-e-type=\"container\">\n\t\t\t\t<div class=\"elementor-element elementor-element-9d997a4 elementor-widget elementor-widget-heading\" data-id=\"9d997a4\" data-element_type=\"widget\" data-e-type=\"widget\" data-widget_type=\"heading.default\">\n\t\t\t\t<div class=\"elementor-widget-container\">\n\t\t\t\t\t<h2 class=\"elementor-heading-title elementor-size-default\">D\u00eda 1: Cala Llamp &amp; Port d\u2019Andratx<\/h2>\t\t\t\t<\/div>\n\t\t\t\t<\/div>\n\t\t\t\t<div class=\"elementor-element elementor-element-aeea7a8 elementor-widget elementor-widget-text-editor\" data-id=\"aeea7a8\" data-element_type=\"widget\" data-e-type=\"widget\" data-widget_type=\"text-editor.default\">\n\t\t\t\t<div class=\"elementor-widget-container\">\n\t\t\t\t\t\t\t\t\t<p>Su traves\u00eda comienza en Palma, navegando hacia el suroeste a lo largo de la costa rocosa hasta llegar a Cala Llamp. Esta bah\u00eda protegida ofrece aguas azules espectaculares y excelentes condiciones para nadar, practicar snorkel o paddle surf.<\/p><p>Disfrute de un almuerzo relajado a bordo o permita que reservemos una mesa en <strong><a href=\"https:\/\/beachclubgranfolies.com\" target=\"_blank\" rel=\"noopener\">Gran Folies Beach Club<\/a><\/strong>, conocido por sus vistas incomparables y su cocina fresca.<\/p><p>Por la tarde, llegada a Port d\u2019Andratx, uno de los puertos deportivos m\u00e1s elegantes de Mallorca. Pasee por sus boutiques o disfrute de un aperitivo antes de cenar en uno de nuestros restaurantes recomendados:<strong><a href=\"https:\/\/launiversalandratx.com\" target=\"_blank\" rel=\"noopener\"> La Universal<\/a><\/strong>para cocina mediterr\u00e1nea refinada en un entorno sofisticado, o <strong><a href=\"https:\/\/www.instagram.com\/umamifreshbistro\/\" target=\"_blank\" rel=\"noopener\">Umami Fresh Bistro<\/a><\/strong>, para una experiencia de fusi\u00f3n moderna con ingredientes frescos y de alta calidad.<\/p><p>Pasar\u00e1 la noche amarrado en la tranquila marina de Port d\u2019Andratx.<\/p>\t\t\t\t\t\t\t\t<\/div>\n\t\t\t\t<\/div>\n\t\t\t\t<\/div>\n\t\t\t\t\t<\/div>\n\t\t\t\t<\/div>\n\t\t<div class=\"elementor-element elementor-element-93cdae9 e-flex e-con-boxed e-con e-parent\" data-id=\"93cdae9\" data-element_type=\"container\" data-e-type=\"container\" data-settings=\"{&quot;background_background&quot;:&quot;classic&quot;}\">\n\t\t\t\t\t<div class=\"e-con-inner\">\n\t\t<div class=\"elementor-element elementor-element-9db54df e-con-full e-flex e-con e-child\" data-id=\"9db54df\" data-element_type=\"container\" data-e-type=\"container\">\n\t\t\t\t<div class=\"elementor-element elementor-element-523f104 elementor-widget elementor-widget-heading\" data-id=\"523f104\" data-element_type=\"widget\" data-e-type=\"widget\" data-widget_type=\"heading.default\">\n\t\t\t\t<div class=\"elementor-widget-container\">\n\t\t\t\t\t<h2 class=\"elementor-heading-title elementor-size-default\">D\u00eda 2: Sa Foradada &amp; Port de S\u00f3ller<\/h2>\t\t\t\t<\/div>\n\t\t\t\t<\/div>\n\t\t\t\t<div class=\"elementor-element elementor-element-fe7a5a5 elementor-widget elementor-widget-text-editor\" data-id=\"fe7a5a5\" data-element_type=\"widget\" data-e-type=\"widget\" data-widget_type=\"text-editor.default\">\n\t\t\t\t<div class=\"elementor-widget-container\">\n\t\t\t\t\t\t\t\t\t<p>Tras el desayuno a bordo, navegue hacia el norte por la salvaje costa de la Tramuntana en direcci\u00f3n a la impresionante formaci\u00f3n rocosa de Sa Foradada. Este fondeo dram\u00e1tico es uno de los enclaves costeros m\u00e1s emblem\u00e1ticos de Mallorca.<\/p><p>Para el almuerzo, podr\u00e1 comer a bordo o elegir entre dos restaurantes ic\u00f3nicos junto a los acantilados: <strong><a href=\"https:\/\/restaurantesaforadada.com\/es\/\" target=\"_blank\" rel=\"noopener\">Restaurante Sa Foradada<\/a><\/strong>, un lugar r\u00fastico accesible solo por barco o a pie, famoso por su paella al fuego de le\u00f1a, o <strong><a href=\"https:\/\/www.instagram.com\/caspatromarch\/\" target=\"_blank\" rel=\"noopener\">Ca\u2019s Patr\u00f3 March<\/a><\/strong>, conocido por su ubicaci\u00f3n privilegiada sobre las rocas de Cala Dei\u00e0.\u00a0<\/p><p>Por la tarde, contin\u00fae hacia el encantador puerto de Port de S\u00f3ller. Rodeado de monta\u00f1as, este pintoresco puerto combina vida local con un elegante ambiente mediterr\u00e1neo.<\/p><p class=\"p1\">Para la cena, considere <a href=\"https:\/\/www.jumeirah.com\/es\/stay\/mallorca\/jumeirah-port-soller-hotel-and-spa\/dining\/port-soller-cap-roig-brasserie\" target=\"_blank\" rel=\"noopener\"><strong>Cap Roig Brasserie<\/strong><\/a> en el Hotel Jumeirah), que ofrece cocina mediterr\u00e1nea elegante con \u00e9nfasis en pescado fresco y vistas panor\u00e1micas al mar, o <a href=\"https:\/\/www.instagram.com\/sabarcaportdesoller\/\" target=\"_blank\" rel=\"noopener\"><strong><span class=\"s1\">Sa Barca<\/span><\/strong><\/a>, un restaurante moderno frente al mar con un toque creativo y vistas al puerto.\n\nPasar\u00e1 la noche c\u00f3modamente amarrado en Port de S\u00f3ller.<\/p>\t\t\t\t\t\t\t\t<\/div>\n\t\t\t\t<\/div>\n\t\t\t\t<\/div>\n\t\t<div class=\"elementor-element elementor-element-c0383d9 e-con-full e-flex e-con e-child\" data-id=\"c0383d9\" data-element_type=\"container\" data-e-type=\"container\">\n\t\t\t\t<div class=\"elementor-element elementor-element-129dff4 elementor-widget elementor-widget-image\" data-id=\"129dff4\" data-element_type=\"widget\" data-e-type=\"widget\" data-widget_type=\"image.default\">\n\t\t\t\t<div class=\"elementor-widget-container\">\n\t\t\t\t\t\t\t\t\t\t\t\t\t\t\t<img loading=\"lazy\" decoding=\"async\" width=\"1920\" height=\"1280\" src=\"https:\/\/select-agency.world\/wp-content\/uploads\/2025\/04\/port-soller-mallorca.webp\" class=\"attachment-full size-full wp-image-24386\" alt=\"Port de Soller in Mallorca.\" srcset=\"https:\/\/select-agency.world\/wp-content\/uploads\/2025\/04\/port-soller-mallorca.webp 1920w, https:\/\/select-agency.world\/wp-content\/uploads\/2025\/04\/port-soller-mallorca-300x200.webp 300w, https:\/\/select-agency.world\/wp-content\/uploads\/2025\/04\/port-soller-mallorca-1024x683.webp 1024w, https:\/\/select-agency.world\/wp-content\/uploads\/2025\/04\/port-soller-mallorca-768x512.webp 768w, https:\/\/select-agency.world\/wp-content\/uploads\/2025\/04\/port-soller-mallorca-1536x1024.webp 1536w, https:\/\/select-agency.world\/wp-content\/uploads\/2025\/04\/port-soller-mallorca-18x12.webp 18w, https:\/\/select-agency.world\/wp-content\/uploads\/2025\/04\/port-soller-mallorca-900x600.webp 900w, https:\/\/select-agency.world\/wp-content\/uploads\/2025\/04\/port-soller-mallorca-496x331.webp 496w\" sizes=\"auto, (max-width: 1920px) 100vw, 1920px\" \/>\t\t\t\t\t\t\t\t\t\t\t\t\t\t\t<\/div>\n\t\t\t\t<\/div>\n\t\t\t\t<\/div>\n\t\t\t\t\t<\/div>\n\t\t\t\t<\/div>\n\t\t<div class=\"elementor-element elementor-element-e5ad687 e-flex e-con-boxed e-con e-parent\" data-id=\"e5ad687\" data-element_type=\"container\" data-e-type=\"container\" data-settings=\"{&quot;background_background&quot;:&quot;classic&quot;}\">\n\t\t\t\t\t<div class=\"e-con-inner\">\n\t\t<div class=\"elementor-element elementor-element-1c26c52 e-con-full e-flex e-con e-child\" data-id=\"1c26c52\" data-element_type=\"container\" data-e-type=\"container\">\n\t\t\t\t<div class=\"elementor-element elementor-element-fa06701 elementor-widget elementor-widget-image\" data-id=\"fa06701\" data-element_type=\"widget\" data-e-type=\"widget\" data-widget_type=\"image.default\">\n\t\t\t\t<div class=\"elementor-widget-container\">\n\t\t\t\t\t\t\t\t\t\t\t\t\t\t\t<img loading=\"lazy\" decoding=\"async\" width=\"1920\" height=\"1280\" src=\"https:\/\/select-agency.world\/wp-content\/uploads\/2025\/04\/sa-calobra-mallorca.webp\" class=\"attachment-full size-full wp-image-24387\" alt=\"Sa Calobra in Mallorca.\" srcset=\"https:\/\/select-agency.world\/wp-content\/uploads\/2025\/04\/sa-calobra-mallorca.webp 1920w, https:\/\/select-agency.world\/wp-content\/uploads\/2025\/04\/sa-calobra-mallorca-300x200.webp 300w, https:\/\/select-agency.world\/wp-content\/uploads\/2025\/04\/sa-calobra-mallorca-1024x683.webp 1024w, https:\/\/select-agency.world\/wp-content\/uploads\/2025\/04\/sa-calobra-mallorca-768x512.webp 768w, https:\/\/select-agency.world\/wp-content\/uploads\/2025\/04\/sa-calobra-mallorca-1536x1024.webp 1536w, https:\/\/select-agency.world\/wp-content\/uploads\/2025\/04\/sa-calobra-mallorca-18x12.webp 18w, https:\/\/select-agency.world\/wp-content\/uploads\/2025\/04\/sa-calobra-mallorca-900x600.webp 900w, https:\/\/select-agency.world\/wp-content\/uploads\/2025\/04\/sa-calobra-mallorca-496x331.webp 496w\" sizes=\"auto, (max-width: 1920px) 100vw, 1920px\" \/>\t\t\t\t\t\t\t\t\t\t\t\t\t\t\t<\/div>\n\t\t\t\t<\/div>\n\t\t\t\t<\/div>\n\t\t<div class=\"elementor-element elementor-element-5efca89 e-con-full e-flex e-con e-child\" data-id=\"5efca89\" data-element_type=\"container\" data-e-type=\"container\">\n\t\t\t\t<div class=\"elementor-element elementor-element-c9b22a4 elementor-widget elementor-widget-heading\" data-id=\"c9b22a4\" data-element_type=\"widget\" data-e-type=\"widget\" data-widget_type=\"heading.default\">\n\t\t\t\t<div class=\"elementor-widget-container\">\n\t\t\t\t\t<h2 class=\"elementor-heading-title elementor-size-default\">D\u00eda 3: Sa Calobra &amp; Sant Elm<\/h2>\t\t\t\t<\/div>\n\t\t\t\t<\/div>\n\t\t\t\t<div class=\"elementor-element elementor-element-aa4f611 elementor-widget elementor-widget-text-editor\" data-id=\"aa4f611\" data-element_type=\"widget\" data-e-type=\"widget\" data-widget_type=\"text-editor.default\">\n\t\t\t\t<div class=\"elementor-widget-container\">\n\t\t\t\t\t\t\t\t\t<p>Despu\u00e9s del desayuno, ponga rumbo a Sa Calobra, uno de los paisajes naturales m\u00e1s impresionantes de Mallorca. Enclavada entre acantilados imponentes, esta bah\u00eda conduce a la desembocadura del Torrent de Pareis, un espectacular desfiladero que se abre directamente al mar.\n\nLa zona es ideal para nadar, tomar fotograf\u00edas y disfrutar de la belleza salvaje de la costa de la Tramuntana.<\/p><p>Disfrute de un almuerzo tranquilo a bordo, rodeado de naturaleza, antes de navegar hacia el sur en direcci\u00f3n a Sant Elm.<\/p><p>Este apacible pueblo, situado en el extremo occidental de la isla, ofrece vistas privilegiadas de Sa Dragonera, isla protegida y parque natural. Fondee para pasar la noche en boya frente a la costa y disfrute de la cena en <strong><a href=\"https:\/\/esraor.es\" target=\"_blank\" rel=\"noopener\">Es Raor<\/a><\/strong>, para pescado fresco con vistas al mar, o <strong><a href=\"https:\/\/www.calaconills.com\" target=\"_blank\" rel=\"noopener\">Cala Conills<\/a><\/strong>, para un ambiente relajado y chic con cena al atardecer junto al agua.<\/p><p>Por la noche, disfrute de la serenidad de dormir en el mar en este entorno m\u00e1gico.<\/p>\t\t\t\t\t\t\t\t<\/div>\n\t\t\t\t<\/div>\n\t\t\t\t<\/div>\n\t\t\t\t\t<\/div>\n\t\t\t\t<\/div>\n\t\t<div class=\"elementor-element elementor-element-2e692f0 e-flex e-con-boxed e-con e-parent\" data-id=\"2e692f0\" data-element_type=\"container\" data-e-type=\"container\" data-settings=\"{&quot;background_background&quot;:&quot;classic&quot;}\">\n\t\t\t\t\t<div class=\"e-con-inner\">\n\t\t<div class=\"elementor-element elementor-element-f319f51 e-con-full e-flex e-con e-child\" data-id=\"f319f51\" data-element_type=\"container\" data-e-type=\"container\">\n\t\t\t\t<div class=\"elementor-element elementor-element-2c24699 elementor-widget elementor-widget-heading\" data-id=\"2c24699\" data-element_type=\"widget\" data-e-type=\"widget\" data-widget_type=\"heading.default\">\n\t\t\t\t<div class=\"elementor-widget-container\">\n\t\t\t\t\t<h2 class=\"elementor-heading-title elementor-size-default\">D\u00eda 4: Camp de Mar &amp; Palma<\/h2>\t\t\t\t<\/div>\n\t\t\t\t<\/div>\n\t\t\t\t<div class=\"elementor-element elementor-element-a7136cb elementor-widget elementor-widget-text-editor\" data-id=\"a7136cb\" data-element_type=\"widget\" data-e-type=\"widget\" data-widget_type=\"text-editor.default\">\n\t\t\t\t<div class=\"elementor-widget-container\">\n\t\t\t\t\t\t\t\t\t<p>Tras una noche tranquila fondeado, comience la ma\u00f1ana con un ba\u00f1o o un caf\u00e9 en cubierta, rodeado por la calma de Sant Elm y las vistas de Sa Dragonera.<\/p><p>Navegue lentamente de regreso por la costa suroeste, haciendo una parada en Camp de Mar \u2014 una bah\u00eda protegida conocida por sus aguas turquesas y su singular restaurante situado en un islote.<\/p><p>Para el almuerzo, podr\u00e1 elegir entre <strong><a href=\"https:\/\/illeta.com\" target=\"_blank\" rel=\"noopener\">Restaurant Sa Illeta<\/a><\/strong>, ubicado en una peque\u00f1a isla conectada por una pasarela y famoso por su marisco fresco y cocina local frente al mar, o <strong><a href=\"https:\/\/maria5.com\/restaurantes\/maria-5-beach\/\" target=\"_blank\" rel=\"noopener\">Maria 5 Beach<\/a><\/strong>, un restaurante elegante frente a la playa con ambiente relajado, excelentes c\u00f3cteles y una propuesta mediterr\u00e1nea con toques de fusi\u00f3n.<\/p><p>Tras el almuerzo y un \u00faltimo ba\u00f1o en el mar, contin\u00fae su regreso a Palma, llegando por la tarde con recuerdos inolvidables de la costa oeste de Mallorca.<\/p>\t\t\t\t\t\t\t\t<\/div>\n\t\t\t\t<\/div>\n\t\t\t\t<\/div>\n\t\t<div class=\"elementor-element elementor-element-4d69007 e-con-full e-flex e-con e-child\" data-id=\"4d69007\" data-element_type=\"container\" data-e-type=\"container\">\n\t\t\t\t<div class=\"elementor-element elementor-element-25081f3 elementor-widget elementor-widget-image\" data-id=\"25081f3\" data-element_type=\"widget\" data-e-type=\"widget\" data-widget_type=\"image.default\">\n\t\t\t\t<div class=\"elementor-widget-container\">\n\t\t\t\t\t\t\t\t\t\t\t\t\t\t\t<img loading=\"lazy\" decoding=\"async\" width=\"1920\" height=\"1280\" src=\"https:\/\/select-agency.world\/wp-content\/uploads\/2025\/04\/camp-de-mar-mallorca.webp\" class=\"attachment-full size-full wp-image-24388\" alt=\"Camp de Mar in the southwest of Mallorca.\" srcset=\"https:\/\/select-agency.world\/wp-content\/uploads\/2025\/04\/camp-de-mar-mallorca.webp 1920w, https:\/\/select-agency.world\/wp-content\/uploads\/2025\/04\/camp-de-mar-mallorca-300x200.webp 300w, https:\/\/select-agency.world\/wp-content\/uploads\/2025\/04\/camp-de-mar-mallorca-1024x683.webp 1024w, https:\/\/select-agency.world\/wp-content\/uploads\/2025\/04\/camp-de-mar-mallorca-768x512.webp 768w, https:\/\/select-agency.world\/wp-content\/uploads\/2025\/04\/camp-de-mar-mallorca-1536x1024.webp 1536w, https:\/\/select-agency.world\/wp-content\/uploads\/2025\/04\/camp-de-mar-mallorca-18x12.webp 18w, https:\/\/select-agency.world\/wp-content\/uploads\/2025\/04\/camp-de-mar-mallorca-900x600.webp 900w, https:\/\/select-agency.world\/wp-content\/uploads\/2025\/04\/camp-de-mar-mallorca-496x331.webp 496w\" sizes=\"auto, (max-width: 1920px) 100vw, 1920px\" \/>\t\t\t\t\t\t\t\t\t\t\t\t\t\t\t<\/div>\n\t\t\t\t<\/div>\n\t\t\t\t<\/div>\n\t\t\t\t\t<\/div>\n\t\t\t\t<\/div>\n\t\t<div class=\"elementor-element elementor-element-c736df4 animated-slow e-flex e-con-boxed elementor-invisible e-con e-parent\" data-id=\"c736df4\" data-element_type=\"container\" data-e-type=\"container\" data-settings=\"{&quot;background_background&quot;:&quot;classic&quot;,&quot;animation&quot;:&quot;fadeIn&quot;}\">\n\t\t\t\t\t<div class=\"e-con-inner\">\n\t\t<div class=\"elementor-element elementor-element-08e2a4d e-con-full e-flex e-con e-child\" data-id=\"08e2a4d\" data-element_type=\"container\" data-e-type=\"container\">\n\t\t\t\t<div class=\"elementor-element elementor-element-bf27389 elementor-widget elementor-widget-heading\" data-id=\"bf27389\" data-element_type=\"widget\" data-e-type=\"widget\" data-widget_type=\"heading.default\">\n\t\t\t\t<div class=\"elementor-widget-container\">\n\t\t\t\t\t<h4 class=\"elementor-heading-title elementor-size-default\">Solicite su propuesta personalizada<\/h4>\t\t\t\t<\/div>\n\t\t\t\t<\/div>\n\t\t\t\t<div class=\"elementor-element elementor-element-a8eb06d elementor-widget elementor-widget-text-editor\" data-id=\"a8eb06d\" data-element_type=\"widget\" data-e-type=\"widget\" data-widget_type=\"text-editor.default\">\n\t\t\t\t<div class=\"elementor-widget-container\">\n\t\t\t\t\t\t\t\t\t<p class=\"p1\">Perm\u00edtanos personalizar este ch\u00e1rter de 4 d\u00edas seg\u00fan sus preferencias \u2014 desde restaurantes hasta water toys y experiencias especiales a bordo.<\/p>\t\t\t\t\t\t\t\t<\/div>\n\t\t\t\t<\/div>\n\t\t\t\t<div class=\"elementor-element elementor-element-87add1e elementor-align-justify elementor-mobile-align-center elementor-invisible elementor-widget elementor-widget-button\" data-id=\"87add1e\" data-element_type=\"widget\" data-e-type=\"widget\" data-settings=\"{&quot;_animation&quot;:&quot;fadeIn&quot;}\" data-widget_type=\"button.default\">\n\t\t\t\t<div class=\"elementor-widget-container\">\n\t\t\t\t\t\t\t\t\t<div class=\"elementor-button-wrapper\">\n\t\t\t\t\t<a class=\"elementor-button elementor-button-link elementor-size-sm elementor-animation-grow\" href=\"https:\/\/select-agency.world\/es\/contact\/\">\n\t\t\t\t\t\t<span class=\"elementor-button-content-wrapper\">\n\t\t\t\t\t\t\t\t\t<span class=\"elementor-button-text\">CONT\u00c1CTENOS<\/span>\n\t\t\t\t\t<\/span>\n\t\t\t\t\t<\/a>\n\t\t\t\t<\/div>\n\t\t\t\t\t\t\t\t<\/div>\n\t\t\t\t<\/div>\n\t\t\t\t<\/div>\n\t\t\t\t\t<\/div>\n\t\t\t\t<\/div>\n\t\t\t\t<\/div>","protected":false},"excerpt":{"rendered":"<p>Tramuntana by Sea 4-Day Yacht Charter: Mallorca\u2019s West Coast Escape Discover Mallorca\u2019s most iconic coastline on this four-day private yacht itinerary. From stylish harbors and secluded coves to dramatic cliffs and relaxed fishing villages, this route combines pure freedom at sea with the best of the island\u2019s west coast. With time to enjoy exquisite food, [&hellip;]<\/p>\n","protected":false},"author":1,"featured_media":24387,"parent":23410,"menu_order":0,"comment_status":"closed","ping_status":"closed","template":"elementor_header_footer","meta":{"footnotes":""},"class_list":["post-24381","page","type-page","status-publish","has-post-thumbnail","hentry"],"aioseo_notices":[],"_links":{"self":[{"href":"https:\/\/select-agency.world\/es\/wp-json\/wp\/v2\/pages\/24381","targetHints":{"allow":["GET"]}}],"collection":[{"href":"https:\/\/select-agency.world\/es\/wp-json\/wp\/v2\/pages"}],"about":[{"href":"https:\/\/select-agency.world\/es\/wp-json\/wp\/v2\/types\/page"}],"author":[{"embeddable":true,"href":"https:\/\/select-agency.world\/es\/wp-json\/wp\/v2\/users\/1"}],"replies":[{"embeddable":true,"href":"https:\/\/select-agency.world\/es\/wp-json\/wp\/v2\/comments?post=24381"}],"version-history":[{"count":0,"href":"https:\/\/select-agency.world\/es\/wp-json\/wp\/v2\/pages\/24381\/revisions"}],"up":[{"embeddable":true,"href":"https:\/\/select-agency.world\/es\/wp-json\/wp\/v2\/pages\/23410"}],"wp:featuredmedia":[{"embeddable":true,"href":"https:\/\/select-agency.world\/es\/wp-json\/wp\/v2\/media\/24387"}],"wp:attachment":[{"href":"https:\/\/select-agency.world\/es\/wp-json\/wp\/v2\/media?parent=24381"}],"curies":[{"name":"wp","href":"https:\/\/api.w.org\/{rel}","templated":true}]}}