{"id":25144,"date":"2025-06-16T11:36:33","date_gmt":"2025-06-16T10:36:33","guid":{"rendered":"https:\/\/select-agency.world\/?page_id=25144"},"modified":"2026-03-31T10:38:00","modified_gmt":"2026-03-31T09:38:00","slug":"yacht-charter-guide","status":"publish","type":"page","link":"https:\/\/select-agency.world\/es\/yachting\/yacht-charter-guide\/","title":{"rendered":"Gu\u00eda de ch\u00e1rter nautico"},"content":{"rendered":"<div data-elementor-type=\"wp-page\" data-elementor-id=\"25144\" class=\"elementor elementor-25144\">\n\t\t\t\t<div class=\"elementor-element elementor-element-6395f2e animated-slow e-flex e-con-boxed elementor-invisible e-con e-parent\" data-id=\"6395f2e\" data-element_type=\"container\" data-e-type=\"container\" data-settings=\"{&quot;background_background&quot;:&quot;classic&quot;,&quot;animation&quot;:&quot;fadeIn&quot;}\">\n\t\t\t\t\t<div class=\"e-con-inner\">\n\t\t<div class=\"elementor-element elementor-element-98e4146 e-con-full e-flex e-con e-child\" data-id=\"98e4146\" data-element_type=\"container\" data-e-type=\"container\">\n\t\t\t\t<div class=\"elementor-element elementor-element-03c051f elementor-invisible elementor-widget elementor-widget-heading\" data-id=\"03c051f\" data-element_type=\"widget\" data-e-type=\"widget\" data-settings=\"{&quot;_animation&quot;:&quot;fadeInDown&quot;}\" data-widget_type=\"heading.default\">\n\t\t\t\t<div class=\"elementor-widget-container\">\n\t\t\t\t\t<h1 class=\"elementor-heading-title elementor-size-default\">Gu\u00eda de ch\u00e1rter nautico<\/h1>\t\t\t\t<\/div>\n\t\t\t\t<\/div>\n\t\t\t\t<\/div>\n\t\t\t\t\t<\/div>\n\t\t\t\t<\/div>\n\t\t<div class=\"elementor-element elementor-element-18cf714 e-flex e-con-boxed elementor-invisible e-con e-parent\" data-id=\"18cf714\" data-element_type=\"container\" data-e-type=\"container\" data-settings=\"{&quot;background_background&quot;:&quot;gradient&quot;,&quot;animation&quot;:&quot;fadeIn&quot;}\">\n\t\t\t\t\t<div class=\"e-con-inner\">\n\t\t<div class=\"elementor-element elementor-element-d86f467 e-con-full e-flex e-con e-child\" data-id=\"d86f467\" data-element_type=\"container\" data-e-type=\"container\">\n\t\t<div class=\"elementor-element elementor-element-3722970 e-con-full e-flex e-con e-child\" data-id=\"3722970\" data-element_type=\"container\" data-e-type=\"container\">\n\t\t<div class=\"elementor-element elementor-element-7cd137b e-con-full e-flex e-con e-child\" data-id=\"7cd137b\" data-element_type=\"container\" data-e-type=\"container\">\n\t\t\t\t<div class=\"elementor-element elementor-element-1377cbb elementor-widget elementor-widget-image\" data-id=\"1377cbb\" data-element_type=\"widget\" data-e-type=\"widget\" data-widget_type=\"image.default\">\n\t\t\t\t<div class=\"elementor-widget-container\">\n\t\t\t\t\t\t\t\t\t\t\t\t\t\t\t<img loading=\"lazy\" decoding=\"async\" width=\"900\" height=\"600\" src=\"https:\/\/select-agency.world\/wp-content\/uploads\/2025\/06\/woman-bow-yacht.webp\" class=\"attachment-large size-large wp-image-25146\" alt=\"Woman on the bow of a yacht.\" srcset=\"https:\/\/select-agency.world\/wp-content\/uploads\/2025\/06\/woman-bow-yacht.webp 900w, https:\/\/select-agency.world\/wp-content\/uploads\/2025\/06\/woman-bow-yacht-18x12.webp 18w\" sizes=\"auto, (max-width: 900px) 100vw, 900px\" \/>\t\t\t\t\t\t\t\t\t\t\t\t\t\t\t<\/div>\n\t\t\t\t<\/div>\n\t\t\t\t<\/div>\n\t\t<div class=\"elementor-element elementor-element-d001c67 e-con-full e-flex e-con e-child\" data-id=\"d001c67\" data-element_type=\"container\" data-e-type=\"container\">\n\t\t\t\t<div class=\"elementor-element elementor-element-d68b5fc elementor-invisible elementor-widget elementor-widget-heading\" data-id=\"d68b5fc\" data-element_type=\"widget\" data-e-type=\"widget\" data-settings=\"{&quot;_animation&quot;:&quot;fadeInRight&quot;}\" data-widget_type=\"heading.default\">\n\t\t\t\t<div class=\"elementor-widget-container\">\n\t\t\t\t\t<h2 class=\"elementor-heading-title elementor-size-default\">Su gu\u00eda paso a paso para reservar un ch\u00e1rter de yate<\/h2>\t\t\t\t<\/div>\n\t\t\t\t<\/div>\n\t\t\t\t<div class=\"elementor-element elementor-element-92d0957 elementor-invisible elementor-widget elementor-widget-text-editor\" data-id=\"92d0957\" data-element_type=\"widget\" data-e-type=\"widget\" data-settings=\"{&quot;_animation&quot;:&quot;fadeInRight&quot;}\" data-widget_type=\"text-editor.default\">\n\t\t\t\t<div class=\"elementor-widget-container\">\n\t\t\t\t\t\t\t\t\t<p>Alquilar un yate es una de las formas m\u00e1s refinadas y memorables de celebrar, explorar o simplemente desconectar. Tanto si est\u00e1 planeando un d\u00eda en el mar como una escapada de varios d\u00edas con familia, amigos o colegas, SELECT Boutique Agency se especializa en ch\u00e1rteres personalizados que reflejan su estilo y expectativas.<\/p><p>Desde su primera consulta hasta su experiencia a bordo, estamos aqu\u00ed para garantizar un proceso fluido, atento y completamente adaptado a usted.<\/p>\t\t\t\t\t\t\t\t<\/div>\n\t\t\t\t<\/div>\n\t\t\t\t<div class=\"elementor-element elementor-element-58cec9e elementor-mobile-align-center elementor-invisible elementor-widget elementor-widget-button\" data-id=\"58cec9e\" data-element_type=\"widget\" data-e-type=\"widget\" data-settings=\"{&quot;_animation&quot;:&quot;fadeIn&quot;}\" data-widget_type=\"button.default\">\n\t\t\t\t<div class=\"elementor-widget-container\">\n\t\t\t\t\t\t\t\t\t<div class=\"elementor-button-wrapper\">\n\t\t\t\t\t<a class=\"elementor-button elementor-button-link elementor-size-sm elementor-animation-grow\" href=\"https:\/\/select-agency.world\/es\/contact\/\">\n\t\t\t\t\t\t<span class=\"elementor-button-content-wrapper\">\n\t\t\t\t\t\t\t\t\t<span class=\"elementor-button-text\">\u00bfListo para empezar a planificar su experiencia?<\/span>\n\t\t\t\t\t<\/span>\n\t\t\t\t\t<\/a>\n\t\t\t\t<\/div>\n\t\t\t\t\t\t\t\t<\/div>\n\t\t\t\t<\/div>\n\t\t\t\t<\/div>\n\t\t\t\t<\/div>\n\t\t\t\t<\/div>\n\t\t\t\t\t<\/div>\n\t\t\t\t<\/div>\n\t\t<div class=\"elementor-element elementor-element-2f801ae e-flex e-con-boxed e-con e-parent\" data-id=\"2f801ae\" data-element_type=\"container\" data-e-type=\"container\" data-settings=\"{&quot;background_background&quot;:&quot;classic&quot;}\">\n\t\t\t\t\t<div class=\"e-con-inner\">\n\t\t<div class=\"elementor-element elementor-element-066d6a2 e-con-full e-flex e-con e-child\" data-id=\"066d6a2\" data-element_type=\"container\" data-e-type=\"container\" data-settings=\"{&quot;background_background&quot;:&quot;classic&quot;}\">\n\t\t\t\t<div class=\"elementor-element elementor-element-c05c5e6 elementor-widget elementor-widget-spacer\" data-id=\"c05c5e6\" data-element_type=\"widget\" data-e-type=\"widget\" data-widget_type=\"spacer.default\">\n\t\t\t\t<div class=\"elementor-widget-container\">\n\t\t\t\t\t\t\t<div class=\"elementor-spacer\">\n\t\t\t<div class=\"elementor-spacer-inner\"><\/div>\n\t\t<\/div>\n\t\t\t\t\t\t<\/div>\n\t\t\t\t<\/div>\n\t\t\t\t<div class=\"elementor-element elementor-element-0c2fba9 elementor-widget__width-initial elementor-invisible elementor-widget elementor-widget-heading\" data-id=\"0c2fba9\" data-element_type=\"widget\" data-e-type=\"widget\" data-settings=\"{&quot;_animation&quot;:&quot;fadeInUp&quot;}\" data-widget_type=\"heading.default\">\n\t\t\t\t<div class=\"elementor-widget-container\">\n\t\t\t\t\t<h2 class=\"elementor-heading-title elementor-size-default\">Personalizado. Sin esfuerzo. Inolvidable.<\/h2>\t\t\t\t<\/div>\n\t\t\t\t<\/div>\n\t\t\t\t<div class=\"elementor-element elementor-element-f2d8f7f elementor-widget elementor-widget-spacer\" data-id=\"f2d8f7f\" data-element_type=\"widget\" data-e-type=\"widget\" data-widget_type=\"spacer.default\">\n\t\t\t\t<div class=\"elementor-widget-container\">\n\t\t\t\t\t\t\t<div class=\"elementor-spacer\">\n\t\t\t<div class=\"elementor-spacer-inner\"><\/div>\n\t\t<\/div>\n\t\t\t\t\t\t<\/div>\n\t\t\t\t<\/div>\n\t\t<div class=\"elementor-element elementor-element-543cb47 e-con-full e-flex elementor-invisible e-con e-child\" data-id=\"543cb47\" data-element_type=\"container\" data-e-type=\"container\" data-settings=\"{&quot;background_background&quot;:&quot;classic&quot;,&quot;animation&quot;:&quot;fadeIn&quot;}\">\n\t\t<div class=\"elementor-element elementor-element-5703863 e-flex e-con-boxed e-con e-child\" data-id=\"5703863\" data-element_type=\"container\" data-e-type=\"container\">\n\t\t\t\t\t<div class=\"e-con-inner\">\n\t\t\t\t<div class=\"elementor-element elementor-element-6a975f5 elementor-widget elementor-widget-image\" data-id=\"6a975f5\" data-element_type=\"widget\" data-e-type=\"widget\" data-widget_type=\"image.default\">\n\t\t\t\t<div class=\"elementor-widget-container\">\n\t\t\t\t\t\t\t\t\t\t\t\t\t\t\t<img loading=\"lazy\" decoding=\"async\" width=\"584\" height=\"438\" src=\"https:\/\/select-agency.world\/wp-content\/uploads\/2025\/03\/espalmador-formentera-584x438.webp\" class=\"attachment-houzez-item-image-6 size-houzez-item-image-6 wp-image-23294\" alt=\"Espalmador in Formentera.\" srcset=\"https:\/\/select-agency.world\/wp-content\/uploads\/2025\/03\/espalmador-formentera-584x438.webp 584w, https:\/\/select-agency.world\/wp-content\/uploads\/2025\/03\/espalmador-formentera-592x444.webp 592w, https:\/\/select-agency.world\/wp-content\/uploads\/2025\/03\/espalmador-formentera-120x90.webp 120w\" sizes=\"auto, (max-width: 584px) 100vw, 584px\" \/>\t\t\t\t\t\t\t\t\t\t\t\t\t\t\t<\/div>\n\t\t\t\t<\/div>\n\t\t\t\t<div class=\"elementor-element elementor-element-79eea37 animated-fast elementor-widget__width-initial elementor-invisible elementor-widget elementor-widget-heading\" data-id=\"79eea37\" data-element_type=\"widget\" data-e-type=\"widget\" data-settings=\"{&quot;_animation&quot;:&quot;fadeInUp&quot;}\" data-widget_type=\"heading.default\">\n\t\t\t\t<div class=\"elementor-widget-container\">\n\t\t\t\t\t<h3 class=\"elementor-heading-title elementor-size-default\">Elija su destino<\/h3>\t\t\t\t<\/div>\n\t\t\t\t<\/div>\n\t\t\t\t<div class=\"elementor-element elementor-element-8bdf783 elementor-widget__width-initial elementor-widget elementor-widget-text-editor\" data-id=\"8bdf783\" data-element_type=\"widget\" data-e-type=\"widget\" data-widget_type=\"text-editor.default\">\n\t\t\t\t<div class=\"elementor-widget-container\">\n\t\t\t\t\t\t\t\t\t<p>El primer paso es seleccionar d\u00f3nde le gustar\u00eda navegar. Desde las Islas Baleares hasta la Riviera Francesa, Grecia u otras costas espectaculares, le ayudamos a encontrar el entorno perfecto. Ya sea que busque beach clubs exclusivos, calas escondidas o una ruta panor\u00e1mica entre islas, su destino ideal marca el tono de su ch\u00e1rter.\nYa sea que busques beach clubs exclusivos, calas escondidas o una ruta panor\u00e1mica entre islas, tu destino ideal marca el tono de tu ch\u00e1rter.<\/p>\t\t\t\t\t\t\t\t<\/div>\n\t\t\t\t<\/div>\n\t\t\t\t\t<\/div>\n\t\t\t\t<\/div>\n\t\t<div class=\"elementor-element elementor-element-535e5b3 e-flex e-con-boxed e-con e-child\" data-id=\"535e5b3\" data-element_type=\"container\" data-e-type=\"container\">\n\t\t\t\t\t<div class=\"e-con-inner\">\n\t\t\t\t<div class=\"elementor-element elementor-element-f442fb6 elementor-widget elementor-widget-image\" data-id=\"f442fb6\" data-element_type=\"widget\" data-e-type=\"widget\" data-widget_type=\"image.default\">\n\t\t\t\t<div class=\"elementor-widget-container\">\n\t\t\t\t\t\t\t\t\t\t\t\t\t\t\t<img loading=\"lazy\" decoding=\"async\" width=\"584\" height=\"438\" src=\"https:\/\/select-agency.world\/wp-content\/uploads\/2025\/01\/woman-phone-584x438.jpg\" class=\"attachment-houzez-item-image-6 size-houzez-item-image-6 wp-image-21338\" alt=\"Woman with phone and coffee.\" srcset=\"https:\/\/select-agency.world\/wp-content\/uploads\/2025\/01\/woman-phone-584x438.jpg 584w, https:\/\/select-agency.world\/wp-content\/uploads\/2025\/01\/woman-phone-592x444.jpg 592w, https:\/\/select-agency.world\/wp-content\/uploads\/2025\/01\/woman-phone-120x90.jpg 120w\" sizes=\"auto, (max-width: 584px) 100vw, 584px\" \/>\t\t\t\t\t\t\t\t\t\t\t\t\t\t\t<\/div>\n\t\t\t\t<\/div>\n\t\t\t\t<div class=\"elementor-element elementor-element-c8c232b animated-fast elementor-widget__width-initial elementor-invisible elementor-widget elementor-widget-heading\" data-id=\"c8c232b\" data-element_type=\"widget\" data-e-type=\"widget\" data-settings=\"{&quot;_animation&quot;:&quot;fadeInUp&quot;}\" data-widget_type=\"heading.default\">\n\t\t\t\t<div class=\"elementor-widget-container\">\n\t\t\t\t\t<h2 class=\"elementor-heading-title elementor-size-default\">Comparta sus preferencias<\/h2>\t\t\t\t<\/div>\n\t\t\t\t<\/div>\n\t\t\t\t<div class=\"elementor-element elementor-element-7fdd5ce elementor-widget__width-initial elementor-widget elementor-widget-text-editor\" data-id=\"7fdd5ce\" data-element_type=\"widget\" data-e-type=\"widget\" data-widget_type=\"text-editor.default\">\n\t\t\t\t<div class=\"elementor-widget-container\">\n\t\t\t\t\t\t\t\t\t<p class=\"p1\">A continuaci\u00f3n, le haremos algunas preguntas sencillas: \u00bfCu\u00e1ntos invitados habr\u00e1 a bordo? \u00bfPrefiere un yate a motor, velero o catamar\u00e1n? \u00bfSe trata de una celebraci\u00f3n especial, un evento corporativo o un d\u00eda relajado en el mar? Ind\u00edquenos sus imprescindibles \u2014 desde water toys hasta catering a bordo \u2014 para adaptar la b\u00fasqueda a sus necesidades.<\/p>\t\t\t\t\t\t\t\t<\/div>\n\t\t\t\t<\/div>\n\t\t\t\t\t<\/div>\n\t\t\t\t<\/div>\n\t\t<div class=\"elementor-element elementor-element-20fb394 e-flex e-con-boxed e-con e-child\" data-id=\"20fb394\" data-element_type=\"container\" data-e-type=\"container\">\n\t\t\t\t\t<div class=\"e-con-inner\">\n\t\t\t\t<div class=\"elementor-element elementor-element-e9d05f9 elementor-widget elementor-widget-image\" data-id=\"e9d05f9\" data-element_type=\"widget\" data-e-type=\"widget\" data-widget_type=\"image.default\">\n\t\t\t\t<div class=\"elementor-widget-container\">\n\t\t\t\t\t\t\t\t\t\t\t\t\t\t\t<img loading=\"lazy\" decoding=\"async\" width=\"584\" height=\"438\" src=\"https:\/\/select-agency.world\/wp-content\/uploads\/2025\/04\/baia-80-mintaka-mallorca-584x438.webp\" class=\"attachment-houzez-item-image-6 size-houzez-item-image-6 wp-image-24610\" alt=\"Bow of charter yacht Baia 80 Mintaka.\" srcset=\"https:\/\/select-agency.world\/wp-content\/uploads\/2025\/04\/baia-80-mintaka-mallorca-584x438.webp 584w, https:\/\/select-agency.world\/wp-content\/uploads\/2025\/04\/baia-80-mintaka-mallorca-592x444.webp 592w, https:\/\/select-agency.world\/wp-content\/uploads\/2025\/04\/baia-80-mintaka-mallorca-120x90.webp 120w\" sizes=\"auto, (max-width: 584px) 100vw, 584px\" \/>\t\t\t\t\t\t\t\t\t\t\t\t\t\t\t<\/div>\n\t\t\t\t<\/div>\n\t\t\t\t<div class=\"elementor-element elementor-element-c1bae47 animated-fast elementor-widget__width-initial elementor-invisible elementor-widget elementor-widget-heading\" data-id=\"c1bae47\" data-element_type=\"widget\" data-e-type=\"widget\" data-settings=\"{&quot;_animation&quot;:&quot;fadeInUp&quot;}\" data-widget_type=\"heading.default\">\n\t\t\t\t<div class=\"elementor-widget-container\">\n\t\t\t\t\t<h2 class=\"elementor-heading-title elementor-size-default\">Reciba propuestas personalizadas<\/h2>\t\t\t\t<\/div>\n\t\t\t\t<\/div>\n\t\t\t\t<div class=\"elementor-element elementor-element-0813e1e elementor-widget__width-initial elementor-widget elementor-widget-text-editor\" data-id=\"0813e1e\" data-element_type=\"widget\" data-e-type=\"widget\" data-widget_type=\"text-editor.default\">\n\t\t\t\t<div class=\"elementor-widget-container\">\n\t\t\t\t\t\t\t\t\t<p>En funci\u00f3n de sus preferencias, le enviaremos una selecci\u00f3n cuidadosamente elegida de yates que se ajusten a su grupo, presupuesto y experiencia deseada. Recibir\u00e1 todos los detalles clave para comparar opciones \u2014 y, por supuesto, estaremos disponibles para resolver cualquier duda y ayudarle a tomar la mejor decisi\u00f3n.<\/p>\t\t\t\t\t\t\t\t<\/div>\n\t\t\t\t<\/div>\n\t\t\t\t\t<\/div>\n\t\t\t\t<\/div>\n\t\t\t\t<\/div>\n\t\t<div class=\"elementor-element elementor-element-a2ebf43 e-con-full e-flex elementor-invisible e-con e-child\" data-id=\"a2ebf43\" data-element_type=\"container\" data-e-type=\"container\" data-settings=\"{&quot;background_background&quot;:&quot;classic&quot;,&quot;animation&quot;:&quot;fadeIn&quot;}\">\n\t\t<div class=\"elementor-element elementor-element-a3ec7ae e-flex e-con-boxed e-con e-child\" data-id=\"a3ec7ae\" data-element_type=\"container\" data-e-type=\"container\">\n\t\t\t\t\t<div class=\"e-con-inner\">\n\t\t\t\t<div class=\"elementor-element elementor-element-1d466ba elementor-widget elementor-widget-image\" data-id=\"1d466ba\" data-element_type=\"widget\" data-e-type=\"widget\" data-widget_type=\"image.default\">\n\t\t\t\t<div class=\"elementor-widget-container\">\n\t\t\t\t\t\t\t\t\t\t\t\t\t\t\t<img loading=\"lazy\" decoding=\"async\" width=\"584\" height=\"438\" src=\"https:\/\/select-agency.world\/wp-content\/uploads\/2025\/04\/pool-laptop-584x438.webp\" class=\"attachment-houzez-item-image-6 size-houzez-item-image-6 wp-image-23969\" alt=\"Woman with laptop next to pool.\" srcset=\"https:\/\/select-agency.world\/wp-content\/uploads\/2025\/04\/pool-laptop-584x438.webp 584w, https:\/\/select-agency.world\/wp-content\/uploads\/2025\/04\/pool-laptop-592x444.webp 592w, https:\/\/select-agency.world\/wp-content\/uploads\/2025\/04\/pool-laptop-120x90.webp 120w\" sizes=\"auto, (max-width: 584px) 100vw, 584px\" \/>\t\t\t\t\t\t\t\t\t\t\t\t\t\t\t<\/div>\n\t\t\t\t<\/div>\n\t\t\t\t<div class=\"elementor-element elementor-element-5a62bf9 animated-fast elementor-widget__width-initial elementor-invisible elementor-widget elementor-widget-heading\" data-id=\"5a62bf9\" data-element_type=\"widget\" data-e-type=\"widget\" data-settings=\"{&quot;_animation&quot;:&quot;fadeInUp&quot;}\" data-widget_type=\"heading.default\">\n\t\t\t\t<div class=\"elementor-widget-container\">\n\t\t\t\t\t<h3 class=\"elementor-heading-title elementor-size-default\">Confirme su reserva<\/h3>\t\t\t\t<\/div>\n\t\t\t\t<\/div>\n\t\t\t\t<div class=\"elementor-element elementor-element-4bdfdd7 elementor-widget__width-initial elementor-widget elementor-widget-text-editor\" data-id=\"4bdfdd7\" data-element_type=\"widget\" data-e-type=\"widget\" data-widget_type=\"text-editor.default\">\n\t\t\t\t<div class=\"elementor-widget-container\">\n\t\t\t\t\t\t\t\t\t<p>Una vez tomada la decisi\u00f3n, nos encargamos de todas las formalidades. Gestionamos el contrato, coordinamos con la tripulaci\u00f3n y le guiamos durante el proceso de pago. Como su br\u00f3ker de ch\u00e1rter, nos aseguramos de que todo funcione a la perfecci\u00f3n \u2014 usted solo tiene que empezar a disfrutar de la experiencia.<\/p>\t\t\t\t\t\t\t\t<\/div>\n\t\t\t\t<\/div>\n\t\t\t\t\t<\/div>\n\t\t\t\t<\/div>\n\t\t<div class=\"elementor-element elementor-element-7114dfb e-flex e-con-boxed e-con e-child\" data-id=\"7114dfb\" data-element_type=\"container\" data-e-type=\"container\">\n\t\t\t\t\t<div class=\"e-con-inner\">\n\t\t\t\t<div class=\"elementor-element elementor-element-f462a58 elementor-widget elementor-widget-image\" data-id=\"f462a58\" data-element_type=\"widget\" data-e-type=\"widget\" data-widget_type=\"image.default\">\n\t\t\t\t<div class=\"elementor-widget-container\">\n\t\t\t\t\t\t\t\t\t\t\t\t\t\t\t<img loading=\"lazy\" decoding=\"async\" width=\"584\" height=\"438\" src=\"https:\/\/select-agency.world\/wp-content\/uploads\/2025\/04\/lobster-club-puerto-portals-mallorca-584x438.webp\" class=\"attachment-houzez-item-image-6 size-houzez-item-image-6 wp-image-24517\" alt=\"\" srcset=\"https:\/\/select-agency.world\/wp-content\/uploads\/2025\/04\/lobster-club-puerto-portals-mallorca-584x438.webp 584w, https:\/\/select-agency.world\/wp-content\/uploads\/2025\/04\/lobster-club-puerto-portals-mallorca-592x444.webp 592w, https:\/\/select-agency.world\/wp-content\/uploads\/2025\/04\/lobster-club-puerto-portals-mallorca-120x90.webp 120w\" sizes=\"auto, (max-width: 584px) 100vw, 584px\" \/>\t\t\t\t\t\t\t\t\t\t\t\t\t\t\t<\/div>\n\t\t\t\t<\/div>\n\t\t\t\t<div class=\"elementor-element elementor-element-a5d134e animated-fast elementor-widget__width-initial elementor-invisible elementor-widget elementor-widget-heading\" data-id=\"a5d134e\" data-element_type=\"widget\" data-e-type=\"widget\" data-settings=\"{&quot;_animation&quot;:&quot;fadeInUp&quot;}\" data-widget_type=\"heading.default\">\n\t\t\t\t<div class=\"elementor-widget-container\">\n\t\t\t\t\t<h2 class=\"elementor-heading-title elementor-size-default\">Planifique los detalles\n<\/h2>\t\t\t\t<\/div>\n\t\t\t\t<\/div>\n\t\t\t\t<div class=\"elementor-element elementor-element-b497eae elementor-widget__width-initial elementor-widget elementor-widget-text-editor\" data-id=\"b497eae\" data-element_type=\"widget\" data-e-type=\"widget\" data-widget_type=\"text-editor.default\">\n\t\t\t\t<div class=\"elementor-widget-container\">\n\t\t\t\t\t\t\t\t\t<p>Ahora comienza la parte m\u00e1s emocionante. Le ayudaremos a definir su itinerario, reservar restaurantes o beach clubs y organizar extras como water toys, traslados o servicios a bordo. Cuanto m\u00e1s sepamos con antelaci\u00f3n, m\u00e1s personalizada ser\u00e1 su experiencia.<\/p>\t\t\t\t\t\t\t\t<\/div>\n\t\t\t\t<\/div>\n\t\t\t\t\t<\/div>\n\t\t\t\t<\/div>\n\t\t<div class=\"elementor-element elementor-element-a5b9bd0 e-flex e-con-boxed e-con e-child\" data-id=\"a5b9bd0\" data-element_type=\"container\" data-e-type=\"container\">\n\t\t\t\t\t<div class=\"e-con-inner\">\n\t\t\t\t<div class=\"elementor-element elementor-element-4f7bfea elementor-widget elementor-widget-image\" data-id=\"4f7bfea\" data-element_type=\"widget\" data-e-type=\"widget\" data-widget_type=\"image.default\">\n\t\t\t\t<div class=\"elementor-widget-container\">\n\t\t\t\t\t\t\t\t\t\t\t\t\t\t\t<img loading=\"lazy\" decoding=\"async\" width=\"584\" height=\"438\" src=\"https:\/\/select-agency.world\/wp-content\/uploads\/2025\/06\/friends-yacht-584x438.webp\" class=\"attachment-houzez-item-image-6 size-houzez-item-image-6 wp-image-25160\" alt=\"Friends on a charter yacht.\" srcset=\"\" \/>\t\t\t\t\t\t\t\t\t\t\t\t\t\t\t<\/div>\n\t\t\t\t<\/div>\n\t\t\t\t<div class=\"elementor-element elementor-element-614ccc9 animated-fast elementor-widget__width-initial elementor-invisible elementor-widget elementor-widget-heading\" data-id=\"614ccc9\" data-element_type=\"widget\" data-e-type=\"widget\" data-settings=\"{&quot;_animation&quot;:&quot;fadeInUp&quot;}\" data-widget_type=\"heading.default\">\n\t\t\t\t<div class=\"elementor-widget-container\">\n\t\t\t\t\t<h2 class=\"elementor-heading-title elementor-size-default\">Suba a bordo y disfrute<\/h2>\t\t\t\t<\/div>\n\t\t\t\t<\/div>\n\t\t\t\t<div class=\"elementor-element elementor-element-29cd2ac elementor-widget__width-initial elementor-widget elementor-widget-text-editor\" data-id=\"29cd2ac\" data-element_type=\"widget\" data-e-type=\"widget\" data-widget_type=\"text-editor.default\">\n\t\t\t\t<div class=\"elementor-widget-container\">\n\t\t\t\t\t\t\t\t\t<p>El d\u00eda de su ch\u00e1rter, la tripulaci\u00f3n estar\u00e1 lista para darle la bienvenida. Ya sea un d\u00eda inolvidable o una escapada de varios d\u00edas, todo estar\u00e1 preparado para que pueda relajarse, explorar y disfrutar al m\u00e1ximo.<\/p>\t\t\t\t\t\t\t\t<\/div>\n\t\t\t\t<\/div>\n\t\t\t\t\t<\/div>\n\t\t\t\t<\/div>\n\t\t\t\t<\/div>\n\t\t\t\t<\/div>\n\t\t\t\t\t<\/div>\n\t\t\t\t<\/div>\n\t\t<div class=\"elementor-element elementor-element-1f723a1 animated-slow e-flex e-con-boxed elementor-invisible e-con e-parent\" data-id=\"1f723a1\" data-element_type=\"container\" data-e-type=\"container\" data-settings=\"{&quot;background_background&quot;:&quot;classic&quot;,&quot;animation&quot;:&quot;fadeIn&quot;}\">\n\t\t\t\t\t<div class=\"e-con-inner\">\n\t\t<div class=\"elementor-element elementor-element-bd93d69 e-con-full e-flex e-con e-child\" data-id=\"bd93d69\" data-element_type=\"container\" data-e-type=\"container\">\n\t\t\t\t<div class=\"elementor-element elementor-element-bf27389 elementor-widget elementor-widget-heading\" data-id=\"bf27389\" data-element_type=\"widget\" data-e-type=\"widget\" data-widget_type=\"heading.default\">\n\t\t\t\t<div class=\"elementor-widget-container\">\n\t\t\t\t\t<h4 class=\"elementor-heading-title elementor-size-default\">\u00bfListo para planificar su ch\u00e1rter?<\/h4>\t\t\t\t<\/div>\n\t\t\t\t<\/div>\n\t\t\t\t<div class=\"elementor-element elementor-element-a8eb06d elementor-widget elementor-widget-text-editor\" data-id=\"a8eb06d\" data-element_type=\"widget\" data-e-type=\"widget\" data-widget_type=\"text-editor.default\">\n\t\t\t\t<div class=\"elementor-widget-container\">\n\t\t\t\t\t\t\t\t\t<p data-pm-slice=\"1 1 []\">Cu\u00e9ntenos qu\u00e9 est\u00e1 imaginando \u2014 nosotros nos ocupamos del resto.<\/p>\t\t\t\t\t\t\t\t<\/div>\n\t\t\t\t<\/div>\n\t\t\t\t<div class=\"elementor-element elementor-element-87add1e elementor-align-justify elementor-mobile-align-center elementor-invisible elementor-widget elementor-widget-button\" data-id=\"87add1e\" data-element_type=\"widget\" data-e-type=\"widget\" data-settings=\"{&quot;_animation&quot;:&quot;fadeIn&quot;}\" data-widget_type=\"button.default\">\n\t\t\t\t<div class=\"elementor-widget-container\">\n\t\t\t\t\t\t\t\t\t<div class=\"elementor-button-wrapper\">\n\t\t\t\t\t<a class=\"elementor-button elementor-button-link elementor-size-sm elementor-animation-grow\" href=\"https:\/\/select-agency.world\/es\/contact\/\">\n\t\t\t\t\t\t<span class=\"elementor-button-content-wrapper\">\n\t\t\t\t\t\t\t\t\t<span class=\"elementor-button-text\">Contacte con su br\u00f3ker<\/span>\n\t\t\t\t\t<\/span>\n\t\t\t\t\t<\/a>\n\t\t\t\t<\/div>\n\t\t\t\t\t\t\t\t<\/div>\n\t\t\t\t<\/div>\n\t\t\t\t<\/div>\n\t\t\t\t\t<\/div>\n\t\t\t\t<\/div>\n\t\t\t\t<\/div>","protected":false},"excerpt":{"rendered":"<p>Yacht Charter Guide Your Step-by-Step Guide to Booking a Yacht Charter Chartering a yacht is one of the most refined and memorable ways to celebrate, explore, or simply disconnect. Whether you\u2019re planning a day on the water or a multi-day escape with family, friends, or colleagues, SELECT Boutique Agency specialises in tailored yacht charters that [&hellip;]<\/p>\n","protected":false},"author":1,"featured_media":25146,"parent":21130,"menu_order":0,"comment_status":"closed","ping_status":"closed","template":"elementor_header_footer","meta":{"footnotes":""},"class_list":["post-25144","page","type-page","status-publish","has-post-thumbnail","hentry"],"aioseo_notices":[],"_links":{"self":[{"href":"https:\/\/select-agency.world\/es\/wp-json\/wp\/v2\/pages\/25144","targetHints":{"allow":["GET"]}}],"collection":[{"href":"https:\/\/select-agency.world\/es\/wp-json\/wp\/v2\/pages"}],"about":[{"href":"https:\/\/select-agency.world\/es\/wp-json\/wp\/v2\/types\/page"}],"author":[{"embeddable":true,"href":"https:\/\/select-agency.world\/es\/wp-json\/wp\/v2\/users\/1"}],"replies":[{"embeddable":true,"href":"https:\/\/select-agency.world\/es\/wp-json\/wp\/v2\/comments?post=25144"}],"version-history":[{"count":0,"href":"https:\/\/select-agency.world\/es\/wp-json\/wp\/v2\/pages\/25144\/revisions"}],"up":[{"embeddable":true,"href":"https:\/\/select-agency.world\/es\/wp-json\/wp\/v2\/pages\/21130"}],"wp:featuredmedia":[{"embeddable":true,"href":"https:\/\/select-agency.world\/es\/wp-json\/wp\/v2\/media\/25146"}],"wp:attachment":[{"href":"https:\/\/select-agency.world\/es\/wp-json\/wp\/v2\/media?parent=25144"}],"curies":[{"name":"wp","href":"https:\/\/api.w.org\/{rel}","templated":true}]}}